{"id":47,"date":"2016-11-25T15:43:38","date_gmt":"2016-11-25T14:43:38","guid":{"rendered":"http:\/\/2016.treffendel.fr\/?page_id=47"},"modified":"2023-03-22T10:46:03","modified_gmt":"2023-03-22T09:46:03","slug":"services-demarches","status":"publish","type":"page","link":"https:\/\/www.treffendel.fr\/?page_id=47","title":{"rendered":"Services et d\u00e9marches"},"content":{"rendered":"<p><a href=\"http:\/\/treffendel.fr\/?page_id=160\">D\u00e9marches administratives<\/a> (\u00e9tat-civil, urbanisme, carte grise&#8230;)<\/p>\n<p><a href=\"http:\/\/treffendel.fr\/?page_id=162\">Services<\/a> (<a href=\"http:\/\/treffendel.fr\/?page_id=1310\">La Mairie<\/a>, <a href=\"http:\/\/2016.treffendel.fr\/?page_id=167\">La Poste<\/a>, les <a href=\"http:\/\/treffendel.fr\/?page_id=506\">ordures m\u00e9nag\u00e8res et la d\u00e9chetterie<\/a>, <a href=\"http:\/\/treffendel.fr\/?page_id=388\">les bus<\/a> et autres transports)<\/p>\n<p>Gendarmerie : <a href=\"http:\/\/www.interieur.gouv.fr\/Contact\/Contacter-une-brigade-de-gendarmerie-ou-un-commissariat-de-police?adresse=35380+Treffendel&amp;country=FRA\" target=\"_blank\" rel=\"noopener noreferrer\">voir les gendarmerie les plus proches<\/a><\/p>\n","protected":false},"excerpt":{"rendered":"<p>D\u00e9marches administratives (\u00e9tat-civil, urbanisme, carte grise&#8230;) Services (La Mairie, La Poste, les ordures m\u00e9nag\u00e8res et la d\u00e9chetterie, les bus et autres transports) Gendarmerie : voir les gendarmerie les plus proches<\/p>\n","protected":false},"author":1,"featured_media":0,"parent":0,"menu_order":0,"comment_status":"closed","ping_status":"closed","template":"","meta":[],"_links":{"self":[{"href":"https:\/\/www.treffendel.fr\/index.php?rest_route=\/wp\/v2\/pages\/47"}],"collection":[{"href":"https:\/\/www.treffendel.fr\/index.php?rest_route=\/wp\/v2\/pages"}],"about":[{"href":"https:\/\/www.treffendel.fr\/index.php?rest_route=\/wp\/v2\/types\/page"}],"author":[{"embeddable":true,"href":"https:\/\/www.treffendel.fr\/index.php?rest_route=\/wp\/v2\/users\/1"}],"replies":[{"embeddable":true,"href":"https:\/\/www.treffendel.fr\/index.php?rest_route=%2Fwp%2Fv2%2Fcomments&post=47"}],"version-history":[{"count":7,"href":"https:\/\/www.treffendel.fr\/index.php?rest_route=\/wp\/v2\/pages\/47\/revisions"}],"predecessor-version":[{"id":5032,"href":"https:\/\/www.treffendel.fr\/index.php?rest_route=\/wp\/v2\/pages\/47\/revisions\/5032"}],"wp:attachment":[{"href":"https:\/\/www.treffendel.fr\/index.php?rest_route=%2Fwp%2Fv2%2Fmedia&parent=47"}],"curies":[{"name":"wp","href":"https:\/\/api.w.org\/{rel}","templated":true}]}}