{"id":4824,"date":"2023-01-24T10:33:29","date_gmt":"2023-01-24T09:33:29","guid":{"rendered":"https:\/\/www.treffendel.fr\/?page_id=4824"},"modified":"2023-11-08T15:52:55","modified_gmt":"2023-11-08T14:52:55","slug":"alept","status":"publish","type":"page","link":"https:\/\/www.treffendel.fr\/?page_id=4824","title":{"rendered":"ALEPT"},"content":{"rendered":"\n<p><img loading=\"lazy\" class=\"alignnone size-full wp-image-4840\" src=\"https:\/\/www.treffendel.fr\/wp-content\/uploads\/2023\/01\/logo.jpg\" alt=\"\" width=\"640\" height=\"142\" srcset=\"https:\/\/www.treffendel.fr\/wp-content\/uploads\/2023\/01\/logo.jpg 640w, https:\/\/www.treffendel.fr\/wp-content\/uploads\/2023\/01\/logo-300x67.jpg 300w\" sizes=\"(max-width: 640px) 100vw, 640px\" \/><\/p>\n<p>Amicale La\u00efque de l&rsquo;Ecole Publique de Treffendel<\/p>\n<ul>\n<li>Son r\u00f4le premier est de cr\u00e9er du lien entre les familles par la mise en place de diff\u00e9rentes manifestations (soir\u00e9es cin\u00e9ma, f\u00eate de\u00a0 l&rsquo;\u00e9cole..) ou activit\u00e9s (vente de bulbes, de g\u00e2teaux&#8230;)<\/li>\n<li>\u00e0 travers les actions, il s&rsquo;agit aussi de rassembler les fonds n\u00e9cessaires pour financer les sorties scolaires ou projets extra-scolaires men\u00e9s par l&rsquo;\u00e9quipe p\u00e9dagogique.<\/li>\n<\/ul>\n<h3>Contact :<\/h3>\n<p><span style=\"display: inline-block; font-size: 14px;\"><u><a href=\"mailto:alept.aurelienemours@gmail.com\" rel=\"noreferrer\">alept.aurelienemours@gmail.com<\/a><\/u><\/span><\/p>\n<h3>Les infos :<\/h3>\n<ul>\n<li><a href=\"https:\/\/www.treffendel.fr\/wp-content\/uploads\/2023\/11\/ALEPT-novembre-2023.pdf\" target=\"_blank\" rel=\"noopener noreferrer\">novembre 2023<\/a><\/li>\n<li><a href=\"https:\/\/www.treffendel.fr\/wp-content\/uploads\/2023\/09\/ALEPT-septembre-2023.pdf\" target=\"_blank\" rel=\"noopener noreferrer\">septembre 2023<\/a><\/li>\n<li><a href=\"https:\/\/www.treffendel.fr\/wp-content\/uploads\/2023\/06\/Lettre-ALEPT-juin-2023.pdf\">\u00a0juin 2023<\/a><\/li>\n<li><a href=\"https:\/\/www.treffendel.fr\/wp-content\/uploads\/2023\/06\/Lettre-ALEPT-mai-2023.pdf\">\u00a0mai 2023<\/a><\/li>\n<li><a href=\"https:\/\/www.treffendel.fr\/wp-content\/uploads\/2023\/03\/ALEPT-Lettre-mensuelle-mars-2023.pdf\">mars 2023<\/a><\/li>\n<li><a href=\"https:\/\/www.treffendel.fr\/wp-content\/uploads\/2023\/03\/ALEPT-janvier-fevrier-2023-1.pdf\">janvier\/f\u00e9vrier 2023<\/a><\/li>\n<li><a href=\"https:\/\/www.treffendel.fr\/wp-content\/uploads\/2023\/01\/ALEPT-Decembre-2022_web.pdf\" target=\"_blank\" rel=\"noopener noreferrer\">d\u00e9cembre 2022<\/a><\/li>\n<li><a href=\"https:\/\/www.treffendel.fr\/wp-content\/uploads\/2023\/01\/ALEPT-Novembre-2022_web.pdf\" target=\"_blank\" rel=\"noopener noreferrer\">novembre 2022<\/a><\/li>\n<li><a href=\"https:\/\/www.treffendel.fr\/wp-content\/uploads\/2023\/01\/ALEPT-Octobre-2022_web.pdf\" target=\"_blank\" rel=\"noopener noreferrer\">octobre 2022<\/a><\/li>\n<\/ul>\n<p>\u00a0<\/p>\n","protected":false},"excerpt":{"rendered":"<p>Amicale La\u00efque de l&rsquo;Ecole Publique de Treffendel Son r\u00f4le premier est de cr\u00e9er du lien entre les familles par la mise en place de diff\u00e9rentes manifestations (soir\u00e9es cin\u00e9ma, f\u00eate de\u00a0 l&rsquo;\u00e9cole..) ou activit\u00e9s (vente de bulbes, de g\u00e2teaux&#8230;) \u00e0 travers les actions, il s&rsquo;agit aussi de rassembler les fonds n\u00e9cessaires pour financer les sorties scolaires [&hellip;]<\/p>\n","protected":false},"author":1,"featured_media":0,"parent":4,"menu_order":0,"comment_status":"closed","ping_status":"closed","template":"","meta":[],"_links":{"self":[{"href":"https:\/\/www.treffendel.fr\/index.php?rest_route=\/wp\/v2\/pages\/4824"}],"collection":[{"href":"https:\/\/www.treffendel.fr\/index.php?rest_route=\/wp\/v2\/pages"}],"about":[{"href":"https:\/\/www.treffendel.fr\/index.php?rest_route=\/wp\/v2\/types\/page"}],"author":[{"embeddable":true,"href":"https:\/\/www.treffendel.fr\/index.php?rest_route=\/wp\/v2\/users\/1"}],"replies":[{"embeddable":true,"href":"https:\/\/www.treffendel.fr\/index.php?rest_route=%2Fwp%2Fv2%2Fcomments&post=4824"}],"version-history":[{"count":10,"href":"https:\/\/www.treffendel.fr\/index.php?rest_route=\/wp\/v2\/pages\/4824\/revisions"}],"predecessor-version":[{"id":5494,"href":"https:\/\/www.treffendel.fr\/index.php?rest_route=\/wp\/v2\/pages\/4824\/revisions\/5494"}],"up":[{"embeddable":true,"href":"https:\/\/www.treffendel.fr\/index.php?rest_route=\/wp\/v2\/pages\/4"}],"wp:attachment":[{"href":"https:\/\/www.treffendel.fr\/index.php?rest_route=%2Fwp%2Fv2%2Fmedia&parent=4824"}],"curies":[{"name":"wp","href":"https:\/\/api.w.org\/{rel}","templated":true}]}}