{"id":4830,"date":"2023-01-24T12:13:53","date_gmt":"2023-01-24T11:13:53","guid":{"rendered":"https:\/\/www.treffendel.fr\/?page_id=4830"},"modified":"2023-01-24T12:20:48","modified_gmt":"2023-01-24T11:20:48","slug":"proces-verbal-de-la-seance-du-conseil-municipal-du-19-janvier-2023-a-20-h-00","status":"publish","type":"page","link":"https:\/\/www.treffendel.fr\/?page_id=4830","title":{"rendered":"Proc\u00e8s-Verbal de la s\u00e9ance du conseil municipal du 19 janvier 2023 \u00e0 20 h 00"},"content":{"rendered":"\n<p>Pr\u00e9sents : F. KERGUELEN, P. PERSEHAIE, C. LE ROSSIGNOL, C. BANCHEREAU, M. RAULLINE, C. GODIN, L. BEAUG\u00e9, S. BERTIN, S. LONNOY, N. FRO, C. THOMAS, A. LE NET, C. DUBOIS<\/p>\n<p>Excus\u00e9e\u00a0: M. LACAZE (Procuration \u00e0 C. LE ROSSIGNOL)<\/p>\n<p>Mme le Maire ouvre la s\u00e9ance et constate que le quorum est atteint.<\/p>\n<h4>Approbation du Proc\u00e8s-Verbal du conseil municipal du 19 d\u00e9cembre 2022\u00a0:<\/h4>\n<p>Le Proc\u00e8s-Verbal du 19 d\u00e9cembre 2022 est approuv\u00e9 \u00e0 l\u2019unanimit\u00e9 des membres pr\u00e9sents.<\/p>\n<h4>D\u00e9signation d\u2019un secr\u00e9taire de s\u00e9ance\u00a0:<\/h4>\n<p>Conform\u00e9ment \u00e0 l\u2019article L.2121-15 du Code G\u00e9n\u00e9ral des Collectivit\u00e9s Locales, Mme No\u00eblle FRO est nomm\u00e9e secr\u00e9taire de s\u00e9ance.<\/p>\n<h2>I \u2013 \u00a0ENVIRONNEMENT\u00a0:<\/h2>\n<p>Installation class\u00e9e pour la protection de l\u2019environnement\u00a0: SAS BIOGAS \u2013 IFF d\u2019Iffendic<\/p>\n<p>Mr Pierre PERSEHAIE, Adjoint \u00e0 la voirie, informe le conseil municipal que par arr\u00eat\u00e9 pr\u00e9fectoral en date du 25 novembre 2022, une consultation du public est ouverte du 19 d\u00e9cembre 2022 au 27 janvier 2023 inclus, sur la demande pr\u00e9sent\u00e9e par la SAS BIOGAS-IFF, en vue d\u2019obtenir l\u2019enregistrement de son projet relatif \u00e0 l\u2019extension de l\u2019unit\u00e9 de m\u00e9thanisation situ\u00e9e au lieu-dit \u00ab\u00a01, Le Ch\u00eane\u00a0\u00bb sur la commune d\u2019Iffendic.<\/p>\n<p>Le dossier est consultable\u00a0:<\/p>\n<ul>\n<li>\u00e0 la mairie d\u2019Iffendic, pendant la p\u00e9riode de l\u2019enqu\u00eate publique<\/li>\n<li>Sur le site internet de la pr\u00e9fecture\u00a0: https:\/www.ille-et-vilaine.gouv.fr\/icpe<\/li>\n<\/ul>\n<p>Apr\u00e8s en avoir d\u00e9lib\u00e9r\u00e9, \u00e0 l\u2019unanimit\u00e9 moins une abstention (No\u00eblle FRO), le conseil municipal \u00e9met un avis favorable \u00e0 l\u2019extension de l\u2019unit\u00e9 de m\u00e9thanisation situ\u00e9e au lieu-dit \u00ab\u00a01, Le Ch\u00eane\u00a0\u00bb sur la commune d\u2019Iffendic.<\/p>\n<h2>II \u2013 \u00a0VOIRIE ET FINANCES :<\/h2>\n<h4>1\u00b0 &#8211; R\u00e9partition des recettes des amendes de police (dotation 2022 \u2013 programme 2023)<\/h4>\n<p>Mr Charl\u00e9ric Banchereau, Adjoint \u00e0 l\u2019Urbanisme, informe le conseil municipal que les services du Conseil D\u00e9partemental ont adress\u00e9 un courrier concernant les travaux de voirie susceptibles d\u2019\u00eatre \u00e9ligibles \u00e0 l\u2019octroi d\u2019une subvention au titre de la r\u00e9partition des amendes de police per\u00e7ues en 2022. Pour Treffendel, il pourrait y avoir une th\u00e9matique possible\u00a0:<\/p>\n<h5>Route d\u2019Armorique : am\u00e9nagements pi\u00e9tonniers prot\u00e9g\u00e9s le long des voies de circulation.<\/h5>\n<p>Les r\u00e8gles d\u2019attribution seront fix\u00e9es \u00e0 la commission permanente du Conseil D\u00e9partemental en juin ou juillet 2023.<\/p>\n<p>Le cabinet INFRA a fourni un plan d\u2019am\u00e9nagement de la voirie \u2013 rue d\u2019Armorique ainsi qu\u2019un devis estimatif des travaux d\u2019am\u00e9nagements pi\u00e9tonniers prot\u00e9g\u00e9s le long de la voie de circulation qui sont pr\u00e9sent\u00e9s au conseil municipal. Le montant total des travaux de la r\u00e9fection de la rue d\u2019Armorique s\u2019\u00e9l\u00e8ve \u00e0 79\u00a0519.30 \u20ac H.T. dont 12\u00a0499.50 \u20ac H.T. pour les am\u00e9nagements pi\u00e9tonniers.<\/p>\n<p>Apr\u00e8s en avoir d\u00e9lib\u00e9r\u00e9, le conseil municipal d\u00e9cide, \u00e0 l\u2019unanimit\u00e9 de retenir les travaux d\u2019am\u00e9nagements de sentiers pi\u00e9tonniers le long de la rue d\u2019Armorique \u00e0 raison de 12 499.50 \u20ac H.T., et de solliciter l\u2019attribution d\u2019une subvention au titre de la r\u00e9partition du produit des amendes de police (dotation 2022 \u2013 programme 2023).<\/p>\n<p>Il est d\u00e9cid\u00e9 de programmer une r\u00e9union des commissions \u00ab\u00a0Voirie\u00a0\u00bb et \u00ab\u00a0Urbanisme\u00a0\u00bb afin d\u2019\u00e9tudier le projet d\u2019am\u00e9nagement de la rue d\u2019Armorique avant de rencontrer les services du D\u00e9partement. Celle-ci est fix\u00e9e au mercredi 08 f\u00e9vrier 2023 \u00e0 20 h 00.<\/p>\n<h4>2\u00b0 &#8211; Budget BOULANGERIE\u00a0: D\u00e9cision Modificative N\u00b0 02<\/h4>\n<p>Madame Mich\u00e8le RAULLINE, Adjointe aux finances, rappelle au conseil municipal qu\u2019au moment du vote du Budget Primitif 2022, il y a eu une erreur d\u2019imputation budg\u00e9taire pour les arrondis de TVA \u00e0 constater en fin d\u2019ann\u00e9e.<\/p>\n<p>Budget Primitif 2022 =\u00a0C\/6288 \u2013 Autres = 50 \u20ac 00<\/p>\n<p>Alors que les arrondis de TVA doivent \u00eatre pay\u00e9s au C\/6588 \u2013 Autres charges diverses de gestion.<\/p>\n<p>Il convient donc de proc\u00e9der \u00e0 un virement de comptes par D\u00e9cision Modificative (C\/6288 = &#8211; 50 \u20ac et\u00a0C\/6588 = + 50 \u20ac)<\/p>\n<p>Apr\u00e8s en avoir d\u00e9lib\u00e9r\u00e9, le conseil municipal d\u00e9cide, \u00e0 l\u2019unanimit\u00e9, de voter cette D\u00e9cision Modificative.<\/p>\n<h4>Am\u00e9nagement pi\u00e9tonnier pouvant relier la rue des Hirondelles \u00e0 la rue de Haute-Bretagne<\/h4>\n<p>en passant par la cour de la boulangerie en co propri\u00e9t\u00e9. Madame le Maire indique qu\u2019elle est toujours en attente de la r\u00e9ponse de l\u2019avocat pour la constitution du dossier. Elle va, \u00e0 nouveau, le relancer. D\u2019autre part, un d\u00e9bat s\u2019instaure sur diff\u00e9rentes questions au sujet de la boulangerie (bail commercial, horaires d\u2019ouverture,\u2026.).<\/p>\n<h4>3\u00b0 &#8211; Tarif de location de la salle polyvalente (2023) modification de l\u2019intitul\u00e9 \u00ab\u00a0Associations Hors Commune\u00a0\u00bb<\/h4>\n<p>Madame le Maire rappelle au conseil municipal qu\u2019il a \u00e9t\u00e9 vot\u00e9 les diff\u00e9rents tarifs de location de la salle polyvalente pour l\u2019ann\u00e9e 2023 lors de la s\u00e9ance du 19 d\u00e9cembre 2022.<\/p>\n<p>Il serait souhaitable de modifier l\u2019intitul\u00e9 \u00ab\u00a0Belote \u2013 Associations Hors commune\u00a0\u00bb qui est \u00e0 143 \u20ac, par \u00ab\u00a0Associations Hors Commune\u00a0\u00bb &#8211; forfait jour.<\/p>\n<p>Apr\u00e8s en avoir d\u00e9lib\u00e9r\u00e9, le conseil municipal d\u00e9cide, \u00e0 l\u2019unanimit\u00e9, de modifier l\u2019intitul\u00e9 comme indiqu\u00e9 ci-dessus.<\/p>\n<h2>III\u2013 INTERCOMMUNALITE\u00a0:<\/h2>\n<h4>L\u2019Inter\u2019Val\u00a0: participation 2023\u00a0: demande modification du mode de calcul de l\u2019acompte<\/h4>\n<p>Madame Mich\u00e8le RAULLINE, Adjointe aux finances, rappelle au conseil municipal que lors de sa s\u00e9ance du 19 d\u00e9cembre 2022, le conseil municipal a d\u00e9cid\u00e9 d\u2019accepter le financement d\u2019un audit d\u2019un montant de 1\u00a0851 \u20ac afin d\u2019avoir une vision d\u2019optimisation des services fournis, des cl\u00e9s de r\u00e9partition entre commune, et de sc\u00e9narii.<\/p>\n<p>Le 10 janvier 2023, il a \u00e9t\u00e9 re\u00e7u l\u2019annexe financi\u00e8re de 2023 pour un montant global de 50 709 \u20ac\u00a0(+ 15\u00a0193.50 \u20ac par rapport \u00e0 2022).<\/p>\n<p>Conform\u00e9ment \u00e0 la convention cadre de 2019 \u2013 2023 \u2013 Commune\/l\u2019Inter\u2019Val, il est pr\u00e9vu un versement d\u2019un acompte de 50 % du montant de la subvention annuelle vers\u00e9e l\u2019ann\u00e9e n-1. Exceptionnellement, cette ann\u00e9e 2023, l\u2019Inter\u2019Val demande \u00e0 recevoir en janvier 2023 = 50 % du montant de la dotation de l\u2019ann\u00e9e 2023, soit 25\u00a0354 \u20ac.<\/p>\n<p>La commission des adjoints propose\u00a0:<\/p>\n<ul>\n<li>de maintenir le paiement de l\u2019acompte des 50 % au vu de la participation de l\u2019ann\u00e9e n-1, et non comme demand\u00e9 50 % du montant de l\u2019ann\u00e9e en cours \u2013 2023.<\/li>\n<li>selon les conclusions de l\u2019audit, l\u2019acompte de janvier 2023 pourra \u00eatre compl\u00e9t\u00e9 pour atteindre 50 % du montant de l\u2019annexe financi\u00e8re 2023, apr\u00e8s vote d\u00e9finitif du montant de la participation 2023, soit en avril 2023.<\/li>\n<\/ul>\n<p>Apr\u00e8s en avoir d\u00e9lib\u00e9r\u00e9, le conseil municipal d\u00e9cide, \u00e0 l\u2019unanimit\u00e9 de maintenir le paiement de l\u2019acompte des 50 % au vu de la participation de l\u2019ann\u00e9e n-1, soit la somme de 17\u00a0758 \u20ac (35\u00a0516 \u20ac x 50 %)<\/p>\n<p>Selon les conclusions de l\u2019audit, l\u2019acompte de janvier 2023 pourra \u00eatre compl\u00e9t\u00e9 pour atteindre 50 % du montant de l\u2019annexe financi\u00e8re 2023, apr\u00e8s vote d\u00e9finitif du montant de la participation 2023.<\/p>\n<h4>Broc\u00e9liande Communaut\u00e9\u00a0: pr\u00e9sentation du rapport d\u2019activit\u00e9 \u2013 2\u00e8me semestre 2022<\/h4>\n<p>Madame le Maire pr\u00e9sente au conseil municipal les diverses actions de Broc\u00e9liande communaut\u00e9 au cours du 2\u00e8me semestre 2022\u00a0:<\/p>\n<ul>\n<li>Gouvernance\u00a0: commissions, projet de territoire, Contrat de Relance et de Transition Ecologique CRTE,<\/li>\n<li>Finances\u00a0: approbation du pacte fiscal et financier 2022-2026, instauration de la taxe GEMAPI (GEstion\u00a0\u00a0 des Milieux Aquatiques et Protection contre les Inondations),<\/li>\n<li>Mutualisation\u00a0: cr\u00e9ation d\u2019un service commun informatique, participation employeur mutuelle sant\u00e9,<\/li>\n<li>Communication\u00a0: Magazine Br\u00e9cilien le mag, r\u00e9seaux sociaux, 10 ans de la SPL Broc\u00e9liande Tourisme, Rendez-vous avec la Lune, refonte du site internet,<\/li>\n<li>Culture\u00a0: animations du r\u00e9seau des m\u00e9diath\u00e8ques, 3\u00e8me \u00e9dition \u00ab\u00a0Il \u00e9tait un b\u00e9b\u00e9\u00a0\u00bb, semaine de la petite enfance,<\/li>\n<li>Service aux habitants\u00a0: petite enfance\u00a0: op\u00e9ration \u00ab\u00a0adopte un jouet\u00a0\u00bb, soir\u00e9e \u00ab\u00a0les enjeux du jeu pour le jeune enfant\u00a0\u00bb, ouverture d\u2019un atelier d\u2019\u00e9veil \u00e0 Maxent, Service Info Jeunes (SIJ)\u00a0: Job d\u2019\u00e9t\u00e9, pr\u00e9sentation des \u00e9tablissements scolaires du secteur, soir\u00e9es d\u2019\u00e9changes sur l\u2019orientation apr\u00e8s la 3\u00e8,<\/li>\n<li>Action sociale\u00a0: Convention Territoriale Globale (CTG) Th\u00e9matique parentalit\u00e9, Espace France Service<\/li>\n<li>Vie associative\u00a0: Travail sur les subventions, soir\u00e9e d\u2019information et d\u2019\u00e9changes pour les associations du territoire,<\/li>\n<li>Am\u00e9nagement du territoire\u00a0: Plan Local d\u2019Urbanisme intercommunal, Bocage\u00a0: 1\u00e8re r\u00e9union sur la gestion des haies bocag\u00e8res, Accueil des gens du voyage, Instruction du droit des sols, PCAET (Plan Climat Air Energie Territorial), Petites villes de demain,<\/li>\n<li>Mobilit\u00e9\u00a0: Liaisons cyclables interbourgs, Covoiturage spontan\u00e9, transports en commun\u00a0: exp\u00e9rimentation d\u2019une ligne de transports en commun entre Pl\u00e9lan-le-Grand et Redon,<\/li>\n<li>Services techniques\u00a0: Divers am\u00e9nagements \u00e0 l\u2019\u00eelot du Ch\u00e2telet et Parc d\u2019activit\u00e9s du Hindr\u00e9, SPANC (Assainissements autonomes), Randonn\u00e9e, mat\u00e9riel mutualis\u00e9,<\/li>\n<li>Tourisme\u00a0: \u00e9laborer une strat\u00e9gie touristique sur l\u2019ensemble du territoire, d\u00e9velopper un tourisme durable.<\/li>\n<\/ul>\n<h2>QUESTIONS DIVERSES :<\/h2>\n<p>NEANT<\/p>\n<h4>PROCHAINES COMMISSIONS\u00a0:<\/h4>\n<ul>\n<li>commission \u00ab\u00a0Finances\u00a0\u00bb\u00a0\u00a0\u00a0\u00a0\u00a0\u00a0\u00a0\u00a0\u00a0\u00a0\u00a0\u00a0\u00a0 :\u00a0 \u00a0\u00a0\u00a0\u00a0\u00a0\u00a0\u00a0\u00a0\u00a0\u00a0\u00a0 samedi 21 janvier 2023 \u00e0 9 h 30\u00a0<\/li>\n<li>commission Urbanisme-voirie\u00a0\u00a0 : \u00a0\u00a0\u00a0\u00a0\u00a0\u00a0\u00a0\u00a0\u00a0\u00a0\u00a0\u00a0 mercredi 08 f\u00e9vrier \u00e0 20 h 00\u00a0(am\u00e9nagement de la rue d\u2019Armorique \u2013 avant rencontre avec le D\u00e9partement)<\/li>\n<li>commission \u00ab\u00a0Vie associative\u00a0\u00bb\u00a0 : \u00a0\u00a0\u00a0\u00a0\u00a0\u00a0\u00a0\u00a0\u00a0\u00a0\u00a0\u00a0 mercredi 22 f\u00e9vrier 2023 \u00e0 20 h 00<\/li>\n<\/ul>\n<h4>PROCHAINS CONSEILS MUNICIPAUX\u00a0:<\/h4>\n<ul>\n<li>Jeudi 16 f\u00e9vrier 2023 \u00e0 20 h 00 (r\u00e9union Adjoints : mardi 07 f\u00e9vrier 2023 \u00e0 20 h 00)<\/li>\n<li>Jeudi 09 mars 2023 \u00e0 20 h 00 (r\u00e9union Adjoints : mardi 28 f\u00e9vrier 2023 \u00e0 20 h 00)<\/li>\n<li>Jeudi 30 mars 2023 \u00e0 19h 00 : vote du Budget Primitif 2023<\/li>\n<li>Jeudi 13 avril 2023 \u00e0 20 h 00 (r\u00e9union Adjoints : mardi 04 avril 2023 \u00e0 20 h 00)<\/li>\n<li>Jeudi 11 mai 2023 \u00e0 20 h 00 (r\u00e9union Adjoints :mardi 02 mai 2023 \u00e0 20 h 00)<\/li>\n<li>Jeudi 15 juin 2023 \u00e0 20 h 00 (r\u00e9union Adjoints : mardi 06 juin 2023 \u00e0 20 h 00)<\/li>\n<li>Jeudi 20 juillet 2023 \u00e0 20 h 00 (r\u00e9union Adjoints : mardi 11 juillet 2023 \u00e0 20 h 00)<\/li>\n<li>Jeudi 07 septembre 2023 \u00e0 20 h 00 (r\u00e9union Adjoints : mardi 29 ao\u00fbt 2023 \u00e0 20 h 00)<\/li>\n<li>Jeudi 12 octobre 2023 \u00e0 20 h 00 (r\u00e9union Adjoints : mardi 03 octobre 2023 \u00e0 20 h 00)<\/li>\n<li>Jeudi 16 novembre 2023 \u00e0 20 h 00 (r\u00e9union Adjoints : mardi 07 novembre 2023 \u00e0 20 h 00)<\/li>\n<li>Jeudi 14 d\u00e9cembre 2023 \u00e0 20 h 00 (r\u00e9union Adjoints (mardi 05 d\u00e9cembre 2023 \u00e0 20 h 00)<\/li>\n<\/ul>\n","protected":false},"excerpt":{"rendered":"<p>Pr\u00e9sents : F. KERGUELEN, P. PERSEHAIE, C. LE ROSSIGNOL, C. BANCHEREAU, M. RAULLINE, C. GODIN, L. BEAUG\u00e9, S. BERTIN, S. LONNOY, N. FRO, C. THOMAS, A. LE NET, C. DUBOIS Excus\u00e9e\u00a0: M. LACAZE (Procuration \u00e0 C. LE ROSSIGNOL) Mme le Maire ouvre la s\u00e9ance et constate que le quorum est atteint. Approbation du Proc\u00e8s-Verbal du [&hellip;]<\/p>\n","protected":false},"author":1,"featured_media":0,"parent":17,"menu_order":0,"comment_status":"closed","ping_status":"closed","template":"","meta":[],"_links":{"self":[{"href":"https:\/\/www.treffendel.fr\/index.php?rest_route=\/wp\/v2\/pages\/4830"}],"collection":[{"href":"https:\/\/www.treffendel.fr\/index.php?rest_route=\/wp\/v2\/pages"}],"about":[{"href":"https:\/\/www.treffendel.fr\/index.php?rest_route=\/wp\/v2\/types\/page"}],"author":[{"embeddable":true,"href":"https:\/\/www.treffendel.fr\/index.php?rest_route=\/wp\/v2\/users\/1"}],"replies":[{"embeddable":true,"href":"https:\/\/www.treffendel.fr\/index.php?rest_route=%2Fwp%2Fv2%2Fcomments&post=4830"}],"version-history":[{"count":2,"href":"https:\/\/www.treffendel.fr\/index.php?rest_route=\/wp\/v2\/pages\/4830\/revisions"}],"predecessor-version":[{"id":4835,"href":"https:\/\/www.treffendel.fr\/index.php?rest_route=\/wp\/v2\/pages\/4830\/revisions\/4835"}],"up":[{"embeddable":true,"href":"https:\/\/www.treffendel.fr\/index.php?rest_route=\/wp\/v2\/pages\/17"}],"wp:attachment":[{"href":"https:\/\/www.treffendel.fr\/index.php?rest_route=%2Fwp%2Fv2%2Fmedia&parent=4830"}],"curies":[{"name":"wp","href":"https:\/\/api.w.org\/{rel}","templated":true}]}}