{"id":4846,"date":"2023-01-26T17:37:01","date_gmt":"2023-01-26T16:37:01","guid":{"rendered":"https:\/\/www.treffendel.fr\/?page_id=4846"},"modified":"2023-01-26T17:37:01","modified_gmt":"2023-01-26T16:37:01","slug":"a-n-a-h","status":"publish","type":"page","link":"https:\/\/www.treffendel.fr\/?page_id=4846","title":{"rendered":"A.N.A.H."},"content":{"rendered":"\n<div>\n<div><strong>Les aides de l&rsquo;ANAH \u00e9voluent en 2023<\/strong><\/div>\n<div>\u00a0<\/div>\n<\/div>\n<div dir=\"ltr\">\n<div dir=\"ltr\">Cr\u00e9\u00e9e en 1971 en remplacement du Fonds national de l&rsquo;am\u00e9lioration de l&rsquo;habitat,\u00a0<a href=\"https:\/\/www.anah.fr\/\" target=\"_blank\" rel=\"noopener noreferrer\">l&rsquo;Agence nationale de l&rsquo;Habitat<\/a>\u00a0oeuvre pour la d\u00e9cence et la qualit\u00e9 de vie des habitants en France. Elle permet aux propri\u00e9taires occupants d&rsquo;obtenir des subventions pour r\u00e9nover leurs biens et aux bailleurs des d\u00e9ductions fiscales en \u00e9change d&rsquo;une location \u00e0 un prix mod\u00e9r\u00e9. Les aides ont \u00e9t\u00e9 repens\u00e9es en 2023 et le budget \u00e9largi.<\/div>\n<div dir=\"ltr\">\u00a0<\/div>\n<div dir=\"ltr\"><strong>France connect<\/strong><\/div>\n<div dir=\"ltr\"><a href=\"https:\/\/franceconnect.gouv.fr\/\" target=\"_blank\" rel=\"noopener noreferrer\">FranceConnect<\/a>\u00a0est un service en ligne gouvernemental qui permet aux citoyens de s&rsquo;identifier aupr\u00e8s de diff\u00e9rents services en ligne de l&rsquo;administration fran\u00e7aise en utilisant leurs comptes de r\u00e9seaux sociaux ou leur compte d&rsquo;identit\u00e9 num\u00e9rique. Il vise \u00e0 faciliter l&rsquo;acc\u00e8s aux services publics en ligne et \u00e0 renforcer la s\u00e9curit\u00e9 des transactions en ligne.<\/div>\n<div dir=\"ltr\">\u00a0<\/div>\n<div dir=\"ltr\">\u00a0<\/div>\n<div dir=\"ltr\">\n<div><strong>Des aides r\u00e9serv\u00e9es aux propri\u00e9taires, copropri\u00e9t\u00e9s et collectivit\u00e9s<\/strong><\/div>\n<div>Selon les revenus des propri\u00e9taires, qu&rsquo;ils soient occupants ou non, l&rsquo;ANAH octroie des fonds pour l&rsquo;am\u00e9nagement, ou r\u00e9duire vos consommations d&rsquo;\u00e9nergie (plus d&rsquo;infos sur\u00a0<a href=\"https:\/\/www.upenergie.com\/\" target=\"_blank\" rel=\"noopener noreferrer\">upenergie<\/a>)<br \/>L&rsquo;ANAH oeuvre \u00e9galement aupr\u00e8s des syndicats de copropri\u00e9t\u00e9 en situation financi\u00e8re pr\u00e9caire et apporte une partie des fonds n\u00e9cessaires \u00e0 certains travaux de r\u00e9novation \u00e9nerg\u00e9tique, comme la r\u00e9fection des syst\u00e8mes de ventilation, l&rsquo;isolation, le remplacement des menuiseries, etc.<br \/>L&rsquo;organisme s&rsquo;appuie aussi sur les collectivit\u00e9s territoriales, ce qui permet l&rsquo;accueil quotidien de personnes en situation de fragilit\u00e9 financi\u00e8re.<br \/>Il vient donc en aide aux m\u00e9nages modestes, afin que ces derniers diminuent le montant de leur pr\u00eat (exemple :\u00a0<a href=\"https:\/\/www.gotoinvest.com\/credit-consommation\/credit-sans-justificatif\/\" target=\"_blank\" rel=\"noopener noreferrer\">un credit sans justificatif<\/a>) pour financer le reste de vos travaux.<\/div>\n<div>\u00a0<\/div>\n<div><strong>Comment faire sa demande de subvention ANAH ?<br \/><\/strong>Il convient de se rendre sur la plateforme ci-dessous, renseigner les informations demand\u00e9es. Si le client est \u00e9ligible \u00e0 la subvention demand\u00e9e alors il n&rsquo;a qu&rsquo;\u00e0 poursuivre la d\u00e9marche et transmettre les documents demand\u00e9s sur internet.<\/div>\n<div><a class=\"v1moz-txt-link-freetext\" href=\"https:\/\/monprojet.anah.gouv.fr\/\" target=\"_blank\" rel=\"noopener noreferrer\">https:\/\/monprojet.anah.gouv.fr\/<\/a><\/div>\n<div>\u00a0<\/div>\n<div><strong>Se pr\u00e9munir contre les fraudes<\/strong><\/div>\n<div>Par t\u00e9l\u00e9phone ou \u00e0 domicile, notez que le service public n&rsquo;effectue jamais de d\u00e9marchage.<\/div>\n<div>De fait, ne croyez pas les d\u00e9marcheurs qui se r\u00e9clament d&rsquo;organismes publics.<\/div>\n<div>D\u00e9couvrez tous nos conseils pour savoir comment agir face au d\u00e9marchage commercial &#8211;\u00a0<a class=\"v1moz-txt-link-freetext\" href=\"https:\/\/france-renov.gouv.fr\/fraudes\" target=\"_blank\" rel=\"noopener noreferrer\">https:\/\/france-renov.gouv.fr\/fraudes<\/a><\/div>\n<\/div>\n<\/div>\n","protected":false},"excerpt":{"rendered":"<p>Les aides de l&rsquo;ANAH \u00e9voluent en 2023 \u00a0 Cr\u00e9\u00e9e en 1971 en remplacement du Fonds national de l&rsquo;am\u00e9lioration de l&rsquo;habitat,\u00a0l&rsquo;Agence nationale de l&rsquo;Habitat\u00a0oeuvre pour la d\u00e9cence et la qualit\u00e9 de vie des habitants en France. Elle permet aux propri\u00e9taires occupants d&rsquo;obtenir des subventions pour r\u00e9nover leurs biens et aux bailleurs des d\u00e9ductions fiscales en \u00e9change [&hellip;]<\/p>\n","protected":false},"author":1,"featured_media":0,"parent":1569,"menu_order":0,"comment_status":"closed","ping_status":"closed","template":"","meta":[],"_links":{"self":[{"href":"https:\/\/www.treffendel.fr\/index.php?rest_route=\/wp\/v2\/pages\/4846"}],"collection":[{"href":"https:\/\/www.treffendel.fr\/index.php?rest_route=\/wp\/v2\/pages"}],"about":[{"href":"https:\/\/www.treffendel.fr\/index.php?rest_route=\/wp\/v2\/types\/page"}],"author":[{"embeddable":true,"href":"https:\/\/www.treffendel.fr\/index.php?rest_route=\/wp\/v2\/users\/1"}],"replies":[{"embeddable":true,"href":"https:\/\/www.treffendel.fr\/index.php?rest_route=%2Fwp%2Fv2%2Fcomments&post=4846"}],"version-history":[{"count":1,"href":"https:\/\/www.treffendel.fr\/index.php?rest_route=\/wp\/v2\/pages\/4846\/revisions"}],"predecessor-version":[{"id":4847,"href":"https:\/\/www.treffendel.fr\/index.php?rest_route=\/wp\/v2\/pages\/4846\/revisions\/4847"}],"up":[{"embeddable":true,"href":"https:\/\/www.treffendel.fr\/index.php?rest_route=\/wp\/v2\/pages\/1569"}],"wp:attachment":[{"href":"https:\/\/www.treffendel.fr\/index.php?rest_route=%2Fwp%2Fv2%2Fmedia&parent=4846"}],"curies":[{"name":"wp","href":"https:\/\/api.w.org\/{rel}","templated":true}]}}