{"id":5005,"date":"2023-03-15T13:42:22","date_gmt":"2023-03-15T12:42:22","guid":{"rendered":"https:\/\/www.treffendel.fr\/?page_id=5005"},"modified":"2023-03-15T13:53:08","modified_gmt":"2023-03-15T12:53:08","slug":"proces-verbal-de-la-seance-du-conseil-municipal-du-09-mars-2023-a-20-h-00","status":"publish","type":"page","link":"https:\/\/www.treffendel.fr\/?page_id=5005","title":{"rendered":"Proc\u00e8s-Verbal de la s\u00e9ance du conseil municipal du 09 mars 2023 \u00e0 20 h 00"},"content":{"rendered":"\n<p>Pr\u00e9sents\u00a0: F. KERGUELEN, P. PERSEHAIE, C. LE ROSSIGNOL, C. BANCHEREAU, M. RAULLINE, C. GODIN, L. BEAUG\u00e9, C. THOMAS, N. FRO, M. LACAZE, S. BERTIN, S. LONNOY, C. DUBOIS.<\/p>\n<p>Excus\u00e9 : A. LE NET (Procuration \u00e0 F. KERGUELEN)<\/p>\n<h4>Approbation du Proc\u00e8s-Verbal du conseil municipal du 16 f\u00e9vrier 2023\u00a0:<\/h4>\n<p>Le Proc\u00e8s-Verbal du 16 f\u00e9vrier 2023 est approuv\u00e9 \u00e0 l\u2019unanimit\u00e9 des membres pr\u00e9sents.<\/p>\n<h4>D\u00e9signation d\u2019un secr\u00e9taire de s\u00e9ance\u00a0:<\/h4>\n<p>Conform\u00e9ment \u00e0 l\u2019article L.2121-15 du Code G\u00e9n\u00e9ral des Collectivit\u00e9s Locales, Mme Marie LACAZE est nomm\u00e9e secr\u00e9taire de s\u00e9ance.<\/p>\n<h2>I\u2013 FINANCES<\/h2>\n<h4>1\u00b0 &#8211; Participation financi\u00e8re 2023 \u00e0 l\u2019Inter\u2019Val<\/h4>\n<p>Madame Mich\u00e8le RAULLINE, Adjointe aux finances, pr\u00e9sente au conseil municipal la proposition de la participation financi\u00e8re \u00e0 l\u2019Inter\u2019Val pour l\u2019ann\u00e9e 2023\u00a0:<\/p>\n<ul>\n<li>Action sociale : 5 \u20ac par hab x 1 343 hab (donn\u00e9e INSEE) = 6 715 \u20ac<\/li>\n<li>Enfance : au vu du nombre d\u2019enfants de 3-11 ans (donn\u00e9e CAF : Treffendel = 156 enfants) soit 182 288 \u20ac (budget \u00e0 financer) x 156 enfants \/ 1 027 enfants du territoire = 27 689 \u20ac<\/li>\n<li>Jeunesse : au vu du nombre d\u2019enfants de 12-17 ans (donn\u00e9e CAF : Treffendel = 99 enfants) = 80 % et 20 % au vu du nombre d\u2019heures d\u2019ouverture par commune, soit 106 964 \u20ac (budget \u00e0 financer) x 99 enfants \/ 731 enfants du territoire = 14 486 \u20ac x 80 % = 11 589 \u20ac<br \/>+ forfait de 4 716 \u20ac pour 388 heures d\u2019ouverture = 16 305 \u20ac<\/li>\n<\/ul>\n<p>TOTAL : 50 709 \u20ac<\/p>\n<p>Pour m\u00e9moire\u00a0: 2021 = 35\u00a0274 \u20ac &#8211;\u00a0 2022 = 35\u00a0516 \u20ac<\/p>\n<p>Il est propos\u00e9 d\u2019inscrire la somme de 51\u00a0000 \u20ac au Budget Primitif 2023. Toutefois, le montant d\u00e9finitif ne sera act\u00e9 qu\u2019au vu des conclusions de l\u2019audit<\/p>\n<h4>ALSH du mercredi<\/h4>\n<p>Pour m\u00e9moire, il est rappel\u00e9 que lors de sa s\u00e9ance du 16 mai 2019, il avait \u00e9t\u00e9 d\u00e9cid\u00e9 de faire appel \u00e0 l\u2019Inter\u2019Val pour l\u2019ALSH sur la journ\u00e9e enti\u00e8re du mercredi, \u00e0 compter de septembre 2019, qui assure la journ\u00e9e d\u2019animations ainsi que la pr\u00e9paration du repas du midi. Les ann\u00e9es pr\u00e9c\u00e9dentes, le co\u00fbt de cette prestation \u00e9tait un forfait de 1\u00a0656 \u20ac.<\/p>\n<p>A compter de 2023, cette prestation est incluse dans la dotation globale \u00ab\u00a0Enfance\u00a0\u00bb \u00e0 27\u00a0689 \u20ac.<\/p>\n<p>Il faut ajouter la prestation des communes li\u00e9es \u00e0 la fr\u00e9quentation (ALSH petites vacances scolaires et mercredi + Espace-Jeunes) calcul\u00e9e en fonction du nombre d\u2019heures r\u00e9elles de pr\u00e9sence d\u2019enfants et ados habitant Treffendel x 0.55 \u20ac (montant CAF).<\/p>\n<p>Pour m\u00e9moire\u00a0:<\/p>\n<table style=\"border-collapse: collapse; width: 100%; height: 153px;\">\n<tbody>\n<tr style=\"height: 44px;\">\n<td style=\"width: 16.6667%; height: 44px;\">\u00a0<\/td>\n<td style=\"width: 16.6667%; height: 44px; text-align: center;\"><strong>2018<\/strong><\/td>\n<td style=\"width: 16.6667%; height: 44px; text-align: center;\"><strong>2019<\/strong><\/td>\n<td style=\"width: 16.6667%; height: 44px; text-align: center;\"><strong>2020<\/strong><br \/><strong>(COVID)<\/strong><\/td>\n<td style=\"width: 16.6667%; height: 44px; text-align: center;\"><strong>2021<\/strong><\/td>\n<td style=\"width: 16.6667%; height: 44px; text-align: center;\"><strong>2022<\/strong><\/td>\n<\/tr>\n<tr style=\"height: 86px;\">\n<td style=\"width: 16.6667%; height: 86px;\">Enfance\u00a0(ALSH petites vacances et mercredis)<\/td>\n<td style=\"width: 16.6667%; height: 86px; text-align: right;\">5\u00a0070.60<\/td>\n<td style=\"width: 16.6667%; height: 86px; text-align: right;\">6\u00a0231.06<\/td>\n<td style=\"width: 16.6667%; height: 86px; text-align: right;\">6\u00a0329.34<\/td>\n<td style=\"width: 16.6667%; height: 86px; text-align: right;\">8\u00a0301.96<\/td>\n<td style=\"width: 16.6667%; height: 86px; text-align: right;\">10\u00a0859.81<\/td>\n<\/tr>\n<tr style=\"height: 23px;\">\n<td style=\"width: 16.6667%; height: 23px;\">Jeunesse (Espace Jeunes)<\/td>\n<td style=\"width: 16.6667%; height: 23px; text-align: right;\">950.94<\/td>\n<td style=\"width: 16.6667%; height: 23px; text-align: right;\">1\u00a0044.63<\/td>\n<td style=\"width: 16.6667%; height: 23px; text-align: right;\">678.75<\/td>\n<td style=\"width: 16.6667%; height: 23px; text-align: right;\">344.52<\/td>\n<td style=\"width: 16.6667%; height: 23px; text-align: right;\">506.16<\/td>\n<\/tr>\n<\/tbody>\n<\/table>\n<p>\u00a0<\/p>\n<p>Apr\u00e8s en avoir d\u00e9lib\u00e9r\u00e9, le conseil municipal, \u00e0 l\u2019unanimit\u00e9 accepte la participation financi\u00e8re globale \u00e0 l\u2019Inter\u2019Val pour l\u2019ann\u00e9e 2023 d\u2019un montant de 50\u00a0709 \u20ac, \u00e0 savoir\u00a0:<\/p>\n<ul>\n<li>Action sociale = 6\u00a0715 \u20ac,<\/li>\n<li>Enfance = 27\u00a0689 \u20ac<\/li>\n<li>Jeunesse = 16\u00a0305 \u20ac<\/li>\n<\/ul>\n<p>sous r\u00e9serve des conclusions de l\u2019audit. En effet, au vu des conclusions de l\u2019audit, ce montant pourra \u00eatre revu. Il inscrit la somme de 51 000 \u20ac au Budget Primitif 2023, et accepte la prestation variable des communes li\u00e9es \u00e0 la fr\u00e9quentation (ALSH petites vacances scolaires et mercredi + Espace-Jeunes) calcul\u00e9e en fonction du nombre d\u2019heures r\u00e9elles de pr\u00e9sence d\u2019enfants et ados habitant Treffendel x 0.55 \u20ac (montant CAF).<\/p>\n<h4>2\u00b0 &#8211; vote des taux des imp\u00f4ts locaux<\/h4>\n<p>Madame Mich\u00e8le RAULLINE, Adjointe aux finances, indique au conseil municipal que la commission \u00ab\u00a0Finances\u00a0\u00bb propose de maintenir les taux vot\u00e9s en 2022, \u00e0 savoir\u00a0:<\/p>\n<ul>\n<li>Foncier B\u00e2ti\u00a0\u00a0\u00a0\u00a0\u00a0\u00a0 \u00a0\u00a0\u00a0\u00a0\u00a0= 24.57 %<\/li>\n<li>Foncier Non-B\u00e2ti\u00a0\u00a0 = 48.73 %<\/li>\n<\/ul>\n<p>D\u2019autre part, depuis 2021, il n\u2019y a plus de Taxe d\u2019Habitation (pour m\u00e9moire\u00a0: taux \u00e0 16.86 %).<\/p>\n<p>Aussi, pour compenser cette perte de recettes, les communes b\u00e9n\u00e9ficient du transfert de la part d\u00e9partementale de taxe fonci\u00e8re sur les propri\u00e9t\u00e9s b\u00e2ties (TFPB), c\u2019est-\u00e0-dire que le taux de r\u00e9f\u00e9rence pour 2021 de la TFPB pour la commune correspond \u00e0 son taux TFPB de 2020 additionn\u00e9 au TFPB d\u00e9partemental 2020 qui est de 19.90 % pour l\u2019Ille-et-Vilaine.<\/p>\n<p>Il vous est propos\u00e9 de maintenir les taux 2022 pour l\u2019ann\u00e9e 2023, \u00e0 savoir\u00a0:<\/p>\n<ul>\n<li>Foncier B\u00e2ti\u00a0\u00a0\u00a0\u00a0\u00a0\u00a0\u00a0\u00a0\u00a0\u00a0\u00a0\u00a0\u00a0\u00a0\u00a0\u00a0\u00a0\u00a0\u00a0\u00a0\u00a0 = 24.57 % + 19.90 % = 44.47 %<\/li>\n<li>Foncier Non-B\u00e2ti \u00a0\u00a0\u00a0\u00a0\u00a0\u00a0\u00a0\u00a0\u00a0\u00a0 = 48.73 %<\/li>\n<\/ul>\n<p>\u00a0<\/p>\n<table width=\"646\">\n<tbody>\n<tr>\n<td style=\"text-align: center;\" colspan=\"3\" width=\"337\">\n<p><strong>2022 \u2013 recettes r\u00e9elles<\/strong><\/p>\n<\/td>\n<td style=\"text-align: center;\" colspan=\"3\" width=\"309\">\n<p><strong>2023 &#8211; estimations<\/strong><\/p>\n<\/td>\n<\/tr>\n<tr>\n<td width=\"151\">\n<p>Bases d\u2019imposition<\/p>\n<\/td>\n<td width=\"76\">\n<p>taux<\/p>\n<\/td>\n<td width=\"110\">\n<p>recette<\/p>\n<\/td>\n<td width=\"136\">\n<p>Bases d\u2019imposition<\/p>\n<\/td>\n<td width=\"85\">\n<p>taux<\/p>\n<\/td>\n<td width=\"89\">\n<p>recette<\/p>\n<\/td>\n<\/tr>\n<tr>\n<td width=\"151\">\n<p>Foncier B\u00e2ti FB<\/p>\n<p>764 248 \u20ac<\/p>\n<\/td>\n<td width=\"76\">\n<p>\u00a0<\/p>\n<p>44.47 %<\/p>\n<\/td>\n<td width=\"110\">\n<p>\u00a0<\/p>\n<p>339 861 \u20ac<\/p>\n<\/td>\n<td width=\"136\">\n<p>\u00a0<\/p>\n<p>834\u00a0000 \u20ac<\/p>\n<\/td>\n<td width=\"85\">\n<p>\u00a0<\/p>\n<p>44.47 %<\/p>\n<\/td>\n<td width=\"89\">\n<p>\u00a0<\/p>\n<p>370\u00a0880 \u20ac<\/p>\n<\/td>\n<\/tr>\n<tr>\n<td width=\"151\">\n<p>Foncier Non-B\u00e2ti FNB\u00a0<\/p>\n<p>72 100 \u20ac<\/p>\n<\/td>\n<td width=\"76\">\n<p>\u00a0<\/p>\n<p>48.73 %<\/p>\n<\/td>\n<td width=\"110\">\n<p>\u00a0<\/p>\n<p>35 135 \u20ac<\/p>\n<\/td>\n<td width=\"136\">\n<p>\u00a0<\/p>\n<p>\u00a079\u00a0400 \u20ac<\/p>\n<\/td>\n<td width=\"85\">\n<p>\u00a0<\/p>\n<p>48.73 %<\/p>\n<\/td>\n<td width=\"89\">\n<p>\u00a0<\/p>\n<p>38 692 \u20ac\u00a0<\/p>\n<\/td>\n<\/tr>\n<tr>\n<td width=\"151\">\n<p>TOTAL<\/p>\n<\/td>\n<td width=\"76\">\u00a0<\/td>\n<td width=\"110\">\n<p>374 996 \u20ac<\/p>\n<\/td>\n<td width=\"136\">\u00a0<\/td>\n<td width=\"85\">\u00a0<\/td>\n<td width=\"89\">\n<p>409 572 \u20ac<\/p>\n<\/td>\n<\/tr>\n<\/tbody>\n<\/table>\n<p>D\u2019autre part, un coefficient correcteur, \u00ab\u00a0COCO\u00a0\u00bb s\u2019applique sur le produit net du r\u00f4le g\u00e9n\u00e9ral TFPB pour permettre une compensation \u00e0 l\u2019euro pr\u00e8s de la perte de la taxe d\u2019habitation. En effet, le produit TFPB issu du d\u00e9partement n\u2019est pas suffisant pour couvrir la TH perdue.<\/p>\n<p>Ce coefficient permet cet ajustement \u00e0 la hausse en permettant d\u2019ajuster la ressource par un effet \u00ab\u00a0versement \/ compensation\u00a0\u00bb. En 2022, il y a eu un coefficient correcteur d\u2019un montant de 25\u00a0768 \u20ac afin de compenser la perte de la TH.<\/p>\n<h5>En 2023, il sera de\u00a027 737 \u20ac<\/h5>\n<h5>+ solde de la Taxe d\u2019Habitation (pour les personnes payant de la TH) = 9\u00a0368 \u20ac &#8211; en 2022<\/h5>\n<p>En 2023, il faut voter un taux de TH pour les r\u00e9sidences secondaires\u00a0: proposition de maintenir le taux de 2020, \u00e0 savoir = 16.86 % &#8211; Estimatif de la base = 49\u00a0467 \u20ac x 16.86 % = 8\u00a0340 \u20ac<\/p>\n<p>TOTAL des recettes estim\u00e9es pour 2023 =\u00a0445 649 \u20ac \u00a0\u00a0(BP 2023 = 440\u00a0000 \u20ac)(pour m\u00e9moire = recettes r\u00e9elles 2022 = 410 132 \u20ac)<\/p>\n<p>Apr\u00e8s en avoir d\u00e9lib\u00e9r\u00e9, le conseil municipal, \u00e0 l\u2019unanimit\u00e9,\u00a0DECIDE de fixer les taux communaux pour 2023 comme suit\u00a0:<\/p>\n<ul>\n<li>Taxe Fonci\u00e8re sur les Propri\u00e9t\u00e9s B\u00e2ties (TFPB) = 44.47 %<\/li>\n<li>Taxe Fonci\u00e8re sur les Propri\u00e9t\u00e9s Non-B\u00e2ties (TFPNB) = 48.73 %<\/li>\n<li>Taxe d\u2019Habitation (TH) = 16.86 %<\/li>\n<\/ul>\n<p>et CHARGE Madame le Maire de notifier cette d\u00e9cision aux services pr\u00e9fectoraux et de transmettre l\u2019\u00e9tat 1259 compl\u00e9t\u00e9 aux services pr\u00e9fectoraux, accompagn\u00e9 d\u2019une copie de la pr\u00e9sente d\u00e9cision.<\/p>\n<h4>3\u00b0 &#8211; Budget Assainissement\u00a0: amortissements des \u00e9quipements<\/h4>\n<p>Madame Mich\u00e8le RAULLINE, Adjointe aux finances, rappelle au conseil municipal que lors de la s\u00e9ance du 16 f\u00e9vrier 2023, il a \u00e9t\u00e9 vot\u00e9 le montant des amortissements des \u00e9quipements du budget assainissement pour l\u2019ann\u00e9e 2023 \u00e0 hauteur de 68\u00a0719.98 \u20ac. Or, lors du transfert du budget \u00ab\u00a0Assainissement\u00a0\u00bb vers le budget \u00ab\u00a0assainissement \u2013 station\u00a0\u00bb suite \u00e0 la DSP avec SUEZ, en 2019, 4 biens ont \u00e9t\u00e9 oubli\u00e9s. Il convient donc de les int\u00e9grer dans le tableau d\u2019amortissement\u00a0:<\/p>\n<ul>\n<li>Servitude EU\u00a0 avec Mr Goven = 1\u00a0809.55 \u20ac (en 2017) \u00e0 amortir sur 1 an = 1\u00a0809.55 \u20ac<\/li>\n<li>R\u00e9seau EU rue de Broc\u00e9liande = 29\u00a0362.03 \u20ac (en 2018) \u00e0 amortir sur 50 ans = 587.00 \u20ac<\/li>\n<li>R\u00e9seau EU rue des Landelles = 11\u00a0098.32 \u20ac (en 2019) \u00e0 amortir sur 50 ans = 221.00 \u20ac<\/li>\n<li>Solde travaux station d\u2019\u00e9puration = 6\u00a0815.21 \u20ac (en 2022) \u00e0 amortir sur 30 ans = 227.00 \u20ac (+ 102 \u20ac de 2022 car amortissement \u00e0 la date de mise en service juillet 2022)<\/li>\n<\/ul>\n<p>Ce qui porte le montant global des amortissements &#8211; \u00e9quipements pour l\u2019ann\u00e9e 2023 \u00e0 71\u00a0947.55 \u20ac.<\/p>\n<p>Il convient donc d\u2019annuler la d\u00e9lib\u00e9ration du 16 f\u00e9vrier 2023.<\/p>\n<p>Apr\u00e8s en avoir d\u00e9lib\u00e9r\u00e9, le conseil municipal, \u00e0 l\u2019unanimit\u00e9, vote le montant global des amortissements des \u00e9quipements du budget Assainissement \u2013 station pour l\u2019ann\u00e9e 2023 \u00e0 71 947.55 \u20ac et annule partiellement la d\u00e9lib\u00e9ration du 16 f\u00e9vrier 2023 au sujet des amortissements des \u00e9quipements et maintient le montant des amortissements des subventions \u00e0 20\u00a0381 \u20ac<\/p>\n<h4>4\u00b0 &#8211; Num\u00e9risation des actes d\u2019Etat-Civil<\/h4>\n<p>Madame Mich\u00e8le RAULLINE, Adjointe aux finances, informe le conseil municipal que le l\u00e9gislateur a rendu obligatoire \u00e0 compter de 2023 la num\u00e9risation des actes d\u2019Etat-Civil.<\/p>\n<p>Un devis a \u00e9t\u00e9 re\u00e7u par ADIC Informatique (notre prestataire actuel pour la r\u00e9glementation de l\u2019Etat-Civil) et s\u2019\u00e9l\u00e8ve \u00e0 2\u00a0062.50 \u20ac HT \u2013 2\u00a0475.00 \u20ac TTC.<\/p>\n<p>Apr\u00e8s en avoir d\u00e9lib\u00e9r\u00e9, le conseil municipal d\u00e9cide, \u00e0 l\u2019unanimit\u00e9 de retenir la proposition d\u2019ADIC Informatique \u00e0 raison de 2\u00a0475 \u20ac TTC pour la num\u00e9risation des actes d\u2019Etat-Civil.<\/p>\n<h2>II\u2013\u00a0 BATIMENTS COMMUNAUX :<\/h2>\n<h4>1\u00b0 &#8211; Compte-rendu de la commission du 07 mars 2023<\/h4>\n<p>Mr Christian GODIN, conseiller municipal d\u00e9l\u00e9gu\u00e9 aux b\u00e2timents fait \u00e9tat au conseil municipal des diverses propositions de la commission \u00ab\u00a0B\u00e2timents\u00a0\u00bb.<\/p>\n<p>Apr\u00e8s en avoir d\u00e9lib\u00e9r\u00e9, le conseil municipal d\u00e9cide, \u00e0 l\u2019unanimit\u00e9 de retenir les travaux suivants\u00a0:<\/p>\n<h4>Travaux au bureau des services techniques :<\/h4>\n<p>Fourniture et pose d\u2019une fen\u00eatre 120 x 105\u00a0: devis MAUNY = 1\u00a0150.49 \u20ac TTC<\/p>\n<h4>Vestiaires du terrain de football :<\/h4>\n<p>Dysfonctionnement du Surpresseur\u00a0 = Devis CEDEO = forfait diagnostic = 842.40 \u20ac TTC<\/p>\n<h4>Salle de sports :<\/h4>\n<p>Devis BS \u2013 Br\u00e9al-sous-Montfort : plomberie : fourniture et pose d\u2019un surpresseur = 1 719.20 \u20ac TTC\u00a0+ branchement des arriv\u00e9es d\u2019eau pour meuble \u00e9vier du pr\u00e9au = 671.46 \u20ac TTC<\/p>\n<h4>Mairie :<\/h4>\n<ul>\n<li>Devis BS \u2013 Br\u00e9al-sous-Montfort : d\u00e9pose du ballon d\u2019eau chaude (\u00e0 l\u2019\u00e9tage) = 203.16 \u20ac TTC<\/li>\n<li>travaux de plomberie : bloc pompe chauffage = 1 451.59 \u20ac TTC (devis BS de Br\u00e9al) : la commission propose de revoir avec DANILO (garantie d\u00e9cennale)<\/li>\n<li>cr\u00e9ation d\u2019un meuble pour le photocopieur : Devis MAUNY = 438.54 \u20ac TTC.<\/li>\n<\/ul>\n<h4>Jeu de la mairie :<\/h4>\n<p>Lafarge Granulats\u00a0:\u00a0 sable (60 tonnes) pour sol jeu \u00ab\u00a0BimBambouge\u00a0\u00bb = 2\u00a0113.56 \u20ac TTC<\/p>\n<p>TOTAL des travaux valid\u00e9s = 8\u00a0590.40 \u20ac TTC.<\/p>\n<h4>Club-house terrain de foot : r\u00e9fection du sol :<\/h4>\n<p>Devis MAUNY : 2 471.90 \u20ac TTC- la commission propose de revoir \u00e0 acheter les dalles plancher et ex\u00e9cuter la pose\u00a0en r\u00e9gie avec les agents du service technique. Le devis va \u00eatre revu avec l\u2019entreprise MAUNY.<\/p>\n<h4>Place de l\u2019\u00e9glise\u00a0: Sanitaires\u00a0publics : remplacement de la porte<\/h4>\n<p>Mr Christian GODIN, conseiller municipal d\u00e9l\u00e9gu\u00e9 aux b\u00e2timents, informe le conseil municipal que courant du mois de janvier, il y a eu un \u00ab\u00a0coup de vent\u00a0\u00bb qui a cass\u00e9 la porte des sanitaires publics de la place de l\u2019\u00e9glise. La soci\u00e9t\u00e9 SAGELEC a \u00e9t\u00e9 contact\u00e9 et a calcul\u00e9 un devis de remplacement de la porte compl\u00e8te avec changement de sens. Celui-ci s\u2019\u00e9l\u00e8ve \u00e0 3\u00a0361.69 \u20ac HT \u2013 4\u00a0034.03 \u20ac TTC.<\/p>\n<p>Apr\u00e8s en avoir d\u00e9lib\u00e9r\u00e9, le conseil municipal d\u00e9cide, \u00e0 l\u2019unanimit\u00e9 d\u2019accorder le devis de la soci\u00e9t\u00e9 SAGELEC pour le remplacement de la porte compl\u00e8te avec changement de sens des sanitaires de la place de l\u2019\u00e9glise \u00e0 raison de 4\u00a0034.03 \u20ac TTC.<\/p>\n<p>Cette d\u00e9pense sera inscrite au C\/615221 du budget primitif 2023.<\/p>\n<h4>2\u00b0 &#8211; V\u00e9rification des buts \u2013 Jeux\u00a0: renouvellement du contrat NORMETEC<\/h4>\n<p>Mr Christian GODIN, conseiller municipal d\u00e9l\u00e9gu\u00e9 aux b\u00e2timents, indique au conseil municipal que le contrat actuel de v\u00e9rification des buts et des jeux avec la soci\u00e9t\u00e9 NORMETEC s\u2019est termin\u00e9 le 31 d\u00e9cembre 2022. Il a \u00e9t\u00e9 re\u00e7u une nouvelle proposition pour une dur\u00e9e de 4 ans (2023 \u2013 2026) qui s\u2019\u00e9l\u00e8ve \u00e0 1 100 \u20ac H.T.\u00a0(tarifs identiques au pr\u00e9c\u00e9dent contrat).<\/p>\n<p>Apr\u00e8s en avoir d\u00e9lib\u00e9r\u00e9, le conseil municipal d\u00e9cide, \u00e0 l\u2019unanimit\u00e9 d\u2019accorder le renouvellement du contrat de v\u00e9rification des buts et structures pour une dur\u00e9e de 4 ans (2023 \u2013 2026) aupr\u00e8s de la soci\u00e9t\u00e9 NORMETEC \u00e0 raison de\u00a0:<\/p>\n<ul>\n<li>20 \u20ac pour les buts de foot (13 buts)<\/li>\n<li>20 \u20ac pour les abris de touche (2 abris de touche)<\/li>\n<li>20 \u20ac pour les jeux (16 jeux = 6 \u00e0 l\u2019\u00e9cole + 4 terrain de la mairie + structure BimBamBouge = 6 ateliers)<\/li>\n<li>80 \u20ac pour les aires sportives (3 jeux sur le \u00ab\u00a0street-parc\u00a0\u00bb &#8211; basket \u2013 tennis et Volley-ball)<\/li>\n<li>80 \u20ac pour les aires ludiques \u2013 selon la norme NF 1176-1 (1 \u00e0 l\u2019\u00e9cole + 2 terrain de la mairie)<\/li>\n<\/ul>\n<p>\u00a0<\/p>\n<h2>III\u2013\u00a0 VOIRIE &#8211; RESEAUX :<\/h2>\n<h4>1\u00b0 &#8211; travaux de point-\u00e0-temps\u00a0:<\/h4>\n<p>Mr Pierre PERSEHAIE, Adjoint \u00e0 la voirie, rappelle au conseil municipal la d\u00e9lib\u00e9ration du 30 mars 2021 par laquelle il avait \u00e9t\u00e9 retenu l\u2019entreprise EUROVIA de Bruz pour un programme annuel de travaux de point-\u00e0-temps de 2021 \u00e0 2023 avec une r\u00e9vision de prix selon le TP 08 pour les ann\u00e9es 2022 et 2023. Un devis a \u00e9t\u00e9 re\u00e7u et s\u2019\u00e9l\u00e8ve \u00e0 934 \u20ac HT la tonne d\u2019\u00e9mulsion.<\/p>\n<p>Pour m\u00e9moire\u00a0:<\/p>\n<ul>\n<li>2022 = 988 \u20ac HT (18 tonnes) = 21\u00a0340.80 \u20ac TTC<\/li>\n<li>2021 = 714 \u20ac HT (26 tonnes 700) = 22\u00a0876.56 \u20ac TTC.<\/li>\n<\/ul>\n<p>Il est propos\u00e9 de r\u00e9aliser 20 tonnes d\u2019\u00e9mulsion en 2023, soit un co\u00fbt de 22 416.00 \u20ac TTC.<\/p>\n<p>Apr\u00e8s en avoir d\u00e9lib\u00e9r\u00e9, le conseil municipal d\u00e9cide, \u00e0 l\u2019unanimit\u00e9 de retenir l\u2019entreprise EUROVIA de Bruz pour les travaux de point-\u00e0-temps de 2023 \u00e0 raison de 934 \u20ac la tonne d\u2019\u00e9mulsion (quantit\u00e9 = 20 tonnes).<\/p>\n<h4>2\u00b0 &#8211; SDE 35\u00a0: modification des statuts<\/h4>\n<p>Madame le Maire indique au conseil municipal qu\u2019il a \u00e9t\u00e9 re\u00e7u en mairie un courrier du SDE35 au sujet de la modification d\u2019un article des statuts\u00a0:<\/p>\n<p>L\u2019alin\u00e9a correspondant \u00e0 la ma\u00eetrise de la demande en \u00e9nergie, compris dans l\u2019article 3.2 des activit\u00e9s accessoires, est modifi\u00e9 comme suit (barr\u00e9 et gras) :<\/p>\n<p><em>R\u00e9aliser dans le cadre des dispositions de l\u2019article L.2224-34 du CGCT, directement par le Syndicat ou, par l\u2019interm\u00e9diaire d\u2019un d\u00e9l\u00e9gataire, des actions tendant \u00e0 ma\u00eetriser la demande <strong><del>d\u2019\u00e9lectricit\u00e9<\/del><\/strong> d\u2019\u00e9nergie de r\u00e9seau des consommateurs finals desservis en gaz, en chaleur ou en basse tension pour l\u2019\u00e9lectricit\u00e9 et accompagner des actions tendant \u00e0 ma\u00eetriser la demande d\u2019\u00e9nergie sur leur territoire, et notamment prendre en charge, pour le compte des membres, tout ou partie des travaux n\u00e9cessaires pour am\u00e9liorer la performance \u00e9nerg\u00e9tique des b\u00e2timents dont les membres sont propri\u00e9taires, en assurant le financement de ces travaux ou des actions pouvant tendre \u00e0 ma\u00eetriser la demande d\u2019\u00e9nergie des consommateurs en situation de pr\u00e9carit\u00e9 \u00e9nerg\u00e9tique.<\/em><\/p>\n<p>Apr\u00e8s en avoir d\u00e9lib\u00e9r\u00e9, le conseil municipal approuve, \u00e0 l\u2019unanimit\u00e9, la modification de l\u2019article 3.2 des statuts du SDE35 tel que stipul\u00e9 ci-dessus.<\/p>\n<h2>IV\u2013\u00a0 TERRAIN DE FOOT-BALL :<\/h2>\n<h4>1\u00b0 &#8211; Acquisition d\u2019un robot de tonte<\/h4>\n<p>Madame le Maire informe le conseil municipal que dans le cadre de l\u2019entretien du terrain de foot-ball, il est propos\u00e9 d\u2019acqu\u00e9rir un robot de tonte.<\/p>\n<p>Deux devis ont \u00e9t\u00e9 re\u00e7us en mairie.<\/p>\n<p>Il est propos\u00e9 de retenir la proposition de Rennes Motoculture de Betton \u00e0 raison de 11\u00a0300 \u20ac TTC.<\/p>\n<p>Apr\u00e8s en avoir d\u00e9lib\u00e9r\u00e9, le conseil municipal d\u00e9cide, \u00e0 l\u2019unanimit\u00e9 d\u2019accepter le devis de Rennes Motoculture de Betton \u00e0 raison de 11 300 \u20ac TTC pour l\u2019achat d\u2019un robot de tonte (y compris la pose et la formation des agents) et \u00e0 voir avec l\u2019assurance pour assurer le robot de tonte.<\/p>\n<h4>2\u00b0 &#8211; Demande de subvention \u00e0 la REGION\u00a0:<\/h4>\n<p>L\u2019acquisition d\u2019un robot de tonte est \u00e9ligible \u00e0 une subvention de la R\u00e9gion au titre de \u00ab Eau \u2013 mat\u00e9riel de d\u00e9sherbage alternatif au d\u00e9sherbage chimique \u00bb selon les modalit\u00e9s suivantes :<\/p>\n<ul>\n<li>Plafond des d\u00e9penses = 10\u00a0000 \u20ac HT<\/li>\n<li>Taux 40 % (pour les communes reconnues Z\u00e9ro phyto) 30 % pour les autres communes<\/li>\n<li>Calcul de l\u2019aide possible = 8\u00a0583.33 \u20ac H.T. x 40 % = 3\u00a0433.33 \u20ac.<\/li>\n<\/ul>\n<p>Apr\u00e8s en avoir d\u00e9lib\u00e9r\u00e9, le conseil municipal, \u00e0 l\u2019unanimit\u00e9 autorise Madame le Maire \u00e0 constituer un dossier de demande de subvention aupr\u00e8s des services de la R\u00e9gion pour l\u2019acquisition d\u2019un robot de tonte au titre de \u00ab\u00a0Eau \u2013 mat\u00e9riel de d\u00e9sherbage alternatif au d\u00e9sherbage chimique\u00a0\u00bb.<\/p>\n<h2>QUESTIONS DIVERSES :<\/h2>\n<p>Madame Chantal LE ROSSIGNOL, Adjointe, informe le conseil municipal\u00a0:<\/p>\n<ul>\n<li>-de l\u2019organisation par les 6 communes (Monterfil, Paimpont, Pl\u00e9lan-le-Grand, Maxent, St-P\u00e9ran et Treffendel) et l\u2019association l\u2019Inter\u2019Val d\u2019un moment de convivialit\u00e9 pour les aidants et les aid\u00e9s sous forme d\u2019une \u00ab\u00a0Cr\u00eapes Party\u00a0\u00bb\u00a0qui aura lieu le jeudi 23 mars de 15 h \u00e0 17 h \u00e0 la canop\u00e9e \u00e0 Pl\u00e9lan-le-Grand.<\/li>\n<li>rappel de la balade itin\u00e9rante du samedi 18 mars de 10h00 \u00e0 12h00, en centre-bourg.<br \/>Il s\u2019agira pour les habitants de s\u2019exprimer sur la mobilit\u00e9 en parcourant l\u2019espace public \u00e0 l\u2019aide de supports cartographiques permettant d\u2019annoter leurs observations et propositions.<\/li>\n<\/ul>\n<h4>PROCHAINES COMMISSIONS\u00a0\u00e0 PROGRAMMER\u00a0:<\/h4>\n<ul>\n<li>Commission communication\u00a0: feuille d\u2019infos fin avril\u00a0: mercredi 15 mars 2023 \u00e0 18 h 30<\/li>\n<li>CCAS\u00a0: (vote du budget primitif 2023)\u00a0: \u00a0samedi 25 mars \u00e0 10 h 30<\/li>\n<li>Commission voirie\u00a0: visite sur site\u00a0: samedi 1er avril \u00e0 09 h 00<\/li>\n<li>Commission communale des imp\u00f4ts\u00a0: proposer deux dates\u00a0: mardi 18 avril ou mercredi 19 avril \u00e0 9 h 00<\/li>\n<\/ul>\n<h4>PROCHAINS CONSEILS MUNICIPAUX\u00a0:<\/h4>\n<ul>\n<li>Jeudi 30 mars 2023 \u00e0 19h 00 : vote du Budget Primitif 2023<\/li>\n<li>Jeudi 13 avril 2023 \u00e0 20 h 00 (r\u00e9union Adjoints : mardi 04 avril 2023 \u00e0 20 h 00)<\/li>\n<li>Jeudi 11 mai 2023 \u00e0 20 h 00 (r\u00e9union Adjoints :mardi 02 mai 2023 \u00e0 20 h 00)<\/li>\n<li>Jeudi 15 juin 2023 \u00e0 20 h 00 (r\u00e9union Adjoints : mardi 06 juin 2023 \u00e0 20 h 00)<\/li>\n<li>Jeudi 20 juillet 2023 \u00e0 20 h 00 (r\u00e9union Adjoints : mardi 11 juillet 2023 \u00e0 20 h 00)<\/li>\n<li>Jeudi 07 septembre 2023 \u00e0 20 h 00 (r\u00e9union Adjoints : mardi 29 ao\u00fbt 2023 \u00e0 20 h 00)<\/li>\n<li>Jeudi 12 octobre 2023 \u00e0 20 h 00 (r\u00e9union Adjoints : mardi 03 octobre 2023 \u00e0 20 h 00)<\/li>\n<li>Jeudi 16 novembre 2023 \u00e0 20 h 00 (r\u00e9union Adjoints : mardi 07 novembre 2023 \u00e0 20 h 00)<\/li>\n<li>Jeudi 14 d\u00e9cembre 2023 \u00e0 20 h 00 (r\u00e9union Adjoints (mardi 05 d\u00e9cembre 2023 \u00e0 20 h 00)<\/li>\n<\/ul>\n","protected":false},"excerpt":{"rendered":"<p>Pr\u00e9sents\u00a0: F. KERGUELEN, P. PERSEHAIE, C. LE ROSSIGNOL, C. BANCHEREAU, M. RAULLINE, C. GODIN, L. BEAUG\u00e9, C. THOMAS, N. FRO, M. LACAZE, S. BERTIN, S. LONNOY, C. DUBOIS. Excus\u00e9 : A. LE NET (Procuration \u00e0 F. KERGUELEN) Approbation du Proc\u00e8s-Verbal du conseil municipal du 16 f\u00e9vrier 2023\u00a0: Le Proc\u00e8s-Verbal du 16 f\u00e9vrier 2023 est approuv\u00e9 [&hellip;]<\/p>\n","protected":false},"author":1,"featured_media":0,"parent":17,"menu_order":0,"comment_status":"closed","ping_status":"closed","template":"","meta":[],"_links":{"self":[{"href":"https:\/\/www.treffendel.fr\/index.php?rest_route=\/wp\/v2\/pages\/5005"}],"collection":[{"href":"https:\/\/www.treffendel.fr\/index.php?rest_route=\/wp\/v2\/pages"}],"about":[{"href":"https:\/\/www.treffendel.fr\/index.php?rest_route=\/wp\/v2\/types\/page"}],"author":[{"embeddable":true,"href":"https:\/\/www.treffendel.fr\/index.php?rest_route=\/wp\/v2\/users\/1"}],"replies":[{"embeddable":true,"href":"https:\/\/www.treffendel.fr\/index.php?rest_route=%2Fwp%2Fv2%2Fcomments&post=5005"}],"version-history":[{"count":2,"href":"https:\/\/www.treffendel.fr\/index.php?rest_route=\/wp\/v2\/pages\/5005\/revisions"}],"predecessor-version":[{"id":5012,"href":"https:\/\/www.treffendel.fr\/index.php?rest_route=\/wp\/v2\/pages\/5005\/revisions\/5012"}],"up":[{"embeddable":true,"href":"https:\/\/www.treffendel.fr\/index.php?rest_route=\/wp\/v2\/pages\/17"}],"wp:attachment":[{"href":"https:\/\/www.treffendel.fr\/index.php?rest_route=%2Fwp%2Fv2%2Fmedia&parent=5005"}],"curies":[{"name":"wp","href":"https:\/\/api.w.org\/{rel}","templated":true}]}}