{"id":506,"date":"2017-01-11T21:07:14","date_gmt":"2017-01-11T20:07:14","guid":{"rendered":"http:\/\/2016.treffendel.fr\/?page_id=506"},"modified":"2026-04-09T11:36:37","modified_gmt":"2026-04-09T09:36:37","slug":"gestion-des-ordures-menageres","status":"publish","type":"page","link":"https:\/\/www.treffendel.fr\/?page_id=506","title":{"rendered":"Ordures m\u00e9nag\u00e8res"},"content":{"rendered":"<p><iframe style=\"border: solid 1px #777;\" src=\"https:\/\/calendar.google.com\/calendar\/embed?height=600&amp;wkst=1&amp;ctz=Europe%2FParis&amp;showPrint=0&amp;showTz=0&amp;showCalendars=0&amp;showTitle=0&amp;showTabs=0&amp;src=OWE2ZDA4ODlkNzc0MGRmZDU5MjNjZWY3NTAzZjk5MzdhMjU5YjMxZWVkYjVjN2I2NTIwM2Y2MzlhMTc3OWJmMEBncm91cC5jYWxlbmRhci5nb29nbGUuY29t&amp;src=YmJmMzZhNDE1MTNjMDQwODlmZWJjNDFhZWEzYjYwMTkzZWFiM2Q1ZDRjODM2ZjRhYTI3Y2EzNDZiMmJiZTg3MkBncm91cC5jYWxlbmRhci5nb29nbGUuY29t&amp;color=%2333B679&amp;color=%23E4C441\" width=\"800\" height=\"600\" frameborder=\"0\" scrolling=\"no\"><\/iframe><\/p>\n<h2>D\u00e9chetteries<\/h2>\n<h2>Votre carte d&rsquo;acc\u00e8s est obligatoire \u00e0 partir du 1er janvier 2024<\/h2>\n<ul>\n<li>pas de limitation du nombre de passages pour les particuliers<\/li>\n<li>la carte d&rsquo;acc\u00e8s (re\u00e7ue g\u00e9n\u00e9ralement en d\u00e9cembre 2023) est rattach\u00e9e \u00e0 votre logement<\/li>\n<li>en cas de d\u00e9m\u00e9nagement, veuillez signaler vos changements si vous restez sur le territoire, ou restituer votre carte si vous quittez le territoire du <a href=\"http:\/\/www.smictom-centreouest35.fr\/\" target=\"_blank\" rel=\"noopener noreferrer\">SMICTOM-CentreOuest<\/a>.<\/li>\n<li>en cas de perte ou de d\u00e9t\u00e9rioration, la r\u00e9\u00e9dition de la carte d&rsquo;acc\u00e8s sera factur\u00e9e 15 \u20ac<\/li>\n<\/ul>\n<table style=\"border-collapse: collapse; width: 100%;\">\n<tbody>\n<tr>\n<td style=\"width: 14.2857%;\"><\/td>\n<td style=\"width: 14.2857%; text-align: center;\">lundi<\/td>\n<td style=\"width: 14.2857%; text-align: center;\">mardi<\/td>\n<td style=\"width: 14.2857%; text-align: center;\">mercredi<\/td>\n<td style=\"width: 14.2857%; text-align: center;\">jeudi<\/td>\n<td style=\"width: 14.2857%; text-align: center;\">vendredi<\/td>\n<td style=\"width: 14.2857%; text-align: center;\">samedi<\/td>\n<\/tr>\n<tr>\n<td style=\"width: 14.2857%;\"><strong>PLELAN LE GRAND <\/strong>(02.99.61.87.27)<\/td>\n<td style=\"width: 14.2857%; text-align: center;\"><strong>ouvert<\/strong><\/td>\n<td style=\"width: 14.2857%; text-align: center;\"><\/td>\n<td style=\"width: 14.2857%; text-align: center;\"><\/td>\n<td style=\"width: 14.2857%; text-align: center;\"><strong>ouvert<\/strong><\/td>\n<td style=\"width: 14.2857%; text-align: center;\"><\/td>\n<td style=\"width: 14.2857%; text-align: center;\"><strong>ouvert<\/strong><\/td>\n<\/tr>\n<tr>\n<td style=\"width: 14.2857%;\"><strong>LE VERGER<\/strong> (02.99.07.45.55)<\/td>\n<td style=\"width: 14.2857%; text-align: center;\"><strong>ouvert<\/strong><\/td>\n<td style=\"width: 14.2857%; text-align: center;\"><\/td>\n<td style=\"width: 14.2857%; text-align: center;\"><strong>ouvert<\/strong><\/td>\n<td style=\"width: 14.2857%; text-align: center;\"><\/td>\n<td style=\"width: 14.2857%; text-align: center;\"><strong>ouvert<\/strong><\/td>\n<td style=\"width: 14.2857%; text-align: center;\"><strong>ouvert<\/strong><\/td>\n<\/tr>\n<\/tbody>\n<\/table>\n<h3>Heures d&rsquo;ouverture : <span style=\"color: #ffffff;\">decheterie d\u00e9ch\u00e8terie<\/span><\/h3>\n<ul>\n<li>9 H 00 &#8211; 12 H 30<\/li>\n<li>13 H 30 &#8211; 17 H 30<\/li>\n<\/ul>\n<div>La d\u00e9chetterie n\u2019est pas habilit\u00e9e \u00e0 recevoir, m\u00e9dicaments, pneus, bouteilles de gaz, extincteurs, fumig\u00e8nes, amiante et fibrociment\u2026<\/div>\n<div>\n<p>Pensez \u00e0 pr\u00e9parer votre venue \u00e0 la d\u00e9chetterie en triant vos d\u00e9chets au pr\u00e9alable afin de limiter le temps de stationnement sur le site et de d\u00e9poser les d\u00e9chets dans les conteneurs pr\u00e9vus \u00e0 cet effet.<\/p>\n<p>Il est \u00e9galement conseill\u00e9 de prendre toutes dispositions pour \u00e9viter que votre cargaison s&rsquo;envole durant le trajet.<\/p>\n<\/div>\n<p><b><i data-olk-copy-source=\"MessageBody\">L\u2019application MONTRI arrive sur le territoire du SMICTOM Centre Ouest\u00a0!<\/i><\/b><\/p>\n<p><img loading=\"lazy\" class=\"alignnone size-full wp-image-6893\" src=\"https:\/\/www.treffendel.fr\/wp-content\/uploads\/2026\/02\/2026-montri.jpg\" alt=\"\" width=\"1234\" height=\"312\" srcset=\"https:\/\/www.treffendel.fr\/wp-content\/uploads\/2026\/02\/2026-montri.jpg 1234w, https:\/\/www.treffendel.fr\/wp-content\/uploads\/2026\/02\/2026-montri-300x76.jpg 300w, https:\/\/www.treffendel.fr\/wp-content\/uploads\/2026\/02\/2026-montri-1024x259.jpg 1024w, https:\/\/www.treffendel.fr\/wp-content\/uploads\/2026\/02\/2026-montri-768x194.jpg 768w, https:\/\/www.treffendel.fr\/wp-content\/uploads\/2026\/02\/2026-montri-900x228.jpg 900w\" sizes=\"(max-width: 1234px) 100vw, 1234px\" \/><\/p>\n<p><i>MONTRI est une application web et mobile<b>\u00a0gratuite<\/b> qui permet aux usagers d\u2019acc\u00e9der facilement et rapidement \u00e0 l\u2019ensemble des services li\u00e9s \u00e0 la gestion des d\u00e9chets propos\u00e9s par le syndicat.<\/i><\/p>\n<p><i>Elle vise \u00e0 am\u00e9liorer la qualit\u00e9 du tri et \u00e0 faciliter le quotidien des habitants.<\/i><\/p>\n<p><i>Avec MONTRI, vous pourrez notamment :<\/i><\/p>\n<p><i>&#8211;<b>Localiser facilement les points de collecte<\/b> gr\u00e2ce \u00e0 une carte interactive indiquant les points d\u2019apports volontaires les plus proches.<\/i><\/p>\n<p><i>&#8211;<b>Mieux trier vos d\u00e9chets en scannant le code-barres des emballages pour conna\u00eetre les consignes de tri adapt\u00e9es<\/b><\/i><b><\/b><\/p>\n<p><i>&#8211;<b>G\u00e9rer plus facilement vos d\u00e9chets au quotidien, en consultant les jours de collecte et en \u00e9tant inform\u00e9s d\u2019\u00e9ventuelles perturbations de service<\/b><\/i><b><\/b><\/p>\n<p><i>&#8211;<b>Signaler un probl\u00e8me ou faire une demande<\/b>, comme un d\u00e9p\u00f4t sauvage, une anomalie de collecte ou une demande de bac <b>(prochainement)<\/b><\/i><\/p>\n<p><i>-Rester inform\u00e9s en recevant des <b>actualit\u00e9s et des informations<\/b> sur la pr\u00e9vention et la gestion des d\u00e9chets.<\/i><\/p>\n<table style=\"border-collapse: collapse; width: 100%;\">\n<tbody>\n<tr>\n<td style=\"width: 33.3333%; text-align: center;\"><img loading=\"lazy\" class=\"alignnone size-full wp-image-5829\" src=\"https:\/\/www.treffendel.fr\/wp-content\/uploads\/2024\/03\/Bac-vert-_-Faites-le-bon-choix.png\" alt=\"\" width=\"559\" height=\"299\" srcset=\"https:\/\/www.treffendel.fr\/wp-content\/uploads\/2024\/03\/Bac-vert-_-Faites-le-bon-choix.png 559w, https:\/\/www.treffendel.fr\/wp-content\/uploads\/2024\/03\/Bac-vert-_-Faites-le-bon-choix-300x160.png 300w\" sizes=\"(max-width: 559px) 100vw, 559px\" \/> \u00a0 <a href=\"https:\/\/www.smictom-centreouest35.fr\/bien-trier\/\" target=\"_blank\" rel=\"noopener noreferrer\">\u00a0faites le bon choix<\/a><\/td>\n<td style=\"width: 33.3333%;\">\n<p style=\"text-align: center;\"><img loading=\"lazy\" class=\"alignnone size-full wp-image-5832 aligncenter\" src=\"https:\/\/www.treffendel.fr\/wp-content\/uploads\/2024\/03\/Menage-de-printemps-...-au-naturel.png\" alt=\"\" width=\"445\" height=\"374\" srcset=\"https:\/\/www.treffendel.fr\/wp-content\/uploads\/2024\/03\/Menage-de-printemps-...-au-naturel.png 445w, https:\/\/www.treffendel.fr\/wp-content\/uploads\/2024\/03\/Menage-de-printemps-...-au-naturel-300x252.png 300w\" sizes=\"(max-width: 445px) 100vw, 445px\" \/><a href=\"https:\/\/www.smictom-centreouest35.fr\/prevention\/reduire-ses-dechets\/a-la-maison\/mon-menage-ecologique\/\" target=\"_blank\" rel=\"noopener noreferrer\">m\u00e9nage au naturel<\/a><\/p>\n<\/td>\n<td style=\"width: 33.3333%; text-align: center;\"><img loading=\"lazy\" class=\"alignnone size-full wp-image-5834\" src=\"https:\/\/www.treffendel.fr\/wp-content\/uploads\/2024\/03\/Bac-vert-_-Attention-aux-danger.png\" alt=\"\" width=\"600\" height=\"600\" srcset=\"https:\/\/www.treffendel.fr\/wp-content\/uploads\/2024\/03\/Bac-vert-_-Attention-aux-danger.png 600w, https:\/\/www.treffendel.fr\/wp-content\/uploads\/2024\/03\/Bac-vert-_-Attention-aux-danger-300x300.png 300w, https:\/\/www.treffendel.fr\/wp-content\/uploads\/2024\/03\/Bac-vert-_-Attention-aux-danger-150x150.png 150w, https:\/\/www.treffendel.fr\/wp-content\/uploads\/2024\/03\/Bac-vert-_-Attention-aux-danger-88x88.png 88w\" sizes=\"(max-width: 600px) 100vw, 600px\" \/><a href=\"https:\/\/www.smictom-centreouest35.fr\/bien-trier\/les-ordures-menageres\/\" target=\"_blank\" rel=\"noopener noreferrer\">bac vert : attention aux dangers<\/a><\/td>\n<\/tr>\n<tr>\n<td style=\"width: 33.3333%; text-align: center;\"><img loading=\"lazy\" class=\"alignnone size-full wp-image-5831\" src=\"https:\/\/www.treffendel.fr\/wp-content\/uploads\/2024\/03\/La-carte-decheterie-version-2.png\" alt=\"\" width=\"600\" height=\"600\" srcset=\"https:\/\/www.treffendel.fr\/wp-content\/uploads\/2024\/03\/La-carte-decheterie-version-2.png 600w, https:\/\/www.treffendel.fr\/wp-content\/uploads\/2024\/03\/La-carte-decheterie-version-2-300x300.png 300w, https:\/\/www.treffendel.fr\/wp-content\/uploads\/2024\/03\/La-carte-decheterie-version-2-150x150.png 150w, https:\/\/www.treffendel.fr\/wp-content\/uploads\/2024\/03\/La-carte-decheterie-version-2-88x88.png 88w\" sizes=\"(max-width: 600px) 100vw, 600px\" \/><a href=\"https:\/\/www.smictom-centreouest35.fr\/la-carte-dacces-pour-les-decheteries\/\" target=\"_blank\" rel=\"noopener noreferrer\">carte d\u00e9ch\u00e8terie<\/a><\/td>\n<td style=\"width: 33.3333%;\"><\/td>\n<td style=\"width: 33.3333%; text-align: center;\"><img loading=\"lazy\" class=\"alignnone size-full wp-image-5833\" src=\"https:\/\/www.treffendel.fr\/wp-content\/uploads\/2024\/03\/Acces-en-decheterie.png\" alt=\"\" width=\"891\" height=\"441\" srcset=\"https:\/\/www.treffendel.fr\/wp-content\/uploads\/2024\/03\/Acces-en-decheterie.png 891w, https:\/\/www.treffendel.fr\/wp-content\/uploads\/2024\/03\/Acces-en-decheterie-300x148.png 300w, https:\/\/www.treffendel.fr\/wp-content\/uploads\/2024\/03\/Acces-en-decheterie-768x380.png 768w\" sizes=\"(max-width: 891px) 100vw, 891px\" \/><a href=\"https:\/\/www.smictom-centreouest35.fr\/les-decheteries\/\" target=\"_blank\" rel=\"noopener noreferrer\">acc\u00e8s aux d\u00e9ch\u00e8teries<\/a><\/td>\n<\/tr>\n<\/tbody>\n<\/table>\n<ul>\n<li><a href=\"https:\/\/www.treffendel.fr\/wp-content\/uploads\/2022\/02\/SmictomCO_Memo-tri_BD.pdf\" target=\"_blank\" rel=\"noopener noreferrer\">Consignes de tri<\/a><\/li>\n<li><a href=\"https:\/\/www.treffendel.fr\/?page_id=4266\">\u00e9cogestes pour consommer moins d&#8217;emballages<\/a><\/li>\n<\/ul>\n<p>Vous devez sortir votre <strong><u>bac le mercredi soir.<br \/>\n<\/u><\/strong>Regroupement de votre bac vert avec celui des voisins ou au niveau de<strong>\u00a0points de regroupement.<\/strong><\/p>\n<p>Pour<strong> tous les usagers (agglom\u00e9ration et campagne)\u00a0<\/strong>vous devez disposer de <strong>bacs individuels \u00e9quip\u00e9s d&rsquo;une puce \u00e9lectronique <\/strong>qui\u00a0permet de comptabiliser le <strong>nombre de vidages de votre bac<\/strong> dans l&rsquo;ann\u00e9e.<\/p>\n<p>Pour tout renseignement compl\u00e9mentaire, n&rsquo;h\u00e9sitez pas \u00e0 consulter le <a href=\"http:\/\/www.smictom-centreouest35.fr\/\" target=\"blank\" rel=\"noopener noreferrer\">site Internet du SMICTOM Centre Ouest<\/a><\/p>\n<h2>Compte individuel en ligne<\/h2>\n<p>(facturation, nombre de collectes&#8230;) : <a href=\"https:\/\/www.ecocito.com\/\" target=\"_blank\" rel=\"noopener noreferrer\">www.ecocito.com<\/a><\/p>\n<div><span tabindex=\"1\"><strong>La <a href=\"http:\/\/www.smictom-centreouest35.fr\/redevance-incitative\/\" target=\"_blank\" rel=\"noopener noreferrer\">redevance incitative<\/a> est op\u00e9rationnelle \u00e0 compter du 1er janvier 2015 <\/strong>(pr\u00e9conisations de la \u00a0loi n\u00b0 2009-967 du 3 ao\u00fbt 2009 dite de programmation relative \u00e0 la mise en \u0153uvre du Grenelle Environnement)<\/span><\/div>\n<p>Tous les textiles, linge de maison, tissus, accessoires et chaussures se recyclent, qu\u2019ils soient us\u00e9s, trou\u00e9s, en\u00a0bon \u00e9tat, d\u00e9mod\u00e9s ou trop petits. M\u00eame vos collants fil\u00e9s ou vos chaussettes d\u00e9pareill\u00e9es pourront\u00a0avoir une seconde vie ! Alors ne les jetez plus, d\u00e9posez-les dans les conteneurs Le Relais ou apportez-les \u00e0 des associations locales. Seule exigence : les textiles doivent \u00eatre propres, secs et emball\u00e9s dans\u00a0des sacs bien ferm\u00e9s. Pensez \u00e9galement \u00e0 lier les paires (chaussures, tailleurs, maillots deux pi\u00e8ces,\u00a0etc.).<br \/>\nUn conteneur est \u00e0 votre disposition \u00e0 <span style=\"color: #ff0000;\"><strong>Treffendel, rue de la mairie<\/strong><\/span><\/p>\n<h2>Rappel de la r\u00e9glementation<\/h2>\n<p>La loi <strong>interdit de \u00ab\u00a0d\u00e9poser ou d\u2019abandonner en un lieu priv\u00e9 ou public, \u00e0 l\u2019exception des emplacements d\u00e9sign\u00e9s \u00e0 cet effet par l\u2019autorit\u00e9 comp\u00e9tente, des d\u00e9chets de quelque nature qu\u2019il soit\u00a0<\/strong>\u00bb. Les contrevenants s\u2019exposent \u00e0 une amende de 450 euros, pouvant aller jusqu\u2019\u00e0 1500 euros quand un v\u00e9hicule est utilis\u00e9 pour transporter les d\u00e9chets.<\/p>\n<p>Les ordures m\u00e9nag\u00e8res doivent \u00eatre d\u00e9pos\u00e9es dans le bac pr\u00e9vu \u00e0 cet effet et mis \u00e0 disposition au niveau de votre foyer par la collectivit\u00e9 comp\u00e9tente.<\/p>\n<h2>Bien trier ses d\u00e9chets<\/h2>\n<ul>\n<li><strong><a href=\"https:\/\/www.smictom-centreouest35.fr\/bien-trier\/\" target=\"_blank\" rel=\"noopener noreferrer\">voir les consignes<\/a><\/strong><\/li>\n<li><a href=\"http:\/\/www.smictom-centreouest35.fr\/reduire-ses-dechets\/au-jardin\/vive-le-compostage\/\" target=\"_blank\" rel=\"noopener noreferrer\">Comment faire un compost ?<\/a>\u00a0<span style=\"color: #ffffff;\">composteur compostage decheterie d\u00e9chets verts broyage<\/span><\/li>\n<li>Collecte des bouchons plastique : \u00ab\u00a0Les bouchons d&rsquo;amour\u00a0\u00bb (Anne-Marie Robin)<\/li>\n<li><a href=\"http:\/\/www.ensemblebaissonslevolume.fr\/\" target=\"blank\" rel=\"noopener noreferrer\">Baissons les volumes de nos d\u00e9chets<\/a><\/li>\n<li><a href=\"http:\/\/www.lafibredutri.fr\/\" target=\"blank\" rel=\"noopener noreferrer\">tri des v\u00eatements et textiles<\/a><\/li>\n<li><a href=\"https:\/\/www.smictom-centreouest35.fr\/de-nouveaux-tris-pour-lutter-contre-le-gaspillage\/\" target=\"_blank\" rel=\"noopener noreferrer\">articles de sport, mat\u00e9riel de bricolage et de jardinage<\/a><\/li>\n<\/ul>\n<p>Pour tout renseignement compl\u00e9mentaire, <a href=\"http:\/\/www.smictom-centreouest35.fr\/\" target=\"_blank\" rel=\"noopener noreferrer\">consulter le site du SMICTOM<\/a><\/p>\n<p>Les habitants disposent de 2 containers afin de trier les mat\u00e9riaux recyclables et\u00a0les papiers\u00a0d&rsquo;une part, et les autres d\u00e9chets m\u00e9nagers d&rsquo;autre part.<\/p>\n<p>Les gros cartons, la f\u00e9raille, les d\u00e9chets verts, l&rsquo;\u00e9lectrom\u00e9nager&#8230; doivent \u00eatre d\u00e9pos\u00e9s \u00e0 la d\u00e9chetterie.<\/p>\n<p><strong>N&rsquo;oublions pas que le traitement des ordures m\u00e9nag\u00e8res co\u00fbtent d&rsquo;autant moins cher que le tri est bien fait<\/strong> (consulter aussi le site de <a href=\"http:\/\/www.ademe.fr\/\" target=\"blank\" rel=\"noopener noreferrer\">l&rsquo;A.D.E.M.E<\/a>)<\/p>\n<table border=\"1\" cellspacing=\"1\" cellpadding=\"1\">\n<tbody>\n<tr>\n<td><strong>Verre<\/strong><\/td>\n<td><strong>Container <\/strong>rue de la Mairie, \u00e0 L&rsquo;Ancienne Gare et pr\u00e8s du terrain de football<\/td>\n<\/tr>\n<tr>\n<td><strong>gros cartons<\/strong><\/td>\n<td>D\u00e9chetterie<\/td>\n<\/tr>\n<tr>\n<td><strong>d\u00e9chets verts<\/strong><\/td>\n<td>D\u00e9chetterie<\/td>\n<\/tr>\n<tr>\n<td><strong>Ferraille<\/strong><\/td>\n<td>D\u00e9chetterie ou<br \/>\n<strong>benne <\/strong>dispos\u00e9e au hangar communal le 1er samedi du trimestre<\/td>\n<\/tr>\n<tr>\n<td><strong>Electrom\u00e9nager, informatique<\/strong><\/td>\n<td>D\u00e9chetterie<\/td>\n<\/tr>\n<tr>\n<td><strong>Objets r\u00e9utilisables<\/strong><\/td>\n<td>collecte Emma\u00fcs \u00e0 la d\u00e9chetterie de Le Verger<\/td>\n<\/tr>\n<tr>\n<td><strong>V\u00eatements et chaussures<\/strong><\/td>\n<td>container rue de la Mairie<\/td>\n<\/tr>\n<\/tbody>\n<\/table>\n<p><span style=\"font-size: 8pt; color: #ffffff;\">poubelle poubelle dechet d\u00e9chets<\/span><\/p>\n","protected":false},"excerpt":{"rendered":"<p>D\u00e9chetteries Votre carte d&rsquo;acc\u00e8s est obligatoire \u00e0 partir du 1er janvier 2024 pas de limitation du nombre de passages pour les particuliers la carte d&rsquo;acc\u00e8s (re\u00e7ue g\u00e9n\u00e9ralement en d\u00e9cembre 2023) est rattach\u00e9e \u00e0 votre logement en cas de d\u00e9m\u00e9nagement, veuillez signaler vos changements si vous restez sur le territoire, ou restituer votre carte si vous [&hellip;]<\/p>\n","protected":false},"author":1,"featured_media":0,"parent":162,"menu_order":0,"comment_status":"closed","ping_status":"closed","template":"","meta":[],"_links":{"self":[{"href":"https:\/\/www.treffendel.fr\/index.php?rest_route=\/wp\/v2\/pages\/506"}],"collection":[{"href":"https:\/\/www.treffendel.fr\/index.php?rest_route=\/wp\/v2\/pages"}],"about":[{"href":"https:\/\/www.treffendel.fr\/index.php?rest_route=\/wp\/v2\/types\/page"}],"author":[{"embeddable":true,"href":"https:\/\/www.treffendel.fr\/index.php?rest_route=\/wp\/v2\/users\/1"}],"replies":[{"embeddable":true,"href":"https:\/\/www.treffendel.fr\/index.php?rest_route=%2Fwp%2Fv2%2Fcomments&post=506"}],"version-history":[{"count":34,"href":"https:\/\/www.treffendel.fr\/index.php?rest_route=\/wp\/v2\/pages\/506\/revisions"}],"predecessor-version":[{"id":6976,"href":"https:\/\/www.treffendel.fr\/index.php?rest_route=\/wp\/v2\/pages\/506\/revisions\/6976"}],"up":[{"embeddable":true,"href":"https:\/\/www.treffendel.fr\/index.php?rest_route=\/wp\/v2\/pages\/162"}],"wp:attachment":[{"href":"https:\/\/www.treffendel.fr\/index.php?rest_route=%2Fwp%2Fv2%2Fmedia&parent=506"}],"curies":[{"name":"wp","href":"https:\/\/api.w.org\/{rel}","templated":true}]}}