{"id":5103,"date":"2023-04-24T22:06:42","date_gmt":"2023-04-24T20:06:42","guid":{"rendered":"https:\/\/www.treffendel.fr\/?page_id=5103"},"modified":"2023-04-24T22:10:32","modified_gmt":"2023-04-24T20:10:32","slug":"proces-verbal-de-la-seance-du-conseil-municipal-du-13-avril-2023-a-20-h-00","status":"publish","type":"page","link":"https:\/\/www.treffendel.fr\/?page_id=5103","title":{"rendered":"Proc\u00e8s-Verbal de la s\u00e9ance du conseil municipal du 13 avril 2023 \u00e0 20 h 00"},"content":{"rendered":"\n<p>Pr\u00e9sents\u00a0: P. PERSEHAIE, C. LE ROSSIGNOL, C. BANCHEREAU, M. RAULLINE, L. BEAUG\u00e9, C. THOMAS, N. FRO, S. BERTIN, S. LONNOY, A. LE NET<\/p>\n<p>Excus\u00e9s : C. GODIN (Procuration \u00e0 Pierre PERSEHAIE) C. DUBOIS (Procuration \u00e0 L. BEAUGE), F. KERGUELEN (Procuration \u00e0 Sophie LONNOY)<\/p>\n<p>Mr Pierre PERSEHAIE, 1er Adjoint et Pr\u00e9sident de la s\u00e9ance par d\u00e9l\u00e9gation du Maire, ouvre la s\u00e9ance et constate que le quorum est atteint.<\/p>\n<p>Approbation du Proc\u00e8s-Verbal du conseil municipal du 28 mars 2023\u00a0:<\/p>\n<p>Le Proc\u00e8s-Verbal du 28 mars 2023 est approuv\u00e9 \u00e0 l\u2019unanimit\u00e9 des membres pr\u00e9sents.<\/p>\n<p>D\u00e9signation d\u2019un secr\u00e9taire de s\u00e9ance\u00a0:<\/p>\n<p>Conform\u00e9ment \u00e0 l\u2019article L.2121-15 du Code G\u00e9n\u00e9ral des Collectivit\u00e9s Locales, Mr Aur\u00e9lien\u00a0LE NET est nomm\u00e9 secr\u00e9taire de s\u00e9ance.<\/p>\n<h2>I\u2013 VOIRIE\u00a0:<\/h2>\n<h4>1\u00b0 &#8211; Am\u00e9nagement du chemin des Landelles<\/h4>\n<p>Madame Chantal LE ROSSIGNOL, Adjointe et r\u00e9f\u00e9rente \u00ab mobilit\u00e9s \u00bb \u00e0 Broc\u00e9liande Communaut\u00e9, et Mr Pierre PERSEHAIE, Adjoint \u00e0 la voirie, pr\u00e9sentent au conseil municipal trois sc\u00e9narii possibles pour l\u2019am\u00e9nagement du chemin des landelles (suite \u00e0 la visite sur site).<\/p>\n<p>Apr\u00e8s concertations, le conseil municipal, \u00e0 l\u2019unanimit\u00e9, opte pour le sc\u00e9nario N\u00b0 02, en apportant quelques modifications\u00a0:<\/p>\n<ul>\n<li>l\u2019implantation du chemin doit se faire en limite de propri\u00e9t\u00e9,<\/li>\n<li>la largeur du chemin sera de 2 m\u00e8tres,<\/li>\n<li>plantation d\u2019arbres fruitiers (au milieu du chemin) sur une longueur d\u2019environ 150 m\u00e8tres, d\u00e9limit\u00e9s par des piquets de fa\u00e7on \u00e0 les prot\u00e9ger.<\/li>\n<\/ul>\n<p>Ce choix va \u00eatre transmis au service de Broc\u00e9liande Communaut\u00e9. Il est rappel\u00e9 que l\u2019int\u00e9gralit\u00e9 des co\u00fbts est support\u00e9e par l\u2019EPCI.<\/p>\n<h4>2\u00b0 &#8211; Compte-rendu de la commission voirie du 1er avril<\/h4>\n<p>Monsieur Pierre PERSEHAIE, Adjoint \u00e0 la voirie, indique au conseil municipal qu\u2019il a \u00e9t\u00e9 recens\u00e9 les travaux de point \u2013 \u00e0 -temps \u00e0 r\u00e9aliser sur les voies en campagne.<\/p>\n<p>pour m\u00e9moire\u00a0:<\/p>\n<p>20 tonnes d\u2019\u00e9mulsion \u2013 co\u00fbt = 22\u00a0416 \u20ac TTC (934 \u20ac HT la tonne) \u2013 Entreprise EUROVIA de Bruz. Les travaux ont \u00e9t\u00e9 r\u00e9alis\u00e9s du 03 avril au 13 avril 2023, avec quelques interruptions li\u00e9es \u00e0 la m\u00e9t\u00e9o.<\/p>\n<p>Un programme de curage des foss\u00e9s a \u00e9t\u00e9 r\u00e9alis\u00e9 r\u00e9cemment par l\u2019entreprise LORANDEL.<\/p>\n<h4>3\u00b0 &#8211; Rue D\u2019Armorique\u00a0: travaux de r\u00e9seau d\u2019assainissement EU et EP<\/h4>\n<p>POUR INFORMATION<\/p>\n<p>Monsieur Charl\u00e9ric Banchereau, Adjoint \u00e0 l\u2019urbanisme, informe le conseil municipal de la r\u00e9ception du cabinet INFRA de l\u2019Avant-Projet du r\u00e9am\u00e9nagement de la rue d\u2019Armorique pour les travaux de r\u00e9seaux d\u2019assainissement EU et EP. Il pr\u00e9sente le plan ainsi que l\u2019estimation sommaire des co\u00fbts. Le conseil municipal prend acte de ces deux documents. Une rencontre avec Mr Jarry, du service \u00ab\u00a0construction\u00a0\u00bb de l\u2019agence d\u00e9partementale de Broc\u00e9liande va \u00eatre sollicit\u00e9e afin de pr\u00e9senter le projet.<\/p>\n<h2>II\u2013\u00a0 INTERCOMMUNALITE :<\/h2>\n<h4>1\u00b0 &#8211; Modification du PLUi<\/h4>\n<p>Vu le Plan Local d\u2019Urbanisme intercommunal approuv\u00e9 par d\u00e9lib\u00e9ration du conseil communautaire N\u00b0 2021-051 du 21 juin 2021 et modifi\u00e9 par d\u00e9lib\u00e9ration N\u00b0 2022-100 du 07 novembre 2022\u00a0;<\/p>\n<p>Vu la charte de l\u2019urbanisme intercommunal annex\u00e9e \u00e0 la d\u00e9lib\u00e9ration du conseil communautaire N\u00b0 2022-038 du 04 avril 2022\u00a0;<\/p>\n<p>Vu les articles L.153-36 et suivants du code de l\u2019urbanisme\u00a0;<\/p>\n<p>Le Plan Local d\u2019Urbanisme intercommunal de Broc\u00e9liande communaut\u00e9, approuv\u00e9 le 21 juin 2021, planifie les conditions d\u2019am\u00e9nagement du territoire sur une p\u00e9riode de 12 ans, soit jusqu\u2019\u00e0 2032.<\/p>\n<p>Un document d\u2019urbanisme est amen\u00e9 \u00e0 \u00e9voluer et le code de l\u2019urbanisme encadre les diff\u00e9rents types de proc\u00e9dures en fonction des besoins exprim\u00e9s.<\/p>\n<p>Depuis l\u2019entr\u00e9e en vigueur du document d\u2019urbanisme, la commune de TREFFENDEL a \u00e9t\u00e9 saisie de trois demandes d\u2019\u00e9volution, sur lesquelles le conseil municipal porte les positions suivantes\u00a0:<\/p>\n<p>Suppression du classement 1AUh2 de la zone de l\u2019\u00e9glise et reclassement en zone 2 AUh (parcelles AB 144 \u2013 145 \u2013 150 \u2013 151 \u2013 152 \u2013 173 \u2013 191 et 192)<\/p>\n<p>Demande de classement de la zone situ\u00e9e le long de la rue du bas-bourg en 1AUh2 (parcelle AD 147) \u2013 \u00e0 revoir la bande<\/p>\n<p>cr\u00e9ation d\u2019un STECAL au clos rellan (parcelle YE 9) afin de pouvoir cr\u00e9er une activit\u00e9 de gardiennage chiens et chats.<\/p>\n<p>Conform\u00e9ment \u00e0 la charte de l\u2019urbanisme intercommunal du 04 avril 2022, le conseil municipal de la commune de TREFFENDEL, \u00e0 l\u2019unanimit\u00e9, sollicite le conseil communautaire, afin d\u2019engager la modification du PLUi permettant la r\u00e9alisation des projets pr\u00e9cit\u00e9s, \u00e0 savoir\u00a0:<\/p>\n<p>Suppression du classement 1AUh2 de la zone de l\u2019\u00e9glise et reclassement en zone 2 AUh (parcelles AB 144 \u2013 145 \u2013 150 \u2013 151 \u2013 152 \u2013 173 \u2013 191 et 192)<\/p>\n<p>Demande de classement de la zone situ\u00e9e le long de la rue du bas-bourg en 1AUh2 (parcelle AD 147)<\/p>\n<p>cr\u00e9ation d\u2019un STECAL au clos rellan (parcelle YE 9) afin de pouvoir cr\u00e9er une activit\u00e9 de gardiennage chiens et chats.<\/p>\n<h4>2\u00b0 &#8211; Pacte de Gouvernance\u00a0: modification du fonctionnement du bureau communautaire<\/h4>\n<p>Lors de sa derni\u00e8re s\u00e9ance, le conseil communautaire a modifi\u00e9 les termes du pacte de gouvernance afin de le mettre en conformit\u00e9 avec le r\u00e8glement int\u00e9rieur de Broc\u00e9liande communaut\u00e9.<\/p>\n<p>Dans la rubrique \u00ab\u00a0Instances internes et strat\u00e9giques\u00a0\u00bb, le pacte de gouvernance pr\u00e9voit que le bureau communautaire est \u00e9largi aux maires et compos\u00e9\u00a0:<\/p>\n<ul>\n<li>du Pr\u00e9sident<\/li>\n<li>des 8 vice-pr\u00e9sidents<\/li>\n<li>des maires qu\u2019ils soient communautaires ou non.<\/li>\n<\/ul>\n<p>L\u2019article L5211-10 du Code g\u00e9n\u00e9ral des collectivit\u00e9s territoriales dispose que le bureau de l\u2019\u00e9tablissement public de coop\u00e9ration intercommunale est compos\u00e9 du pr\u00e9sident, d\u2019un ou plusieurs vice-pr\u00e9sidents et, \u00e9ventuellement, d\u2019un ou de plusieurs autres membres.<\/p>\n<p>Cet article dispose \u00e9galement que le bureau peut recevoir d\u00e9l\u00e9gation d\u2019une partie des attributions de l\u2019organe d\u00e9lib\u00e9rant.<\/p>\n<p>Toutefois, en cas de d\u00e9l\u00e9gation, seuls le Pr\u00e9sident et les vice-pr\u00e9sidents d\u00e9l\u00e9gu\u00e9s peuvent disposer d\u2019une voix d\u00e9lib\u00e9rative.<\/p>\n<p>En cons\u00e9quence, le conseil communautaire propose de modifier le pacte de gouvernance quant au bureau communautaire de la mani\u00e8re suivante\u00a0:<\/p>\n<p>-Composition\u00a0: le Pr\u00e9sident et les 8 vice-pr\u00e9sidents,<\/p>\n<p>-Fonctionnement\u00a0:<\/p>\n<ul>\n<li>En cas de d\u00e9l\u00e9gation du conseil communautaire, seuls le Pr\u00e9sident et les vice-pr\u00e9sidents b\u00e9n\u00e9ficient d\u2019une voix d\u00e9lib\u00e9rative<\/li>\n<li>En l\u2019absence de prise de d\u00e9cision, le bureau communautaire peut \u00eatre \u00e9largi aux maires qu\u2019ils soient conseillers communautaires ou non<\/li>\n<\/ul>\n<p>Apr\u00e8s en avoir d\u00e9lib\u00e9r\u00e9, le conseil municipal accepte, \u00e0 l\u2019unanimit\u00e9, la modification du pacte de gouvernance quant au bureau communautaire telle que cit\u00e9e ci-dessus.<\/p>\n<h2>III\u2013\u00a0 BATIMENTS COMMUNAUX :<\/h2>\n<h4>Bureau du service technique\u00a0:<\/h4>\n<p>Mr Pierre PERSEHAIE, 1er Adjoint, rappelle au conseil municipal qu\u2019il a \u00e9t\u00e9 d\u00e9cid\u00e9 de proc\u00e9der \u00e0 des travaux de r\u00e9novation du bureau du service technique lors du vote du Budget Primitif 2023.<\/p>\n<p>Pour m\u00e9moire\u00a0: Budget Primitif 2023 = 5\u00a0000 \u20ac<\/p>\n<p>D\u00e9pense engag\u00e9e\u00a0: Devis Mauny \u2013 r\u00e9alisation d\u2019une fen\u00eatre = 1\u00a0150.49 \u20ac TTC<\/p>\n<p>Des travaux d\u2019\u00e9lectricit\u00e9\u00a0devront \u00eatre r\u00e9alis\u00e9s\u00a0:<\/p>\n<p>Deux devis ont \u00e9t\u00e9 re\u00e7us\u00a0:<\/p>\n<ul>\n<li>Trisgelec \u2013 Treffendel\u00a0 = 2 959.82 \u20ac TTC<\/li>\n<li>BS \u2013 Br\u00e9al-sous-Montfort\u00a0\u00a0\u00a0\u00a0\u00a0\u00a0\u00a0\u00a0\u00a0\u00a0\u00a0\u00a0\u00a0\u00a0\u00a0\u00a0\u00a0\u00a0\u00a0\u00a0\u00a0\u00a0\u00a0\u00a0\u00a0\u00a0 = 2\u00a0041.82 \u20ac TTC<\/li>\n<\/ul>\n<p>Il est propos\u00e9 de retenir le devis de BS \u2013 Br\u00e9al-sous-Montfort d\u2019un montant de 2\u00a0041.82 \u20ac TTC.<\/p>\n<p>Apr\u00e8s en avoir d\u00e9lib\u00e9r\u00e9, le conseil municipal d\u00e9cide, \u00e0 l\u2019unanimit\u00e9 d\u2019accepter le devis de BS \u2013 Br\u00e9al-sous-Montfort \u00e0 raison de 2\u00a0041.82 \u20ac TTC, pour des travaux d\u2019\u00e9lectricit\u00e9 au bureau du service technique.<\/p>\n<h2>IV\u2013\u00a0 URBANISME :<\/h2>\n<h4>Droits de Pr\u00e9emption Urbain<\/h4>\n<h5>&#8211; parcelle b\u00e2tie cadastr\u00e9e Section AC 168<\/h5>\n<p>Mr Charl\u00e9ric BANCHEREAU, Adjoint \u00e0 l\u2019Urbanisme, indique au conseil municipal qu\u2019il a \u00e9t\u00e9 re\u00e7u en mairie une D\u00e9claration d\u2019Intention d\u2019Ali\u00e9ner pour la parcelle b\u00e2tie AC N\u00b0 168 d\u2019une surface totale de 1 187 m\u00b2, situ\u00e9e \u00e0 5 rue de la mairie. Il est propos\u00e9 de ne pas faire valoir le Droit de Pr\u00e9emption Urbain.<\/p>\n<p>Apr\u00e8s en avoir d\u00e9lib\u00e9r\u00e9, le conseil municipal d\u00e9cide, \u00e0 l\u2019unanimit\u00e9, de ne pas faire valoir son droit de pr\u00e9emption urbain sur la parcelle AC N\u00b0 168 situ\u00e9e \u00e0 5 rue de la mairie.<\/p>\n<h5>parcelle cadastr\u00e9e Section ZB 168 \u2013 Parc d\u2019Activit\u00e9s \u00ab\u00a0le Breil\u00a0\u00bb<\/h5>\n<p>Mr Charl\u00e9ric BANCHEREAU, Adjoint \u00e0 l\u2019Urbanisme, indique au conseil municipal qu\u2019il a \u00e9t\u00e9 re\u00e7u en mairie une D\u00e9claration d\u2019Intention d\u2019Ali\u00e9ner pour la parcelle ZB N\u00b0 168 d\u2019une surface totale de\u00a01 716 m\u00b2, situ\u00e9e \u00e0 1 rue des Tonneliers. Il est propos\u00e9 de ne pas faire valoir le Droit de Pr\u00e9emption Urbain.<\/p>\n<p>Apr\u00e8s en avoir d\u00e9lib\u00e9r\u00e9, le conseil municipal d\u00e9cide, \u00e0 l\u2019unanimit\u00e9, de ne pas faire valoir son droit de pr\u00e9emption urbain sur la parcelle ZB N\u00b0 168 situ\u00e9e \u00e0 1 rue des Tonneliers. \u00e0 l\u2019unanimit\u00e9<\/p>\n<p>A ce sujet, il est propos\u00e9 de revoir le cahier des charges des zones d\u2019activit\u00e9 pour autorisation ou non de maison d\u2019habitation (gardiennage li\u00e9 \u00e0 l\u2019activit\u00e9 de l\u2019entreprise). Mr Lo\u00efc Beaug\u00e9 s\u2019en occupe.<\/p>\n<h5>Zone de la mairie\u00a0:<\/h5>\n<p>La rencontre avec le juge d\u2019expropriation et les diff\u00e9rents propri\u00e9taires a eu lieu le mardi 11 avril 2023. Une visite sur le terrain a permis d\u2019estimer les diff\u00e9rents arbres. Toutefois, par manque de certaines pi\u00e8ces du dossier, les diff\u00e9rents avocats pr\u00e9sents ont sollicit\u00e9 un report. Une nouvelle rencontre aura donc lieu le lundi 15 mai 2023 \u00e0 14 h 00 \u00e0 Rennes.<\/p>\n<p>Ensuite, le juge dispose d\u2019un d\u00e9lai de deux mois pour donner sa r\u00e9ponse.<\/p>\n<h2>V\u2013\u00a0 FINANCES :<\/h2>\n<h4>1\u00b0 &#8211; Budget BOULANGERIE\u00a0: D\u00e9cision modificative N\u00b0 01<\/h4>\n<p>Madame Mich\u00e8le RAULLINE, Adjointe aux finances, rappelle au conseil municipal que comme \u00e9voqu\u00e9 lors de la s\u00e9ance du 28 mars dernier avec Mr Libouban, Conseiller local financier de la DGFIP, il faut voter une d\u00e9cision modificative pour affecter au C\/1068 la somme de 1\u00a0453.81 \u20ac afin de couvrir le d\u00e9ficit d\u2019investissement de l\u2019ann\u00e9e 2022 du m\u00eame montant.<\/p>\n<p>Apr\u00e8s en avoir d\u00e9lib\u00e9r\u00e9, le conseil municipal d\u00e9cide, \u00e0 l\u2019unanimit\u00e9, de voter la D\u00e9cision Modificative N\u00b0 01 du budget \u00ab\u00a0Boulangerie\u00a0\u00bb de la fa\u00e7on suivante\u00a0:<\/p>\n<p>Section de Fonctionnement\u00a0:<\/p>\n<p>D\u00e9pense = C\/023 : virement \u00e0 la section d\u2019Investissement = &#8211; 1 453.81 \u20ac<\/p>\n<p>Recette\u00a0 = C\/002 Exc\u00e9dent ann\u00e9e ant\u00e9rieur = + 1 453.81 \u20ac<\/p>\n<p>Section d\u2019Investissement\u00a0:<\/p>\n<p>Recette = C\/021 : virement de la section de fonctionnement = &#8211; 1 453.81 \u20ac<\/p>\n<p>Recette = C\/1068 : affectation du r\u00e9sultat = + 1 453.81 \u20ac<\/p>\n<h4>2\u00b0 &#8211; Indemnit\u00e9 de gardiennage des \u00e9glises \u2013 Ann\u00e9e 2023<\/h4>\n<p>Madame Mich\u00e8le RAULLINE, Adjointe aux Finances, informe le conseil municipal qu\u2019il a \u00e9t\u00e9 re\u00e7u la circulaire pr\u00e9fectorale au sujet de l\u2019indemnit\u00e9 pour le gardiennage des \u00e9glises communales 2023. Le point d\u2019indice des fonctionnaires ayant \u00e9t\u00e9 revaloris\u00e9 de 3.50 %, le montant de l\u2019indemnit\u00e9 est \u00e9galement revaloris\u00e9 pour l\u2019ann\u00e9e 2023 \u00e0 un montant de 125.06 \u20ac pour un gardien ne r\u00e9sidant pas dans la commune et visitant l\u2019\u00e9glise \u00e0 des p\u00e9riodes rapproch\u00e9es.<\/p>\n<p>Pour m\u00e9moire = 2022\u00a0: 120.97 \u20ac &#8211; Budget Primitif 2023 = 150 \u20ac<\/p>\n<p>Apr\u00e8s en avoir d\u00e9lib\u00e9r\u00e9, le conseil municipal, \u00e0 l\u2019unanimit\u00e9 vote l\u2019indemnit\u00e9 de gardiennage de l\u2019\u00e9glise pour l\u2019ann\u00e9e 2023 pour un montant de 125.06 \u20ac qui sera vers\u00e9e \u00e0 la paroisse St-Judica\u00ebl de Pl\u00e9lan-le-Grand.<\/p>\n<h2>VI\u2013\u00a0 Affaires p\u00e9riscolaires :<\/h2>\n<p>Compte-rendu de la commission du mercredi 12 avril 2023<\/p>\n<p>Madame Chantal LE ROSSIGNOL, Adjointe aux affaires scolaires et p\u00e9riscolaires, fait \u00e9tat des diff\u00e9rents points vus lors de la commission du 12 avril\u00a0:<\/p>\n<p>&#8211;\u00a0 Etaient pr\u00e9sents des repr\u00e9sentants des parents d\u2019\u00e9l\u00e8ves des 2 \u00e9coles\u00a0<\/p>\n<ul>\n<li>revoir l\u2019organisation de l\u2019inscription des enfants \u00e0 la cantine pour l\u2019\u00e9cole priv\u00e9e St-Malo<\/li>\n<li>souhait d\u2019avoir du pain avec p\u00e9pites de chocolat pour le go\u00fbter : \u00e0 voir avec Pikpain<\/li>\n<li>invitation des parents qui le souhaitent sur les temps p\u00e9riscolaires (cantine et garderie) pour constater la charge de travail<\/li>\n<li>constat d\u2019un manque de communication entre l\u2019\u00e9cole priv\u00e9e St-Malo et les agents p\u00e9riscolaires<\/li>\n<li>proposition d\u2019un \u00e9change d\u2019agents entre les communes du canton (convention de mise \u00e0 disposition de personnel) afin d\u2019\u00e9changer sur les diff\u00e9rentes pratiques des services sur une journ\u00e9e, notamment sur les animations au moment du repas<\/li>\n<li>constat d\u2019un probl\u00e8me de porte (sortie des enfants de la garderie \u00e0 la vue des parents) \u2013 souhait de cr\u00e9er un sas par la r\u00e9alisation de barri\u00e8res apr\u00e8s la porte d\u2019entr\u00e9e : il a \u00e9t\u00e9 convenu d\u2019inviter quelques parents \u00e0 la prochaine commission \u00ab b\u00e2timents \u00bb afin de voir comment cela peut se faire<\/li>\n<li>Info \u00e0 faire passer dans le prochain mag : ne pas jeter les m\u00e9gots de cigarettes au sol.<\/li>\n<\/ul>\n<h2>QUESTIONS DIVERSES :<\/h2>\n<p>Mr Pierre PERSEHAIE, 1er Adjoint, informe le conseil municipal de la proposition de Mme Hignet, D\u00e9put\u00e9e, d\u2019une rencontre \u2013 \u00e9changes avec le conseil municipal le samedi 03 juin 2023 de 09 h \u00e0 10 h \u00e0 la mairie, suivie d\u2019une permanence au public de 10 h \u00e0 12 h.<\/p>\n<div class=\"wrapper section\">\n<div class=\"section-inner\">\n<div class=\"content\">\n<div id=\"post-5068\" class=\"post single post-5068 page type-page status-publish hentry\">\n<div class=\"post-inner\">\n<div class=\"post-content\">\n<h4><span class=\"fontstyle0\">PROCHAINES COMMISSIONS \u00e0 PROGRAMMER :<\/span><\/h4>\n<ul>\n<li><span class=\"fontstyle0\">Mardi 18 avril 2023 \u00e0 09 h 00 : Commission Communale des Imp\u00f4ts Directs<\/span><\/li>\n<li><span class=\"fontstyle0\">Mardi 18 avril 2023 \u00e0 20 h 00 : Commission Finances<\/span><\/li>\n<li><span class=\"fontstyle0\">Commission b\u00e2timents \u00e0 fixer \u2013 \u00e0 revoir avec Mr Christian Godin pour une date.<\/span> <\/li>\n<\/ul>\n<h4>PROCHAINS CONSEILS MUNICIPAUX\u00a0:<\/h4>\n<ul>\n<li>Jeudi 11 mai 2023 \u00e0 20 h 00 (r\u00e9union Adjoints :mardi 02 mai 2023 \u00e0 20 h 00)<\/li>\n<li>Jeudi 15 juin 2023 \u00e0 20 h 00 (r\u00e9union Adjoints : mardi 06 juin 2023 \u00e0 20 h 00)<\/li>\n<li>Jeudi 20 juillet 2023 \u00e0 20 h 00 (r\u00e9union Adjoints : mardi 11 juillet 2023 \u00e0 20 h 00)<\/li>\n<li>Jeudi 07 septembre 2023 \u00e0 20 h 00 (r\u00e9union Adjoints : mardi 29 ao\u00fbt 2023 \u00e0 20 h 00)<\/li>\n<li>Jeudi 12 octobre 2023 \u00e0 20 h 00 (r\u00e9union Adjoints : mardi 03 octobre 2023 \u00e0 20 h 00)<\/li>\n<li>Jeudi 16 novembre 2023 \u00e0 20 h 00 (r\u00e9union Adjoints : mardi 07 novembre 2023 \u00e0 20 h 00)<\/li>\n<li>Jeudi 14 d\u00e9cembre 2023 \u00e0 20 h 00 (r\u00e9union Adjoints (mardi 05 d\u00e9cembre 2023 \u00e0 20 h 00<\/li>\n<\/ul>\n<\/div>\n<\/div>\n<\/div>\n<\/div>\n<\/div>\n<\/div>\n<div class=\"sub-footer section\">\n<div class=\"section-inner\">\n<div id=\"plan-site-footer\" class=\"widgets third\">\u00a0<\/div>\n<\/div>\n<\/div>\n","protected":false},"excerpt":{"rendered":"<p>Pr\u00e9sents\u00a0: P. PERSEHAIE, C. LE ROSSIGNOL, C. BANCHEREAU, M. RAULLINE, L. BEAUG\u00e9, C. THOMAS, N. FRO, S. BERTIN, S. LONNOY, A. LE NET Excus\u00e9s : C. GODIN (Procuration \u00e0 Pierre PERSEHAIE) C. DUBOIS (Procuration \u00e0 L. BEAUGE), F. KERGUELEN (Procuration \u00e0 Sophie LONNOY) Mr Pierre PERSEHAIE, 1er Adjoint et Pr\u00e9sident de la s\u00e9ance par d\u00e9l\u00e9gation [&hellip;]<\/p>\n","protected":false},"author":1,"featured_media":0,"parent":0,"menu_order":0,"comment_status":"closed","ping_status":"closed","template":"","meta":[],"_links":{"self":[{"href":"https:\/\/www.treffendel.fr\/index.php?rest_route=\/wp\/v2\/pages\/5103"}],"collection":[{"href":"https:\/\/www.treffendel.fr\/index.php?rest_route=\/wp\/v2\/pages"}],"about":[{"href":"https:\/\/www.treffendel.fr\/index.php?rest_route=\/wp\/v2\/types\/page"}],"author":[{"embeddable":true,"href":"https:\/\/www.treffendel.fr\/index.php?rest_route=\/wp\/v2\/users\/1"}],"replies":[{"embeddable":true,"href":"https:\/\/www.treffendel.fr\/index.php?rest_route=%2Fwp%2Fv2%2Fcomments&post=5103"}],"version-history":[{"count":3,"href":"https:\/\/www.treffendel.fr\/index.php?rest_route=\/wp\/v2\/pages\/5103\/revisions"}],"predecessor-version":[{"id":5111,"href":"https:\/\/www.treffendel.fr\/index.php?rest_route=\/wp\/v2\/pages\/5103\/revisions\/5111"}],"wp:attachment":[{"href":"https:\/\/www.treffendel.fr\/index.php?rest_route=%2Fwp%2Fv2%2Fmedia&parent=5103"}],"curies":[{"name":"wp","href":"https:\/\/api.w.org\/{rel}","templated":true}]}}