{"id":5283,"date":"2023-08-01T11:05:58","date_gmt":"2023-08-01T09:05:58","guid":{"rendered":"https:\/\/www.treffendel.fr\/?page_id=5283"},"modified":"2023-08-01T11:05:58","modified_gmt":"2023-08-01T09:05:58","slug":"proces-verbal-de-la-seance-du-conseil-municipal-du-20-juillet-2023-a-20-h-00","status":"publish","type":"page","link":"https:\/\/www.treffendel.fr\/?page_id=5283","title":{"rendered":"Proc\u00e8s-Verbal de la s\u00e9ance du conseil municipal du 20 juillet 2023 \u00e0 20 h 00"},"content":{"rendered":"\n<p><strong>Pr\u00e9sents\u00a0<\/strong>: F. KERGUELEN, P. PERSEHAIE, C. LE ROSSIGNOL, C. BANCHEREAU, M. RAULLINE, C. GODIN, C. THOMAS L. BEAUG\u00e9, S. LONNOY, A. C. DUBOIS, A. LE NET<\/p>\n<p><strong>Excus\u00e9s<\/strong> : S. BERTIN (Procuration \u00e0 C. Banchereau), N. FRO (pouvoir F. KERGUELEN) M. LACAZE (Pouvoir C. LE ROSSIGNOL)<\/p>\n<p>Mme le Maire ouvre la s\u00e9ance et constate que le quorum est atteint.<\/p>\n<h4><strong>\u00a0<\/strong><strong>Approbation du Proc\u00e8s-Verbal du conseil municipal du 15 juin 2023\u00a0:<\/strong><\/h4>\n<p>Le Proc\u00e8s-Verbal du 15 juin 2023 est approuv\u00e9 \u00e0 l\u2019unanimit\u00e9 des membres pr\u00e9sents.<\/p>\n<p><strong>D\u00e9signation d\u2019un secr\u00e9taire de s\u00e9ance\u00a0: <\/strong><\/p>\n<p>Conform\u00e9ment \u00e0 l\u2019article L.2121-15 du Code G\u00e9n\u00e9ral des Collectivit\u00e9s Locales, Mr Pierre PERSEHAIE est nomm\u00e9 secr\u00e9taire de s\u00e9ance.<\/p>\n<h2><strong>I\u2013 \u00a0BATIMENTS :<\/strong><\/h2>\n<h4><strong>1\u00b0 &#8211; Salle de sports\u00a0: remplacement des 3 huisseries ext\u00e9rieures<\/strong><\/h4>\n<p>Monsieur Christian GODIN, Conseiller municipal d\u00e9l\u00e9gu\u00e9 aux b\u00e2timents, indique au conseil municipal\u00a0 \u00a0qu\u2019apr\u00e8s le vote du Budget Primitif 2023, il a \u00e9t\u00e9 re\u00e7u en mairie un devis de l\u2019entreprise MAUNY pour le changement des 3 huisseries ext\u00e9rieures de la salle de sports qui s\u2019\u00e9l\u00e8ve \u00e0 14\u00a0648.36 \u20ac TTC.<\/p>\n<p>Ces travaux peuvent \u00eatre subventionn\u00e9s par un fonds de concours de Broc\u00e9liande Communaut\u00e9 au titre d\u2019\u00e9conomie d\u2019\u00e9nergie \u00e0 hauteur de 50 % du montant H.T. restant \u00e0 charge de la commune,\u00a0soit 12\u00a0206.97 \u20ac H.T. x 50 % = 6\u00a0103.48 \u20ac.<\/p>\n<p>(montant du pacte financier 2022 \u00e0 2026 = Treffendel = 65\u00a0620 \u20ac de subventions possibles Fonds de concours . consomm\u00e9 5\u00a0575 \u20ac (\u00e9clairage LEDS salle de sports) + 6\u00a0103 \u20ac- il restera 53\u00a0942 \u20ac pour d\u2019autres projets d\u2019ici la fin du pacte financier au 31.12.2026.<\/p>\n<p>Apr\u00e8s en avoir d\u00e9lib\u00e9r\u00e9, le conseil municipal d\u00e9cide, \u00e0 l\u2019unanimit\u00e9\u00a0:<\/p>\n<ul>\n<li>d\u2019accepter le devis de l\u2019entreprise MAUNY pour le remplacement des 3 huisseries ext\u00e9rieures de la salle de sports \u00e0 raison de 12 206.97 \u20ac H.T.<\/li>\n<li>de solliciter un fonds de concours aupr\u00e8s de Broc\u00e9liande Communaut\u00e9 pour ces travaux au titre d\u2019\u00e9conomie d\u2019\u00e9nergie, du pacte fiscal et financier 2022 \u2013 2026,<\/li>\n<li>de financer ces travaux par le vote de la D\u00e9cision Modificative N\u00b0 01 suivante :\n<ul>\n<li>D\u00e9pense \u2013 Investissement (c\/231-149) : + 15 000 \u20ac<\/li>\n<li>Recette\u00a0\u00a0\u00a0 \u2013 Investissement (Fonds de concours c\/13241-149) : +\u00a0\u00a0 6 000 \u20ac<\/li>\n<li>Recette\u00a0\u00a0\u00a0 \u2013 Investissement (virement du Fonctionnement &#8211; c\/021) :\u00a0 + 11 000 \u20ac<\/li>\n<li>D\u00e9pense \u2013 Fonctionnement (virement \u00e0 l\u2019Investissement &#8211; c\/023 : + 11 000 \u20ac<\/li>\n<li>Recette\u00a0 &#8211; Fonctionnement \u2013 DGF (c\/74111) : + 11 000 \u20ac<\/li>\n<\/ul>\n<\/li>\n<\/ul>\n<h4><strong>2\u00b0 &#8211;\u00a0 Commission \u00ab\u00a0B\u00e2timents\u00a0\u00bb \u00e0 programmer en septembre 2023<\/strong><\/h4>\n<p>Ordre du jour :\u00a0Divers travaux de b\u00e2timents ont \u00e9t\u00e9 recens\u00e9s\u00a0: priorisation \u00e0 d\u00e9finir.<\/p>\n<p>La date de la commission est fix\u00e9e au mercredi 13 septembre 2023 \u00e0 20 h 00.<\/p>\n<h2><strong>II\u2013\u00a0 VOIRIE :<\/strong><\/h2>\n<h4><strong>1\u00b0 &#8211; Rue d\u2019Armorique\u00a0: <\/strong><\/h4>\n<h4><strong>a- Cabinet d\u2019\u00e9tudes INFRA\u00a0: devis compl\u00e9mentaire<\/strong><\/h4>\n<p>Mr Charl\u00e9ric Banchereau, Adjoint \u00e0 l\u2019urbanisme, rappelle au conseil municipal que lors de la s\u00e9ance du 15 juin dernier, il a \u00e9t\u00e9 accept\u00e9 le projet d\u2019am\u00e9nagement d\u00e9finitif de la rue d\u2019Armorique avec modification de l\u2019acc\u00e8s au parking de la cantine. Par cons\u00e9quent, le cabinet d\u2019\u00e9tudes INFRA a adress\u00e9 un devis compl\u00e9mentaire d\u2019\u00e9tude \u00e0 raison de 4\u00a0050 \u20ac HT.<\/p>\n<p>Pour m\u00e9moire\u00a0: devis initial d\u2019un montant de 11\u00a0000 \u20ac HT \u2013 valid\u00e9 par d\u00e9lib\u00e9ration du 17 f\u00e9vrier 2022.<\/p>\n<p>Apr\u00e8s en avoir d\u00e9lib\u00e9r\u00e9, le conseil municipal d\u00e9cide, \u00e0 l\u2019unanimit\u00e9, d\u2019accepter le devis du cabinet INFRA Structures de Pont-R\u00e9an, \u00e0 raison de 4\u00a0050 \u20ac HT, pour la prestation \u00ab\u00a0compl\u00e9ment d\u2019\u00e9tude au march\u00e9 de la rue d\u2019Armorique \u2013 Am\u00e9nagement du parking de l\u2019\u00e9cole\u00a0\u00bb<\/p>\n<h4><strong>b- D\u00e9tection et tra\u00e7age des r\u00e9seaux<\/strong><\/h4>\n<p>Mr Charl\u00e9ric Banchereau, Adjoint \u00e0 l\u2019Urbanisme, informe le conseil municipal qu\u2019il a \u00e9t\u00e9 re\u00e7u en mairie deux devis pour des travaux de d\u00e9tection et tra\u00e7age des r\u00e9seaux sur la rue d\u2019Armorique\u00a0:<\/p>\n<ul>\n<li>Cabinet CBTP Laboratoires de Noyal-sur-Vilaine\u00a0 : 3 466.00 \u20ac H.T.<\/li>\n<li>Cabinet LABOroutes de 68910 Labaroche : 2 814.89 \u20ac H.T.<\/li>\n<\/ul>\n<p>Apr\u00e8s en avoir d\u00e9lib\u00e9r\u00e9, le conseil municipal d\u00e9cide, \u00e0 l\u2019unanimit\u00e9, d\u2019accepter le devis de LABOroutes de 68910 Labaroche \u00e0 raison de 2\u00a0814.89 \u20ac HT pour des travaux de d\u00e9tection et tra\u00e7age des r\u00e9seaux de la rue d\u2019Armorique.<\/p>\n<h4><strong>2\u00b0 &#8211; Demande de mise en place d\u2019un Boviduc terrestre\u00a0: <\/strong><\/h4>\n<p>Mr Pierre PERSEHAIE, Adjoint \u00e0 la voirie, indique au conseil municipal qu\u2019il a \u00e9t\u00e9 re\u00e7u en mairie une demande de mise en place d\u2019un boviduc terrestre sur la voie communale au lieu-dit \u00ab\u00a0le clos d\u2019Enoval\u00a0\u00bb par la SCEA Des Prairies du Boulou\u00e9e.<\/p>\n<p>Quelques interrogations ont \u00e9t\u00e9 \u00e9mises, \u00e0 savoir\u00a0:<\/p>\n<ul>\n<li>Est-ce que le passage est tout de m\u00eame franchissable par certains animaux\u00a0: chevaux, chiens, animaux sauvages\u00a0?<\/li>\n<li>Y aura-t-il \u00a0:\n<ul>\n<li>une signalisation pour indiquer le boviduc ? et sous quelle forme ?<\/li>\n<li>panneaux d\u2019un certain danger ?<\/li>\n<li>panneaux \u00ab passage pi\u00e9tons ?<\/li>\n<\/ul>\n<\/li>\n<li>Comment fonctionne l\u2019\u00e9lectrification du boviduc ? (fils \u00e9lectriques \u00e0 terre) ?<\/li>\n<li>Est-ce que le boviduc fonctionne en continu ou par intermittence (uniquement au passage du\u00a0\u00a0 troupeau) ?<\/li>\n<\/ul>\n<p>\u00a0\u00a0\u00a0\u00a0\u00a0\u00a0\u00a0\u00a0\u00a0\u00a0\u00a0 Afin d\u2019obtenir des r\u00e9ponses \u00e0 toutes ces questions, il est programm\u00e9 une r\u00e9union de la commission \u00ab\u00a0voirie\u00a0\u00bb le lundi 28 ao\u00fbt 2023 \u00e0 19 h 00 sur place, \u00e0 laquelle sera convi\u00e9 Mr Pascal Gortais.<\/p>\n<h2><strong>III\u2013\u00a0 PERSONNEL COMMUNAL :<\/strong><\/h2>\n<h4><strong>1\u00b0 &#8211; contrats des agents du groupe scolaire<\/strong><\/h4>\n<p>Madame le Maire pr\u00e9sente au conseil municipal les diff\u00e9rents renouvellements de contrats des agents du groupe scolaire pour l\u2019ann\u00e9e 2023 \u2013 2024, \u00e0 savoir\u00a0:<\/p>\n<p><strong>a &#8211; renouvellement d\u2019un cong\u00e9 de disponibilit\u00e9 pour un poste ATSEM d\u2019une ann\u00e9e (sept 2023 \u00e0 ao\u00fbt 2024)<\/strong><\/p>\n<p>Il est propos\u00e9 le maintien de l\u2019augmentation du poste d\u2019Adjoint Technique \u00e0 raison de 26h50\/35<sup>\u00e8me<\/sup> (pour une ann\u00e9e) \u2013 poste titulaire de Patricia Fresnel (pour remplacement partiel du poste d\u2019ATSEM de Mme Robert Delphine) \u2013 et le maintien de l\u2019augmentation du poste d\u2019ATSEM \u00e0 raison de 32h00\/35<sup>\u00e8me<\/sup> pour assurer la garderie p\u00e9riscolaire du matin (pour une ann\u00e9e) -remplacement de Delphine par Christ\u00e8le Chicard.<\/p>\n<h4><strong>b &#8211; renouvellement d\u2019un cong\u00e9 de disponibilit\u00e9 pour un poste Adjoint technique d\u2019une\u00a0 ann\u00e9e (sept 2023 \u00e0 ao\u00fbt 2024)<\/strong><\/h4>\n<p>Il est propos\u00e9 le maintien du poste d\u2019Adjoint technique \u00e0 raison de 12h00 par semaines scolaires \u2013 contractuelle \u2013 pour une ann\u00e9e \u2013 (horaires de Chantal DELESTIENNE)= poste renouvel\u00e9 par Mme Solenne Fou\u00e9r\u00e9.<\/p>\n<h4><strong>c &#8211; renouvellement du contrat \u00ab accroissement temporaire d\u2019activit\u00e9 \u00bb d\u2019une ann\u00e9e (sept 2023 \u00e0 ao\u00fbt 2024)<\/strong><\/h4>\n<p>Il est propos\u00e9 le maintien du poste d\u2019Adjoint technique \u00e0 raison de 04h75\/35<sup>\u00e8me<\/sup> (salaire annualis\u00e9) \u2013 contractuelle \u2013 pour une ann\u00e9e- Fr\u00e9rou Jocelyne \u2013 (Surveillance de cours primaires et maternelles de 12h15 \u00e0 13h45, soit 1 h 30 par jour = 6 h 00 par semaine scolaire)<\/p>\n<h4><strong>\u00a0\u00a0\u00a0\u00a0\u00a0\u00a0\u00a0 d &#8211; renouvellement du contrat \u00ab\u00a0accroissement temporaire d\u2019activit\u00e9\u00a0\u00bb d\u2019une ann\u00e9e (sept 2023 \u00e0 ao\u00fbt 2024)<\/strong><\/h4>\n<p>Il est propos\u00e9 le maintien du poste d\u2019Adjoint social \u00e0 raison de 03 h 00 (lundi \u2013 mardi \u2013 jeudi et vendredi de 12 h 45 \u00e0 13 h 30) par semaines scolaires pour aide au repas pour un enfant en situation d\u2019Handicap-\u00a0 contractuel + aide \u00e0 l\u2019accueil de 07 h 45 \u00e0 08 h 30 (selon un planning mensuel fourni par la famille selon les besoins)-\u00a0 pour une ann\u00e9e- LECUYER Samuel.<\/p>\n<p>Apr\u00e8s en avoir d\u00e9lib\u00e9r\u00e9, le conseil municipal accepte, \u00e0 l\u2019unanimit\u00e9, le renouvellement des quatre contrats cit\u00e9s ci-dessus.<\/p>\n<p>D\u2019autre part, l\u2019association \u00ab\u00a0l\u2019Inter\u2019Val\u00a0\u00bb assurant l\u2019ALSH pendant les vacances scolaires a d\u00e9cid\u00e9 de fermer le service sur la commune de Treffendel pendant les petites vacances scolaires (Toussaint, F\u00e9vrier et P\u00e2ques). De ce fait, un agent n\u2019a plus le m\u00e9nage du centre de loisirs \u00e0 effectuer. Par cons\u00e9quent, son temps de travail passe de 19.00\/35<sup>\u00e8me<\/sup> (annualis\u00e9) \u00e0 17.75\/35<sup>\u00e8me<\/sup> .<\/p>\n<p>Apr\u00e8s en avoir d\u00e9lib\u00e9r\u00e9, le conseil municipal d\u00e9cide, \u00e0 l\u2019unanimit\u00e9, de diminuer le temps de travail du poste d\u2019Adjoint technique, cr\u00e9\u00e9 par la d\u00e9lib\u00e9ration du 12 juillet 2018, \u00e0 raison de 17.75\/35<sup>\u00e8me<\/sup> (poste actuellement occup\u00e9 par Mme Hamard Ir\u00e8ne), \u00e0 compter du 1<sup>er<\/sup> septembre 2023.<\/p>\n<p>Les autres postes restent inchang\u00e9s\u00a0:<\/p>\n<ul>\n<li>COURTEILLE Val\u00e9rie : Adjoint technique \u00e0 la cantine : temps complet (35 h 00)<\/li>\n<li>CHAURIN Annick : Adjoint technique (groupe scolaire et b\u00e2timents communaux) : 34h00 \/ 35<sup>\u00e8me<\/sup><\/li>\n<li>RENAUDIN Delphine : Adjoint technique Principal 2<sup>\u00e8me<\/sup> classe\u00a0: 31h00 \/ 35<sup>\u00e8me<\/sup> depuis le 1<sup>er<\/sup> f\u00e9vrier 2021 (en cong\u00e9 maladie : \u00bd traitement depuis le 13 avril 2022) \u2013 remplac\u00e9e par Kristell BOUFFAUT en contractuelle- En attente de la d\u00e9cision de la CNRACL pour retraite pour invalidit\u00e9 sollicit\u00e9e en f\u00e9vrier 2023. Etant sans r\u00e9ponse de la CNRACL pour la demande de retraite pour invalidit\u00e9 sollicit\u00e9e par Mme Delphine RENAUDIN, il est d\u00e9cid\u00e9, \u00e0 l\u2019unanimit\u00e9, de renouveler le contrat de Mme Kristell BOUFFAUT, en tant qu\u2019Adjoint technique, en remplacement d\u2019un agent momentan\u00e9ment indisponible, \u00e0 compter du 1<sup>er<\/sup><span style=\"font-size: inherit;\"> septembre 2023, \u00e0 raison de 38 h 00 par semaines scolaires.<\/span><\/li>\n<\/ul>\n<h4><strong>2\u00b0 &#8211; Suppression du poste \u00ab\u00a0Secr\u00e9taire de mairie\u00a0\u00bb et cr\u00e9ation d\u2019un poste \u00ab\u00a0Attach\u00e9\u00a0\u00bb<\/strong><\/h4>\n<p>Mme LOUVEL Claudine quitte la salle car l\u2019affaire la concerne.<\/p>\n<p>Suite \u00e0 la liste d\u2019aptitude \u00e9dit\u00e9e par le Centre de Gestion, Mme Louvel Claudine est promue au grade d\u2019attach\u00e9. Il vous est propos\u00e9 de supprimer le poste au grade de \u00ab\u00a0secr\u00e9taire de mairie\u00a0\u00bb et de cr\u00e9er un poste au grade d\u2019attach\u00e9 \u00e0 temps complet \u00e0 la date du 1<sup>er<\/sup> ao\u00fbt 2023.<\/p>\n<p>Apr\u00e8s en avoir d\u00e9lib\u00e9r\u00e9, le conseil municipal d\u00e9cide, \u00e0 l\u2019unanimit\u00e9\u00a0:<\/p>\n<ul>\n<li>de supprimer le poste au grade de \u00ab secr\u00e9taire de mairie \u00bb \u00e0 compter du 1<sup>er<\/sup> ao\u00fbt 2023,<\/li>\n<li>de cr\u00e9er un poste au grade \u00ab attach\u00e9 territorial \u00bb \u00e0 compter du 1<sup>er<\/sup> ao\u00fbt 2023, \u00e0 temps complet,<\/li>\n<li>d\u2019autoriser Mme le Maire \u00e0 nommer Mme Claudine LOUVEL, au grade d\u2019attach\u00e9 territorial, \u00e0 la date du 1<sup>er<\/sup> ao\u00fbt 2023, sur le poste nouvellement cr\u00e9\u00e9, \u00e0 temps complet.<\/li>\n<\/ul>\n<h2><strong>IV\u2013\u00a0 URBANISME :<\/strong><\/h2>\n<h4><strong>1\u00b0 &#8211; Zone de la mairie\u00a0: enqu\u00eate parcellaire<\/strong><\/h4>\n<p>Mr Charl\u00e9ric Banchereau, Adjoint \u00e0 l\u2019Urbanisme, rappelle au conseil municipal que l\u2019enqu\u00eate parcellaire\u00a0a eu lieu du 09 mai au 26 mai 2023. Le commissaire enqu\u00eateur a adress\u00e9 ses conclusions en mairie le 27 juin dernier. Il \u00e9met un avis favorable au p\u00e9rim\u00e8tre de l\u2019enqu\u00eate parcellaire relatif \u00e0 l\u2019arr\u00eat\u00e9 de D\u00e9claration d\u2019Utilit\u00e9 Publique (DUP) de la zone de la mairie. Le rapport du commissaire-enqu\u00eateur est consultable en\u00a0 mairie.<\/p>\n<p>La d\u00e9cision du juge d\u2019expropriation sera connue le 11 ao\u00fbt prochain.<\/p>\n<h4><strong>2\u00b0 &#8211; Droit de Pr\u00e9emption Urbain\u00a0: parcelle b\u00e2tie cadastr\u00e9e Section AD 86<\/strong><\/h4>\n<p>Monsieur Charl\u00e9ric Banchereau, Adjoint \u00e0 l\u2019Urbanisme, informe le conseil municipal qu\u2019il a \u00e9t\u00e9 re\u00e7u en mairie une D\u00e9claration d\u2019Intention d\u2019Ali\u00e9ner pour la parcelle b\u00e2tie AD N\u00b0 86 d\u2019une surface totale de 434 m\u00b2, situ\u00e9e \u00e0 7 rue des Hirondelles. Il est propos\u00e9 de ne pas faire valoir le Droit de Pr\u00e9emption Urbain.<\/p>\n<p>Apr\u00e8s en avoir d\u00e9lib\u00e9r\u00e9, le conseil municipal d\u00e9cide, \u00e0 l\u2019unanimit\u00e9, de renoncer au Droit de Pr\u00e9emption Urbain sur la parcelle b\u00e2tie cadastr\u00e9e section AD 86.<\/p>\n<h4><strong>3\u00b0 &#8211; Droit de Pr\u00e9emption Urbain\u00a0: parcelle b\u00e2tie cadastr\u00e9e Section AC 172<\/strong><\/h4>\n<p>Monsieur Charl\u00e9ric Banchereau, Adjoint \u00e0 l\u2019Urbanisme, informe le conseil municipal qu\u2019il a \u00e9t\u00e9 re\u00e7u en mairie une D\u00e9claration d\u2019Intention d\u2019Ali\u00e9ner pour la parcelle b\u00e2tie AC N\u00b0 172 d\u2019une surface totale de 1 448 m\u00b2, situ\u00e9e \u00e0 10 rue du Bignon. Il est propos\u00e9 de ne pas faire valoir le Droit de Pr\u00e9emption Urbain.<\/p>\n<p>Apr\u00e8s en avoir d\u00e9lib\u00e9r\u00e9, le conseil municipal d\u00e9cide, \u00e0 l\u2019unanimit\u00e9 de renoncer au Droit de Pr\u00e9emption Urbain sur la parcelle b\u00e2tie cadastr\u00e9e section AC 172.<\/p>\n<h4><strong>4\u00b0 &#8211; Droit de Pr\u00e9emption Urbain\u00a0: parcelles b\u00e2ties cadastr\u00e9es Section AD 164p-165p-166p-167p et 168p<\/strong>.<\/h4>\n<p>Monsieur Charl\u00e9ric Banchereau, Adjoint \u00e0 l\u2019Urbanisme, informe le conseil municipal qu\u2019il a \u00e9t\u00e9 re\u00e7u en mairie une D\u00e9claration d\u2019Intention d\u2019Ali\u00e9ner pour les parcelles b\u00e2ties AD N\u00b0 164p \u2013 165p \u2013 166p \u2013 167p et 168p\u00a0 d\u2019une surface totale de 1 858 m\u00b2, situ\u00e9e \u00e0 le Breil. Il est propos\u00e9 de ne pas faire valoir le Droit de Pr\u00e9emption Urbain.<\/p>\n<p>Apr\u00e8s en avoir d\u00e9lib\u00e9r\u00e9, le conseil municipal d\u00e9cide, \u00e0 l\u2019unanimit\u00e9 de renoncer au Droit de Pr\u00e9emption Urbain sur les parcelles b\u00e2ties cadastr\u00e9es section AD 164p-165p-166p-167p et 168p.<\/p>\n<h2><strong>V\u2013\u00a0 Inter\u2019Val : r\u00e9daction d\u2019une convention pluriannuelle d\u2019objectifs et de moyens<\/strong><\/h2>\n<p>Madame le Maire informe le conseil municipal que les communes de Maxent, Monterfil, Paimpont, Pl\u00e9lan-le-Grand, Saint P\u00e9ran et Treffendel ont mutualis\u00e9 par groupement de commandes la passation et l\u2019ex\u00e9cution d\u2019un march\u00e9 d\u2019accompagnement pour la r\u00e9alisation d\u2019un audit de l\u2019association Inter\u2019Val sur la situation des ALSH des 6 communes. Cet audit recommande aux 6 communes la passation d\u2019une convention pluriannuelle d\u2019objectifs et de moyens avec l\u2019association Inter\u2019Val.<\/p>\n<p>Conservant une volont\u00e9 commune de mutualisation, les 6 communes souhaitent \u00e0 pr\u00e9sent constituer un groupement de commandes pour la passation conjointe et l\u2019ex\u00e9cution d\u2019un unique march\u00e9 d\u2019accompagnement pour la r\u00e9daction de cette convention pluriannuelle d\u2019objectifs et de moyens.<\/p>\n<p>A cet effet, il est n\u00e9cessaire de conclure une convention constitutive de groupement pour la passation conjointe et l\u2019ex\u00e9cution de cet unique march\u00e9.<\/p>\n<p>La mise en \u0153uvre de cette commande coordonn\u00e9e n\u00e9cessite la cr\u00e9ation d\u2019un groupement de commandes dont les modalit\u00e9s de fonctionnement sont d\u00e9finies par cette convention.<\/p>\n<p>La commune de Pl\u00e9lan-le-Grand est charg\u00e9e de mener la proc\u00e9dure de passation du march\u00e9.<\/p>\n<p>Il est ainsi envisag\u00e9 d\u2019attribuer le march\u00e9 aux cabinets ANATER et CHRISTIANY pour un montant maximum de 16 000,00 euros hors taxes. Conform\u00e9ment \u00e0 la d\u00e9lib\u00e9ration n\u00b02020 0609 du 17 juin 2020, le march\u00e9 pourra \u00eatre pass\u00e9 en vertu de la d\u00e9l\u00e9gation donn\u00e9e par le Conseil municipal \u00e0 Madame le Maire pour prendre toute d\u00e9cision concernant la pr\u00e9paration, la passation, l\u2019ex\u00e9cution et le r\u00e8glement des march\u00e9s dans la limite de 50\u00a0000 euros hors taxes.<\/p>\n<p>Le march\u00e9 \u00e0 souscrire, pour lequel le groupement est cr\u00e9\u00e9, est destin\u00e9 \u00e0 couvrir les besoins des membres susmentionn\u00e9s. Chaque membre du groupement convient que l\u2019int\u00e9gralit\u00e9 des prestations entrant dans le p\u00e9rim\u00e8tre du groupement de commandes est prise en charge financi\u00e8rement par chacun des membres pour ce qui concerne leurs besoins propres. A cet effet, la participation de chaque membre du groupement sera d\u00e9termin\u00e9e par l\u2019application de la cl\u00e9 de r\u00e9partition des d\u00e9penses suivante\u00a0:<\/p>\n<ul>\n<li>Maxent\u00a0: 15,6 %<\/li>\n<li>Monterfil\u00a0: 16,3 %<\/li>\n<li>Paimpont\u00a0: 13,6 %<\/li>\n<li>Pl\u00e9lan-le-Grand\u00a0: 34,7 %<\/li>\n<li>Saint-P\u00e9ran\u00a0: 4,6 %<\/li>\n<li>Treffendel\u00a0: 15,2 %<\/li>\n<\/ul>\n<p>Cette cl\u00e9 de r\u00e9partition a \u00e9t\u00e9 d\u00e9termin\u00e9e en prenant en compte les effectifs des enfants \u00e2g\u00e9s de 3 \u00e0 11 ans (donn\u00e9es CAF 2021)\u00a0: 160 pour Maxent, 167 pour Monterfil, 140 pour Paimpont, 356 pour Pl\u00e9lan-le-Grand, 47 pour Saint-P\u00e9ran et 156 pour Treffendel.<\/p>\n<p>La commune de Pl\u00e9lan-le-Grand proc\u00e8dera dans un premier temps au paiement des prestations pr\u00e9vues au march\u00e9 et \u00e9mettra ensuite autant de titres de recettes que n\u00e9cessaire \u00e0 l&rsquo;endroit des autres membres du groupement de commandes.<\/p>\n<p>La r\u00e9partition du reste \u00e0 charge des communes sera calcul\u00e9e en d\u00e9duisant le montant \u00e9ventuel des subventions qui pourraient \u00eatre mobilis\u00e9es pour financer cette \u00e9tude.<\/p>\n<p>La commune de Pl\u00e9lan-le-Grand est charg\u00e9e de l\u2019ex\u00e9cution du march\u00e9 en collaboration avec les repr\u00e9sentants des diff\u00e9rents membres du groupement.<\/p>\n<p>Vu la d\u00e9lib\u00e9ration du conseil municipal du 7 d\u00e9cembre 2022 autorisant la signature de la convention constitutive de groupement pour la passation conjointe et l\u2019ex\u00e9cution d\u2019un unique march\u00e9 d\u2019accompagnement pour la r\u00e9alisation d\u2019un audit de l\u2019association Inter\u2019Val sur la situation des ALSH sur 6 communes,<\/p>\n<p>Consid\u00e9rant la proposition d\u2019accompagnement adress\u00e9e par les cabinets ANATER et CHRISTIANY pour un montant maximum de 16 000\u20ac HT, le Conseil municipal d\u00e9cide, \u00e0 l\u2019unanimit\u00e9, d\u2019autoriser Madame le Maire \u00e0 signer la convention constitutive de groupement pr\u00e9sent\u00e9e ci-dessus et \u00e0 faire toute demande de subvention permettant de r\u00e9duire le reste \u00e0 charge de cette mission.<\/p>\n<p>D\u2019autre part, il a \u00e9t\u00e9 re\u00e7u en mairie une copie du courrier de la CAF adress\u00e9 \u00e0 la mairie de Pl\u00e9lan-le-Grand notifiant l\u2019accord d\u2019une subvention d\u2019un montant de 7\u00a0500 \u20ac pour l\u2019audit r\u00e9alis\u00e9 par Anater. La r\u00e9partition se fera pour chaque commune selon son taux de participation.<\/p>\n<p>La commune de Pl\u00e9lan-le-grand a d\u00e9pos\u00e9 \u00e9galement un nouveau dossier de demande d\u2019aide au titre de la convention pluriannuelle d\u2019objectifs et de moyens.<\/p>\n<p><strong>Questions diverses (<\/strong><strong>Pour info)<\/strong><\/p>\n<ul>\n<li>Carte de sectorisation du lyc\u00e9e de Plo\u00ebrmel \u2013 sept 2023<\/li>\n<li>Pays de Broc\u00e9liande\u00a0: rapport d\u2019activit\u00e9s 2022<\/li>\n<\/ul>\n<h4>PROCHAINES COMMISSIONS\u00a0\u00e0 PROGRAMMER\u00a0:<\/h4>\n<ul>\n<li>Commission \u00ab\u00a0Voirie\u00a0\u00bb : \u00a0lundi 28 ao\u00fbt 2023 \u00e0 19 h 00<\/li>\n<li>Commission \u00ab\u00a0B\u00e2timents\u00a0\u00bb : \u00a0mercredi 13 septembre 2023 \u00e0 20 h 00<\/li>\n<li><span style=\"font-size: inherit;\">Commission g\u00e9n\u00e9rale conseil municipal : lundi 09 octobre 2023 (pr\u00e9sentation du devenir de l\u2019\u00e9tang de l\u2019Etunel) \u00e0 la b\u00e9tangeais \u00e0 Monterfil de 19 h 00 \u00e0 21 h<\/span><\/li>\n<\/ul>\n","protected":false},"excerpt":{"rendered":"<p>Pr\u00e9sents\u00a0: F. KERGUELEN, P. PERSEHAIE, C. LE ROSSIGNOL, C. BANCHEREAU, M. RAULLINE, C. GODIN, C. THOMAS L. BEAUG\u00e9, S. LONNOY, A. C. DUBOIS, A. LE NET Excus\u00e9s : S. BERTIN (Procuration \u00e0 C. Banchereau), N. FRO (pouvoir F. KERGUELEN) M. LACAZE (Pouvoir C. LE ROSSIGNOL) Mme le Maire ouvre la s\u00e9ance et constate que le [&hellip;]<\/p>\n","protected":false},"author":1,"featured_media":0,"parent":17,"menu_order":0,"comment_status":"closed","ping_status":"closed","template":"","meta":[],"_links":{"self":[{"href":"https:\/\/www.treffendel.fr\/index.php?rest_route=\/wp\/v2\/pages\/5283"}],"collection":[{"href":"https:\/\/www.treffendel.fr\/index.php?rest_route=\/wp\/v2\/pages"}],"about":[{"href":"https:\/\/www.treffendel.fr\/index.php?rest_route=\/wp\/v2\/types\/page"}],"author":[{"embeddable":true,"href":"https:\/\/www.treffendel.fr\/index.php?rest_route=\/wp\/v2\/users\/1"}],"replies":[{"embeddable":true,"href":"https:\/\/www.treffendel.fr\/index.php?rest_route=%2Fwp%2Fv2%2Fcomments&post=5283"}],"version-history":[{"count":1,"href":"https:\/\/www.treffendel.fr\/index.php?rest_route=\/wp\/v2\/pages\/5283\/revisions"}],"predecessor-version":[{"id":5284,"href":"https:\/\/www.treffendel.fr\/index.php?rest_route=\/wp\/v2\/pages\/5283\/revisions\/5284"}],"up":[{"embeddable":true,"href":"https:\/\/www.treffendel.fr\/index.php?rest_route=\/wp\/v2\/pages\/17"}],"wp:attachment":[{"href":"https:\/\/www.treffendel.fr\/index.php?rest_route=%2Fwp%2Fv2%2Fmedia&parent=5283"}],"curies":[{"name":"wp","href":"https:\/\/api.w.org\/{rel}","templated":true}]}}