{"id":5557,"date":"2023-11-27T09:34:46","date_gmt":"2023-11-27T08:34:46","guid":{"rendered":"https:\/\/www.treffendel.fr\/?page_id=5557"},"modified":"2023-11-27T09:34:46","modified_gmt":"2023-11-27T08:34:46","slug":"deplacements-solidaires-broceliande","status":"publish","type":"page","link":"https:\/\/www.treffendel.fr\/?page_id=5557","title":{"rendered":"D\u00e9placements Solidaires &#8211; Broc\u00e9liande"},"content":{"rendered":"\n<p>Cette nouvelle association (cr\u00e9\u00e9e le le 28 novembre 2023 \u00e0 Pl\u00e9lan) poursuit l&rsquo;activit\u00e9 des D\u00e9placements Solidaires \u00e0 la demande, qui \u00e9tait h\u00e9berg\u00e9e auparavant par l&rsquo;ADMR de Pl\u00e9lan le Grand. Ce service rendu aux habitants du territoire de Broc\u00e9liande Communaut\u00e9, avait \u00e9t\u00e9 cr\u00e9\u00e9e en 2016, par l&rsquo;ADMR de Pl\u00e9lan.<br \/>Depuis, le service s&rsquo;est d\u00e9velopp\u00e9, a grandi et m\u00fbri, et l&rsquo;\u00e9tape de l&rsquo;autonomie est devenue incontournable vu la progression de l&rsquo;activit\u00e9 et des demandes, et le recentrage de l&rsquo;ADMR sur son activit\u00e9 \u00ab\u00a0c\u0153ur de m\u00e9tier\u00a0\u00bb qui est l&rsquo;aide \u00e0 domicile et l&rsquo;accompagnement social.<br \/>Nous tenons \u00e0 remercier ici, l&rsquo;ADMR de Pl\u00e9lan, pour avoir favoris\u00e9 l&rsquo;\u00e9mergence et la croissance de cette activit\u00e9 b\u00e9n\u00e9vole, et pour le soutien dans la cr\u00e9ation de la nouvelle association !<br \/>Une convention entre la nouvelle association et l&rsquo;ADMR, est en projet afin que nos conducteurs puissent intervenir \u00e0 l&rsquo;occasion d&rsquo;actions organis\u00e9es par l&rsquo;ADMR (sorties, r\u00e9unions festives ou d&rsquo;information des<br \/>personnes isol\u00e9es, sans famille, etc..).<br \/>Dans la pratique, pour les b\u00e9n\u00e9ficiaires actuels du service, rien ne change, que ce soit pour les demandes de d\u00e9placements, les formalit\u00e9s administratives (adh\u00e9sion et autres documents), ou pour les transports.<br \/>Le num\u00e9ro de t\u00e9l\u00e9phone direct est modifi\u00e9, vous pouvez d\u00e9sormais composer le<\/p>\n<h4>06 78 00 14 02<\/h4>\n<p>D\u00e9but 2024, les conducteurs b\u00e9n\u00e9voles de Treffendel, passeront voir les b\u00e9n\u00e9ficiaires inscrits en 2023, pour l&rsquo;adh\u00e9sion \u00e0 la nouvelle association.<br \/>Cordialement et bienvenue \u00e0 toutes et \u00e0 tous !<br \/>L&rsquo;\u00e9quipe des conducteurs b\u00e9n\u00e9voles et Fabien, Fran\u00e7ois et Jo\u00ebl.<\/p>\n","protected":false},"excerpt":{"rendered":"<p>Cette nouvelle association (cr\u00e9\u00e9e le le 28 novembre 2023 \u00e0 Pl\u00e9lan) poursuit l&rsquo;activit\u00e9 des D\u00e9placements Solidaires \u00e0 la demande, qui \u00e9tait h\u00e9berg\u00e9e auparavant par l&rsquo;ADMR de Pl\u00e9lan le Grand. Ce service rendu aux habitants du territoire de Broc\u00e9liande Communaut\u00e9, avait \u00e9t\u00e9 cr\u00e9\u00e9e en 2016, par l&rsquo;ADMR de Pl\u00e9lan.Depuis, le service s&rsquo;est d\u00e9velopp\u00e9, a grandi et [&hellip;]<\/p>\n","protected":false},"author":1,"featured_media":1105,"parent":61,"menu_order":0,"comment_status":"closed","ping_status":"closed","template":"","meta":[],"_links":{"self":[{"href":"https:\/\/www.treffendel.fr\/index.php?rest_route=\/wp\/v2\/pages\/5557"}],"collection":[{"href":"https:\/\/www.treffendel.fr\/index.php?rest_route=\/wp\/v2\/pages"}],"about":[{"href":"https:\/\/www.treffendel.fr\/index.php?rest_route=\/wp\/v2\/types\/page"}],"author":[{"embeddable":true,"href":"https:\/\/www.treffendel.fr\/index.php?rest_route=\/wp\/v2\/users\/1"}],"replies":[{"embeddable":true,"href":"https:\/\/www.treffendel.fr\/index.php?rest_route=%2Fwp%2Fv2%2Fcomments&post=5557"}],"version-history":[{"count":1,"href":"https:\/\/www.treffendel.fr\/index.php?rest_route=\/wp\/v2\/pages\/5557\/revisions"}],"predecessor-version":[{"id":5558,"href":"https:\/\/www.treffendel.fr\/index.php?rest_route=\/wp\/v2\/pages\/5557\/revisions\/5558"}],"up":[{"embeddable":true,"href":"https:\/\/www.treffendel.fr\/index.php?rest_route=\/wp\/v2\/pages\/61"}],"wp:featuredmedia":[{"embeddable":true,"href":"https:\/\/www.treffendel.fr\/index.php?rest_route=\/wp\/v2\/media\/1105"}],"wp:attachment":[{"href":"https:\/\/www.treffendel.fr\/index.php?rest_route=%2Fwp%2Fv2%2Fmedia&parent=5557"}],"curies":[{"name":"wp","href":"https:\/\/api.w.org\/{rel}","templated":true}]}}