{"id":562,"date":"2017-01-18T15:47:00","date_gmt":"2017-01-18T14:47:00","guid":{"rendered":"http:\/\/2016.treffendel.fr\/?page_id=562"},"modified":"2022-10-03T10:02:09","modified_gmt":"2022-10-03T08:02:09","slug":"reglement-interieur-periscolaire","status":"publish","type":"page","link":"https:\/\/www.treffendel.fr\/?page_id=562","title":{"rendered":"R\u00e8glement Interieur p\u00e9riscolaire"},"content":{"rendered":"<p>Le pr\u00e9sent r\u00e8glement concernant le fonctionnement des services est distribu\u00e9 \u00e0 chaque enfant et sign\u00e9 en d\u00e9but d\u2019ann\u00e9e, ainsi que :<\/p>\n<ul>\n<li>\u00ab\u00a0<a href=\"http:\/\/2016.treffendel.fr\/wp-content\/uploads\/2020\/08\/6-r\u00e8gles-p\u00e9riscolaires.pdf\" target=\"_blank\" rel=\"noopener noreferrer\">Le code de bonnes conduites en cantine et garderie<\/a>\u00ab\u00a0<\/li>\n<\/ul>\n<h3><em>I &#8211; Garderie p\u00e9riscolaire<\/em><\/h3>\n<ol>\n<li><strong>LE FONCTIONNEMENT<\/strong><\/li>\n<\/ol>\n<p>La garderie p\u00e9riscolaire municipale de Treffendel assure l\u2019accueil des enfants scolaris\u00e9s sur la commune, les lundis, mardis, jeudis, vendredis et les mercredis travaill\u00e9s en p\u00e9riode scolaire, de <strong>7h15 \u00e0 8h35<\/strong> et de <strong>16h15 \u00e0 18h45<\/strong>.<\/p>\n<p>La garderie est assur\u00e9e dans les locaux de la cantine.<\/p>\n<ol start=\"2\">\n<li><strong>L\u2019ACCUEIL ET LE\u00a0<\/strong><b>D\u00c9PART<\/b><\/li>\n<\/ol>\n<p>Le matin, <strong>le(s) enfant(s) d\u2019\u00e2ge maternel doivent \u00eatre confi\u00e9s par leurs parents au responsable de la garderie<\/strong>.<\/p>\n<p>Le soir, \u00e0 leur arriv\u00e9e, les parents sont responsables de leur(s) enfant(s).<\/p>\n<p>Les enfants ne peuvent \u00eatre rendus <strong>qu\u2019\u00e0 leurs parents<\/strong> ou \u00e0 une <strong>personne d\u00e9sign\u00e9e \u00e0 l\u2019avance<\/strong> (inscrite sur la fiche de renseignements). Si en cours d\u2019ann\u00e9e vous souhaitez inscrire une nouvelle personne \u00e0 la liste des personnes pouvant ramener votre enfant, vous devrez nous <a href=\"http:\/\/2016.treffendel.fr\/wp-content\/uploads\/2020\/08\/3.3-D\u00e9l\u00e9gation-et-autorisation.pdf\" target=\"_blank\" rel=\"noopener noreferrer\">fournir un \u00e9crit sign\u00e9<\/a>.<\/p>\n<p>Si des parents souhaitent s\u2019entretenir avec la responsable de la garderie, ils doivent arriver au moins 15 minutes avant la fin de la garderie.<\/p>\n<ol start=\"3\">\n<li><strong>INSCRIPTION<\/strong><\/li>\n<\/ol>\n<p>Une fiche de renseignements est obligatoirement remplie lors de l\u2019inscription de l\u2019enfant \u00e0 l\u2019\u00e9cole. Il y est not\u00e9 son \u00e9tat de sant\u00e9, les personnes \u00e0 contacter en cas de probl\u00e8mes et les personnes autoris\u00e9es \u00e0 r\u00e9cup\u00e9rer l\u2019(es) enfant(s) le soir.<\/p>\n<ol start=\"4\">\n<li><strong>TARIFS<\/strong><\/li>\n<\/ol>\n<p><a href=\"https:\/\/www.treffendel.fr\/?p=549\">Consulter les tarifs<\/a><\/p>\n<p>Le tarif est calcul\u00e9 par demi-heure.<\/p>\n<p>Chaque demi-heure entam\u00e9e est due (ex.\u00a0: enfant quittant la garderie \u00e0 17h50 = 2 heures factur\u00e9es).<\/p>\n<p>Une facture mensuelle sera \u00e9tablie par famille (facture commune avec le restaurant scolaire). Pour une bonne gestion, il est important de payer \u00e0 r\u00e9ception de la facture.<\/p>\n<p>En cas de non paiement la famille s\u2019expose \u00e0 une exclusion.<\/p>\n<ol start=\"5\">\n<li><strong>D\u00c9PASSEMENT D&rsquo;<\/strong><b>HORAIRES<\/b><\/li>\n<\/ol>\n<p>Si, dans une <strong>circonstance exceptionnelle<\/strong>, le parent ne peut r\u00e9cup\u00e9rer son enfant avant 18h45, il doit imp\u00e9rativement <strong>pr\u00e9venir le responsable de la garderie (tel\u00a0: 02 99 61 04 95)<\/strong> qui pourra ainsi rassurer l\u2019enfant. Par ailleurs, compte tenu de la contrainte occasionn\u00e9e,<strong> le tarif appliqu\u00e9 au-del\u00e0 de 18\u00a0h\u00a045 sera doubl\u00e9.<\/strong><\/p>\n<ol start=\"6\">\n<li><strong> \u00a0\u00a0<\/strong><b>GO\u00dbTER<\/b><\/li>\n<\/ol>\n<p>Le go\u00fbter est fourni gratuitement par la garderie.<\/p>\n<ol start=\"7\">\n<li><strong>RYTHME SCOLAIRE<\/strong><\/li>\n<\/ol>\n<p>La semaine de 4 jours reste inchang\u00e9e.<\/p>\n<p>Un accueil de loisirs le mercredi de 7h30 \u00e0 18h30 sera assur\u00e9 par <strong>l\u2019InterVal.<\/strong><\/p>\n<p>Contacts \/ inscriptions\u00a0: <strong><a href=\"https:\/\/linterval.iloise.net\/grandir-un-jeu-denfant-\/infos-pratiques.html\" target=\"_blank\" rel=\"noopener noreferrer\">www.linterval.org<\/a>\u00a0 ou par t\u00e9l\u00e9phone 02 99 06 88 90<\/strong><\/p>\n<h3><em>II &#8211; Restaurant scolaire<\/em><\/h3>\n<p><strong>1 &#8211; FONCTIONNEMENT<\/strong><\/p>\n<p>Le restaurant scolaire accueille les enfants de 12h15 \u00e0 13h45 \u00e0 raison de 2 services\u00a0:<\/p>\n<ul>\n<li>Premier service\u00a0: de 12h15 \u00e0 13h00<\/li>\n<li>Second service\u00a0: de 13h00 \u00e0 13h45<\/li>\n<\/ul>\n<p><a href=\"http:\/\/2016.treffendel.fr\/?p=434\">Le menu de la semaine est disponible ici<\/a><\/p>\n<p><strong>2 &#8211; Les REPAS<\/strong><\/p>\n<p>L\u2019acc\u00e8s se fait au moyen d\u2019une inscription chaque matin dans les classes (par les parents pour les maternelles).<\/p>\n<p>Tarifs\u00a0:<\/p>\n<ul>\n<li><strong>3,65 \u20ac<\/strong> le repas pour les habitants de la <strong>commune de Treffendel<\/strong>;<\/li>\n<li><strong>4,60 \u20ac<\/strong> le repas pour les habitants de la <strong>commune de Saint P\u00e9ran<\/strong> (subvention de 0,45 \u20ac revers\u00e9e \u00e0 la mairie par la commune de St P\u00e9ran)\u00a0;<\/li>\n<li><strong>5,05 \u20ac<\/strong> le repas pour les habitants des <strong>autres communes<\/strong>.<\/li>\n<\/ul>\n<p>Sauf circonstance exceptionnelle soumise \u00e0 l\u2019appr\u00e9ciation de la mairie, les inscriptions ou annulations ne pourront \u00eatre prises en compte au-del\u00e0 de 10h00.<\/p>\n<p><strong>3 &#8211; SERVIETTES DE TABLE<\/strong><\/p>\n<p>Pour les enfants de maternelle, une serviette de table en tissu est fournie par la commune.<\/p>\n<p>Pour les \u00e9l\u00e9mentaires, une serviette en papier est fournie \u00e0 chaque enfant.<\/p>\n<p><strong>4 &#8211; R\u00c9GIME ALIMENTAIRE<\/strong><\/p>\n<p>Il n\u2019existe pas de menu particulier servi pour raisons id\u00e9ologiques.<\/p>\n<p>Lorsqu\u2019il s\u2019agit de probl\u00e8mes m\u00e9dicaux, des situations particuli\u00e8res peuvent \u00eatre \u00e9tudi\u00e9es au cas par cas, sur pr\u00e9sentation de justificatif.<\/p>\n<p>En cas d\u2019allergie s\u00e9v\u00e8re, les parents doivent s\u2019entretenir avec les personnes responsables sur la conduite \u00e0 tenir.<\/p>\n<h3><em>III \u2013 Pour tous les services p\u00e9riscolaires<\/em><\/h3>\n<p><strong>1 &#8211; HYGI\u00c8NE\u00a0ET\u00a0<\/strong><b>S\u00c9CURIT\u00c9<\/b><\/p>\n<p>Les enfants confi\u00e9s \u00e0 la garderie sont en bonne sant\u00e9.<\/p>\n<p>Les adultes responsables des enfants doivent veiller au respect de l\u2019hygi\u00e8ne et \u00e0 la propret\u00e9.<\/p>\n<p>La garderie municipale ne peut \u00eatre tenue pour responsable de la perte ou de la d\u00e9gradation des objets personnels apport\u00e9s par l\u2019enfant (bijoux, v\u00eatements, jouets&#8230;)<\/p>\n<p>Il est interdit de fumer dans les locaux.<\/p>\n<p><strong>2 &#8211; ASSURANCE<\/strong><\/p>\n<p>L\u2019assurance souscrite par la garderie municipale est une Responsabilit\u00e9 Civile, elle couvre les dommages et accidents imputables au personnel, aux enfants, au mat\u00e9riel ainsi que ceux caus\u00e9s par un tiers. Elle n\u2019est valable qu\u2019aux heures d\u2019ouverture des services p\u00e9riscolaires.<\/p>\n<p><strong>3 &#8211; Le r\u00e8glement FINANCIER s\u2019effectue sous forme d\u2019une facturation<\/strong><\/p>\n<p>La facture (commune aux 2 services, cantine et garderie) est envoy\u00e9e apr\u00e8s le mois termin\u00e9, le r\u00e8glement s\u2019effectue soit\u00a0:<\/p>\n<ul>\n<li>En ch\u00e8que ou esp\u00e8ce \u00e0 la tr\u00e9sorerie de Pl\u00e9lan-le-Grand\u00a0;<\/li>\n<li>Pr\u00e9l\u00e8vement automatique (joindre l\u2019autorisation de pr\u00e9l\u00e8vement dat\u00e9e et sign\u00e9e + un RIB ou RIP)\u00a0;<\/li>\n<li>TIPI (r\u00e8glement \u00e9lectronique par mois).<\/li>\n<\/ul>\n<p><strong>Si vous \u00eates en pr\u00e9l\u00e8vement automatique et qu\u2019aucun changement n\u2019est intervenu depuis l\u2019ann\u00e9e derni\u00e8re, vous n\u2019avez pas \u00e0 nous fournir un nouvel imprim\u00e9 d\u2019autorisation de pr\u00e9l\u00e8vement.<\/strong><\/p>\n<p><strong>Changement de compte bancaire<\/strong>\u00a0: le redevable qui change de num\u00e9ro de compte bancaire, d\u2019agence, de banque ou de banque postale doit se procurer un nouvel imprim\u00e9 de demande d\u2019autorisation de pr\u00e9l\u00e8vement au secr\u00e9tariat de mairie. Vous devrez le retourner dat\u00e9, sign\u00e9 et accompagn\u00e9 d\u2019un nouveau relev\u00e9 d\u2019identit\u00e9 bancaire ou postal.<\/p>\n<p><strong>4 &#8211; CHANGEMENT D\u2019ADRESSE<\/strong><\/p>\n<p>Le parent qui change d\u2019adresse doit avertir sans d\u00e9lai le secr\u00e9tariat de mairie.<\/p>\n<p><strong>5 &#8211; ACCEPTATION DU\u00a0<\/strong><b>R\u00c8GLEMENT<\/b><\/p>\n<p>Pour des raisons de responsabilit\u00e9 et de s\u00e9curit\u00e9, les parents doivent remplir la\u00a0fiche d\u2019inscription et la fiche sanitaire sur lesquelles figurent les renseignements administratifs, sanitaires et les autorisations de sorties. Cette fiche n\u2019est valable qu\u2019un an (de septembre \u00e0 septembre). Tout changement (adresse, t\u00e9l\u00e9phone, \u00e9tat de sant\u00e9 de l\u2019enfant&#8230;) devra faire l\u2019objet d\u2019une modification le plus rapidement possible.<\/p>\n<p>Une attestation \u00ab\u00a0Responsabilit\u00e9 Civile\u00a0\u00bb vous est \u00e9galement demand\u00e9e chaque ann\u00e9e.<\/p>\n<p>Les parents prennent connaissance du pr\u00e9sent r\u00e8glement lors de l\u2019inscription de leur enfant et s\u2019engagent \u00e0 le respecter.<\/p>\n<p><strong>DOCUMENTS A FOURNIR<\/strong><\/p>\n<ul style=\"list-style-type: square;\">\n<li><a href=\"http:\/\/2016.treffendel.fr\/wp-content\/uploads\/2020\/08\/3-fiche-sanitaire_vierge.doc\" target=\"_blank\" rel=\"noopener noreferrer\">Fiche de renseignements et sanitaire<\/a> \u00e0 remplir ou \u00e0 compl\u00e9ter (recto, verso)<\/li>\n<li>Photocopie de l\u2019attestation de responsabilit\u00e9 civile<\/li>\n<li>Copie du carnet de sant\u00e9 (vaccinations)<\/li>\n<li>Certificat m\u00e9dical en cas d\u2019allergies alimentaires ou autres :<br \/>\n<strong>=&gt; en cas d\u2019allergies ou intol\u00e9rances alimentaires et asthme<\/strong>: joindre ordonnance du m\u00e9decin<br \/>\n<strong>=&gt; en cas d\u2019allergies ou probl\u00e8mes m\u00e9dicaux n\u00e9cessitant un traitement particulier\u00a0<\/strong>: veuillez fournir une trousse contenant le traitement \u00e0 administrer en cas d\u2019urgence avec l\u2019ordonnance de prescription<\/li>\n<\/ul>\n<ul>\n<li><a href=\"http:\/\/2016.treffendel.fr\/wp-content\/uploads\/2020\/08\/4_imprim\u00e9-de-pr\u00e9l\u00e8vement.pdf\" target=\"_blank\" rel=\"noopener noreferrer\">Demande de pr\u00e9l\u00e8vement SEPA<\/a> \u00e0 compl\u00e9ter et \u00e0 signer accompagn\u00e9 d\u2019un RIB (dans le cadre du r\u00e8glement financier, en <u>cas de changement de mode de paiement<\/u> ou d\u2019une <u>nouvelle famille<\/u> souhaitant payer par pr\u00e9l\u00e8vement automatique). <strong>Si vous \u00eates d\u00e9j\u00e0 en pr\u00e9l\u00e8vement automatique, cet imprim\u00e9 ne vous concerne pas.<\/strong><\/li>\n<\/ul>\n","protected":false},"excerpt":{"rendered":"<p>Le pr\u00e9sent r\u00e8glement concernant le fonctionnement des services est distribu\u00e9 \u00e0 chaque enfant et sign\u00e9 en d\u00e9but d\u2019ann\u00e9e, ainsi que : \u00ab\u00a0Le code de bonnes conduites en cantine et garderie\u00ab\u00a0 I &#8211; Garderie p\u00e9riscolaire LE FONCTIONNEMENT La garderie p\u00e9riscolaire municipale de Treffendel assure l\u2019accueil des enfants scolaris\u00e9s sur la commune, les lundis, mardis, jeudis, vendredis [&hellip;]<\/p>\n","protected":false},"author":1,"featured_media":0,"parent":114,"menu_order":0,"comment_status":"closed","ping_status":"closed","template":"","meta":[],"_links":{"self":[{"href":"https:\/\/www.treffendel.fr\/index.php?rest_route=\/wp\/v2\/pages\/562"}],"collection":[{"href":"https:\/\/www.treffendel.fr\/index.php?rest_route=\/wp\/v2\/pages"}],"about":[{"href":"https:\/\/www.treffendel.fr\/index.php?rest_route=\/wp\/v2\/types\/page"}],"author":[{"embeddable":true,"href":"https:\/\/www.treffendel.fr\/index.php?rest_route=\/wp\/v2\/users\/1"}],"replies":[{"embeddable":true,"href":"https:\/\/www.treffendel.fr\/index.php?rest_route=%2Fwp%2Fv2%2Fcomments&post=562"}],"version-history":[{"count":10,"href":"https:\/\/www.treffendel.fr\/index.php?rest_route=\/wp\/v2\/pages\/562\/revisions"}],"predecessor-version":[{"id":4554,"href":"https:\/\/www.treffendel.fr\/index.php?rest_route=\/wp\/v2\/pages\/562\/revisions\/4554"}],"up":[{"embeddable":true,"href":"https:\/\/www.treffendel.fr\/index.php?rest_route=\/wp\/v2\/pages\/114"}],"wp:attachment":[{"href":"https:\/\/www.treffendel.fr\/index.php?rest_route=%2Fwp%2Fv2%2Fmedia&parent=562"}],"curies":[{"name":"wp","href":"https:\/\/api.w.org\/{rel}","templated":true}]}}