{"id":5750,"date":"2024-02-14T16:41:37","date_gmt":"2024-02-14T15:41:37","guid":{"rendered":"https:\/\/www.treffendel.fr\/?page_id=5750"},"modified":"2024-03-27T09:01:05","modified_gmt":"2024-03-27T08:01:05","slug":"rb2m-transports","status":"publish","type":"page","link":"https:\/\/www.treffendel.fr\/?page_id=5750","title":{"rendered":"RB2M transports"},"content":{"rendered":"\n<p><img loading=\"lazy\" class=\"alignnone size-full wp-image-5751 aligncenter\" src=\"https:\/\/www.treffendel.fr\/wp-content\/uploads\/2024\/02\/RB2M.jpg\" alt=\"\" width=\"710\" height=\"460\" srcset=\"https:\/\/www.treffendel.fr\/wp-content\/uploads\/2024\/02\/RB2M.jpg 710w, https:\/\/www.treffendel.fr\/wp-content\/uploads\/2024\/02\/RB2M-300x194.jpg 300w\" sizes=\"(max-width: 710px) 100vw, 710px\" \/><\/p>\n<p>Rebecca et Beno\u00eet CHEREL se lancent dans le transport routier en cr\u00e9ant la soci\u00e9t\u00e9 R.B.2.M TRANSPORTS bas\u00e9e \u00e0 Treffendel :<\/p>\n<ul>\n<li>Benoit a \u00e9volu\u00e9 dans le secteur du transport et de l\u2019entreposage depuis l\u2019\u00e2ge de 20 ans et a d\u00e9velopp\u00e9 ses comp\u00e9tences au sein de plusieurs entreprises locales. Titulaire de tous ses permis poids lourds, il a toujours eu l\u2019envie d\u2019avoir un jour une soci\u00e9t\u00e9 \u00e0 son nom.<\/li>\n<li>Pour Rebecca qui est n\u00e9gociatrice en immobilier et toujours en poste, c\u2019est l\u2019envie grandissante de son conjoint d\u2019entreprendre qui lui a apport\u00e9 la motivation de relever un nouveau challenge personnel : retourner en formation et d\u00e9crocher la capacit\u00e9 de transport n\u00e9cessaire pour entreprendre ensemble.<\/li>\n<\/ul>\n<p><br \/>Il leur aura fallu un an de pr\u00e9paration pour voir aboutir leur projet et prendre enfin la route vers de nouvelles aventures !<br \/>Leur but : apporter leur savoir-faire, des conseils et des solutions pour des livraisons sur tout le grand Ouest de la France !<\/p>\n<h4>Equip\u00e9s d\u2019un camion derni\u00e8re g\u00e9n\u00e9ration, d\u2019une remorque tautliner et d\u2019un chariot embarqu\u00e9 multidirectionnel, la soci\u00e9t\u00e9 R.B.2.M TRANSPORTS est sur la route depuis fin septembre 2023.<\/h4>\n<h3>R.B.2.M TRANSPORTS :<\/h3>\n<h3>06.60.69.63.50<\/h3>\n<h3><a href=\"mailto:contact@rb2mtransports.fr\">contact@rb2mtransports.fr<\/a><\/h3>\n","protected":false},"excerpt":{"rendered":"<p>Rebecca et Beno\u00eet CHEREL se lancent dans le transport routier en cr\u00e9ant la soci\u00e9t\u00e9 R.B.2.M TRANSPORTS bas\u00e9e \u00e0 Treffendel : Benoit a \u00e9volu\u00e9 dans le secteur du transport et de l\u2019entreposage depuis l\u2019\u00e2ge de 20 ans et a d\u00e9velopp\u00e9 ses comp\u00e9tences au sein de plusieurs entreprises locales. Titulaire de tous ses permis poids lourds, il [&hellip;]<\/p>\n","protected":false},"author":1,"featured_media":0,"parent":175,"menu_order":0,"comment_status":"closed","ping_status":"closed","template":"","meta":[],"_links":{"self":[{"href":"https:\/\/www.treffendel.fr\/index.php?rest_route=\/wp\/v2\/pages\/5750"}],"collection":[{"href":"https:\/\/www.treffendel.fr\/index.php?rest_route=\/wp\/v2\/pages"}],"about":[{"href":"https:\/\/www.treffendel.fr\/index.php?rest_route=\/wp\/v2\/types\/page"}],"author":[{"embeddable":true,"href":"https:\/\/www.treffendel.fr\/index.php?rest_route=\/wp\/v2\/users\/1"}],"replies":[{"embeddable":true,"href":"https:\/\/www.treffendel.fr\/index.php?rest_route=%2Fwp%2Fv2%2Fcomments&post=5750"}],"version-history":[{"count":3,"href":"https:\/\/www.treffendel.fr\/index.php?rest_route=\/wp\/v2\/pages\/5750\/revisions"}],"predecessor-version":[{"id":5848,"href":"https:\/\/www.treffendel.fr\/index.php?rest_route=\/wp\/v2\/pages\/5750\/revisions\/5848"}],"up":[{"embeddable":true,"href":"https:\/\/www.treffendel.fr\/index.php?rest_route=\/wp\/v2\/pages\/175"}],"wp:attachment":[{"href":"https:\/\/www.treffendel.fr\/index.php?rest_route=%2Fwp%2Fv2%2Fmedia&parent=5750"}],"curies":[{"name":"wp","href":"https:\/\/api.w.org\/{rel}","templated":true}]}}