{"id":5823,"date":"2024-03-13T12:27:14","date_gmt":"2024-03-13T11:27:14","guid":{"rendered":"https:\/\/www.treffendel.fr\/?page_id=5823"},"modified":"2024-07-22T14:41:52","modified_gmt":"2024-07-22T12:41:52","slug":"proces-verbal-de-la-seance-du-conseil-municipal-du-07-mars-2024-a-20-h-00","status":"publish","type":"page","link":"https:\/\/www.treffendel.fr\/?page_id=5823","title":{"rendered":"Proc\u00e8s-Verbal de la s\u00e9ance du conseil municipal du 07 mars 2024 \u00e0 20 h 00"},"content":{"rendered":"\n<p>Pr\u00e9sents : F. KERGUELEN, P. PERSEHAIE, C. LE ROSSIGNOL, C. BANCHEREAU, M. RAULLINE, C. GODIN, L. BEAUG\u00e9, C. THOMAS, M. LACAZE, C. DUBOIS, A. LE NET<\/p>\n<p>Excus\u00e9 : S. BERTIN<\/p>\n<p>Absentes: N. FRO, S. LONNOY<\/p>\n<p>Mme le Maire ouvre la s\u00e9ance et constate que le quorum est atteint.<\/p>\n<h3>Approbation du Proc\u00e8s-Verbal du conseil municipal du 15 f\u00e9vrier 2024 :<\/h3>\n<p>Le Proc\u00e8s-Verbal du 15 f\u00e9vrier 2024 est approuv\u00e9 \u00e0 l\u2019unanimit\u00e9 des membres pr\u00e9sents.<\/p>\n<h4>D\u00e9signation d\u2019un secr\u00e9taire de s\u00e9ance\u00a0:<\/h4>\n<p>Conform\u00e9ment \u00e0 l\u2019article L.2121-15 du Code G\u00e9n\u00e9ral des Collectivit\u00e9s Locales, Mme Claudine DUBOIS est\u00a0nomm\u00e9e secr\u00e9taire de s\u00e9ance.<\/p>\n<h2>I \u2013 \u00a0Point sur la Boulangerie\u00a0:<\/h2>\n<p>Le conseil municipal d\u00e9cide de relancer l\u2019appel \u00e0 candidatures pour la reprise de la boulangerie.<\/p>\n<h2>II \u2013 \u00a0URBANISME\u00a0:<\/h2>\n<h3>Dispositif \u00ab\u00a0Habitat L\u00e9ger\u00a0\u00bb<\/h3>\n<p>Mme le Maire rappelle au conseil municipal le dispositif \u00ab Habitat L\u00e9ger \u00bb pr\u00e9sent\u00e9 lors de la derni\u00e8re s\u00e9ance par Mr Thibault WILLEMIN de l\u2019association \u00ab Hameau L\u00e9ger \u00bb (Pour rappel : la parcelle pressentie : AB 173 d\u2019une surface de 4 494 m\u00b2)<\/p>\n<p>Les diff\u00e9rentes phases du dispositif sont\u00a0:<\/p>\n<ol>\n<li>Etude de faisabilit\u00e9<\/li>\n<li>Appel \u00e0 projets \u2013 constitution d\u2019un collectif \u2013 accompagnement par l\u2019association \u00ab hameau l\u00e9ger \u00bb<\/li>\n<li>assistance aux ma\u00eetrises d\u2019ouvrage &#8211; constitution du projet (commune \u2013 collectif d\u2019habitants et ma\u00eetrise d\u2019ouvrage).<\/li>\n<\/ol>\n<p>Apr\u00e8s en avoir d\u00e9battu, le conseil municipal d\u00e9cide, \u00e0 l\u2019unanimit\u00e9, d\u2019engager la proc\u00e9dure du dispositif \u00ab\u00a0Habitat L\u00e9ger\u00a0\u00bb en partenariat avec Broc\u00e9liande Communaut\u00e9.<\/p>\n<h2>III \u2013 \u00a0FINANCES :<\/h2>\n<h4>Compte- rendu de la commission \u00ab\u00a0Finances\u00a0\u00bb du 26 f\u00e9vrier 2024<\/h4>\n<h3>1\u00b0 &#8211; vote des taux des imp\u00f4ts locaux<\/h3>\n<p>Mme Mich\u00e8le RAULLINE, Adjointe aux finances, indique au conseil municipal que la commission \u00ab\u00a0Finances\u00a0\u00bb propose de maintenir les taux vot\u00e9s en 2023, \u00e0 savoir\u00a0:<\/p>\n<ul>\n<li>Foncier B\u00e2ti : 24.57 %<\/li>\n<li>Foncier Non-B\u00e2ti : 48.73 %<\/li>\n<\/ul>\n<p>D\u2019autre part, depuis 2021, il n\u2019y a plus de Taxe d\u2019Habitation (pour m\u00e9moire\u00a0: taux \u00e0 16.86 %).<\/p>\n<p>Aussi, pour compenser cette perte de recettes, les communes b\u00e9n\u00e9ficient du transfert de la part d\u00e9partementale de taxe fonci\u00e8re sur les propri\u00e9t\u00e9s b\u00e2ties (TFPB), c\u2019est-\u00e0-dire que le taux de r\u00e9f\u00e9rence pour 2021 de la TFPB pour la commune correspond \u00e0 son taux TFPB de 2020 additionn\u00e9 au TFPB d\u00e9partemental 2020 qui est de 19.90 % pour l\u2019Ille-et-Vilaine.<\/p>\n<p>Il vous est propos\u00e9 de maintenir les taux 2023 pour l\u2019ann\u00e9e 2024, \u00e0 savoir\u00a0:<\/p>\n<ul>\n<li>Foncier B\u00e2ti : 24.57 % + 19.90 % = 44.47 %<\/li>\n<li>Foncier Non-B\u00e2ti : 48.73 %<\/li>\n<\/ul>\n<table width=\"661\">\n<tbody>\n<tr>\n<td width=\"108\">\n<p>\u00a0<\/p>\n<\/td>\n<td colspan=\"3\" width=\"285\">\n<p style=\"text-align: center;\">2023 \u2013 recettes r\u00e9elles<\/p>\n<\/td>\n<td colspan=\"3\" width=\"268\">\n<p style=\"text-align: center;\">2024 &#8211; estimations<\/p>\n<\/td>\n<\/tr>\n<tr>\n<td width=\"108\">\n<p>\u00a0<\/p>\n<\/td>\n<td width=\"135\">\n<p>Bases d\u2019imposition<\/p>\n<\/td>\n<td width=\"60\">\n<p>taux<\/p>\n<\/td>\n<td width=\"91\">\n<p>recette<\/p>\n<\/td>\n<td width=\"126\">\n<p>Bases d\u2019imposition<\/p>\n<\/td>\n<td width=\"64\">\n<p>taux<\/p>\n<\/td>\n<td width=\"77\">\n<p>recette<\/p>\n<\/td>\n<\/tr>\n<tr>\n<td width=\"108\">\n<p>Foncier B\u00e2ti FB<\/p>\n<\/td>\n<td width=\"135\">\n<p>840 746 \u20ac<\/p>\n<\/td>\n<td width=\"60\">\n<p>44.47 %<\/p>\n<\/td>\n<td width=\"91\">\n<p>373 880 \u20ac<\/p>\n<\/td>\n<td width=\"126\">\n<p>\u00a0882 783 \u20ac<br \/>(+ 5 %)<\/p>\n<\/td>\n<td width=\"64\">\n<p>44.47 %<\/p>\n<\/td>\n<td width=\"77\">\n<p>392 573 \u20ac<\/p>\n<\/td>\n<\/tr>\n<tr>\n<td width=\"108\">\n<p>Foncier Non-B\u00e2ti FNB<\/p>\n<p>\u00a0<\/p>\n<\/td>\n<td width=\"135\">\n<p>83\u00a0472 \u20ac<\/p>\n<\/td>\n<td width=\"60\">\n<p>48.73 %<\/p>\n<\/td>\n<td width=\"91\">\n<p>40 676 \u20ac<\/p>\n<\/td>\n<td width=\"126\">\n<p>\u00a087 645 \u20ac<br \/>(+ 5\u00a0 %)<\/p>\n<\/td>\n<td width=\"64\">\n<p>48.73 %<\/p>\n<\/td>\n<td width=\"77\">\n<p>42 709 \u20ac\u00a0<\/p>\n<\/td>\n<\/tr>\n<tr>\n<td width=\"108\">\n<p>Taxe d\u2019Habitation<\/p>\n<p>\u00a0<\/p>\n<\/td>\n<td width=\"135\">\n<p>R\u00e9sidences secondaires<\/p>\n<\/td>\n<td width=\"60\">\n<p>16.86 %<\/p>\n<\/td>\n<td width=\"91\">\n<p>8\u00a0340 \u20ac<\/p>\n<\/td>\n<td width=\"126\">\n<p>Estimation 2024<\/p>\n<\/td>\n<td width=\"64\">\n<p>16.86 %<\/p>\n<\/td>\n<td width=\"77\">\n<p>8\u00a0500 \u20ac<\/p>\n<\/td>\n<\/tr>\n<tr>\n<td width=\"108\">\n<p>Coefficient correcteur<\/p>\n<\/td>\n<td width=\"135\">\n<p>\u00a0<\/p>\n<\/td>\n<td width=\"60\">\n<p>\u00a0<\/p>\n<\/td>\n<td width=\"91\">\n<p>30\u00a0263 \u20ac<\/p>\n<\/td>\n<td width=\"126\">\n<p>Estimation 2024<\/p>\n<\/td>\n<td width=\"64\">\n<p>\u00a0<\/p>\n<\/td>\n<td width=\"77\">\n<p>31 443 \u20ac<\/p>\n<\/td>\n<\/tr>\n<tr>\n<td width=\"108\">\n<p>\u00a0<\/p>\n<\/td>\n<td width=\"135\">\n<p>TOTAL<\/p>\n<\/td>\n<td width=\"60\">\n<p>\u00a0<\/p>\n<\/td>\n<td width=\"91\">\n<p>453 159 \u20ac<\/p>\n<\/td>\n<td width=\"126\">\n<p>\u00a0<\/p>\n<\/td>\n<td width=\"64\">\n<p>\u00a0<\/p>\n<\/td>\n<td width=\"77\">\n<p>475 225 \u20ac<\/p>\n<\/td>\n<\/tr>\n<\/tbody>\n<\/table>\n<p>D\u2019autre part, un coefficient correcteur, \u00ab\u00a0COCO\u00a0\u00bb s\u2019applique sur le produit net du r\u00f4le g\u00e9n\u00e9ral TFPB pour permettre une compensation \u00e0 l\u2019euro pr\u00e8s de la perte de la taxe d\u2019habitation. En effet, le produit TFPB issu du d\u00e9partement n\u2019est pas suffisant pour couvrir la TH perdue.<\/p>\n<p>Ce coefficient permet cet ajustement \u00e0 la hausse en permettant d\u2019ajuster la ressource par un effet \u00ab\u00a0versement \/ compensation\u00a0\u00bb. En 2023, il y a eu un coefficient correcteur d\u2019un montant de 30 263 \u20ac afin de compenser la perte de la TH.<\/p>\n<p>En 2024, il sera de\u00a031\u00a0443 \u20ac (30\u00a0263 \u20ac x 3.90 %)<\/p>\n<h5>TOTAL des recettes estim\u00e9es pour 2024 =\u00a0475 225 \u20ac\u00a0\u00a0 (BP 2024 = 475 000 \u20ac)<\/h5>\n<p>Vu les articles 1636 B sexies \u00e0 1636 B undecies et 1639 A du code g\u00e9n\u00e9ral des imp\u00f4ts, et apr\u00e8s en avoir d\u00e9lib\u00e9r\u00e9, le conseil municipal d\u00e9cide, \u00e0 l\u2019unanimit\u00e9\u00a0-de fixer les taux des imp\u00f4ts communaux pour l\u2019ann\u00e9e 2024 de la fa\u00e7on suivante\u00a0:<\/p>\n<ul>\n<li>Taxe Fonci\u00e8re sur Propri\u00e9t\u00e9s B\u00e2ties (TFPB) : 44.47 %<\/li>\n<li>Taxe Fonci\u00e8re sur Propri\u00e9t\u00e9s Non-B\u00e2ties (TFPNB) : 48.73 %<\/li>\n<li>Taxe d\u2019Habitation (TH) : 16.86 %.<\/li>\n<\/ul>\n<p>et charge Madame le Maire<\/p>\n<ul>\n<li>de notifier cette d\u00e9cision aux services pr\u00e9fectoraux,<\/li>\n<li>de transmettre l\u2019\u00e9tat 1259 compl\u00e9t\u00e9 aux services pr\u00e9fectoraux, accompagn\u00e9 d\u2019une copie de la pr\u00e9sente d\u00e9cision.<\/li>\n<\/ul>\n<h3>2\u00b0 &#8211; Projet de collectage de la m\u00e9moire des a\u00een\u00e9s sur certains b\u00e2timents<\/h3>\n<p>Demande de subvention LEADER aupr\u00e8s des services du Pays de Broc\u00e9liande<\/p>\n<p>Madame le Maire pr\u00e9sente au conseil municipal le projet de collectage de la m\u00e9moire des a\u00een\u00e9s sur certains b\u00e2timents, projet port\u00e9 le Centre Communal d\u2019Action Sociale pour un montant r\u00e9\u00e9valu\u00e9 \u00e0 10 000 \u20ac. Il est propos\u00e9 d\u2019accorder une subvention communale au CCAS d\u2019un montant estimatif de 8\u00a0000 \u20ac. Le solde sera combl\u00e9 par des subventions (conf\u00e9rence des financeurs et Pays de Broc\u00e9liande LEADER).<\/p>\n<p>Apr\u00e8s en avoir d\u00e9lib\u00e9r\u00e9, le conseil municipal accepte, \u00e0 l\u2019unanimit\u00e9 de voter une subvention communale d\u2019un montant pr\u00e9visionnel de 8 000 \u20ac au CCAS, pour le projet de collectage de la m\u00e9moire des a\u00een\u00e9s, et d\u2019autoriser Madame le Maire \u00e0 solliciter une subvention LEADER aupr\u00e8s du Pays de Broc\u00e9liande pour le projet cit\u00e9 ci-dessus.<\/p>\n<h3>3\u00b0 &#8211; Projet de r\u00e9alisation d\u2019une ombri\u00e8re \u00e0 l\u2019\u00e9cole publique\u00a0: offre de concours<\/h3>\n<h4>ABO WIND<\/h4>\n<p>Madame le Maire informe le conseil municipal que la soci\u00e9t\u00e9 Ferme \u00e9olienne de Monterfil, d\u00e9nomm\u00e9 L\u2019OFFRANT, a d\u00e9velopp\u00e9 et construit un parc \u00e9olien situ\u00e9 sur la commune de Monterfil. Sa mise en service industrielle a eu lieu en janvier 2023.<\/p>\n<p>Au cours du d\u00e9veloppement du projet \u00e9olien, l\u2019\u00e9tude paysag\u00e8re a d\u00e9crit une mesure d\u2019accompagnement paysag\u00e8re pour la commune de Treffendel. Cette mesure consistait en la plantation d\u2019une couronne bocag\u00e8re, long\u00e9e par un cheminement pi\u00e9ton en limite du futur lotissement au nord-est du bourg. L&rsquo;OFFRANT s\u2019est engag\u00e9 \u00e0 contribuer \u00e0 cet am\u00e9nagement \u00e0 hauteur de 20 000 \u20ac. Par la suite, pour des raisons fonci\u00e8res, cet am\u00e9nagement n\u2019a pas pu voir le jour dans le p\u00e9rim\u00e8tre pr\u00e9vu du lotissement. D\u00e8s 2021, L&rsquo;OFFRANT a sollicit\u00e9 la mairie de Treffendel afin de d\u00e9finir un nouveau projet d\u2019am\u00e9nagement paysager sur la commune.<\/p>\n<p>En janvier 2024, la mairie de Treffendel a \u00e9mis le souhait de r\u00e9aliser un am\u00e9nagement au niveau de l\u2019\u00e9cole municipale\u00a0: une ombri\u00e8re v\u00e9g\u00e9tale sur une structure bois.<\/p>\n<p>La pr\u00e9sente offre de concours a pour but d\u2019acter l\u2019accord entre l\u2019OFFRANT et la COMMUNE quant \u00e0 la r\u00e9orientation des 20\u00a0000 \u20ac de la mesure paysag\u00e8re initiale vers la construction d\u2019une ombri\u00e8re v\u00e9g\u00e9tale.<\/p>\n<p>Le conseil municipal souhaite avoir des exemples d\u2019ombri\u00e8res sur le territoire<\/p>\n<p>Apr\u00e8s en avoir d\u00e9lib\u00e9r\u00e9, le conseil municipal, \u00e0 l\u2019unanimit\u00e9, moins une voix contre (A. LE NET qui estime que l\u2019am\u00e9nagement propos\u00e9 ne correspond pas \u00e0 la compensation initiale qui \u00e9tait la plantation d\u2019une haie bocag\u00e8re) accepte les termes de l\u2019offre de concours d\u2019ABO WIND d\u2019un montant de 20 000 \u20ac dans le cadre d\u2019une compensation financi\u00e8re li\u00e9e \u00e0 la r\u00e9alisation des \u00e9oliennes de Monterfil, et autorise Madame le Maire \u00e0 signer l\u2019offre de concours pr\u00e9sent\u00e9e par ABO WIND.<\/p>\n<h2>IV\u2013 PERSONNEL COMMUNAL:<\/h2>\n<h3>1\u00b0 &#8211; Prime Pouvoir d\u2019Achat<\/h3>\n<p>Madame le Maire indique au conseil municipal que le d\u00e9cret N\u00b02023-1006 du 31 octobre 2023 porte la cr\u00e9ation d\u2019une prime de pouvoir d\u2019achat exceptionnelle pour certains agents de la fonction publique territoriale.<\/p>\n<p>Principe\u00a0: possibilit\u00e9, au regard du principe de parit\u00e9 et de libre administration des collectivit\u00e9s territoriales, de verser une prime pouvoir d\u2019achat aux agents dont la r\u00e9mun\u00e9ration annuelle brute entre le 1er juillet 2022 et le 30 juin 2023 n\u2019exc\u00e8de pas 39\u00a0000 \u20ac. Il existe un montant maximum de 800 \u20ac. Toutefois, ce montant peut \u00eatre moindre. Date limite de versement est le 30 juin 2024.<\/p>\n<p>D\u00e9lib\u00e9ration obligatoire du conseil municipal apr\u00e8s avis du CST du CDG 35.<\/p>\n<p>L\u2019int\u00e9gralit\u00e9 du montant de la prime pouvoir d\u2019achat pour l\u2019ensemble des agents s\u2019\u00e9l\u00e8ve \u00e0 7\u00a0474 \u20ac.<\/p>\n<p>Aussi, il est propos\u00e9\u00a0de verser 1\/3 du montant de la prime pouvoir d\u2019achat \u00e0 chaque agent pouvant en b\u00e9n\u00e9ficier. Le montant total s\u2019\u00e9l\u00e8ve \u00e0 2\u00a0494 \u20ac.<\/p>\n<p>Cette proposition sera pr\u00e9sent\u00e9e au Comit\u00e9 Social Technique du CDG35 pour avis.<\/p>\n<p>Apr\u00e8s en avoir d\u00e9lib\u00e9r\u00e9, le conseil municipal d\u00e9cide, \u00e0 l\u2019unanimit\u00e9 d\u2019attribuer \u00e0 chaque agent la prime exceptionnelle pouvoir d\u2019achat, selon les conditions du d\u00e9cret N\u00b02023-1006 du 31 octobre 2023, de la fa\u00e7on suivante\u00a0:<\/p>\n<p>La prime pouvoir d\u2019achat d\u00e9pend de la tranche de r\u00e9mun\u00e9ration : (Pour un temps complet)<\/p>\n<ul>\n<li>r\u00e9mun\u00e9ration Inf\u00e9rieure ou \u00e9gale \u00e0 23 700 \u20ac : 267 \u20ac<\/li>\n<li>Sup\u00e9rieure \u00e0 23 700 \u20ac et inf\u00e9rieure ou \u00e9gale \u00e0 27 300 \u20ac : 233 \u20ac<\/li>\n<li>Sup\u00e9rieure \u00e0 27 300 \u20ac et inf\u00e9rieure ou \u00e9gale \u00e0 29 160 \u20ac : 200 \u20ac<\/li>\n<li>Sup\u00e9rieure \u00e0 29 160 \u20ac et inf\u00e9rieure ou \u00e9gale \u00e0 30 840 \u20ac : 167 \u20ac<\/li>\n<li>Sup\u00e9rieure \u00e0 30 840 \u20ac et inf\u00e9rieure ou \u00e9gale \u00e0 32 280 \u20ac : 133 \u20ac<\/li>\n<li>Sup\u00e9rieure \u00e0 32 280 \u20ac et inf\u00e9rieure ou \u00e9gale \u00e0 33 600 \u20ac : 117 \u20ac<\/li>\n<li>Sup\u00e9rieure \u00e0 33 600 \u20ac et inf\u00e9rieure ou \u00e9gale \u00e0 39 000 \u20ac : 100 \u20ac<\/li>\n<\/ul>\n<p>La prime pouvoir d\u2019achat exceptionnelle ainsi calcul\u00e9e sera proratis\u00e9e \u00e0 la quotit\u00e9 du temps de travail de chaque agent b\u00e9n\u00e9ficiaire. Elle sera vers\u00e9e au mois de mai 2024.<\/p>\n<h3>2\u00b0 &#8211; R\u00e9\u00e9valuation du r\u00e9gime indemnitaire\u00a0: RIFSEEP<\/h3>\n<p>Madame le Maire indique que le r\u00e9gime indemnitaire RIFSEEP a \u00e9t\u00e9 cr\u00e9\u00e9 en 2017 et depuis cette date il n\u2019a pas \u00e9t\u00e9 r\u00e9\u00e9valu\u00e9. Au vu de l\u2019inflation depuis 2017, il est propos\u00e9 de r\u00e9\u00e9valuer le montant mensuel de RIFSEEP de tous les postes d\u2019emploi sur la commune \u00e0 hauteur de 30 %, (co\u00fbt = 363 \u20ac \/ mois = 4\u00a0356 \u20ac \/ an). D\u2019autre part, il est propos\u00e9 de reclasser 2 postes d\u2019adjoint technique en cat\u00e9gorie C2 (personnel d\u2019ex\u00e9cution avec autonomie).<\/p>\n<p>Cette proposition sera pr\u00e9sent\u00e9e au Comit\u00e9 Social Technique du CDG35 pour avis.<\/p>\n<p>Apr\u00e8s en avoir d\u00e9lib\u00e9r\u00e9, le conseil municipal d\u00e9cide, \u00e0 l\u2019unanimit\u00e9 de r\u00e9\u00e9valuer le montant mensuel de RIFSEEP de chaque agent \u00e0 hauteur de 30 %, \u00e0 compter du 1er mai 2024, et de reclasser 2 postes d\u2019adjoint technique en cat\u00e9gorie C2.<\/p>\n<h2>V \u2013 BATIMENTS COMMUNAUX\u00a0:<\/h2>\n<h4>Compte-rendu de la commission du 22 f\u00e9vrier 2024<\/h4>\n<p>Monsieur Christian GODIN, Conseiller municipal d\u00e9l\u00e9gu\u00e9 aux b\u00e2timents, pr\u00e9sente au conseil municipal l\u2019int\u00e9gralit\u00e9 de divers travaux \u00e0 pr\u00e9voir dans les b\u00e2timents communaux, propos\u00e9s par la commission \u00ab\u00a0B\u00e2timents communaux\u00a0\u00bb.<\/p>\n<p>Apr\u00e8s en avoir d\u00e9lib\u00e9r\u00e9, le conseil municipal d\u00e9cide, \u00e0 l\u2019unanimit\u00e9 de retenir les travaux suivants\u00a0:<\/p>\n<ul>\n<li>r\u00e9fection sol entr\u00e9e de l&rsquo;\u00e9glise = Devis Ar\u2019B\u00e9ton = 4 742.40 \u20ac TTC<\/li>\n<li>r\u00e9fection chauffage vestiaires foot afin de faire des \u00e9conomies d&rsquo;\u00e9nergie = PICARD Electricit\u00e9 = 15\u00a0157.44 \u20ac TTC<\/li>\n<li>Cl\u00f4ture s\u00e9paration cour de l&rsquo;\u00e9cole Aurelie Nemours = devis Cl\u00f4tures \u2013 Concept = 4 742.92 \u20ac TTC<\/li>\n<li>Fabrication d&rsquo;un placard de rangement club gym = devis MAUNY = 2 328.59 \u20ac TTC<\/li>\n<li>Surveillance vid\u00e9o service technique et vestiaires foot = devis HERVAULT S\u00e9bastien = 4 475.81 \u20ac TTC<\/li>\n<li>Mise en place d&rsquo;une table de ping pong devant la mairie = devis Synchronicity = 2 781.60 \u20ac TTC<\/li>\n<li>R\u00e9fection de la cl\u00f4ture de l&rsquo;espace jeu devant la mairie : devis Cl\u00f4tures Concept = 3 921.04 \u20ac TTC + installation d\u2019une cl\u00f4ture autour de la nouvelle structure de jeu = 3 110.50 \u20ac TTC<\/li>\n<li>Mise en place d&rsquo;un sas avec surveillance vid\u00e9o pour l&rsquo;\u00e9cole Aurelie Nemours = devis PICARD = 2 628.88 \u20ac TTC.<\/li>\n<\/ul>\n<p>Soit un total g\u00e9n\u00e9ral de 43\u00a0889.18 \u20ac TTC.<\/p>\n<h2>VI\u2013\u00a0 VIE ASSOCIATIVE\u00a0 :<\/h2>\n<h3>Broc\u00e9liande Volley\u00a0: projet du \u00ab\u00a0B\u00e9nin\u00a0\u00bb\u00a0: soutien financier.<\/h3>\n<p>En 2024, 20 membres du Broc\u00e9liande volley dont 15 licenci\u00e9es\u00a0 se rendront au B\u00e9nin. L\u2019objectif est de d\u00e9velopper le sport aupr\u00e8s des plus jeunes et promouvoir le sport au f\u00e9minin.<\/p>\n<h4>Projet du \u00ab\u00a0B\u00e9nin\u00a0\u00bb\u00a0: coop\u00e9ration internationale<\/h4>\n<p>Madame le Maire informe le conseil municipal qu&rsquo;une d\u00e9lib\u00e9ration doit \u00eatre prise indiquant que la commune\u00a0de Treffendel a missionn\u00e9 le club de Volley pour une coop\u00e9ration internationale d\u2019une dur\u00e9e de 4 ans. Cet engagement sera formalis\u00e9 dans une lettre d&rsquo;intention.<\/p>\n<p>Pour m\u00e9moire : Durant 3 semaines en 2023, l\u2019\u00e9quipe nationale f\u00e9minine de volley-ball des moins de 21 ans du B\u00e9nin s\u2019est install\u00e9e \u00e0 Treffendel. Elles venaient pour un stage sportif dans le cadre d\u2019un partenariat entre le club de volley-ball de la ville, Broc\u00e9liande Volley, et la F\u00e9d\u00e9ration B\u00e9ninoise de Volley-Ball.\u00a0<\/p>\n<p>Suite \u00e0 ce premier \u00e9change, une volleyeuse du B\u00e9nin vient faire un service civique au sein du club br\u00e9cilien, dans le cadre du programme \u201cProgramme Volontaires Terres de Jeux Paris 2024\u201d. Son arriv\u00e9e est programm\u00e9e en mars 2024.<\/p>\n<p>En 2024, une d\u00e9l\u00e9gation de 20 personnes de Treffendel dont 15 licenci\u00e9es du club de Broc\u00e9liande Volley se rendra au B\u00e9nin. L\u2019objectif est de mettre en valeur les bienfaits du sport, f\u00e9minin notamment, et leurs apports sur la vie quotidienne.\u00a0<\/p>\n<p>En 2025, la mairie de Treffendel recevra une d\u00e9l\u00e9gation de 15 personnes de la f\u00e9d\u00e9ration b\u00e9ninoise de volley-ball dont 12 filles. Elles viendront se perfectionner au volley-ball au sein du Broc\u00e9liande Volley et, \u00e9galement, sur des activit\u00e9s sportives compl\u00e9mentaires (renforcement musculaire, nutrition, formation aux gestes de premiers secours, pr\u00e9paration mentale). Les objectifs sont multiples.<\/p>\n<h4>Plus-value pour le territoire<\/h4>\n<p>Cette action permettra de d\u00e9velopper le sens des responsabilit\u00e9s, l\u2019esprit d\u2019accueil et l\u2019ouverture culturelle des licenci\u00e9s du club et des habitants de Treffendel.<\/p>\n<p>Des restitutions seront faites dans les \u00e9coles de Treffendel, Br\u00e9al, Pl\u00e9lan et Monterfil ainsi qu\u2019\u00e0 la mairie de Treffendel pour les habitants afin de pr\u00e9parer l\u2019arriv\u00e9e de la d\u00e9l\u00e9gation b\u00e9ninoise en 2025.<\/p>\n<p>D\u2019autre part, il est pr\u00e9sent\u00e9 le montage financier.<\/p>\n<p>Apr\u00e8s en avoir d\u00e9lib\u00e9r\u00e9, le conseil municipal d\u00e9cide, \u00e0 l\u2019unanimit\u00e9 de missionner l\u2019association Broc\u00e9liande Volley pour une coop\u00e9ration internationale d\u2019une dur\u00e9e de 4 ans, d\u2019autoriser Mme le Maire \u00e0 d\u00e9poser un dossier de financement DAECT pour le projet \u00ab B\u00e9nin \u00bb, et d\u2019accorder une subvention exceptionnelle 2024 d\u2019un forfait de 2\u00a0700 \u20ac pour ce projet au club \u00ab\u00a0Broc\u00e9liande Volley\u00a0\u00bb.<\/p>\n<h2>VII\u2013\u00a0 VOIRIE\u00a0 :<\/h2>\n<h3>Travaux de point-\u00e0-temps\u00a0:<\/h3>\n<p>Mr Pierre PERSEHAIE, Adjoint \u00e0 la voirie, rappelle au conseil municipal la d\u00e9lib\u00e9ration du 30 mars 2021 par laquelle il avait \u00e9t\u00e9 retenu l\u2019entreprise EUROVIA de Bruz pour un programme annuel de travaux de point-\u00e0-temps de 2021 \u00e0 2023 avec une r\u00e9vision de prix selon le TP 08 pour les ann\u00e9es 2022 et 2023.<\/p>\n<p>Pour m\u00e9moire\u00a0:<\/p>\n<ul>\n<li>2023 = 934 \u20ac HT (20 tonnes) = 22 416.00 \u20ac TTC<\/li>\n<li>2022 = 988 \u20ac HT (18 tonnes) = 21 340.80 \u20ac TTC<\/li>\n<li>2021 = 714 \u20ac HT (26 tonnes 700) = 22\u00a0876.56 \u20ac TTC.<\/li>\n<\/ul>\n<p>Il est propos\u00e9 de lancer un appel d\u2019offres sous forme de bons de commande pour une p\u00e9riode de trois ann\u00e9es, \u00e0 raison de 20 tonnes d\u2019\u00e9mulsion par an.<\/p>\n<p>Apr\u00e8s en avoir d\u00e9lib\u00e9r\u00e9, le conseil municipal autorise, \u00e0 l\u2019unanimit\u00e9, Mme le Maire \u00e0 lancer un appel d\u2019offres pour les travaux de point-\u00e0-temps de 20 tonnes d\u2019\u00e9mulsion par an et ceci pour une dur\u00e9e de 3 ans.<\/p>\n<h2>VIII\u2013\u00a0 INTERCOMMUNALITE\u00a0 :<\/h2>\n<h4>1)- Convention constitutive d\u2019un groupement de commandes pour la passation conjointe de march\u00e9s pour la mise en place d\u2019un dispositif de titres-restaurant au b\u00e9n\u00e9fice des agents<\/h4>\n<p>Madame le Maire donne lecture de la convention constitutive d\u2019un groupement de commandes pour la passation conjointe de march\u00e9s pour la mise en place d\u2019un dispositif de titres-restaurant au b\u00e9n\u00e9fice des agents.<\/p>\n<p>Apr\u00e8s en avoir d\u00e9lib\u00e9r\u00e9, le conseil municipal, \u00e0 l\u2019unanimit\u00e9 accepte la convention constitutive d\u2019un groupement de commandes pour la passation conjointe de march\u00e9s pour la mise en place d\u2019un dispositif de titres-restaurant au b\u00e9n\u00e9fice des agents et autorise Madame le Maire \u00e0 signer ladite convention.<\/p>\n<h4>2) \u2013 Pr\u00e9sentation du Rapport 2022 sur le prix et la qualit\u00e9 du SPANC<\/h4>\n<p>Madame le Maire pr\u00e9sente au conseil municipal le rapport 2022 sur le prix et la qualit\u00e9 du SPANC.<\/p>\n<p>Le conseil municipal en prend acte.<\/p>\n<h2>QUESTIONS DIVERSES :<\/h2>\n<h4>PROCHAINES COMMISSIONS\u00a0:<\/h4>\n<ul>\n<li>commission \u00ab\u00a0communication\u00a0\u00bb (feuille d\u2019infos mai 2024)\u00a0: \u00a0mercredi 03 avril \u00e0 19 h 00<\/li>\n<\/ul>\n<h3>PROCHAINS CONSEILS MUNICIPAUX\u00a0:<\/h3>\n<ul>\n<li>Mardi 26 mars 2024 \u00e0 19h 00 : vote du Budget Primitif 2024 (en pr\u00e9sence de M. Liboudan)<\/li>\n<li>Jeudi 18 avril 2024 \u00e0 20 h 00 (r\u00e9union Adjoints : mardi 9 avril 2024 \u00e0 20 h 00)<\/li>\n<li>Jeudi 16 mai 2024 \u00e0 20 h 00 (r\u00e9union Adjoints : lundi 6 mai 2024 \u00e0 20 h 00)<\/li>\n<li>Jeudi 13 juin 2024 \u00e0 20 h 00 (r\u00e9union Adjoints : mardi 4 juin 2024 \u00e0 20 h 00)<\/li>\n<li>Jeudi 18 juillet 2024 \u00e0 20 h 00 (r\u00e9union Adjoints : mardi 9 juillet 2024 \u00e0 20 h 00)<\/li>\n<li>Jeudi 12 septembre 2024 \u00e0 20 h 00 (r\u00e9union Adjoints : mardi 3 septembre 2024 \u00e0 20 h 00)<\/li>\n<li>Jeudi 10 octobre 2024 \u00e0 20 h 00 (r\u00e9union Adjoints : mardi 1er octobre 2024 \u00e0 20 h 00)<\/li>\n<li>Jeudi 14 novembre 2024 \u00e0 20 h 00 (r\u00e9union Adjoints : mardi 5 novembre 2024 \u00e0 20 h 00)<\/li>\n<li>Jeudi 12 d\u00e9cembre 2024 \u00e0 20 h 00 (r\u00e9union Adjoints (mardi 3 d\u00e9cembre 2024 \u00e0 20 h 00)<\/li>\n<\/ul>\n","protected":false},"excerpt":{"rendered":"<p>Pr\u00e9sents : F. KERGUELEN, P. PERSEHAIE, C. LE ROSSIGNOL, C. BANCHEREAU, M. RAULLINE, C. GODIN, L. BEAUG\u00e9, C. THOMAS, M. LACAZE, C. DUBOIS, A. LE NET Excus\u00e9 : S. BERTIN Absentes: N. FRO, S. LONNOY Mme le Maire ouvre la s\u00e9ance et constate que le quorum est atteint. Approbation du Proc\u00e8s-Verbal du conseil municipal du [&hellip;]<\/p>\n","protected":false},"author":1,"featured_media":0,"parent":17,"menu_order":0,"comment_status":"closed","ping_status":"closed","template":"","meta":[],"_links":{"self":[{"href":"https:\/\/www.treffendel.fr\/index.php?rest_route=\/wp\/v2\/pages\/5823"}],"collection":[{"href":"https:\/\/www.treffendel.fr\/index.php?rest_route=\/wp\/v2\/pages"}],"about":[{"href":"https:\/\/www.treffendel.fr\/index.php?rest_route=\/wp\/v2\/types\/page"}],"author":[{"embeddable":true,"href":"https:\/\/www.treffendel.fr\/index.php?rest_route=\/wp\/v2\/users\/1"}],"replies":[{"embeddable":true,"href":"https:\/\/www.treffendel.fr\/index.php?rest_route=%2Fwp%2Fv2%2Fcomments&post=5823"}],"version-history":[{"count":3,"href":"https:\/\/www.treffendel.fr\/index.php?rest_route=\/wp\/v2\/pages\/5823\/revisions"}],"predecessor-version":[{"id":6045,"href":"https:\/\/www.treffendel.fr\/index.php?rest_route=\/wp\/v2\/pages\/5823\/revisions\/6045"}],"up":[{"embeddable":true,"href":"https:\/\/www.treffendel.fr\/index.php?rest_route=\/wp\/v2\/pages\/17"}],"wp:attachment":[{"href":"https:\/\/www.treffendel.fr\/index.php?rest_route=%2Fwp%2Fv2%2Fmedia&parent=5823"}],"curies":[{"name":"wp","href":"https:\/\/api.w.org\/{rel}","templated":true}]}}