{"id":5868,"date":"2024-03-28T22:05:13","date_gmt":"2024-03-28T21:05:13","guid":{"rendered":"https:\/\/www.treffendel.fr\/?page_id=5868"},"modified":"2024-07-22T14:41:07","modified_gmt":"2024-07-22T12:41:07","slug":"proces-verbal-du-conseil-municipal-du-26-mars-2024-a-19-h-00","status":"publish","type":"page","link":"https:\/\/www.treffendel.fr\/?page_id=5868","title":{"rendered":"Proc\u00e8s-Verbal du conseil municipal du 26 mars 2024 \u00e0 19 h 00"},"content":{"rendered":"\n<p>Pr\u00e9sents : F. KERGUELEN, P. PERSEHAIE, C. LE ROSSIGNOL, C. BANCHEREAU, M. RAULLINE, C. GODIN, N. FRO, L. BEAUG\u00e9, C. THOMAS, A. LE NET, S. BERTIN, C. DUBOIS.<\/p>\n<p>Absentes\u00a0: S. LONNOY \u2013 M. LACAZE<\/p>\n<h4>Approbation du compte rendu du conseil municipal du 07 mars 2024\u00a0:<\/h4>\n<p>Le compte rendu du 07 mars 2024 est approuv\u00e9 \u00e0 l\u2019unanimit\u00e9 des membres pr\u00e9sents.<\/p>\n<h4>D\u00e9signation d\u2019un secr\u00e9taire de s\u00e9ance\u00a0:<\/h4>\n<p>Conform\u00e9ment \u00e0 l\u2019article L.2121-15 du Code G\u00e9n\u00e9ral des Collectivit\u00e9s Locales, Mme Chantal LE ROSSIGNOL\u00a0est nomm\u00e9e secr\u00e9taire de s\u00e9ance.<\/p>\n<h2>I \u2013 \u00a0FINANCES :<\/h2>\n<h3>1\u00b0 &#8211; vote des Comptes de Gestion 2023<\/h3>\n<p>Madame le Maire rappelle que le compte de gestion constitue la reddition des comptes du comptable public \u00e0 l\u2019ordonnateur (Maire). Il doit \u00eatre vot\u00e9 pr\u00e9alablement au compte administratif.<\/p>\n<p>Apr\u00e8s s\u2019\u00eatre assur\u00e9 que le comptable public a repris dans ses \u00e9critures le montant de chacun des soldes figurant au bilan de l\u2019exercice 2023, celui de tous les titres \u00e9mis et de tous les mandats de paiement ordonnanc\u00e9s et qu\u2019il a proc\u00e9d\u00e9 \u00e0 toutes les op\u00e9rations d\u2019ordre qu\u2019il lui a \u00e9t\u00e9 prescrit de passer dans ses \u00e9critures,<\/p>\n<p>Consid\u00e9rant que les op\u00e9rations de recettes et de d\u00e9penses paraissent r\u00e9guli\u00e8res et suffisamment justifi\u00e9es,<\/p>\n<p>Apr\u00e8s en avoir d\u00e9lib\u00e9r\u00e9, le conseil municipal, \u00e0 l\u2019unanimit\u00e9, approuve le compte de gestion du comptable public pour l\u2019exercice 2023, pour les budgets suivants\u00a0:<\/p>\n<ul>\n<li>Budget principal : COMMUNE<\/li>\n<li>Budget annexe : Assainissement \u2013 DSP<\/li>\n<li>Budget annexe : Boulangerie<\/li>\n<li>Budget annexe : Lotissement l\u2019Etunel<\/li>\n<li>Budget annexe : Lotissement de la Mairie<\/li>\n<li>Budget annexe : Lotissement de l\u2019Eglise.<\/li>\n<\/ul>\n<p>Ces comptes de gestion, vis\u00e9s et certifi\u00e9s conforme par l\u2019ordonnateur, n\u2019appellent ni observation ni r\u00e9serve de sa part sur la tenue des comptes.<\/p>\n<h3>2\u00b0 &#8211; Vote des Comptes Administratifs 2023<\/h3>\n<p>Pr\u00e9sent\u00e9s par Mme Mich\u00e8le RAULLINE, Adjointe aux Finances, \u00e9lue pr\u00e9sidente de la s\u00e9ance,<\/p>\n<table>\n<tbody>\n<tr>\n<td width=\"119\">\n<p>\u00a0<\/p>\n<\/td>\n<td width=\"113\">\n<p>\u00a0<\/p>\n<\/td>\n<td width=\"96\">\n<p>D\u00e9penses r\u00e9alis\u00e9es\u00a0<\/p>\n<\/td>\n<td width=\"96\">\n<p>Recettes r\u00e9alis\u00e9es\u00a0<\/p>\n<\/td>\n<td width=\"87\">\n<p>R\u00e9sultat 2023\u00a0<\/p>\n<\/td>\n<td width=\"85\">\n<p>R\u00e9sultat ant\u00e9rieur<\/p>\n<\/td>\n<td width=\"83\">\n<p>R\u00e9sultat de cl\u00f4ture\u00a0<\/p>\n<\/td>\n<\/tr>\n<tr>\n<td rowspan=\"2\" width=\"119\">\n<p>Budget principal COMMUNE\u00a0<\/p>\n<\/td>\n<td width=\"113\">\n<p>fonctionnement<\/p>\n<\/td>\n<td width=\"96\">\n<p>1\u00a0028\u00a0650.74 \u20ac\u00a0\u00a0\u00a0<\/p>\n<\/td>\n<td width=\"96\">\n<p>1\u00a0161\u00a0268.75 \u20ac\u00a0\u00a0<\/p>\n<\/td>\n<td width=\"87\">\n<p>Exc\u00e9dent 132\u00a0618.01 \u20ac<\/p>\n<\/td>\n<td width=\"85\">\n<p>Exc\u00e9dent de 87\u00a0819.01 \u20ac<\/p>\n<\/td>\n<td width=\"83\">\n<p>Exc\u00e9dent\u00a0\u00a0 220\u00a0437.02 \u20ac<\/p>\n<\/td>\n<\/tr>\n<tr>\n<td width=\"113\">\n<p>investissement<\/p>\n<\/td>\n<td width=\"96\">\n<p>166\u00a0487.47 \u20ac<\/p>\n<\/td>\n<td width=\"96\">\n<p>307\u00a0231.19 \u20ac\u00a0\u00a0\u00a0\u00a0<\/p>\n<\/td>\n<td width=\"87\">\n<p>Exc\u00e9dent 140\u00a0743.72 \u20ac<\/p>\n<\/td>\n<td width=\"85\">\n<p>exc\u00e9dent 112\u00a0685.49 \u20ac<\/p>\n<\/td>\n<td width=\"83\">\n<p>Exc\u00e9dent de 253\u00a0429.21 \u20ac<\/p>\n<\/td>\n<\/tr>\n<tr>\n<td rowspan=\"2\" width=\"119\">\n<p>Budget annexe ASSAINISSEMENT \u2013 STATION (DSP) en H.T.<\/p>\n<\/td>\n<td width=\"113\">\n<p>Fonctionnement<\/p>\n<p>\u00a0<\/p>\n<\/td>\n<td width=\"96\">\n<p>82\u00a0105.89 \u20ac<\/p>\n<\/td>\n<td width=\"96\">\n<p>51\u00a0457.26 \u20ac\u00a0\u00a0\u00a0\u00a0\u00a0\u00a0<\/p>\n<\/td>\n<td width=\"87\">\n<p>D\u00e9ficit 30\u00a0648.63\u00a0 \u20ac<\/p>\n<\/td>\n<td width=\"85\">\n<p>D\u00e9ficit de\u00a0 6\u00a0436.08 \u20ac<\/p>\n<\/td>\n<td width=\"83\">\n<p>d\u00e9ficit de 37\u00a0084.71 \u20ac\u00a0\u00a0\u00a0\u00a0\u00a0\u00a0\u00a0\u00a0\u00a0<\/p>\n<\/td>\n<\/tr>\n<tr>\n<td width=\"113\">\n<p>Investissement<\/p>\n<\/td>\n<td width=\"96\">\n<p>42\u00a0840.29 \u20ac<\/p>\n<\/td>\n<td width=\"96\">\n<p>71\u00a0947.55 \u20ac<\/p>\n<\/td>\n<td width=\"87\">\n<p>Exc\u00e9dent 29\u00a0107.26 \u20ac<\/p>\n<\/td>\n<td width=\"85\">\n<p>Exc\u00e9dent\u00a0 43\u00a0933.91 \u20ac<\/p>\n<\/td>\n<td width=\"83\">\n<p>exc\u00e9dent de 73\u00a0041.17\u00a0 \u20ac<\/p>\n<\/td>\n<\/tr>\n<tr>\n<td rowspan=\"2\" width=\"119\">\n<p>Budget annexe BOULANGERIE en H.T.<\/p>\n<\/td>\n<td width=\"113\">\n<p>Fonctionnement<\/p>\n<p>\u00a0<\/p>\n<\/td>\n<td width=\"96\">\n<p>1\u00a0191.57 \u20ac<\/p>\n<\/td>\n<td width=\"96\">\n<p>4\u00a0200.00 \u20ac<\/p>\n<\/td>\n<td width=\"87\">\n<p>Exc\u00e9dent\u00a0 3\u00a0008.43 \u20ac<\/p>\n<\/td>\n<td width=\"85\">\n<p>Exc\u00e9dent 5\u00a0029.25 \u20ac<\/p>\n<\/td>\n<td width=\"83\">\n<p>Exc\u00e9dent de 8\u00a0037.68 \u20ac\u00a0\u00a0\u00a0\u00a0\u00a0\u00a0\u00a0\u00a0\u00a0<\/p>\n<\/td>\n<\/tr>\n<tr>\n<td width=\"113\">\n<p>Investissement<\/p>\n<\/td>\n<td width=\"96\">\n<p>5\u00a0968.52 \u20ac<\/p>\n<\/td>\n<td width=\"96\">\n<p>1\u00a0453.81 \u20ac<\/p>\n<\/td>\n<td width=\"87\">\n<p>D\u00e9ficit\u00a0 4\u00a0514.71 \u20ac<\/p>\n<\/td>\n<td width=\"85\">\n<p>D\u00e9ficit 1\u00a0453.81 \u20ac<\/p>\n<\/td>\n<td width=\"83\">\n<p>D\u00e9ficit de 5\u00a0968.52 \u20ac<\/p>\n<\/td>\n<\/tr>\n<tr>\n<td rowspan=\"2\" width=\"119\">\n<p>Budget annexe Lotissement de l\u2019Etunel en H.T.<\/p>\n<\/td>\n<td width=\"113\">\n<p>Fonctionnement<\/p>\n<p>\u00a0<\/p>\n<\/td>\n<td width=\"96\">\n<p>61\u00a0835.27 \u20ac<\/p>\n<\/td>\n<td width=\"96\">\n<p>78\u00a0081.72 \u20ac\u00a0\u00a0\u00a0\u00a0\u00a0\u00a0<\/p>\n<\/td>\n<td width=\"87\">\n<p>Exc\u00e9dent 16\u00a0246.45\u00a0 \u20ac<\/p>\n<\/td>\n<td width=\"85\">\n<p>Exc\u00e9dent 66\u00a0972.19\u00a0 \u20ac<\/p>\n<\/td>\n<td width=\"83\">\n<p>Exc\u00e9dent de 83\u00a0218.64 \u20ac<\/p>\n<\/td>\n<\/tr>\n<tr>\n<td width=\"113\">\n<p>Investissement<\/p>\n<\/td>\n<td width=\"96\">\n<p>38\u00a0502.55 \u20ac<\/p>\n<\/td>\n<td width=\"96\">\n<p>35\u00a0946.93 \u20ac<\/p>\n<\/td>\n<td width=\"87\">\n<p>d\u00e9ficit 2\u00a0555.62\u00a0 \u20ac<\/p>\n<\/td>\n<td width=\"85\">\n<p>d\u00e9ficit 35\u00a0946.93\u00a0 \u20ac<\/p>\n<\/td>\n<td width=\"83\">\n<p>d\u00e9ficit de 38\u00a0502.55 \u20ac<\/p>\n<\/td>\n<\/tr>\n<tr>\n<td rowspan=\"2\" width=\"119\">\n<p>Budget annexe Lotissement de la Mairie<\/p>\n<\/td>\n<td width=\"113\">\n<p>Fonctionnement<\/p>\n<p>\u00a0<\/p>\n<\/td>\n<td width=\"96\">\n<p>6\u00a0849.60<\/p>\n<\/td>\n<td width=\"96\">\n<p>0.08<\/p>\n<\/td>\n<td width=\"87\">\n<p>D\u00e9ficit de 6\u00a0849.52\u00a0 \u20ac<\/p>\n<\/td>\n<td width=\"85\">\n<p>Exc\u00e9dent de 0.35 \u20ac<\/p>\n<\/td>\n<td width=\"83\">\n<p>\u00a0<\/p>\n<\/td>\n<\/tr>\n<tr>\n<td width=\"113\">\n<p>Investissement<\/p>\n<\/td>\n<td width=\"96\">\n<p>0.00<\/p>\n<\/td>\n<td width=\"96\">\n<p>0.00<\/p>\n<\/td>\n<td width=\"87\">\n<p>0.00\u00a0 \u20ac<\/p>\n<\/td>\n<td width=\"85\">\n<p>D\u00e9ficit de 49\u00a0420.20 \u20ac<\/p>\n<\/td>\n<td width=\"83\">\n<p>D\u00e9ficit de 49\u00a0420.20 \u20ac<\/p>\n<\/td>\n<\/tr>\n<tr>\n<td rowspan=\"2\" width=\"119\">\n<p>Budget annexe Lotissement de l\u2019\u00e9glise\u00a0<\/p>\n<\/td>\n<td width=\"113\">\n<p>Fonctionnement<\/p>\n<p>\u00a0<\/p>\n<\/td>\n<td width=\"96\">\n<p>83\u00a0296.66<\/p>\n<\/td>\n<td width=\"96\">\n<p>83\u00a0296.66<\/p>\n<\/td>\n<td width=\"87\">\n<p>0.00 \u20ac<\/p>\n<\/td>\n<td width=\"85\">\n<p>0.00 \u20ac<\/p>\n<\/td>\n<td width=\"83\">\n<p>0.00 \u20ac<\/p>\n<\/td>\n<\/tr>\n<tr>\n<td width=\"113\">\n<p>Investissement<\/p>\n<\/td>\n<td width=\"96\">\n<p>83\u00a0296.66<\/p>\n<\/td>\n<td width=\"96\">\n<p>83\u00a0296.66<\/p>\n<\/td>\n<td width=\"87\">\n<p>0.00 \u20ac<\/p>\n<\/td>\n<td width=\"85\">\n<p>d\u00e9ficit 83\u00a0296.66 \u20ac<\/p>\n<\/td>\n<td width=\"83\">\n<p>d\u00e9ficit de 83\u00a0296.66 \u20ac<\/p>\n<\/td>\n<\/tr>\n<\/tbody>\n<\/table>\n<p>Madame le Maire se retire de la salle.<\/p>\n<p>Ensuite, le conseil municipal approuve, \u00e0 l\u2019unanimit\u00e9, les six Comptes Administratifs 2023 de Madame le Maire.<\/p>\n<h3>3\u00b0 &#8211; vote des affectations des r\u00e9sultats<\/h3>\n<h4>Budget COMMUNE :\u00a0 AFFECTATION DU RESULTAT<\/h4>\n<p>La commission \u00ab Finances \u00bb propose d\u2019affecter une large partie du r\u00e9sultat de fonctionnement 2023, soit la somme de 135 000.00 \u20ac \u00e0 l\u2019investissement pour financer les programmes d\u2019investissement engag\u00e9s en 2023\u00a0et conserver le solde de l\u2019exc\u00e9dent (220\u00a0437.02 \u20ac &#8211; 135\u00a0000.00 \u20ac) soit 85\u00a0437.02 \u20ac en section de fonctionnement pour l\u2019ann\u00e9e 2024.<\/p>\n<p>Apr\u00e8s en avoir d\u00e9lib\u00e9r\u00e9, le conseil municipal d\u00e9cide, \u00e0 l\u2019unanimit\u00e9\u00a0d\u2019affecter une partie du r\u00e9sultat de fonctionnement 2023 soit la somme de 135 000.00 \u20ac \u00e0 la section\u00a0d\u2019investissement au C\/1068,\u00a0de maintenir la somme de 85\u00a0437.02 \u20ac en exc\u00e9dent de fonctionnement report\u00e9 au C\/002 au Budget Primitif 2024.<\/p>\n<h4>Budget ASSAINISSEMENT \u2013 DSP : AFFECTATION DU RESULTAT<\/h4>\n<p>La commission \u00ab\u00a0Finances\u00a0\u00bb propose de ne pas affecter de r\u00e9sultat de fonctionnement \u00e0 l\u2019investissement en 2024. En effet, il y a un d\u00e9ficit de fonctionnement de cl\u00f4ture de 2023 d\u2019un montant de 37\u00a0084.71 \u20ac qui est \u00e0 reporter en 2024.<\/p>\n<p>Apr\u00e8s en avoir d\u00e9lib\u00e9r\u00e9, le conseil municipal d\u00e9cide, \u00e0 l\u2019unanimit\u00e9 de ne pas affecter de r\u00e9sultat de fonctionnement en 2024 au C\/1068, de reporter le d\u00e9ficit de fonctionnement de 2023 d\u2019un montant de 37 084.71\u20ac au C\/002 du BP 2024, de reporter l\u2019exc\u00e9dent d\u2019investissement de 2023 d\u2019un montant de 73\u00a0041.17 \u20ac au C\/001 du BP 2024.<\/p>\n<h4>Budget BOULANGERIE\u00a0:\u00a0 AFFECTATION DU RESULTAT\u00a0:<\/h4>\n<p>La commission \u00ab Finances \u00bb propose d\u2019affecter une partie du r\u00e9sultat de fonctionnement 2023, soit la somme de\u00a07 470.00 \u20ac \u00e0 l\u2019investissement pour financer les programmes d\u2019investissement engag\u00e9s en 2023\u00a0et conserver le solde de l\u2019exc\u00e9dent (8\u00a0037.68 \u20ac &#8211; 7\u00a0470.00 \u20ac) soit 567.68 \u20ac en section de fonctionnement pour l\u2019ann\u00e9e 2024.<\/p>\n<p>Apr\u00e8s en avoir d\u00e9lib\u00e9r\u00e9, le conseil municipal d\u00e9cide, \u00e0 l\u2019unanimit\u00e9,\u00a0d\u2019affecter une partie du r\u00e9sultat de fonctionnement 2023 soit la somme de 7 470.00 \u20ac \u00e0 la section\u00a0d\u2019investissement au C\/1068,\u00a0de maintenir la somme de 567.68 \u20ac en exc\u00e9dent de fonctionnement report\u00e9 au C\/002 au Budget Primitif 2024.<\/p>\n<h4>4\u00b0 &#8211; Vote des Budgets Primitifs 2024<\/h4>\n<p>pr\u00e9sent\u00e9s par Mme Mich\u00e8le RAULLINE, Adjointe aux Finances.<\/p>\n<table>\n<tbody>\n<tr>\n<td width=\"119\">\n<p>\u00a0<\/p>\n<\/td>\n<td width=\"113\">\n<p>\u00a0<\/p>\n<\/td>\n<td width=\"96\">\n<p>D\u00e9penses<\/p>\n<\/td>\n<td width=\"96\">\n<p>Recettes<\/p>\n<\/td>\n<\/tr>\n<tr>\n<td rowspan=\"2\" width=\"119\">\n<p>Budget principal COMMUNE\u00a0<\/p>\n<\/td>\n<td width=\"113\">\n<p>Fonctionnement<\/p>\n<\/td>\n<td width=\"96\">\n<p>1\u00a0242\u00a0287.02 \u20ac<\/p>\n<\/td>\n<td width=\"96\">\n<p>1\u00a0242\u00a0287.02 \u20ac<\/p>\n<\/td>\n<\/tr>\n<tr>\n<td width=\"113\">\n<p>Investissement<\/p>\n<\/td>\n<td width=\"96\">\n<p>798\u00a0736.23 \u20ac<\/p>\n<\/td>\n<td width=\"96\">\n<p>798\u00a0736.23 \u20ac<\/p>\n<\/td>\n<\/tr>\n<tr>\n<td rowspan=\"2\" width=\"119\">\n<p>Budget annexe ASSAINISSEMENT \u2013 STATION (DSP) en H.T.<\/p>\n<\/td>\n<td width=\"113\">\n<p>Fonctionnement<\/p>\n<p>\u00a0<\/p>\n<\/td>\n<td width=\"96\">\n<p>119\u00a0544.71 \u20ac<\/p>\n<\/td>\n<td width=\"96\">\n<p>119\u00a0544.71 \u20ac<\/p>\n<\/td>\n<\/tr>\n<tr>\n<td width=\"113\">\n<p>Investissement<\/p>\n<\/td>\n<td width=\"96\">\n<p>163\u00a0400.00 \u20ac<\/p>\n<\/td>\n<td width=\"96\">\n<p>163\u00a0400.00 \u20ac<\/p>\n<\/td>\n<\/tr>\n<tr>\n<td rowspan=\"2\" width=\"119\">\n<p>Budget annexe BOULANGERIE en H.T.<\/p>\n<\/td>\n<td width=\"113\">\n<p>Fonctionnement<\/p>\n<p>\u00a0<\/p>\n<\/td>\n<td width=\"96\">\n<p>5\u00a0417.68 \u20ac<\/p>\n<\/td>\n<td width=\"96\">\n<p>5\u00a0417.68\u00a0 \u20ac<\/p>\n<\/td>\n<\/tr>\n<tr>\n<td width=\"113\">\n<p>Investissement<\/p>\n<\/td>\n<td width=\"96\">\n<p>11\u00a0387.68 \u20ac<\/p>\n<\/td>\n<td width=\"96\">\n<p>11\u00a0387.68\u00a0 \u20ac<\/p>\n<\/td>\n<\/tr>\n<tr>\n<td rowspan=\"2\" width=\"119\">\n<p>Budget annexe Lotissement de l\u2019Etunel en H.T.<\/p>\n<\/td>\n<td width=\"113\">\n<p>Fonctionnement<\/p>\n<p>\u00a0<\/p>\n<\/td>\n<td width=\"96\">\n<p>197\u00a0482.03<\/p>\n<\/td>\n<td width=\"96\">\n<p>197\u00a0482.03<\/p>\n<\/td>\n<\/tr>\n<tr>\n<td width=\"113\">\n<p>Investissement<\/p>\n<\/td>\n<td width=\"96\">\n<p>89\u00a0511.94<\/p>\n<\/td>\n<td width=\"96\">\n<p>89\u00a0511.94<\/p>\n<\/td>\n<\/tr>\n<tr>\n<td rowspan=\"2\" width=\"119\">\n<p>Budget annexe Lotissement de la Mairie<\/p>\n<\/td>\n<td width=\"113\">\n<p>Fonctionnement<\/p>\n<p>\u00a0<\/p>\n<\/td>\n<td width=\"96\">\n<p>145\u00a0480.17<\/p>\n<\/td>\n<td width=\"96\">\n<p>145\u00a0480.17<\/p>\n<\/td>\n<\/tr>\n<tr>\n<td width=\"113\">\n<p>Investissement<\/p>\n<\/td>\n<td width=\"96\">\n<p>194\u00a0890.37<\/p>\n<\/td>\n<td width=\"96\">\n<p>194\u00a0890.37<\/p>\n<\/td>\n<\/tr>\n<tr>\n<td rowspan=\"2\" width=\"119\">\n<p>Budget annexe Lotissement de l\u2019\u00e9glise\u00a0<\/p>\n<\/td>\n<td width=\"113\">\n<p>Fonctionnement<\/p>\n<p>\u00a0<\/p>\n<\/td>\n<td width=\"96\">\n<p>203 307.00<\/p>\n<\/td>\n<td width=\"96\">\n<p>203 307.00<\/p>\n<\/td>\n<\/tr>\n<tr>\n<td width=\"113\">\n<p>Investissement<\/p>\n<\/td>\n<td width=\"96\">\n<p>286 594.00<\/p>\n<\/td>\n<td width=\"96\">\n<p>286 594.00<\/p>\n<\/td>\n<\/tr>\n<\/tbody>\n<\/table>\n<p>Le conseil municipal vote ces six budgets primitifs 2024, \u00e0 l\u2019unanimit\u00e9.<\/p>\n<h4>Taux de Fongibilit\u00e9<\/h4>\n<p>Depuis la nouvelle nomenclature M57, les d\u00e9penses impr\u00e9vues ne sont plus comptabilis\u00e9es. Il convient de voter un taux de fongibilit\u00e9 qui permet des virements de comptes \u00e0 l\u2019int\u00e9rieur de chaque section (Fonctionnement et Investissement) sans avoir recours \u00e0 des d\u00e9cisions modificatives. Le taux maximum est de 7.50 % des d\u00e9penses r\u00e9elles.<\/p>\n<p>Apr\u00e8s en avoir d\u00e9lib\u00e9r\u00e9, le conseil municipal vote un taux de fongibilit\u00e9 de 7.50 % pour l\u2019ensemble des budgets \u2013 M57 (budget principal COMMUNE, budgets annexes\u00a0: Boulangerie, Lotissement L\u2019Etunel, Lotissement de la Mairie et Lotissement de l\u2019Eglise).<\/p>\n<h4>RETROSPECTIVE 2023 par Mr Didier Libouban, Conseiller Local des Finances &#8211; DGFIP<\/h4>\n<p>Mr Libouban, Conseiller Local des Finances, pr\u00e9sente au conseil municipal la fiche de situation financi\u00e8re (2019 \u2013 2023)<\/p>\n<p>Ce qu\u2019il faut retenir\u00a0:<\/p>\n<ul>\n<li>La CAF Brute diminue (179\u00a0000 \u20ac en 2019 \u2013 155\u00a0000 \u20ac en 2023)<\/li>\n<li>La CAF Nette (une fois que toutes les charges sont pay\u00e9es) diminue \u00e9galement\u00a0:<\/li>\n<li>Elle passe de 112 000 \u20ac en 2019 \u00e0 71 000 \u20ac en 2023 : ce montant indique la capacit\u00e9 de financement des investissements sans avoir recours \u00e0 l\u2019emprunt.<\/li>\n<\/ul>\n<p>L\u2019\u00e9volution 2002 \u2013 2023 indique une augmentation des charges de fonctionnement de 12.60 % alors que les recettes de fonctionnement n\u2019augmentent que de 3.10 %.<\/p>\n<p>En conclusion, depuis quelques ann\u00e9es, la commune disposait d\u2019une CAF (Capacit\u00e9 d\u2019Auto-Financement) Nette d\u2019environ 100\u00a0000 \u20ac par an. C\u2019est un indicateur de gestion qui mesure, exercice apr\u00e8s exercice, la capacit\u00e9 de la collectivit\u00e9 \u00e0 d\u00e9gager au niveau de son fonctionnement des ressources propres pour financer des d\u00e9penses d\u2019\u00e9quipement, une fois la dette (capital et int\u00e9r\u00eats des emprunts) rembours\u00e9e.<\/p>\n<p>Cette ann\u00e9e 2023\u00a0: elle n\u2019est que de 71\u00a0000 \u20ac.<\/p>\n<p>Il faut donc \u00eatre vigilant sur les d\u00e9penses. Toutefois, la situation est convenable, au regard de la strate des communes de moins de 2\u00a0000 hab.<\/p>\n<div class=\"wrapper section\">\n<div class=\"section-inner\">\n<div class=\"content\">\n<div id=\"post-5823\" class=\"post single post-5823 page type-page status-publish hentry\">\n<div class=\"post-inner\">\n<div class=\"post-content\">\n<h2>QUESTIONS DIVERSES :<\/h2>\n<h4>PROCHAINES COMMISSIONS\u00a0:<\/h4>\n<ul>\n<li>commission \u00ab\u00a0communication\u00a0\u00bb (feuille d\u2019infos mai 2024)\u00a0: \u00a0mercredi 03 avril \u00e0 19 h 00<\/li>\n<li>commissions \u00ab voirie \u00bb et \u00ab urbanisme \u00bb : jeudi 11 avril 2024 \u00e0 20 h 00<\/li>\n<\/ul>\n<h3>PROCHAINS CONSEILS MUNICIPAUX\u00a0:<\/h3>\n<ul>\n<li>Jeudi 18 avril 2024 \u00e0 20 h 00 (r\u00e9union Adjoints : mardi 9 avril 2024 \u00e0 20 h 00)<\/li>\n<li>Jeudi 16 mai 2024 \u00e0 20 h 00 (r\u00e9union Adjoints : lundi 6 mai 2024 \u00e0 20 h 00)<\/li>\n<li>Jeudi 13 juin 2024 \u00e0 20 h 00 (r\u00e9union Adjoints : mardi 4 juin 2024 \u00e0 20 h 00)<\/li>\n<li>Jeudi 18 juillet 2024 \u00e0 20 h 00 (r\u00e9union Adjoints : mardi 9 juillet 2024 \u00e0 20 h 00)<\/li>\n<li>Jeudi 12 septembre 2024 \u00e0 20 h 00 (r\u00e9union Adjoints : mardi 3 septembre 2024 \u00e0 20 h 00)<\/li>\n<li>Jeudi 10 octobre 2024 \u00e0 20 h 00 (r\u00e9union Adjoints : mardi 1er octobre 2024 \u00e0 20 h 00)<\/li>\n<li>Jeudi 14 novembre 2024 \u00e0 20 h 00 (r\u00e9union Adjoints : mardi 5 novembre 2024 \u00e0 20 h 00)<\/li>\n<li>Jeudi 12 d\u00e9cembre 2024 \u00e0 20 h 00 (r\u00e9union Adjoints (mardi 3 d\u00e9cembre 2024 \u00e0 20 h 00)<\/li>\n<\/ul>\n<\/div>\n<div class=\"clear\">\u00a0<\/div>\n<\/div>\n<\/div>\n<\/div>\n<\/div>\n<\/div>\n","protected":false},"excerpt":{"rendered":"<p>Pr\u00e9sents : F. KERGUELEN, P. PERSEHAIE, C. LE ROSSIGNOL, C. BANCHEREAU, M. RAULLINE, C. GODIN, N. FRO, L. BEAUG\u00e9, C. THOMAS, A. LE NET, S. BERTIN, C. DUBOIS. Absentes\u00a0: S. LONNOY \u2013 M. LACAZE Approbation du compte rendu du conseil municipal du 07 mars 2024\u00a0: Le compte rendu du 07 mars 2024 est approuv\u00e9 \u00e0 [&hellip;]<\/p>\n","protected":false},"author":1,"featured_media":0,"parent":17,"menu_order":0,"comment_status":"closed","ping_status":"closed","template":"","meta":[],"_links":{"self":[{"href":"https:\/\/www.treffendel.fr\/index.php?rest_route=\/wp\/v2\/pages\/5868"}],"collection":[{"href":"https:\/\/www.treffendel.fr\/index.php?rest_route=\/wp\/v2\/pages"}],"about":[{"href":"https:\/\/www.treffendel.fr\/index.php?rest_route=\/wp\/v2\/types\/page"}],"author":[{"embeddable":true,"href":"https:\/\/www.treffendel.fr\/index.php?rest_route=\/wp\/v2\/users\/1"}],"replies":[{"embeddable":true,"href":"https:\/\/www.treffendel.fr\/index.php?rest_route=%2Fwp%2Fv2%2Fcomments&post=5868"}],"version-history":[{"count":5,"href":"https:\/\/www.treffendel.fr\/index.php?rest_route=\/wp\/v2\/pages\/5868\/revisions"}],"predecessor-version":[{"id":6044,"href":"https:\/\/www.treffendel.fr\/index.php?rest_route=\/wp\/v2\/pages\/5868\/revisions\/6044"}],"up":[{"embeddable":true,"href":"https:\/\/www.treffendel.fr\/index.php?rest_route=\/wp\/v2\/pages\/17"}],"wp:attachment":[{"href":"https:\/\/www.treffendel.fr\/index.php?rest_route=%2Fwp%2Fv2%2Fmedia&parent=5868"}],"curies":[{"name":"wp","href":"https:\/\/api.w.org\/{rel}","templated":true}]}}