{"id":5963,"date":"2024-05-23T18:55:04","date_gmt":"2024-05-23T16:55:04","guid":{"rendered":"https:\/\/www.treffendel.fr\/?page_id=5963"},"modified":"2024-07-22T14:39:13","modified_gmt":"2024-07-22T12:39:13","slug":"proces-verbal-du-conseil-municipal-du-16-mai-2024-a-20-h-00","status":"publish","type":"page","link":"https:\/\/www.treffendel.fr\/?page_id=5963","title":{"rendered":"Proc\u00e8s-Verbal du conseil municipal du 16 mai 2024 \u00e0 20 h 00"},"content":{"rendered":"\n<p>Pr\u00e9sents : F. KERGUELEN, P. PERSEHAIE, C. LE ROSSIGNOL, C. BANCHEREAU, M. RAULLINE, C. GODIN, C. THOMAS, M. LACAZE, S. BERTIN, L. BEAUG\u00e9, A. LE NET<\/p>\n<p>Excus\u00e9es : C. DUBOIS (Procuration \u00e0 F. KERGUELEN), S. LONNOY<\/p>\n<p>Absente\u00a0: N. FRO<\/p>\n<h4>Approbation du compte rendu du conseil municipal du 18 avril 2024\u00a0:<\/h4>\n<p>Le compte rendu du 18 avril 2024 est approuv\u00e9 \u00e0 l\u2019unanimit\u00e9 des membres pr\u00e9sents.<\/p>\n<h4>D\u00e9signation d\u2019un secr\u00e9taire de s\u00e9ance\u00a0:<\/h4>\n<p>Conform\u00e9ment \u00e0 l\u2019article L.2121-15 du Code G\u00e9n\u00e9ral des Collectivit\u00e9s Locales, Mr Le Net Aur\u00e9lien est nomm\u00e9 secr\u00e9taire de s\u00e9ance.<\/p>\n<h2>I \u2013 \u00a0VOIRIE<\/h2>\n<h3>1\u00b0 &#8211; Point-\u00e0-Temps\u00a0: 2\u00e8me consultation<\/h3>\n<p>Mr Pierre PERSEHAIE, Adjoint \u00e0 la voirie, rappelle au conseil municipal que lors de la derni\u00e8re s\u00e9ance, il a \u00e9t\u00e9 d\u00e9cid\u00e9 de retenir la proposition d\u2019Eurovia, class\u00e9e la plus avantageuse \u00e9conomiquement du fait du pourcentage d\u2019\u00e9mulsion plus important que la proposition de POMPEI, soit 870 \u20ac la tonne d\u2019\u00e9mulsion pour 20 tonnes annuellement.<\/p>\n<p>Or, apr\u00e8s avoir adress\u00e9 aux 3 entreprises non retenues, le choix de l\u2019entreprise EUROVIA a \u00e9t\u00e9 contest\u00e9, au vu du % d\u2019\u00e9mulsion. En effet, il y a eu une erreur d\u2019interpr\u00e9tation (r\u00e9ponse \u00e0 6 l par m\u00b2 qui ne correspond pas \u00e0 60 % d\u2019\u00e9mulsion). Aussi, pour \u00e9viter tout contentieux, il a \u00e9t\u00e9 d\u00e9cid\u00e9 de relancer une 2\u00e8me consultation avec un % d\u2019\u00e9mulsion exig\u00e9 \u00e0 69 %.<\/p>\n<p>Les propositions des candidats sont les suivantes\u00a0:<\/p>\n<ul>\n<li>EUROVIA Bretagne de Bruz = 858.00 \u20ac HT la tonne,<\/li>\n<li>POMPEI de Mauron = 860.00 \u20ac HT la tonne,<\/li>\n<li>PEROTIN de Breteil = 980.00 \u20ac HT la tonne,<\/li>\n<li>COLAS de Domloup = 1 016.00 \u20ac HT la tonne.<\/li>\n<\/ul>\n<p>Apr\u00e8s en avoir d\u00e9lib\u00e9r\u00e9, le conseil municipal, \u00e0 l\u2019unanimit\u00e9, d\u00e9cide de retenir la proposition de l\u2019Entreprise EUROVIA de Bruz, pour 20 tonnes d\u2019\u00e9mulsion \u2013 Point-\u00e0-Temps par an, \u00e0 raison de 858 \u20ac la tonne pour 2024, et ceci pour une p\u00e9riode de 3 ans de 2024 \u00e0 2026. Le prix sera revu les deux derni\u00e8res ann\u00e9es (2025 et 2026).\u00a0<\/p>\n<h3>2\u00b0 &#8211; Eclairage public\u00a0: r\u00e9novation par des ampoules LED<\/h3>\n<p>Mr Pierre PERSEHAIE, Adjoint \u00e0 la voirie informe le conseil municipal que lors de la derni\u00e8re s\u00e9ance du conseil municipal, il a \u00e9t\u00e9 d\u00e9cid\u00e9 de reporter la d\u00e9cision de r\u00e9novation de l\u2019int\u00e9gralit\u00e9 du parc des points lumineux (217) de l\u2019\u00e9clairage public par des ampoules LED, suite \u00e0 une rencontre programm\u00e9e avec CITEOS, le 30 avril 2024 afin d\u2019obtenir des renseignements techniques et la constitution des dossiers de subvention (SDE 35 + Etat\u00a0: Fonds verts).<\/p>\n<p>Une observation est formul\u00e9e quant aux lampadaires inscrits sur le plan au sujet de la r\u00e9sidence des marronniers.<\/p>\n<p>Ils doivent \u00eatre enlev\u00e9s du recensement du fait que c\u2019est une r\u00e9sidence priv\u00e9e.<\/p>\n<p>Le conseil municipal propose de leur adresser un courrier afin de conna\u00eetre leur souhait pour le remplacement par des ampoules LED.<\/p>\n<p>D\u2019autre part, Mr Persehaie Pierre va demander la confirmation \u00e0 CITEOS du non recensement de points lumineux (Ex. rue des Lilas) car ceux-ci sont d\u00e9j\u00e0 \u00e9quip\u00e9s d\u2019ampoules LED.<\/p>\n<p>Au vu de ces questions, ce point sera revu \u00e0 la prochaine s\u00e9ance.<\/p>\n<h3>3\u00b0 &#8211; Rue d\u2019Armorique\u00a0: lot N\u00b0 03 \u00ab\u00a0Am\u00e9nagements paysagers\u00a0\u00bb<\/h3>\n<p>Mme le Maire informe le conseil municipal que le cabinet INFRA a fait part d\u2019une erreur de report de chiffres dans le rapport d\u2019analyse des offres concernant le lot N\u00b0 03 \u00ab\u00a0Am\u00e9nagements paysagers\u00a0\u00bb. Le devis de l\u2019entreprise retenue \u00abNature et Paysage\u00a0\u00bb de B\u00e9d\u00e9e s\u2019\u00e9l\u00e8ve \u00e0<\/p>\n<p><strong>13 521.70 \u20ac HT soit 16 226.04 \u20ac TTC<\/strong><br \/><span style=\"font-size: inherit;\">au lieu de 12 957.30 \u20ac HT soir 15 548.76 \u20ac TTC.<\/span><\/p>\n<p>Toutefois, le classement des offres reste identique et cette proposition reste la plus avantageuse \u00e9conomiquement. Il convient donc d\u2019accepter cette offre et annuler la d\u00e9lib\u00e9ration en date du 18 avril 2024.<\/p>\n<p>Apr\u00e8s en avoir d\u00e9lib\u00e9r\u00e9, le conseil municipal d\u00e9cide \u00e0 l\u2019unanimit\u00e9 de retenir l\u2019offre de Nature et Paysage \u00bb de B\u00e9d\u00e9e pour un montant HT de 13 521.70 \u20ac, concernant le lot N\u00b0 03 \u00ab Am\u00e9nagements paysagers \u00bb de la Rue d\u2019Armorique, et d\u2019annuler partiellement la d\u00e9lib\u00e9ration N\u00b0 24-04-04 du 18 avril 2024.<\/p>\n<h3>4\u00b0 &#8211; Programme d\u2019investissement voirie de 2024<\/h3>\n<p>Mme le Maire rappelle au conseil municipal que lors de la derni\u00e8re s\u00e9ance, le conseil municipal a d\u00e9cid\u00e9 de lancer un appel d\u2019offres pour des travaux de modernisation des voies de la \u00ab Besnardais \u00bb\u00a0et du \u00ab\u00a0Breil\u00a0\u00bb (sur une longueur de 300 m\u00e8tres), au vu du cahier des charges suivant\u00a0:<\/p>\n<ul>\n<li>Ancrage par rabotage<\/li>\n<li>d\u00e9finir le nombre de m\u00b2 des voies concern\u00e9es :<br \/>&#8211; balayage du support<br \/>&#8211; couche d\u2019accrochage<br \/>&#8211; r\u00e9alisation d\u2019enrob\u00e9 0\/10 \u00e0 chaud sur 7 cm<\/li>\n<\/ul>\n<ul>\n<li>calage d\u2019accotement<\/li>\n<\/ul>\n<p>Les offres doivent \u00eatre d\u00e9pos\u00e9es pour le 28 mai 2024 \u00e0 12 h 00.<\/p>\n<p>Une commission \u00ab\u00a0voirie\u00a0\u00bb est programm\u00e9e le lundi 03 juin \u00e0 20 h 00 pour analyse des offres.<\/p>\n<h2>II &#8211; INTERCOMMUNALITE<\/h2>\n<h3>1\u00b0 &#8211; Comp\u00e9tence MOBILITE<\/h3>\n<p>Conform\u00e9ment aux dispositions r\u00e9glementaires (Article L. 1214-36-1 du Code des Transports) et en qualit\u00e9 de PPA (Personnes Publiques Associ\u00e9es), la commune de Treffendel doit faire part de ses observations sur le projet de Plan De Mobilit\u00e9 Simplifi\u00e9 (PDMS), arr\u00eat\u00e9 par le conseil communautaire le 11 mars 2024, dans un d\u00e9lai de 3 mois \u00e0 compter de la r\u00e9ception du courrier (soit jusqu\u2019au 18 juin 2024).<\/p>\n<p>Le projet est consultable sur le lien suivant\u00a0:<\/p>\n<p><a href=\"https:\/\/sesf.megalis.bretagne.bzh\/public\/1c56ba1361a0\">https:\/\/sesf.megalis.bretagne.bzh\/public\/1c56ba1361a0<\/a><\/p>\n<p>Apr\u00e8s une pr\u00e9sentation, il en ressort que le projet de mobilit\u00e9 simplifi\u00e9 est ambitieux. Le conseil municipal n\u2019\u00e9met pas de remarques particuli\u00e8res.<\/p>\n<h3>2\u00b0 &#8211; Modification statutaire \u2013 assainissement collectif des eaux us\u00e9es<\/h3>\n<p>Madame le Maire indique au conseil municipal que le 08 avril dernier, le conseil communautaire a \u00e9mis un avis favorable en faveur du transfert de la comp\u00e9tence \u00ab\u00a0assainissement collectif des eaux us\u00e9es\u00a0\u00bb \u00e0 Broc\u00e9liande Communaut\u00e9 \u00e0 compter du 1er janvier 2025 (au titre des comp\u00e9tences suppl\u00e9mentaires dans un premier temps, puis au titre des comp\u00e9tences obligatoires \u00e0 compter du 1er janvier 2026).<\/p>\n<p>Aussi, il convient aux 8 conseils municipaux de d\u00e9lib\u00e9rer sur ce transfert de comp\u00e9tence avant 08 juillet 2024 (d\u00e9lai maximal de 3 mois).<\/p>\n<p>La d\u00e9lib\u00e9ration communautaire du 08 avril 2024 est pr\u00e9sent\u00e9e au conseil municipal.<\/p>\n<p>Apr\u00e8s en avoir d\u00e9lib\u00e9r\u00e9, le conseil municipal d\u00e9cide \u00e0 l\u2019unanimit\u00e9 d\u2019accepter le transfert de la comp\u00e9tence \u00ab assainissement collectif des eaux us\u00e9es \u00bb \u00e0 Broc\u00e9liande Communaut\u00e9 \u00e0 compter du 1er janvier 2025 (au titre des comp\u00e9tences suppl\u00e9mentaires dans un premier temps, puis au titre des comp\u00e9tences obligatoires \u00e0 compter du 1er janvier 2026), et de conserver la comp\u00e9tence communale \u00ab\u00a0gestion des eaux pluviales\u00a0\u00bb.<\/p>\n<h3>3\u00b0 &#8211; Dispositif \u00ab\u00a0Habitats L\u00e9gers\u00a0\u00bb\u00a0: lancement de l\u2019\u00e9tude \u00ab\u00a0loi sur l\u2019eau\u00a0\u00bb<\/h3>\n<p>Madame le Maire informe le conseil municipal d\u2019une demande de Broc\u00e9liande Communaut\u00e9 concernant l\u2019exp\u00e9rimentation \u00ab\u00a0Habitats l\u00e9gers\u00a0\u00bb concernant l\u2019\u00e9tat d\u2019avancement et positionnement. En effet, au vu des r\u00e9sultats du terrain d\u00e9clar\u00e9 en zone humide en int\u00e9gralit\u00e9, il convient de modifier le d\u00e9roul\u00e9 des 3 phases initialement pr\u00e9vu.<\/p>\n<p>De ce fait, le dossier Loi sur l\u2019Eau sous Assistance \u00e0 Ma\u00eetrise d\u2019Ouvrage communale doit \u00eatre int\u00e9gr\u00e9 d\u00e8s la phase 1 (Etudes pr\u00e9 op\u00e9rationnelles) dont le co\u00fbt est estim\u00e9 \u00e0 11\u00a0872 \u20ac HT.<\/p>\n<p>Apr\u00e8s en avoir d\u00e9lib\u00e9r\u00e9, le conseil municipal accepte d\u2019int\u00e9grer le dossier Loi sur l\u2019Eau pour l\u2019exp\u00e9rimentation \u00ab\u00a0Habitats L\u00e9gers\u00a0\u00bb d\u00e8s la phase 1 du projet et de prendre en charge le co\u00fbt de cette \u00e9tude. Cette d\u00e9cision est prise \u00e0 l\u2019unanimit\u00e9 moins une abstention (Serge Bertin).<\/p>\n<p>\u00a0<\/p>\n<h2>III \u2013 URBANISME<\/h2>\n<h3>1\u00b0 &#8211; Lotissement \u00ab\u00a0L\u2019Etunel\u00a0\u00bb\u00a0: vente du lot N\u00b0 04<\/h3>\n<p>Mr Charl\u00e9ric Banchereau, Adjoint \u00e0 l\u2019Urbanisme, indique au conseil municipal que l\u2019office notarial de Pl\u00e9lan-le-Grand est charg\u00e9 de la r\u00e9daction de l\u2019acte de vente du lot N\u00b0 04, AB 241 d\u2019une surface de 235 m\u00b2, \u00e0 Mme Sabrina MENUGE, pour un montant de 26\u00a0910 \u20ac HT (voir plan ci-joint). Pour ce faire, le conseil municipal doit d\u00e9lib\u00e9rer pour accepter la vente.<\/p>\n<p>Apr\u00e8s en avoir d\u00e9lib\u00e9r\u00e9, le conseil municipal d\u00e9cide, \u00e0 l\u2019unanimit\u00e9, d\u2019accorder la vente du lot N\u00b0 04, cadastr\u00e9 section AB 241 d\u2019une surface de 235 m\u00b2, \u00e0 raison de 26 910 \u20ac HT, \u00e0 Mme Sabrina MENUGE, de solliciter l\u2019office notarial de Pl\u00e9lan-le-Grand pour la r\u00e9daction de l\u2019acte, et d\u2019autoriser Madame le Maire \u00e0 signer l\u2019acte de vente et toutes documents s\u2019y rapportant.<\/p>\n<h3>2\u00b0 &#8211; Droit de Pr\u00e9emption Urbain\u00a0: parcelle AD N\u00b0 75<\/h3>\n<p>Mr Charl\u00e9ric Banchereau, Adjoint \u00e0 l\u2019urbanisme, informe le conseil municipal qu\u2019il a \u00e9t\u00e9 re\u00e7u en mairie une D\u00e9claration d\u2019Intention d\u2019Ali\u00e9ner pour la parcelle b\u00e2tie cadastr\u00e9e section AD 75, sise \u00e0 1 rue de Broc\u00e9liande,\u00a0d\u2019une surface de 975 m\u00b2. Il est propos\u00e9 de ne pas faire valoir le droit de pr\u00e9emption.<\/p>\n<p>Apr\u00e8s en avoir d\u00e9lib\u00e9r\u00e9, le conseil municipal d\u00e9cide, \u00e0 l\u2019unanimit\u00e9 de renoncer \u00e0 son droit de pr\u00e9emption urbain sur la parcelle AD N\u00b0 75, sise \u00e0 1 rue de Broc\u00e9liande, d\u2019une surface de 975 m\u00b2.<\/p>\n<h2>IV \u2013 BATIMENTS COMMUNAUX :<\/h2>\n<h3>Ecole\u00a0: installation d\u2019un abri v\u00e9g\u00e9tal<\/h3>\n<p>Lors du vote du Budget Primitif 2024, il a \u00e9t\u00e9 inscrit une ligne budg\u00e9taire d\u2019un montant de 25\u00a0000 \u20ac pour la cr\u00e9ation d\u2019un abri v\u00e9g\u00e9tal contre la chaleur.<\/p>\n<p>D\u2019autre part, il est rappel\u00e9 que le porteur de projet des \u00e9oliennes de Monterfil (ABO WIND) s\u2019est engag\u00e9 \u00e0 attribuer une subvention d\u2019un montant de 20\u00a0000 \u20ac dans le cadre d\u2019un am\u00e9nagement paysager.<\/p>\n<p>Il a \u00e9t\u00e9 re\u00e7u un devis de Barbot Paysage de Paimpont qui propose le mod\u00e8le \u00ab\u00a0Telhou\u00ebt\u00a0\u00bb d\u2019un diam\u00e8tre de 6 m pour une superficie de 28.30 m\u00b2 environ, pour un co\u00fbt de 32\u00a0150 \u20ac H.T. \u2013 38\u00a0580 \u20ac TTC.<\/p>\n<p>Ce type d\u2019\u00e9quipement peut \u00e9galement b\u00e9n\u00e9ficier d\u2019une aide \u00ab\u00a0Etat\u00a0\u00bb au titre du dispositif NEFLE (Notre Ecole Faisons-La Ensemble) au titre de \u00ab\u00a0classe en ext\u00e9rieur\u00a0\u00bb.<\/p>\n<p>Le conseil municipal s\u2019interroge sur la dur\u00e9e de la garantie de cet \u00e9quipement. De plus, le co\u00fbt para\u00eet \u00e9lev\u00e9.<\/p>\n<p>Il est donc propos\u00e9 de contacter d\u2019autres fournisseurs pour la r\u00e9alisation d\u2019un \u00e9quipement de m\u00eame style.<\/p>\n<p>A revoir \u00e0 la prochaine s\u00e9ance<\/p>\n<h2>QUESTIONS DIVERSES :<\/h2>\n<h3>D\u00e9l\u00e9gations du Maire par le conseil municipal<\/h3>\n<p>Rue d\u2019Armorique\u00a0: signature d\u2019un devis de CITEOS pour d\u00e9placement de 2 cand\u00e9labres\u00a0= 5\u00a0040 \u20ac HT \u2013 6\u00a0048.00 \u20ac TTC (Pour m\u00e9moire BP = 30\u00a0000 \u20ac pour les travaux de r\u00e9seaux -Eclairage public et t\u00e9l\u00e9phone).<\/p>\n<p>Tableau des tours de garde pour les \u00e9lections europ\u00e9ennes du dimanche 09 juin.<\/p>\n<h3>PROCHAINES COMMISSIONS\u00a0:<\/h3>\n<p>Commission Voirie : lundi 03 juin 2024 \u00e0 20 h 00<\/p>\n<p>Commission \u00ab Vie Associative \u00bb : Mercredi 26 juin 2024 \u00e0 20 h 00<br \/>(calendrier des f\u00eates 2025 \u2013 forum des associations \u2013 journ\u00e9e b\u00e9n\u00e9vole)<\/p>\n<h3>PROCHAINS CONSEILS MUNICIPAUX<\/h3>\n<ul>\n<li>Jeudi 13 juin 2024 \u00e0 20 h 00 (r\u00e9union Adjoints : mardi 4 juin 2024 \u00e0 20 h 00)<\/li>\n<li>Jeudi 18 juillet 2024 \u00e0 20 h 00 (r\u00e9union Adjoints : mardi 9 juillet 2024 \u00e0 20 h 00)<\/li>\n<li>Jeudi 12 septembre 2024 \u00e0 20 h 00 (r\u00e9union Adjoints : mardi 3 septembre 2024 \u00e0 20 h 00)<\/li>\n<li>Jeudi 10 octobre 2024 \u00e0 20 h 00 (r\u00e9union Adjoints : mardi 1er octobre 2024 \u00e0 20 h 00)<\/li>\n<li>Jeudi 14 novembre 2024 \u00e0 20 h 00 (r\u00e9union Adjoints : mardi 5 novembre 2024 \u00e0 20 h 00)<\/li>\n<li>Jeudi 12 d\u00e9cembre 2024 \u00e0 20 h 00 (r\u00e9union Adjoints (mardi 3 d\u00e9cembre 2024 \u00e0 20 h 00)<\/li>\n<\/ul>\n","protected":false},"excerpt":{"rendered":"<p>Pr\u00e9sents : F. KERGUELEN, P. PERSEHAIE, C. LE ROSSIGNOL, C. BANCHEREAU, M. RAULLINE, C. GODIN, C. THOMAS, M. LACAZE, S. BERTIN, L. BEAUG\u00e9, A. LE NET Excus\u00e9es : C. DUBOIS (Procuration \u00e0 F. KERGUELEN), S. LONNOY Absente\u00a0: N. FRO Approbation du compte rendu du conseil municipal du 18 avril 2024\u00a0: Le compte rendu du 18 [&hellip;]<\/p>\n","protected":false},"author":1,"featured_media":0,"parent":17,"menu_order":0,"comment_status":"closed","ping_status":"closed","template":"","meta":[],"_links":{"self":[{"href":"https:\/\/www.treffendel.fr\/index.php?rest_route=\/wp\/v2\/pages\/5963"}],"collection":[{"href":"https:\/\/www.treffendel.fr\/index.php?rest_route=\/wp\/v2\/pages"}],"about":[{"href":"https:\/\/www.treffendel.fr\/index.php?rest_route=\/wp\/v2\/types\/page"}],"author":[{"embeddable":true,"href":"https:\/\/www.treffendel.fr\/index.php?rest_route=\/wp\/v2\/users\/1"}],"replies":[{"embeddable":true,"href":"https:\/\/www.treffendel.fr\/index.php?rest_route=%2Fwp%2Fv2%2Fcomments&post=5963"}],"version-history":[{"count":3,"href":"https:\/\/www.treffendel.fr\/index.php?rest_route=\/wp\/v2\/pages\/5963\/revisions"}],"predecessor-version":[{"id":6042,"href":"https:\/\/www.treffendel.fr\/index.php?rest_route=\/wp\/v2\/pages\/5963\/revisions\/6042"}],"up":[{"embeddable":true,"href":"https:\/\/www.treffendel.fr\/index.php?rest_route=\/wp\/v2\/pages\/17"}],"wp:attachment":[{"href":"https:\/\/www.treffendel.fr\/index.php?rest_route=%2Fwp%2Fv2%2Fmedia&parent=5963"}],"curies":[{"name":"wp","href":"https:\/\/api.w.org\/{rel}","templated":true}]}}