{"id":6034,"date":"2024-07-22T14:35:56","date_gmt":"2024-07-22T12:35:56","guid":{"rendered":"https:\/\/www.treffendel.fr\/?page_id=6034"},"modified":"2024-07-22T17:33:03","modified_gmt":"2024-07-22T15:33:03","slug":"proces-verbal-du-conseil-municipal-du-mercredi-17-juillet-2024-a-20-h-00","status":"publish","type":"page","link":"https:\/\/www.treffendel.fr\/?page_id=6034","title":{"rendered":"Proc\u00e8s-Verbal du conseil municipal du mercredi 17 juillet 2024 \u00e0 20 h 00"},"content":{"rendered":"\n<p>Pr\u00e9sents : F. KERGUELEN, P. PERSEHAIE, C. LE ROSSIGNOL, M. RAULLINE, C. GODIN, L. BEAUGE, A. LE NET, S. LONNOY, M. LACAZE, C. THOMAS<\/p>\n<p>Excus\u00e9s : C. BANCHEREAU (Procuration \u00e0 P. PERSEHAIE), S. BERTIN (Procuration \u00e0 C. GODIN) N. FRO, C. DUBOIS.<\/p>\n<p>Le compte rendu du 13 juin 2024 est approuv\u00e9 \u00e0 l\u2019unanimit\u00e9 des membres pr\u00e9sents.<\/p>\n<p>Conform\u00e9ment \u00e0 l\u2019article L.2121-15 du Code G\u00e9n\u00e9ral des Collectivit\u00e9s Locales, Mme LONNOY Sophie est nomm\u00e9e\u00a0 secr\u00e9taire de s\u00e9ance.<\/p>\n<h2>I \u2013 \u00a0PERSONNEL COMMUNAL :<\/h2>\n<h3>1\u00b0 &#8211; Mise en place des titres-restaurant\u00a0: autorisation de signature de l\u2019accord-cadre<\/h3>\n<p>Madame le Maire informe l\u2019assembl\u00e9e qu\u2019une mise en concurrence a \u00e9t\u00e9 r\u00e9alis\u00e9e sous la forme d\u2019une proc\u00e9dure formalis\u00e9e en appel d\u2019offres ouvert pour permettre la mise en place des titres restaurants pour les agents \u00e0 compter du 1er septembre 2024. Cette mise en concurrence a \u00e9t\u00e9 r\u00e9alis\u00e9e sous la forme d\u2019un groupement de commandes avec l\u2019ensemble des communes. L\u2019estimation globale des accords-cadres d\u2019une dur\u00e9e de 4 ans \u00e9tant sup\u00e9rieure au seuil europ\u00e9en de 221\u00a0000,00 euros hors taxes la proc\u00e9dure de passation a \u00e9t\u00e9 celle de l\u2019appel d\u2019offres ouvert.<\/p>\n<p>L\u2019avis d\u2019appel public \u00e0 concurrence a \u00e9t\u00e9 publi\u00e9 au journal Ouest France d\u2019Ille-et-Vilaine, au Journal Officiel de l\u2019Union Europ\u00e9enne (JOUE) ainsi qu\u2019au Bulletin Officiel des Annonces de March\u00e9s Publics (BOAMP). Le dossier de consultation des entreprises a \u00e9t\u00e9 mis en ligne le 15 avril 2024 sur le profil acheteur de Broc\u00e9liande Communaut\u00e9, la salle des march\u00e9s M\u00e9galis.<\/p>\n<p>La date limite de r\u00e9ception des candidatures et des offres \u00e9tait fix\u00e9e au 16 mai 2024 \u00e0 12h00.<\/p>\n<p>27 plis ont \u00e9t\u00e9 d\u00e9pos\u00e9es dans les d\u00e9lais.<\/p>\n<p>La proc\u00e9dure de passation est d\u00e9compos\u00e9e en 9 lots\u00a0:<\/p>\n<ul>\n<li>Lot n\u00b01- Titres-restaurant pour les agents de Broc\u00e9liande Communaut\u00e9<\/li>\n<li>Lot n\u00b02- Titres-restaurant pour les agents de Br\u00e9al-sous-Montfort<\/li>\n<li>Lot n\u00b03- Titres-restaurant pour les agents de Maxent<\/li>\n<li>Lot n\u00b04- Titres-restaurant pour les agents de Monterfil<\/li>\n<li>Lot n\u00b05- Titres-restaurant pour les agents de Paimpont<\/li>\n<li>Lot n\u00b06- Titres-restaurant pour les agents de Pl\u00e9lan-le-Grand<\/li>\n<li>Lot n\u00b07- Titres-restaurant pour les agents de Saint-P\u00e9ran<\/li>\n<li>Lot n\u00b08- Titres-restaurant pour les agents de Saint-Thurial<\/li>\n<li>Lot n\u00b09- Titres-restaurant pour les agents de Treffendel<\/li>\n<\/ul>\n<p>La commission d\u2019appel d\u2019offres (CAO) lors de sa r\u00e9union du 07 juin 2024 a attribu\u00e9 chaque lot au soumissionnaire ayant pr\u00e9sent\u00e9 l&rsquo;offre \u00e9conomiquement la plus avantageuse.<\/p>\n<p>Conform\u00e9ment aux stipulations de la convention de groupement de commandes, il revient \u00e0 l\u2019assembl\u00e9e d\u00e9lib\u00e9rante de chaque membre du groupement de valider l\u2019attribution du lot concern\u00e9 au soumissionnaire d\u00e9sign\u00e9 par la commission d\u2019appel d\u2019offres et d\u2019autoriser la signature de l\u2019accord-cadre.<\/p>\n<p>Pour le \u00ab\u00a0lot n\u00b09-Titres-restaurant pour les agents de TREFFENDEL\u00a0\u00bb l\u2019attributaire d\u00e9sign\u00e9 est la soci\u00e9t\u00e9 Swile. Il est pr\u00e9cis\u00e9 que l\u2019offre ne pr\u00e9voit aucun frais annexe au financement des titres-restaurant.<\/p>\n<p>Apr\u00e8s en avoir d\u00e9lib\u00e9r\u00e9, le conseil municipal,\u00a0 \u00e0 l\u2019unanimit\u00e9,\u00a0VALIDE l\u2019attribution du lot n\u00b09 Titres-restaurant pour les agents de TREFFENDEL \u00e0 la soci\u00e9t\u00e9 Swile d\u00e9sign\u00e9e attributaire par la commission d\u2019appel d\u2019offres et\u00a0AUTORISE la signature de l\u2019accord-cadre susmentionn\u00e9, par Mme Fran\u00e7oise KERGUELEN, Maire.<\/p>\n<h3>2\u00b0 &#8211; Demande de diminution de temps de travail\u00a0: Agente ASEM Principal 1\u00e8re classe<\/h3>\n<p>Mme le Maire informe le conseil municipal de la demande de Mme Christ\u00e8le CHICARD, employ\u00e9e au grade d\u2019ASEM Principal 1\u00e8re classe, actuellement titulaire de son poste \u00e0 raison d\u2019un salaire annualis\u00e9 de 32.00 \/ 35\u00e8me. Cette agente souhaite prendre un cong\u00e9 de disponibilit\u00e9 pour convenances personnelles de 3 mois du lundi 06 janvier 2025 au vendredi 18 avril 2025 et souhaite le maintien de son salaire annualis\u00e9 sur 12 mois. Par cons\u00e9quent, l\u2019annualisation a \u00e9t\u00e9 calcul\u00e9e sur la base de 36 semaines scolaires \u2013 11 semaines non-effectu\u00e9es, ce qui correspond \u00e0 un salaire annualis\u00e9 de 22.50 \/ 35\u00e8me du 1er septembre 2024 au 31 ao\u00fbt 2025. L\u2019agente est d\u2019accord sur ce dispositif.<\/p>\n<p>Par cons\u00e9quent, il vous est demand\u00e9 de diminuer le temps de travail de ce poste d\u2019ASEM Principal 1\u00e8re classe, \u00e0 raison de 22.50 \/ 35\u00e8me du 1er septembre 2024 au 31 ao\u00fbt 2025.<\/p>\n<p>Apr\u00e8s en avoir d\u00e9lib\u00e9r\u00e9, le conseil municipal d\u00e9cide, \u00e0 l\u2019unanimit\u00e9, de diminuer le temps de travail de Mme Christ\u00e8le CHICARD, ASEM Principal 1\u00e8re classe, \u00e0 raison de 22.50\/35\u00e8me du 1er septembre 2024 au 31 ao\u00fbt 2025.<\/p>\n<h3>3\u00b0 &#8211; Convention de participation risque pr\u00e9voyance \u00ab\u00a0maintien de salaire\u00a0\u00bb<\/h3>\n<p>Madame le Maire indique au conseil municipal que le contrat collectif de pr\u00e9voyance des agents souscrit par la commune de TREFFENDEL dans le cadre d\u2019un groupement mutualis\u00e9 avec Broc\u00e9liande communaut\u00e9 arrive \u00e0 terme le 31 d\u00e9cembre 2024.\u00a0 Il permet aux agents de cotiser pour leur pr\u00e9voyance \u00ab\u00a0maintien de salaire\u00a0\u00bb en cas de maladie\u00a0 au-del\u00e0 de 90 jours et de b\u00e9n\u00e9ficier d\u2019une participation employeur de 10 \u20ac (pour un agent \u00e0 temps complet \u2013 aide attribu\u00e9e au prorata du temps de travail).<\/p>\n<p>Le contrat mutualis\u00e9 ne va pas \u00eatre reconduit.<\/p>\n<p>Les communes sont invit\u00e9es \u00e0 se rapprocher du CDG35 qui a un contrat groupe avec \u00abTerritoria Mutuelle\u00a0\u00bb\u00a0via \u00ab\u00a0Alternative Courtage\u00a0\u00bb (notre prestataire actuel).<\/p>\n<p>Nous avons re\u00e7u \u00e9galement une proposition de GROUPAMA.<\/p>\n<table style=\"width: 100%; height: 609px;\">\n<tbody>\n<tr style=\"height: 117px;\">\n<td style=\"height: 117px; width: 45.1724%;\" width=\"368\">\n<p>Garanties d\u2019assurance<\/p>\n<\/td>\n<td style=\"height: 117px; text-align: center; width: 26.3793%;\" width=\"151\">\n<p>Territoria Mutuelle<\/p>\n<\/td>\n<td style=\"height: 117px; text-align: center; width: 26.8965%;\" width=\"141\">\n<p>GROUPAMA<\/p>\n<\/td>\n<\/tr>\n<tr style=\"height: 88px;\">\n<td style=\"height: 88px; width: 45.1724%;\">\n<p>Garanties obligatoires<\/p>\n<\/td>\n<td style=\"height: 88px; width: 53.2758%;\" colspan=\"2\">\n<p style=\"text-align: center;\">de base<\/p>\n<\/td>\n<\/tr>\n<tr style=\"height: 117px;\">\n<td style=\"height: 117px; width: 45.1724%;\">\n<p>Incapacit\u00e9 travail<\/p>\n<\/td>\n<td style=\"height: 117px; width: 53.2758%;\" colspan=\"2\">\n<p>(1\/2 traitement) avec 90 % TI + NBI + RI<\/p>\n<\/td>\n<\/tr>\n<tr style=\"height: 287px;\">\n<td style=\"height: 287px; width: 45.1724%;\" width=\"368\">\n<p>Invalidit\u00e9 avec 90 % du TI + NBI<\/p>\n<\/td>\n<td style=\"height: 287px; width: 26.3793%;\" width=\"151\">\n<p style=\"text-align: center;\">Taux 1.64 %<\/p>\n<\/td>\n<td style=\"height: 287px; width: 26.8965%;\" width=\"141\">\n<p style=\"text-align: center;\">Taux 2.17 %<br \/>(d\u00e9c\u00e8s et PTIA\u00a0: 100 % du SAB)<\/p>\n<\/td>\n<\/tr>\n<tr>\n<td style=\"width: 45.1724%;\">\n<p>D\u00e9c\u00e8s et PTIA<\/p>\n<\/td>\n<td style=\"width: 53.2758%;\" colspan=\"2\">\n<p style=\"text-align: center;\">25 % du SAB (Salaire Annuel Brut)<\/p>\n<\/td>\n<\/tr>\n<\/tbody>\n<\/table>\n<p>Il vous est propos\u00e9 de retenir la convention de participation risque pr\u00e9voyance des agents avec le CDG35 via \u00ab\u00a0Territoria Mutuelle\u00a0\u00bb.<\/p>\n<p>Apr\u00e8s en avoir d\u00e9lib\u00e9r\u00e9, le conseil municipal d\u00e9cide, \u00e0 l\u2019unanimit\u00e9, d\u2019adh\u00e9rer \u00e0 la convention de participation risque pr\u00e9voyance propos\u00e9e par le CDG d\u2019Ille-et-Vilaine aux conditions tarifaires mutualis\u00e9es STANDARD, au taux de 1.64 %, pour les garanties obligatoires, et ceci, \u00e0 compter du 1er janvier 2025.<\/p>\n<h2>II \u2013 FINANCES :<\/h2>\n<h3>Admission en non-valeur<\/h3>\n<p>Mme Mich\u00e8le RAULLINE, Adjointe aux finances, informe le conseil municipal qu\u2019il a \u00e9t\u00e9 re\u00e7u en mairie de la part de la tr\u00e9sorerie de Montfort-sur-Meu, la liste des titres de cantine \u00e0 admettre en non-valeur apr\u00e8s toutes les interventions de poursuites pour les ann\u00e9es 2020 &#8211; 2021. Le total s\u2019\u00e9l\u00e8ve \u00e0 811.65 \u20ac.<\/p>\n<p>Pour m\u00e9moire en 2023\u00a0: 2\u00a0898.33 \u20ac. Au BP 2024\u00a0: il a \u00e9t\u00e9 inscrit une somme de 4\u00a0000 \u20ac au C\/681. Erreur d\u2019imputation budg\u00e9taire. Les impay\u00e9s sont au C\/673. Pr\u00e9voir une D\u00e9cision Modificative de Virements de comptes.<\/p>\n<p>Il vous est propos\u00e9 d\u2019accepter d\u2019admettre en non valeur les impay\u00e9s cantine (2021 \u2013 2022) pour un montant de 811.65 \u20ac soit 0.98 % de la Recette globale cantine 2023 = 82\u00a0843.90 \u20ac.<\/p>\n<p>Apr\u00e8s en avoir d\u00e9lib\u00e9r\u00e9, le conseil municipal d\u00e9cide, \u00e0 l\u2019unanimit\u00e9\u00a0:<\/p>\n<ul>\n<li>d\u2019admettre en non-valeur la somme de 811.65 \u20ac, correspondant \u00e0 des titres de recettes cantine,<\/li>\n<li>d\u2019autoriser Mme le Maire \u00e0 \u00e9mettre un mandat au C\/6541,<\/li>\n<li>de voter la D\u00e9cision Modificative N\u00b0 03, de la fa\u00e7on suivante :<br \/>C\/681 = &#8211; 4 000 \u20ac<br \/>C\/673 = + 4 000 \u20ac<\/li>\n<\/ul>\n<h2>III \u2013 URBANISME :<\/h2>\n<h3>1\u00b0 &#8211; POUR INFORMATION\u00a0: Dispositif \u00ab\u00a0Habitat l\u00e9ger\u00a0\u00bb\u00a0: Dossier loi sur l\u2019Eau<\/h3>\n<p>Madame le Maire informe le conseil municipal que Broc\u00e9liande Communaut\u00e9 avait lanc\u00e9 un appel d\u2019offres pour la prestation de r\u00e9alisation d\u2019un dossier loi sur l\u2019eau dans le cadre du dispositif \u00abHabitat l\u00e9ger\u00a0\u00bb qui doit se faire sur la parcelle communale AB N\u00b0 173. Les offres devaient \u00eatre d\u00e9pos\u00e9es pour le lundi 17 juin 2024 \u00e0 12 h 00.abitat<\/p>\n<p>Il a \u00e9t\u00e9 re\u00e7u une seule offre du cabinet BIOSFERENN qui s\u2019\u00e9l\u00e8ve 9\u00a0570 \u20ac TTC.<\/p>\n<p>Dans le cadre de la d\u00e9l\u00e9gation du conseil municipal \u00e0 Mme le Maire, le devis a \u00e9t\u00e9 accept\u00e9 et sign\u00e9 le 18 juin 2024.<\/p>\n<p>La 1\u00e8re r\u00e9union a eu lieu le 25 juin 2024.<\/p>\n<p>BIOSFERENN va donc faire\u00a0:<\/p>\n<ul>\n<li>une analyse globale sous le prisme de la s\u00e9quence ERC afin de justifier du respect des dispositions de l\u2019article 6 du PLUI.<\/li>\n<li>une mesure de l\u2019impact du projet : prise en compte de l\u2019ombre port\u00e9e par d\u2019\u00e9ventuels pilotis sur la zone humide, analyse des fonctionnalit\u00e9s \u00e9cologiques, gestion des eaux pluviales.<\/li>\n<li>une analyse du volet \u00ab v\u00e9g\u00e9tation \u00bb : gestion diff\u00e9renci\u00e9e, potager partag\u00e9, gestion des arbres<\/li>\n<li>une analyse du volet \u00ab paysage \u00bb : int\u00e9gration dans le site existant.<\/li>\n<\/ul>\n<p>Prochaines \u00e9tapes\u00a0:<\/p>\n<ul>\n<li>L\u2019association \u00ab\u00a0Hameaux l\u00e9gers\u00a0\u00bb va travailler un d\u00e9but d\u2019esquisse.<\/li>\n<li>Prochaine r\u00e9union\u00a0: \u00e0 caler en septembre.<\/li>\n<li>Le mardi 17 septembre 2024 de 18 h 30 \u00e0 22 h 00\u00a0: Atelier citoyen 01<\/li>\n<li>Le samedi 19 octobre 2024 de 09 h 00 \u00e0 13 h 00\u00a0: Atelier citoyen 02.<\/li>\n<\/ul>\n<h3>2\u00b0 &#8211; Lotissement l\u2019Etunel\u00a0: lot N\u00b0 04<\/h3>\n<p>Madame le Maire rappelle au conseil municipal que par d\u00e9lib\u00e9ration en date du 16 mai 2024, il a \u00e9t\u00e9 accord\u00e9 la vente du lot N\u00b0 04 du lotissement l\u2019Etunel d\u2019une surface de 235 m\u00b2 \u00e0 Mme Sabrina MENUGE. Le prix not\u00e9 sur la d\u00e9lib\u00e9ration est de 26\u00a0910 \u20ac HT.<\/p>\n<p>Or, le tarif est de 26\u00a0910 \u20ac TTC. Il convient de corriger cette erreur.<\/p>\n<p>Apr\u00e8s en avoir d\u00e9lib\u00e9r\u00e9, le conseil municipal, \u00e0 l\u2019unanimit\u00e9, confirme le prix de vente du lot N\u00b0 04 du lotissement l\u2019Etunel d\u2019un montant de 26\u00a0910 \u20ac TTC, \u00e0 Mme Sabrina MENUGE.<\/p>\n<p>Ma\u00eetre PICHEVIN, Notaire \u00e0 Pl\u00e9lan-le-Grand, est charg\u00e9 de la r\u00e9daction de l\u2019acte de vente.<\/p>\n<h2>IV \u2013 Convention avec l\u2019ONF pour les pistes de l\u2019Enduro VTT<\/h2>\n<p>Madame le Maire donne lecture au conseil municipal de la convention portant autorisation de cr\u00e9ation, d\u2019utilisation et d\u2019entretien de pistes de l\u2019Enduro VTT sur la for\u00eat communale de Treffendel, parcelle communale cadastr\u00e9e section ZC N\u00b0 159 \u00ab\u00a0Landrilla\u00a0\u00bb d\u2019une contenance de\u00a06 Ha 83 a 83 ca avec l\u2019association ROCKS AND ROUES.<\/p>\n<p>Apr\u00e8s en avoir d\u00e9lib\u00e9r\u00e9, le conseil municipal, \u00e0 l\u2019unanimit\u00e9, accepte les termes de la convention cit\u00e9e ci-dessus, et autorise Mme le Maire \u00e0 signer la convention.<\/p>\n<h2>V \u2013 AGRICULTURE: Installation class\u00e9e<\/h2>\n<p>(Pour Information)\u00a0MR Pierre PERSEHAIE, Adjoint \u00e0 la voirie, informe le conseil municipal qu\u2019il a \u00e9t\u00e9 re\u00e7u en mairie un arr\u00eat\u00e9 pr\u00e9fectoral portant ouverture d\u2019une enqu\u00eate publique du mardi 06 ao\u00fbt 2024 au samedi 07 septembre 2024 pour la demande pr\u00e9sent\u00e9e par la SCEA des Prairies du BOULOUEE en vue d\u2019obtenir une autorisation environnementale pour l\u2019extension d\u2019un atelier de vaches laiti\u00e8res au lieu-dit \u00ab\u00a0Le Boulou\u00e9e\u00a0\u00bb.<\/p>\n<h2>VI \u2013 BOULANGERIE<\/h2>\n<p>Madame le Maire donne lecture au conseil municipal du projet de bail commercial avec les futurs preneurs du commerce \u00ab\u00a0boulangerie\u00a0\u00bb, locaux appartenant \u00e0 la commune.<\/p>\n<p>Le conseil municipal, \u00e0 l\u2019unanimit\u00e9\u00a0:<\/p>\n<ul>\n<li>accepte les diff\u00e9rentes clauses du projet de bail commercial pour la boulangerie,<\/li>\n<li>modifie la charge mensuelle \u00e0 40 \u20ac HT en ce qui concerne l\u2019entretien du four, dont le contrat annuel est conclu avec la commune,<\/li>\n<li>attend la confirmation de l\u2019accord des futurs preneurs afin de r\u00e9diger le bail d\u00e9finitif,<\/li>\n<li>nomme Mr Charl\u00e9ric Banchereau, Adjoint \u00e0 l\u2019Urbanisme, pour repr\u00e9senter la commune de Treffendel afin de proc\u00e9der \u00e0 la signature du bail commercial d\u00e9finitif lors des cong\u00e9s de Mme le Maire.<\/li>\n<\/ul>\n<h2>QUESTIONS DIVERSES :<\/h2>\n<p>D\u00e9l\u00e9gations du Maire par le conseil municipal<\/p>\n<p>1\u00b0 &#8211; Accord de la proposition de l\u2019extension de l\u2019Application \u00ab\u00a0Panneau pocket\u00a0\u00bb\u00a0:\u00a0 abonnement \u00e0 100 \u20ac TTC \/ an soit 8.33 \u20ac par mois. Le tarif de base est de 12.85 \u20ac \/ mois.<\/p>\n<h3>PROCHAINES COMMISSIONS\u00a0:<\/h3>\n<p>R\u00e9union CCAS : samedi 07 septembre 2024 \u00e0 09 h 30 <br \/>ordre du jour :<\/p>\n<ul>\n<li>pr\u00e9paration du repas des personnes \u00e2g\u00e9es de 70 ans et + le 26 octobre 2024 ;<\/li>\n<li>convention avec la Pr\u00e9fecture pour d\u00e9poser les d\u00e9lib\u00e9rations et le budget du CCAS sur la plateforme ACTES<\/li>\n<\/ul>\n<h3>PROCHAINS CONSEILS MUNICIPAUX<\/h3>\n<ul>\n<li>Jeudi 12 septembre 2024 \u00e0 20 h 00 (r\u00e9union Adjoints : mardi 3 septembre 2024 \u00e0 20 h 00)<\/li>\n<li>Jeudi 10 octobre 2024 \u00e0 20 h 00 (r\u00e9union Adjoints : mardi 1er octobre 2024 \u00e0 20 h 00)<\/li>\n<li>Jeudi 14 novembre 2024 \u00e0 20 h 00 (r\u00e9union Adjoints : mardi 5 novembre 2024 \u00e0 20 h 00)<\/li>\n<li>Jeudi 12 d\u00e9cembre 2024 \u00e0 20 h 00 (r\u00e9union Adjoints (mardi 3 d\u00e9cembre 2024 \u00e0 20 h 00)<\/li>\n<\/ul>\n","protected":false},"excerpt":{"rendered":"<p>Pr\u00e9sents : F. KERGUELEN, P. PERSEHAIE, C. LE ROSSIGNOL, M. RAULLINE, C. GODIN, L. BEAUGE, A. LE NET, S. LONNOY, M. LACAZE, C. THOMAS Excus\u00e9s : C. BANCHEREAU (Procuration \u00e0 P. PERSEHAIE), S. BERTIN (Procuration \u00e0 C. GODIN) N. FRO, C. DUBOIS. Le compte rendu du 13 juin 2024 est approuv\u00e9 \u00e0 l\u2019unanimit\u00e9 des membres [&hellip;]<\/p>\n","protected":false},"author":1,"featured_media":0,"parent":17,"menu_order":0,"comment_status":"closed","ping_status":"closed","template":"","meta":[],"_links":{"self":[{"href":"https:\/\/www.treffendel.fr\/index.php?rest_route=\/wp\/v2\/pages\/6034"}],"collection":[{"href":"https:\/\/www.treffendel.fr\/index.php?rest_route=\/wp\/v2\/pages"}],"about":[{"href":"https:\/\/www.treffendel.fr\/index.php?rest_route=\/wp\/v2\/types\/page"}],"author":[{"embeddable":true,"href":"https:\/\/www.treffendel.fr\/index.php?rest_route=\/wp\/v2\/users\/1"}],"replies":[{"embeddable":true,"href":"https:\/\/www.treffendel.fr\/index.php?rest_route=%2Fwp%2Fv2%2Fcomments&post=6034"}],"version-history":[{"count":2,"href":"https:\/\/www.treffendel.fr\/index.php?rest_route=\/wp\/v2\/pages\/6034\/revisions"}],"predecessor-version":[{"id":6052,"href":"https:\/\/www.treffendel.fr\/index.php?rest_route=\/wp\/v2\/pages\/6034\/revisions\/6052"}],"up":[{"embeddable":true,"href":"https:\/\/www.treffendel.fr\/index.php?rest_route=\/wp\/v2\/pages\/17"}],"wp:attachment":[{"href":"https:\/\/www.treffendel.fr\/index.php?rest_route=%2Fwp%2Fv2%2Fmedia&parent=6034"}],"curies":[{"name":"wp","href":"https:\/\/api.w.org\/{rel}","templated":true}]}}