{"id":61,"date":"2016-11-25T15:45:25","date_gmt":"2016-11-25T14:45:25","guid":{"rendered":"http:\/\/2016.treffendel.fr\/?page_id=61"},"modified":"2026-04-09T12:06:12","modified_gmt":"2026-04-09T10:06:12","slug":"solidarites","status":"publish","type":"page","link":"https:\/\/www.treffendel.fr\/?page_id=61","title":{"rendered":"Solidarit\u00e9s"},"content":{"rendered":"<ul>\n<li><a href=\"https:\/\/www.linterval.org\/\" target=\"_blank\" rel=\"noopener noreferrer\">Le centre social<\/a><\/li>\n<li><a href=\"https:\/\/www.linterval.org\/pour-tous\/actions-solidaires-et-citoyennes\/\" target=\"_blank\" rel=\"noopener noreferrer\">Le vestiaire<\/a><\/li>\n<li><a href=\"http:\/\/ad35.restosducoeur.org\/?page_id=69\" target=\"_blank\" rel=\"noopener noreferrer\">Les Restos du C\u0153ur<\/a><\/li>\n<li>Le Bricobus : pour vos travaux de logement (sous conditions de revenus) : plomberie, \u00e9lectricit\u00e9, travaux d&rsquo;\u00e9conomie d&rsquo;\u00e9nergie, travaux d&rsquo;urgence, chantiers solidaires, pr\u00eat d&rsquo;outillage&#8230; (<a href=\"https:\/\/www.cc-broceliande.bzh\/actualites\/bricobus-pour-lutter-contre-la-precarite-energetique\/\" target=\"_blank\" rel=\"noopener noreferrer\">plus d&rsquo;infos<\/a>)<\/li>\n<li><a href=\"https:\/\/spf35.org\/localisation-solidaribus\/\" target=\"_blank\" rel=\"noopener noreferrer\">le \u00ab\u00a0<strong>solidaribus<\/strong>\u00ab\u00a0<\/a> du secours populaire est pr\u00e9sent \u00e0 Pl\u00e9lan le Grand 1 fois par mois de 14 h \u00e0 16 h 30<br \/>\nLes lundis 13 avril, 11 mai et 18 juin 2026 (<a href=\"https:\/\/www.secourspopulaire.fr\/35-rennes-solidaribus\/\" target=\"_blank\" rel=\"noopener noreferrer\">https:\/\/www.secourspopulaire.fr\/35-rennes-solidaribus\/<\/a><br \/>\nPrise de RDV : solidaribus@spf35.org ou 02.90.02.78.83<\/li>\n<li><a href=\"https:\/\/www.treffendel.fr\/?page_id=181\">le Handicap<\/a><\/li>\n<li>\u00ab\u00a0<a href=\"http:\/\/2016.treffendel.fr\/wp-content\/uploads\/2016\/11\/pour_reussir_autrement.png\" target=\"_blank\" rel=\"noopener noreferrer\">Pour R\u00e9ussir Autrement<\/a>\u00a0\u00bb :\u00a0Sylvie MOREL , (06 38 89 65 54)<br \/>\nasso.pra@laposte.net<img loading=\"lazy\" class=\"size-full wp-image-1167 alignright\" src=\"http:\/\/2016.treffendel.fr\/wp-content\/uploads\/2016\/11\/logo_pra.jpg\" alt=\"\" width=\"270\" height=\"138\" \/><\/li>\n<\/ul>\n","protected":false},"excerpt":{"rendered":"<p>Le centre social Le vestiaire Les Restos du C\u0153ur Le Bricobus : pour vos travaux de logement (sous conditions de revenus) : plomberie, \u00e9lectricit\u00e9, travaux d&rsquo;\u00e9conomie d&rsquo;\u00e9nergie, travaux d&rsquo;urgence, chantiers solidaires, pr\u00eat d&rsquo;outillage&#8230; (plus d&rsquo;infos) le \u00ab\u00a0solidaribus\u00ab\u00a0 du secours populaire est pr\u00e9sent \u00e0 Pl\u00e9lan le Grand 1 fois par mois de 14 h \u00e0 16 [&hellip;]<\/p>\n","protected":false},"author":1,"featured_media":0,"parent":0,"menu_order":0,"comment_status":"closed","ping_status":"closed","template":"","meta":[],"_links":{"self":[{"href":"https:\/\/www.treffendel.fr\/index.php?rest_route=\/wp\/v2\/pages\/61"}],"collection":[{"href":"https:\/\/www.treffendel.fr\/index.php?rest_route=\/wp\/v2\/pages"}],"about":[{"href":"https:\/\/www.treffendel.fr\/index.php?rest_route=\/wp\/v2\/types\/page"}],"author":[{"embeddable":true,"href":"https:\/\/www.treffendel.fr\/index.php?rest_route=\/wp\/v2\/users\/1"}],"replies":[{"embeddable":true,"href":"https:\/\/www.treffendel.fr\/index.php?rest_route=%2Fwp%2Fv2%2Fcomments&post=61"}],"version-history":[{"count":12,"href":"https:\/\/www.treffendel.fr\/index.php?rest_route=\/wp\/v2\/pages\/61\/revisions"}],"predecessor-version":[{"id":6980,"href":"https:\/\/www.treffendel.fr\/index.php?rest_route=\/wp\/v2\/pages\/61\/revisions\/6980"}],"wp:attachment":[{"href":"https:\/\/www.treffendel.fr\/index.php?rest_route=%2Fwp%2Fv2%2Fmedia&parent=61"}],"curies":[{"name":"wp","href":"https:\/\/api.w.org\/{rel}","templated":true}]}}