{"id":6192,"date":"2024-10-16T16:26:47","date_gmt":"2024-10-16T14:26:47","guid":{"rendered":"https:\/\/www.treffendel.fr\/?page_id=6192"},"modified":"2024-10-17T12:30:34","modified_gmt":"2024-10-17T10:30:34","slug":"proces-verbal-du-conseil-municipal-du-jeudi-10-octobre-2024-a-20-h-00","status":"publish","type":"page","link":"https:\/\/www.treffendel.fr\/?page_id=6192","title":{"rendered":"Proc\u00e8s-Verbal du conseil municipal du jeudi 10 octobre 2024 \u00e0 20 h 00"},"content":{"rendered":"\n<p>Pr\u00e9sents : F. KERGUELEN, C. LE ROSSIGNOL, C. BANCHEREAU, M. RAULLINE, C. GODIN, L. BEAUG\u00e9, C. THOMAS, S. BERTIN, C. DUBOIS, M. LACAZE, A. LE NET<\/p>\n<p>Excus\u00e9s : N. FRO (Procuration \u00e0 F. KERGUELEN), S. LE DIZES (Procuration \u00e0 M. LACAZE), P . PERSEHAIE (procuration \u00e0 C. BANCHEREAU)<\/p>\n<h4>Approbation du compte rendu du conseil municipal du 12 septembre 2024\u00a0:<\/h4>\n<p>Le compte rendu du 12 septembre 2024 est approuv\u00e9 \u00e0 l\u2019unanimit\u00e9 des membres pr\u00e9sents.<\/p>\n<p>Conform\u00e9ment \u00e0 l\u2019article L.2121-15 du Code G\u00e9n\u00e9ral des Collectivit\u00e9s Locales, Mr Christian THOMAS est nomm\u00e9 secr\u00e9taire de s\u00e9ance.<\/p>\n<h2>I \u2013 \u00a0MEDIATHEQUE<\/h2>\n<p>Mme Anne DEBRAY, Adjoint du patrimoine principal pr\u00e9sente au conseil municipal le rapport d\u2019activit\u00e9s 2023 et les animations 2024 de la m\u00e9diath\u00e8que\u00a0:<\/p>\n<ul>\n<li>Fonctionnement\u00a0: 1 salari\u00e9e et 12 b\u00e9n\u00e9voles (accueils de classes, aide \u00e0 la pr\u00e9paration de la navette MDIV, couvertures des livres et animations -ateliers, jeux de soci\u00e9t\u00e9, expositions)<\/li>\n<li>Temps de travail de l\u2019agent = 30 h 30 mn dont 11 h 30 mn d\u2019ouverture au public- A compter du 1er mai 2024 = augmentation du temps de travail = 32 h 30 mn.<\/li>\n<li>Locaux : partie ouverte au public = 150 m\u00b2 &#8211; bureau 6 m\u00b2 + 35 m\u00b2 salle des associations \u00e9tage + salle des associations RDC sur r\u00e9servation + le hall : espace de gratuit\u00e9<\/li>\n<li>Nombre d\u2019abonn\u00e9s actifs = 377 par an<\/li>\n<li>Nombre de pr\u00eats = 11 833 par an<\/li>\n<\/ul>\n<h4>Animations 2023\u00a0:<\/h4>\n<ul>\n<li>Intercommunales\u00a0: r\u00e9sidence d\u2019artistes de Constance Hinfray, la semaine de la petite enfance<\/li>\n<li>Communales\u00a0: ateliers du mercredi\u00a0: travaux manuels\u00a0: la maison de kili et d\u00e9co de No\u00ebl \u2013 r\u00e9alit\u00e9 augment\u00e9e (Merge Cube) \u2013 th\u00e9matiques\u00a0: les dinosaures &#8211; BookFace<\/li>\n<li>S\u00e9ances jeux de soci\u00e9t\u00e9 en partenariat avec l\u2019espace jeunes<\/li>\n<li>Ateliers \u00e9changes sur la famille (partenariat avec l\u2019Inter\u2019Val)<\/li>\n<\/ul>\n<h4>Animations 2024 =<\/h4>\n<h5>Intercommunales<\/h5>\n<ul>\n<li>R\u00e9sidence d\u2019artistes l\u2019AFCA (la caravane \u00ab\u00a0Ensorcel\u00e9es\u00a0\u00bb,<\/li>\n<li>semaine de la Petite Enfance<\/li>\n<\/ul>\n<h5>Communales<\/h5>\n<ul>\n<li>animations du mercredi\u00a0: th\u00e9matiques\u00a0: \u00ab\u00a0la r\u00e9alit\u00e9 augment\u00e9e\u00a0\u00bb, les petites lectures de Kili,<\/li>\n<li>Travaux manuels\u00a0: No\u00ebl, fresque \u00ab\u00a0la grande histoire du dessin sans fin\u00a0\u00bb<\/li>\n<li>Partenariat avec l\u2019Inter\u2019Val avec les Caf\u00e9 Senior (le yoga du rire)<\/li>\n<li>Des s\u00e9ances jeux de soci\u00e9t\u00e9 avec l\u2019espace jeunes<\/li>\n<li>Reprise des ateliers num\u00e9riques\u00a0: une s\u00e9ance par mois\u00a0: animateur num\u00e9rique du D\u00e9partement et 2 b\u00e9n\u00e9voles.<\/li>\n<\/ul>\n<h2>II \u2013 VOIRIE :<\/h2>\n<h3>Rue d\u2019Armorique<\/h3>\n<p>Mr Charl\u00e9ric BANCHEREAU, Adjoint \u00e0 l\u2019urbanisme, pr\u00e9sente au conseil municipal le devis re\u00e7u de l\u2019entreprise PEROTIN afin de r\u00e9aliser des travaux de r\u00e9fection de la voirie et des trottoirs au carrefour des rues du Bignon \u2013 de Haute-Bretagne et d\u2019Armorique. Il s\u2019\u00e9l\u00e8ve \u00e0 14 294.80 \u20ac HT \u2013 17 153.76 \u20ac TTC.<\/p>\n<p>Il serait souhaitable de r\u00e9aliser ces travaux qui se trouvent \u00e0 l\u2019extr\u00e9mit\u00e9 de la rue d\u2019Armorique qui est actuellement en travaux. D\u2019autre part, il convient de d\u00e9poser et reposer un cand\u00e9labre\u00a0: devis re\u00e7u de l\u2019entreprise CITEOS \u00e0 raison de 1 290.00 \u20ac TTC.<\/p>\n<p>Apr\u00e8s en avoir d\u00e9lib\u00e9r\u00e9, le conseil municipal d\u00e9cide, \u00e0 l\u2019unanimit\u00e9<\/p>\n<ul>\n<li>d\u2019accorder le devis de l\u2019entreprise PEROTIN pour les travaux cit\u00e9s ci-dessus \u00e0 raison de 14 294.80 \u20ac HT. Ceux-ci seront pay\u00e9s au C\/231 \u2013 146.<\/li>\n<li>d\u2019accorder le devis de l\u2019entreprise CITEOS pour la d\u00e9pose et repose d\u2019un cand\u00e9labre pour un montant TTC de 1 290.00 \u20ac.<\/li>\n<\/ul>\n<p>Pour Info\u00a0: Accord du devis de SPIE de le Rheu pour d\u00e9pose d\u2019un poteau \u00e9lectrique b\u00e9ton \u00e0 raison de 1 900 \u20ac HT.<\/p>\n<h2>III \u2013 FINANCES :<\/h2>\n<h3>1\u00b0 &#8211; Renouvellement de l\u2019ouverture de cr\u00e9dit<\/h3>\n<p>Mme Mich\u00e8le RAULLINE, Adjointe aux finances, rappelle au conseil municipal que la ligne de tr\u00e9sorerie conclue avec le Cr\u00e9dit Mutuel de Bretagne, d\u2019un montant de 150\u00a0000 \u20ac, arrive \u00e0 expiration le 22 octobre 2024. Actuellement, elle n\u2019est pas utilis\u00e9e.<\/p>\n<p>Trois \u00e9tablissements bancaires ont \u00e9t\u00e9 sollicit\u00e9s\u00a0:<\/p>\n<p><em><strong>Cr\u00e9dit Agricole<\/strong><\/em> : La Direction R\u00e9gionale du CA a fait le choix de prioriser l\u2019accompagnement des particuliers, professionnels, agriculteurs en entreprises et de limiter ses interventions aupr\u00e8s des collectivit\u00e9s. Le CA ne donne pas suite \u00e0 notre demande de financement.<\/p>\n<table style=\"border-collapse: collapse; width: 100%; height: 243px;\">\n<tbody>\n<tr style=\"height: 23px;\">\n<td style=\"width: 23.6207%; height: 23px;\">\u00a0<\/td>\n<td style=\"text-align: center; width: 46.2069%; height: 23px;\" colspan=\"2\">La Banque Postale<\/td>\n<td style=\"text-align: center; width: 30%; height: 23px;\">Cr\u00e9dit Mutuel<\/td>\n<\/tr>\n<tr style=\"height: 23px;\">\n<td style=\"width: 23.6207%; height: 23px;\">\u00a0<\/td>\n<td style=\"width: 30%; height: 23px; text-align: center;\">taux variable<\/td>\n<td style=\"width: 16.2069%; height: 23px; text-align: center;\">taux fixe<\/td>\n<td style=\"width: 30%; height: 23px; text-align: center;\">taux variable<\/td>\n<\/tr>\n<tr style=\"height: 44px;\">\n<td style=\"width: 23.6207%; height: 44px;\">montant maximum<\/td>\n<td style=\"width: 30%; height: 44px; text-align: center;\">149 000 \u20ac<\/td>\n<td style=\"width: 16.2069%; height: 44px; text-align: center;\">\u00a0<\/td>\n<td style=\"width: 30%; height: 44px; text-align: center;\">150 000 \u20ac<\/td>\n<\/tr>\n<tr style=\"height: 86px;\">\n<td style=\"width: 23.6207%; height: 86px;\">taux variable<\/td>\n<td style=\"width: 30%; height: 86px; text-align: center;\">4,63 % &#8211; index \u20acSTR<br \/>(3.410 % au 02\/10\/24 major\u00e9 de 1.22 %)<\/td>\n<td style=\"width: 16.2069%; height: 86px; text-align: center;\">4.05 %<\/td>\n<td style=\"width: 30%; height: 86px; text-align: center;\">3.467 % Euribor 3 mois Moyenn\u00e9<br \/>+ marge 0.80\u00a0 % = total = 4.267\u00a0 %<\/td>\n<\/tr>\n<tr style=\"height: 23px;\">\n<td style=\"width: 23.6207%; height: 23px;\">frais de dossier<\/td>\n<td style=\"width: 30%; height: 23px; text-align: center;\">0,20 %<\/td>\n<td style=\"width: 16.2069%; height: 23px; text-align: center;\">0,20 %<\/td>\n<td style=\"width: 30%; height: 23px; text-align: center;\">NEANT<\/td>\n<\/tr>\n<tr style=\"height: 44px;\">\n<td style=\"width: 23.6207%; height: 44px;\">Commission d\u2019engagement<\/td>\n<td style=\"width: 30%; height: 44px; text-align: center;\">0.15 %<\/td>\n<td style=\"width: 16.2069%; height: 44px; text-align: center;\">0.15 %<\/td>\n<td style=\"width: 30%; height: 44px; text-align: center;\">0,25 %<\/td>\n<\/tr>\n<tr>\n<td style=\"width: 23.6207%;\">calcul pour 150000 \u20ac<\/td>\n<td style=\"width: 30%; text-align: center;\">7 470 \u20ac<\/td>\n<td style=\"width: 16.2069%; text-align: center;\">6 600 \u20ac<\/td>\n<td style=\"width: 30%; text-align: center;\">6 775,50 \u20ac<\/td>\n<\/tr>\n<\/tbody>\n<\/table>\n<p>Apr\u00e8s en avoir d\u00e9lib\u00e9r\u00e9, le conseil municipal d\u00e9cide, \u00e0 l\u2019unanimit\u00e9 de retenir la proposition de la Banque Postale d\u2019une ligne de tr\u00e9sorerie d\u2019un montant de 149 000 \u20ac au taux fixe \u00e0 4.050 % pour une ann\u00e9e.<\/p>\n<h3>2\u00b0 &#8211; Entretien terrain de foot-ball\u00a0: convention avec l\u2019association \u00ab\u00a0Eskouadenn\u00a0\u00bb<\/h3>\n<p>Madame Mich\u00e8le RAULLINE, Adjointe aux finances, indique au conseil municipal qu\u2019il a \u00e9t\u00e9 re\u00e7u une demande de l\u2019association \u00ab\u00a0l\u2019Eskouadenn\u00a0\u00bb au sujet de la gestion et de l\u2019entretien du terrain de foot-ball (enherb\u00e9), qui se fait actuellement en r\u00e9gie communale, via un budget annuel fix\u00e9 par la commune.<\/p>\n<p>En 2024, il a \u00e9t\u00e9 vot\u00e9 un budget de 6 000 \u20ac (pour rattraper les 3 derni\u00e8res ann\u00e9es 2021 \u2013 2022 et 2023 o\u00f9 il avait \u00e9t\u00e9 inscrit une somme de 3 000 \u20ac par an).<\/p>\n<p>L\u2019Eskouadenn souhaiterait une remise \u00ab\u00a0\u00e0 niveau\u00a0\u00bb du terrain. Cela consisterait \u00e0 scalpage du terrain sur 4 cm + travail du sol avec int\u00e9gration de sable et r\u00e9-engazonnement. 2 prestataires ont \u00e9t\u00e9 sollicit\u00e9s et l\u2019offre des Ets Massart est \u00e9conomiquement la plus avantageuse \u00e0 savoir 15 238.60 \u20ac HT \u2013 18 286.32 \u20ac TTC, d\u00e9pense \u00e0 int\u00e9grer en investissement pour r\u00e9cup\u00e9rer la TVA.<\/p>\n<p>Il serait souhaitable de programmer ces travaux rapidement.<\/p>\n<p>Il est propos\u00e9 de partir sur une base d\u2019entretien annuel de 4 000 \u20ac par an, \u00a0d\u2019utiliser le solde du budget 2024 soit\u00a05 000 \u20ac + les 3 prochaines ann\u00e9es (2025 \u00e0 2027) x 3 413 \u20ac par an soit un total g\u00e9n\u00e9ral de 15 239 \u20ac (rappel du montant HT du devis des Ets Massart = 15 238.60 \u20ac), ce qui laisserait une enveloppe approximative de 587 \u20ac \/ an pour divers petits travaux.<\/p>\n<p>Une convention devra d\u00e9finir les modalit\u00e9s de cet accord.<\/p>\n<p>D\u2019autre part, pour financer ces travaux en 2024, il faut voter la D\u00e9cision Modificative N\u00b0 05<\/p>\n<p>D\u00e9pense\u00a0:<\/p>\n<ul>\n<li>C\/231-prog 170 = r\u00e9novation terrain de foot-ball : + 18 500 \u20ac<\/li>\n<li>C\/231-prog 107 = travaux voiries en campagne : &#8211;\u00a0 17 000 \u20ac<\/li>\n<\/ul>\n<p>(BP2024 = 73 500 \u20ac &#8211; d\u00e9penses r\u00e9alis\u00e9es = 55 770 \u20ac)<\/p>\n<ul>\n<li>C\/2171-prog 63 = Acquisition de terrains : &#8211; 1 500 \u20ac<\/li>\n<\/ul>\n<p>(BP2024 = 15 000 \u20ac &#8211;\u00a0 D\u00e9pense r\u00e9alis\u00e9e = 0.00 \u20ac)<\/p>\n<p>Apr\u00e8s en avoir d\u00e9lib\u00e9r\u00e9, le conseil municipal d\u00e9cide, \u00e0 l\u2019unanimit\u00e9, d\u2019accepter de financer la r\u00e9fection du terrain de football en acceptant le devis des Ets Massart \u00e0 raison de 15 238.60 \u20ac HT, de voter la D\u00e9cision Modificative N\u00b0 05 ci-dessus, et d<span style=\"font-size: inherit;\">e r\u00e9diger une convention Commune \/ Eskouadenn d\u00e9finissant les modalit\u00e9s de prise en charge de la r\u00e9fection du terrain de football et d\u00e9terminant le montant de l\u2019enveloppe budg\u00e9taire pour les ann\u00e9es 2025 \u00e0 2027\u00a0<\/span>et les modalit\u00e9s de financement.<\/p>\n<h3>3\u00b0 &#8211; Convention \u00ab\u00a0Commune\u00a0\/ Broc\u00e9liande Volley\u00a0\u00bb\u00a0: subvention du minist\u00e8re des affaires \u00e9trang\u00e8res<\/h3>\n<p>Madame Mich\u00e8le RAULLINE, Adjointe aux finances, rappelle au conseil municipal que lors de la derni\u00e8re s\u00e9ance, il avait \u00e9t\u00e9 constitu\u00e9 un comit\u00e9 de suivi pour le reversement de la subvention accord\u00e9e par le minist\u00e8re des affaires \u00e9trang\u00e8res pour le dispositif \u00ab\u00a0le Volley au f\u00e9minin\u00a0\u00bb en partenariat avec la ville de Djougou (B\u00e9nin) d\u2019un montant de 90 000 \u20ac.<\/p>\n<p>Cette instance s\u2019est r\u00e9unie le samedi 28 septembre et propose la convention ci-jointe.<\/p>\n<p>Apr\u00e8s en avoir d\u00e9lib\u00e9r\u00e9, le conseil municipal d\u00e9cide, \u00e0 l\u2019unanimit\u00e9<\/p>\n<ul>\n<li>d\u2019accepter les termes de la convention Commune\/Broc\u00e9liande Volley d\u00e9finissant les modalit\u00e9s de reversement de la subvention du Minist\u00e8re des Affaires \u00e9trang\u00e8res d\u2019un montant de 90 000 \u20ac sur 3 ans (\u00e0 savoir : 30 000 \u20ac en 2024 \u2013 30 000 \u20ac en 2025 et 30 000 \u20ac en 2026)<\/li>\n<li><span style=\"font-size: inherit;\">d\u2019autoriser Madame le maire \u00e0 signer ladite convention,<\/span><\/li>\n<li><span style=\"font-size: inherit;\">de verser cette subvention au C\/65748,<\/span><\/li>\n<li><span style=\"font-size: inherit;\">de voter la D\u00e9cision Modificative N\u00b0 06 de la fa\u00e7on suivante :<br \/><\/span>C\/ 65748 = + 30 000 \u20ac (d\u00e9pense)<br \/>C\/ 74718 = + 30 000 \u20ac (recette per\u00e7ue = 54 000 \u20ac le 30 ao\u00fbt 2024)<\/li>\n<\/ul>\n<h3>4\u00b0 &#8211; Convention RASED<\/h3>\n<p>Madame Mich\u00e8le RAULLINE, Adjointe aux finances, informe le conseil municipal que le RASED est un R\u00e9seau d\u2019Aides Sp\u00e9cialis\u00e9es pour les Enfants en Difficult\u00e9, \u00e0 l\u2019\u00e9cole publique \u00ab\u00a0Aurelie Nemours\u00a0\u00bb. Il est bas\u00e9 \u00e0 la mairie de Mordelles. Il intervient sur les communes de Br\u00e9al-sous-Montfort, Le Verger, Saint-Thurial, Goven, Treffendel, Chavagne et Mordelles.<\/p>\n<p>Une convention avait \u00e9t\u00e9 renouvel\u00e9e pour la p\u00e9riode du 1er septembre 2021 au 31 ao\u00fbt 2024 \u00e0 raison de 1.41 \u20ac par \u00e9l\u00e8ve.<\/p>\n<p>Il est propos\u00e9 de renouveler la convention pour une dur\u00e9e de 3 ans (du 01\/09\/2024 au 31\/08\/2027).<\/p>\n<p>Le montant de la participation reste fix\u00e9 \u00e0 1.41 \u20ac par \u00e9l\u00e8ve. Ce montant peut \u00eatre actualis\u00e9 chaque ann\u00e9e en fonction de l\u2019\u00e9volution pr\u00e9visionnelle de l\u2019inflation, fix\u00e9e dans la loi de finances.<\/p>\n<p>Apr\u00e8s en avoir d\u00e9lib\u00e9r\u00e9, le conseil municipal d\u00e9cide, \u00e0 l\u2019unanimit\u00e9 d\u2019accepter le renouvellement de la convention avec la commune de Mordelles d\u00e9finissant le mode de r\u00e9partition du financement du RASED pour une dur\u00e9e de 3 ans (du 01\/09\/2024 au 31\/08\/2027) \u00e0 raison d\u2019une participation fix\u00e9e \u00e0 1.41 \u20ac par \u00e9l\u00e8ve. Ce montant peut \u00eatre actualis\u00e9 chaque ann\u00e9e en fonction de l\u2019\u00e9volution pr\u00e9visionnelle de l\u2019inflation, fix\u00e9e dans la loi de finances. Il autorise Mme le Maire \u00e0 signer ladite convention.<\/p>\n<h2>IV \u2013 BATIMENTS COMMUNAUX<\/h2>\n<h3>Compte-rendu de la commission du lundi 07 octobre 2024\u00a0:<\/h3>\n<p>Mr Christian GODIN, conseiller d\u00e9l\u00e9gu\u00e9 aux b\u00e2timents communaux, pr\u00e9sente au conseil municipal les divers points vus en commission \u00ab\u00a0b\u00e2timents\u00a0\u00bb le 07 octobre dernier\u00a0:<\/p>\n<ul>\n<li>Cour p\u00e9riscolaire : projet de pr\u00e9au<br \/>Devis JUBLAN pour la r\u00e9alisation d\u2019un pr\u00e9au (ma\u00e7onnerie et charpente bois) = 13 740.15 \u20ac HT \u2013 16 488.18 \u20ac TTC<br \/>Ce pr\u00e9au sera couvert en ardoises naturelles : en attente d\u2019un 2\u00e8me devis.<\/li>\n<li><span style=\"font-size: inherit;\">S\u00e9curisation du hangar communal<br \/>Devis BS ELEC : 3 747.45 \u20ac HT \u2013 \u00a0Devis TRISGELEC : 3 149.37 \u20ac HT<br \/>La commission propose de retenir le devis de BS ELEC :\u00a0 offre la mieux disante :<br \/>Mat\u00e9riels plus performants = cam\u00e9ras \u00e0 deux t\u00eates + plus de m\u00e9moire pour le stockage des images<br \/>Prestation compl\u00e9mentaire : assistance de mise en service d\u2019une \u00bd journ\u00e9e<br \/>S\u00e9curisation du chantier par la location d\u2019une nacelle<br \/><\/span><\/li>\n<li>Salle polyvalente : porte issue secours salle annexe : remplacement de 8 paumelles = devis MAUNY 871.66 \u20ac HT (1 045.99 \u20ac TTC)<\/li>\n<li><span style=\"font-size: inherit;\">Local Foot : remplacement porte d\u2019entr\u00e9e + volet suite \u00e0 sinistre d\u2019effraction = devis MAUNY = <\/span>1 147.60 \u20ac HT (1 377.12 \u20ac TTC.)<\/li>\n<\/ul>\n<p>La commission propose de retenir ces divers travaux pour un montant global total TTC de 23 408.23 \u20ac\u00a0(20 985.12 \u20ac TTC en Investissement et 2 423.11 \u20ac TTC en Fonctionnement)<\/p>\n<p>Apr\u00e8s en avoir d\u00e9lib\u00e9r\u00e9, le conseil municipal, \u00e0 l\u2019unanimit\u00e9, retient l\u2019int\u00e9gralit\u00e9 de ces devis.<\/p>\n<p>Enfin, la commission propose de programmer pour 2025\u00a0:<\/p>\n<ul>\n<li>remplacement du vitrage du hall d\u2019entr\u00e9e de la mairie : Devis MAUNY = 1 660.11 \u20ac HT (1 992.13 \u20ac TTC)<\/li>\n<li>cuisine de l\u2019\u00e9cole : agencement \u00e0 pr\u00e9voir<\/li>\n<li>Ecole : stores pour s\u00e9curit\u00e9 et chaleur.<\/li>\n<\/ul>\n<h2>V \u2013 AGRICULTURE<\/h2>\n<p>Lors de la pr\u00e9c\u00e9dente s\u00e9ance, il a \u00e9t\u00e9 \u00e9voqu\u00e9 la question de la r\u00e9serve incendie implant\u00e9e sur le domaine communal jouxtant l\u2019installation class\u00e9e de la SCEA les Prairies du Boulou\u00e9e.<\/p>\n<p>Un courrier de Mr Pascal GORTAIS a \u00e9t\u00e9 adress\u00e9 \u00e0 un membre du conseil municipal avec copie \u00e0 Mme le Maire sur 2 points<\/p>\n<p>Il a \u00e9t\u00e9 convenu d\u2019apporter une r\u00e9ponse coll\u00e9giale par le conseil municipal, en \u00e9voquant les 2 points suivants\u00a0:<\/p>\n<ul>\n<li>rappel du principe de la d\u00e9lib\u00e9ration du 14 juin 2018 par laquelle il avait \u00e9t\u00e9 d\u00e9cid\u00e9 de prendre en charge le remplissage des r\u00e9serves incendie priv\u00e9es d\u2019exploitations agricoles dans le cas o\u00f9 les r\u00e9serves incendie auraient \u00e9t\u00e9 r\u00e9quisitionn\u00e9es par le Maire pour un sinistre \u00ab Incendie \u00bb de grande ampleur. Cette prise en charge ne concerne pas le cas d\u2019un sinistre Incendie sur les exploitations agricoles.<\/li>\n<li>pr\u00e9cision concernant l\u2019entretien de la voirie communale : la recette globale per\u00e7ue au titre des Taxes Fonci\u00e8res Propri\u00e9t\u00e9s non-b\u00e2ties est de 39 617 \u20ac et les d\u00e9penses totales de Voirie (en 2024) s\u2019\u00e9l\u00e8vent \u00e0 :<br \/>\u00a0Investissement = 55 770 \u20ac<br \/>Fonctionnement = 20 592 \u20ac (Point-\u00e0-Temps)<\/li>\n<\/ul>\n<p>Il est constat\u00e9 sur l\u2019ensemble des voiries communales du territoire de Broc\u00e9liande Communaut\u00e9 une usure importante li\u00e9e aux mat\u00e9riels agricoles de tr\u00e8s fort tonnage et aux passages fr\u00e9quents de ceux-ci sur des exploitations de grande taille.<\/p>\n<p>Ce point a \u00e9t\u00e9 remont\u00e9 \u00e0 Mr Larrey, Secr\u00e9taire G\u00e9n\u00e9ral de la Pr\u00e9fecture d\u2019Ille-et-Vilaine, lors d\u2019une rencontre en Communaut\u00e9 de Communes.<\/p>\n<p>Apr\u00e8s en avoir d\u00e9battu, le conseil municipal d\u00e9cide, \u00e0 l\u2019unanimit\u00e9, d\u2019autoriser Mme le Maire \u00e0 r\u00e9diger un courrier de r\u00e9ponse dans ce sens.\u00a0<\/p>\n<h2>VI &#8211; URBANISME<\/h2>\n<h3>1\u00b0 &#8211; Droit de Pr\u00e9emption Urbain\u00a0: parcelle AC 54<\/h3>\n<p>Mr Charl\u00e9ric Banchereau, adjoint \u00e0 l\u2019Urbanisme, informe le conseil municipal qu\u2019il a \u00e9t\u00e9 re\u00e7u en mairie une D\u00e9claration d\u2019Intention d\u2019Ali\u00e9ner pour la parcelle b\u00e2tie cadastr\u00e9e section AC 54, sise \u00e0 14 rue de la Gall\u00e9sie,\u00a0d\u2019une surface de 430 m\u00b2. Il est propos\u00e9 de ne pas faire valoir le droit de pr\u00e9emption.<\/p>\n<p>Apr\u00e8s en avoir d\u00e9lib\u00e9r\u00e9, le conseil municipal, \u00e0 l\u2019unanimit\u00e9, renonce \u00e0 son Droit de Pr\u00e9emption Urbain sur la parcelle AC 54.<\/p>\n<h3>2\u00b0 &#8211; Droit de Pr\u00e9emption Urbain\u00a0: parcelle AB 130<\/h3>\n<p>Mr Charl\u00e9ric Banchereau, adjoint \u00e0 l\u2019Urbanisme, informe le conseil municipal qu\u2019il a \u00e9t\u00e9 re\u00e7u en mairie une D\u00e9claration d\u2019Intention d\u2019Ali\u00e9ner pour la parcelle b\u00e2tie cadastr\u00e9e section AB 130, sise \u00e0 40 rue de Broc\u00e9liande, d\u2019une surface de 196 m\u00b2. Il est propos\u00e9 de ne pas faire valoir le droit de pr\u00e9emption.<\/p>\n<p>Apr\u00e8s en avoir d\u00e9lib\u00e9r\u00e9, le conseil municipal, \u00e0 l\u2019unanimit\u00e9, renonce \u00e0 son Droit de Pr\u00e9emption Urbain sur la parcelle AB 130.<\/p>\n<h2>QUESTIONS DIVERSES :<\/h2>\n<h3>Hameau l\u00e9ger<\/h3>\n<p>Suite \u00e0 une demande d\u2019infos, il va \u00eatre r\u00e9pondu que le projet correspond \u00e0 une concertation intercommunale dans le cadre du PLUi afin de proposer un type d\u2019habitat l\u00e9ger respectant l\u2019environnement et n\u00e9cessitant moins de r\u00e9seaux. La gestion des locations des terrains se fera par la commune. Ce projet sera men\u00e9 par les futurs propri\u00e9taires des habitats en co-construction.<\/p>\n<h3>Zone de la mairie<\/h3>\n<p>Pour Info : nouvelle audience au TGI le 11 octobre 2024 avec le juge d\u2019expropriation (Consorts COURTEL)<\/p>\n<h3>SMICTOM<\/h3>\n<p>\u00e0 compter du 1er janvier 2025, la collecte des ordures m\u00e9nag\u00e8res se fera toutes les 2 semaines en alternance avec la semaine de collecte du tri s\u00e9lectif. Une information va \u00eatre diffus\u00e9e \u00e0 tous les foyers dans les prochaines semaines.<\/p>\n<h3>PROCHAINES COMMISSIONS\u00a0\u00e0 PROGRAMMER\u00a0:<\/h3>\n<ul>\n<li>Commission \u00ab\u00a0Vie Associative\u00a0\u00bb\u00a0+ Pr\u00e9sident(e)s de toutes les associations : pr\u00e9paration du T\u00e9l\u00e9thon\u00a0: mercredi 16 octobre 2024 \u00e0 20 h 00\u00a0: salle des associations<\/li>\n<li>Commission \u00ab\u00a0Vie Associative\u00a0\u00bb\u00a0 (2\u00e8me r\u00e9union pr\u00e9paration de la f\u00eate de No\u00ebl) + Tref Fa Si La + Comit\u00e9 des F\u00eates + Biblioth\u00e8que + associations des parents d\u2019\u00e9l\u00e8ves des 2 \u00e9coles\u00a0: mercredi 06 novembre 2024 \u00e0 20 h 00 \u00e0 la salle des associations<\/li>\n<li>CCAS\u00a0: repas des personnes \u00e2g\u00e9es de 70 ans et +\u00a0: samedi 23 novembre 2024 \u00e0 12 h 30<\/li>\n<\/ul>\n<h3>PROCHAINS CONSEILS MUNICIPAUX<\/h3>\n<ul>\n<li>Jeudi 14 novembre 2024 \u00e0 20 h 00 (r\u00e9union Adjoints : mardi 5 novembre 2024 \u00e0 20 h 00)<\/li>\n<li>Jeudi 12 d\u00e9cembre 2024 \u00e0 20 h 00 (r\u00e9union Adjoints (mardi 3 d\u00e9cembre 2024 \u00e0 20 h 00)<\/li>\n<\/ul>\n","protected":false},"excerpt":{"rendered":"<p>Pr\u00e9sents : F. KERGUELEN, C. LE ROSSIGNOL, C. BANCHEREAU, M. RAULLINE, C. GODIN, L. BEAUG\u00e9, C. THOMAS, S. BERTIN, C. DUBOIS, M. LACAZE, A. LE NET Excus\u00e9s : N. FRO (Procuration \u00e0 F. KERGUELEN), S. LE DIZES (Procuration \u00e0 M. LACAZE), P . PERSEHAIE (procuration \u00e0 C. BANCHEREAU) Approbation du compte rendu du conseil municipal [&hellip;]<\/p>\n","protected":false},"author":1,"featured_media":0,"parent":17,"menu_order":0,"comment_status":"closed","ping_status":"closed","template":"","meta":[],"_links":{"self":[{"href":"https:\/\/www.treffendel.fr\/index.php?rest_route=\/wp\/v2\/pages\/6192"}],"collection":[{"href":"https:\/\/www.treffendel.fr\/index.php?rest_route=\/wp\/v2\/pages"}],"about":[{"href":"https:\/\/www.treffendel.fr\/index.php?rest_route=\/wp\/v2\/types\/page"}],"author":[{"embeddable":true,"href":"https:\/\/www.treffendel.fr\/index.php?rest_route=\/wp\/v2\/users\/1"}],"replies":[{"embeddable":true,"href":"https:\/\/www.treffendel.fr\/index.php?rest_route=%2Fwp%2Fv2%2Fcomments&post=6192"}],"version-history":[{"count":2,"href":"https:\/\/www.treffendel.fr\/index.php?rest_route=\/wp\/v2\/pages\/6192\/revisions"}],"predecessor-version":[{"id":6195,"href":"https:\/\/www.treffendel.fr\/index.php?rest_route=\/wp\/v2\/pages\/6192\/revisions\/6195"}],"up":[{"embeddable":true,"href":"https:\/\/www.treffendel.fr\/index.php?rest_route=\/wp\/v2\/pages\/17"}],"wp:attachment":[{"href":"https:\/\/www.treffendel.fr\/index.php?rest_route=%2Fwp%2Fv2%2Fmedia&parent=6192"}],"curies":[{"name":"wp","href":"https:\/\/api.w.org\/{rel}","templated":true}]}}