{"id":642,"date":"2017-01-30T09:56:55","date_gmt":"2017-01-30T08:56:55","guid":{"rendered":"http:\/\/2016.treffendel.fr\/?page_id=642"},"modified":"2025-07-23T08:57:33","modified_gmt":"2025-07-23T06:57:33","slug":"plan-et-adresses","status":"publish","type":"page","link":"https:\/\/www.treffendel.fr\/?page_id=642","title":{"rendered":"plans et adresses"},"content":{"rendered":"<p>Tr\u00e9ffendel est une commune situ\u00e9e \u00e0 25 km de Rennes. <span style=\"color: #ffffff;\">treffendel trefendel<\/span><\/p>\n<ul>\n<li>Habitants: <span style=\"color: #006633;\"><strong>Treffendellois(es)<\/strong><\/span>\u00a0 1286 comptabilis\u00e9s au recensement de 2013 (1266 en 2010, 1200 en 2006 et environ 600 en 1990)<span style=\"color: #ffffff;\">MOGRAPHIE d\u00e9mographie\u00a0 population nombre d&rsquo;habitants nombre d&rsquo;habitant nb habitants<\/span><\/li>\n<li>\u00ab\u00a0<a href=\"https:\/\/memoirestreffendel.fr\/\" target=\"_blank\" rel=\"noopener noreferrer\">Passeurs de m\u00e9moire<\/a>\u00a0\u00bb : retrace la vie dans le bourg dans les ann\u00e9es 1930. Ce court m\u00e9trage a \u00e9t\u00e9 r\u00e9alis\u00e9 gr\u00e2ce au long travail de collectage aupr\u00e8s des anciens.<\/li>\n<li><a href=\"https:\/\/www.treffendel.fr\/?p=1\">Histoire et photos anciennes<\/a><\/li>\n<li><a href=\"http:\/\/www.insee.fr\/fr\/ppp\/bases-de-donnees\/recensement\/populations-legales\/commune.asp?depcom=35340\" target=\"_blank\" rel=\"noopener noreferrer\">voir le recensement de l&rsquo;I.N.S.E.E<\/a><\/li>\n<li>superficie : <span style=\"color: #006633;\"><strong>1898 hectares<\/strong><\/span><\/li>\n<li><span style=\"color: #111111;\"><strong><a href=\"https:\/\/adresse.data.gouv.fr\/base-adresse-nationale\/35340#12.56\/48.03101\/-2.006\" target=\"_blank\" rel=\"noopener noreferrer\">carte interactive <\/a><\/strong>(rues et lieux-dits)<\/span><\/li>\n<li><a href=\"http:\/\/2016.treffendel.fr\/wp-content\/uploads\/2017\/02\/plan-Treffendel.png\" target=\"_blank\" rel=\"noopener noreferrer\">voir et imprimer la carte de la commune <\/a><span style=\"color: #ffffff;\">territoire surface<\/span>\u00a0<span style=\"color: #ffffff;\"> plan de treffendel ville<\/span><span style=\"color: #ffffff;\">\u00a0 plan de la commune<\/span><\/li>\n<li><span style=\"color: #006633;\"><span style=\"color: #000000;\">voir la localisation des<\/span><strong> <a href=\"http:\/\/2016.treffendel.fr\/?page_id=597\">lieux-dits<\/a><\/strong><\/span> <span style=\"color: #ffffff;\">(plan carte<\/span>\u00a0<span style=\"color: #ffffff;\"> lieu-dit<\/span><\/li>\n<li><a href=\"http:\/\/2016.treffendel.fr\/wp-content\/uploads\/2017\/03\/plan-du-bourg.jpg\" target=\"_blank\" rel=\"noopener noreferrer\">voir et imprimer le plan du bourg<\/a><\/li>\n<li>voir <a href=\"http:\/\/2016.treffendel.fr\/?page_id=666\">liste des rues<\/a><\/li>\n<li>voir <a href=\"http:\/\/www.cadastre.gouv.fr\/scpc\/accueil.do\" target=\"_blank\" rel=\"noopener noreferrer\">le cadastre<\/a><\/li>\n<\/ul>\n<p><a href=\"http:\/\/2016.treffendel.fr\/?page_id=251\">Voir les balades et randonn\u00e9es<\/a><\/p>\n","protected":false},"excerpt":{"rendered":"<p>Tr\u00e9ffendel est une commune situ\u00e9e \u00e0 25 km de Rennes. treffendel trefendel Habitants: Treffendellois(es)\u00a0 1286 comptabilis\u00e9s au recensement de 2013 (1266 en 2010, 1200 en 2006 et environ 600 en 1990)MOGRAPHIE d\u00e9mographie\u00a0 population nombre d&rsquo;habitants nombre d&rsquo;habitant nb habitants \u00ab\u00a0Passeurs de m\u00e9moire\u00a0\u00bb : retrace la vie dans le bourg dans les ann\u00e9es 1930. Ce court [&hellip;]<\/p>\n","protected":false},"author":1,"featured_media":0,"parent":0,"menu_order":0,"comment_status":"closed","ping_status":"closed","template":"","meta":[],"_links":{"self":[{"href":"https:\/\/www.treffendel.fr\/index.php?rest_route=\/wp\/v2\/pages\/642"}],"collection":[{"href":"https:\/\/www.treffendel.fr\/index.php?rest_route=\/wp\/v2\/pages"}],"about":[{"href":"https:\/\/www.treffendel.fr\/index.php?rest_route=\/wp\/v2\/types\/page"}],"author":[{"embeddable":true,"href":"https:\/\/www.treffendel.fr\/index.php?rest_route=\/wp\/v2\/users\/1"}],"replies":[{"embeddable":true,"href":"https:\/\/www.treffendel.fr\/index.php?rest_route=%2Fwp%2Fv2%2Fcomments&post=642"}],"version-history":[{"count":15,"href":"https:\/\/www.treffendel.fr\/index.php?rest_route=\/wp\/v2\/pages\/642\/revisions"}],"predecessor-version":[{"id":6598,"href":"https:\/\/www.treffendel.fr\/index.php?rest_route=\/wp\/v2\/pages\/642\/revisions\/6598"}],"wp:attachment":[{"href":"https:\/\/www.treffendel.fr\/index.php?rest_route=%2Fwp%2Fv2%2Fmedia&parent=642"}],"curies":[{"name":"wp","href":"https:\/\/api.w.org\/{rel}","templated":true}]}}