{"id":6474,"date":"2025-04-02T15:22:48","date_gmt":"2025-04-02T13:22:48","guid":{"rendered":"https:\/\/www.treffendel.fr\/?page_id=6474"},"modified":"2025-04-02T15:22:48","modified_gmt":"2025-04-02T13:22:48","slug":"proces-verbal-du-conseil-municipal-du-27-mars-2025-a-19-h-00","status":"publish","type":"page","link":"https:\/\/www.treffendel.fr\/?page_id=6474","title":{"rendered":"Proc\u00e8s-Verbal du conseil municipal du 27 mars 2025 \u00e0 19 h 00"},"content":{"rendered":"\n<p>Pr\u00e9sents : F. KERGUELEN, P. PERSEHAIE, C. LE ROSSIGNOL, C. BANCHEREAU, M. RAULLINE, C. GODIN, C. THOMAS, S. BERTIN, M. LACAZE<\/p>\n<p>Excus\u00e9es\u00a0: N. FRO (Procuration \u00e0 F. KERGUELEN), S. LE DIZES (Procuration \u00e0 M. LACAZE)<\/p>\n<p>Absents\u00a0: L. BEAUG\u00e9, C. DUBOIS, A. LE NET<\/p>\n<p>Approbation du compte rendu du conseil municipal du 13 mars 2025\u00a0:<\/p>\n<p>Le compte rendu du 13 mars 2025 est approuv\u00e9 \u00e0 l\u2019unanimit\u00e9 des membres pr\u00e9sents.<\/p>\n<p>D\u00e9signation d\u2019un secr\u00e9taire de s\u00e9ance\u00a0:<\/p>\n<p>Conform\u00e9ment \u00e0 l\u2019article L.2121-15 du Code G\u00e9n\u00e9ral des Collectivit\u00e9s Locales, Mme Chantal LE ROSSIGNOL est nomm\u00e9e secr\u00e9taire de s\u00e9ance.<\/p>\n<h2>I \u2013 \u00a0FINANCES<\/h2>\n<h3>1\u00b0 &#8211; vote des Comptes de Gestion 2024<\/h3>\n<p>Madame le Maire rappelle que le compte de gestion constitue la reddition des comptes du comptable public \u00e0 l\u2019ordonnateur (Maire). Il doit \u00eatre vot\u00e9 pr\u00e9alablement au compte administratif.<\/p>\n<p>Apr\u00e8s s\u2019\u00eatre assur\u00e9 que le comptable public a repris dans ses \u00e9critures le montant de chacun des soldes figurant au bilan de l\u2019exercice 2023, celui de tous les titres \u00e9mis et de tous les mandats de paiement ordonnanc\u00e9s et qu\u2019il a proc\u00e9d\u00e9 \u00e0 toutes les op\u00e9rations d\u2019ordre qu\u2019il lui a \u00e9t\u00e9 prescrit de passer dans ses \u00e9critures,<\/p>\n<p>Consid\u00e9rant que les op\u00e9rations de recettes et de d\u00e9penses paraissent r\u00e9guli\u00e8res et suffisamment justifi\u00e9es,<\/p>\n<p>Apr\u00e8s en avoir d\u00e9lib\u00e9r\u00e9, le conseil municipal, \u00e0 l\u2019unanimit\u00e9\u00a0approuve le compte de gestion du comptable public pour l\u2019exercice 2024, pour les budgets suivants\u00a0:<\/p>\n<ul>\n<li>Budget principal\u00a0: COMMUNE<\/li>\n<li>Budget annexe\u00a0: Assainissement \u2013 DSP<\/li>\n<li>Budget annexe\u00a0: Boulangerie<\/li>\n<li>Budget annexe\u00a0: Lotissement l\u2019Etunel<\/li>\n<li>Budget annexe\u00a0: Lotissement de la Mairie<\/li>\n<li>Budget annexe\u00a0: Lotissement de l\u2019Eglise.<\/li>\n<\/ul>\n<p>Ces comptes de gestion, vis\u00e9s et certifi\u00e9s conforme par l\u2019ordonnateur, n\u2019appellent ni observation ni r\u00e9serve de sa part sur la tenue des comptes.<\/p>\n<table width=\"739\">\n<tbody>\n<tr>\n<td width=\"135\">\n<p>\u00a0<\/p>\n<\/td>\n<td width=\"129\">\n<p>\u00a0<\/p>\n<\/td>\n<td width=\"97\">\n<p>D\u00e9penses r\u00e9alis\u00e9es\u00a0<\/p>\n<\/td>\n<td width=\"97\">\n<p>Recettes r\u00e9alis\u00e9es\u00a0<\/p>\n<\/td>\n<td width=\"91\">\n<p>R\u00e9sultat 2024\u00a0<\/p>\n<\/td>\n<td width=\"96\">\n<p>R\u00e9sultat ant\u00e9rieur<\/p>\n<\/td>\n<td width=\"96\">\n<p>R\u00e9sultat de cl\u00f4ture\u00a0<\/p>\n<\/td>\n<\/tr>\n<tr>\n<td rowspan=\"2\" width=\"135\">\n<p>Budget principal COMMUNE\u00a0<\/p>\n<\/td>\n<td width=\"129\">\n<p>fonctionnement<\/p>\n<\/td>\n<td width=\"97\">\n<p>1\u00a0105 164.58 \u20ac\u00a0\u00a0\u00a0<\/p>\n<\/td>\n<td width=\"97\">\n<p>1\u00a0249 637.31 \u20ac<\/p>\n<\/td>\n<td width=\"91\">\n<p>Exc\u00e9dent\u00a0: 144 472.73 \u20ac<\/p>\n<\/td>\n<td width=\"96\">\n<p>Exc\u00e9dent de 85 437.02 \u20ac<\/p>\n<\/td>\n<td width=\"96\">\n<p>Exc\u00e9dent\u00a0\u00a0 229 909.75 \u20ac<\/p>\n<\/td>\n<\/tr>\n<tr>\n<td width=\"129\">\n<p>investissement<\/p>\n<\/td>\n<td width=\"97\">\n<p>515 574.69 \u20ac<\/p>\n<\/td>\n<td width=\"97\">\n<p>193 171.33 \u20ac<\/p>\n<\/td>\n<td width=\"91\">\n<p>D\u00e9ficit de 322 403.36 \u20ac<\/p>\n<\/td>\n<td width=\"96\">\n<p>Exc\u00e9dent de 253 429.21 \u20ac<\/p>\n<p>\u00a0<\/p>\n<\/td>\n<td width=\"96\">\n<p>D\u00e9ficit de 68 974.15 \u20ac<\/p>\n<\/td>\n<\/tr>\n<tr>\n<td rowspan=\"2\" width=\"135\">\n<p>Budget annexe ASSAINISSEMENT \u2013 STATION (DSP) en H.T.<\/p>\n<\/td>\n<td width=\"129\">\n<p>Fonctionnement<\/p>\n<p>\u00a0<\/p>\n<\/td>\n<td width=\"97\">\n<p>79 418.20 \u20ac<\/p>\n<\/td>\n<td width=\"97\">\n<p>45 009.98 \u20ac<\/p>\n<\/td>\n<td width=\"91\">\n<p>D\u00e9ficit de 34 408.22\u00a0 \u20ac<\/p>\n<\/td>\n<td width=\"96\">\n<p>D\u00e9ficit de 37 084.71 \u20ac<\/p>\n<\/td>\n<td width=\"96\">\n<p>D\u00e9ficit de 71 492.93 \u20ac<\/p>\n<\/td>\n<\/tr>\n<tr>\n<td width=\"129\">\n<p>Investissement<\/p>\n<\/td>\n<td width=\"97\">\n<p>148 573.24 \u20ac<\/p>\n<\/td>\n<td width=\"97\">\n<p>70 038.28 \u20ac<\/p>\n<\/td>\n<td width=\"91\">\n<p>D\u00e9ficit de 78 534.96 \u20ac<\/p>\n<\/td>\n<td width=\"96\">\n<p>Exc\u00e9dent de 73 041.17 \u20ac<\/p>\n<\/td>\n<td width=\"96\">\n<p>D\u00e9ficit de 5 493.79 \u20ac<\/p>\n<\/td>\n<\/tr>\n<tr>\n<td rowspan=\"2\" width=\"135\">\n<p>Budget annexe BOULANGERIE en H.T.<\/p>\n<\/td>\n<td width=\"129\">\n<p>Fonctionnement<\/p>\n<p>\u00a0<\/p>\n<\/td>\n<td width=\"97\">\n<p>497.08 \u20ac<\/p>\n<\/td>\n<td width=\"97\">\n<p>1 940.14 \u20ac\u00a0\u00a0<\/p>\n<\/td>\n<td width=\"91\">\n<p>Exc\u00e9dent de 1 443.06 \u20ac<\/p>\n<\/td>\n<td width=\"96\">\n<p>Exc\u00e9dent de\u00a0\u00a0\u00a0\u00a0 567.68 \u20ac<\/p>\n<\/td>\n<td width=\"96\">\n<p>Exc\u00e9dent de 2 010.74 \u20ac\u00a0\u00a0\u00a0\u00a0\u00a0\u00a0\u00a0<\/p>\n<\/td>\n<\/tr>\n<tr>\n<td width=\"129\">\n<p>Investissement<\/p>\n<\/td>\n<td width=\"97\">\n<p>0.00 \u20ac<\/p>\n<\/td>\n<td width=\"97\">\n<p>8 970.00 \u20ac<\/p>\n<\/td>\n<td width=\"91\">\n<p>Exc\u00e9dent de 8 970.00 \u20ac<\/p>\n<\/td>\n<td width=\"96\">\n<p>D\u00e9ficit de 5 968.52 \u20ac<\/p>\n<\/td>\n<td width=\"96\">\n<p>Exc\u00e9dent de 3 001.48 \u20ac<\/p>\n<\/td>\n<\/tr>\n<tr>\n<td rowspan=\"2\" width=\"135\">\n<p>Budget annexe Lotissement de l\u2019Etunel en H.T.<\/p>\n<\/td>\n<td width=\"129\">\n<p>Fonctionnement<\/p>\n<p>\u00a0<\/p>\n<\/td>\n<td width=\"97\">\n<p>41 925.35 \u20ac<\/p>\n<\/td>\n<td width=\"97\">\n<p>55 584.30 \u20ac<\/p>\n<\/td>\n<td width=\"91\">\n<p>Exc\u00e9dent de 13 658.95\u00a0 \u20ac<\/p>\n<\/td>\n<td width=\"96\">\n<p>Exc\u00e9dent de 83 218.64\u00a0 \u20ac<\/p>\n<\/td>\n<td width=\"96\">\n<p>Exc\u00e9dent de 96 877.59 \u20ac<\/p>\n<\/td>\n<\/tr>\n<tr>\n<td width=\"129\">\n<p>Investissement<\/p>\n<\/td>\n<td width=\"97\">\n<p>33 158.86 \u20ac<\/p>\n<\/td>\n<td width=\"97\">\n<p>38 502.55 \u20ac<\/p>\n<\/td>\n<td width=\"91\">\n<p>Exc\u00e9dent de 5 343.69 \u20ac<\/p>\n<\/td>\n<td width=\"96\">\n<p>d\u00e9ficit de\u00a0\u00a0 38 502.55\u00a0 \u20ac<\/p>\n<\/td>\n<td width=\"96\">\n<p>d\u00e9ficit de 33 158.86 \u20ac<\/p>\n<\/td>\n<\/tr>\n<tr>\n<td rowspan=\"2\" width=\"135\">\n<p>Budget annexe Lotissement de la Mairie<\/p>\n<\/td>\n<td width=\"129\">\n<p>Fonctionnement<\/p>\n<p>\u00a0<\/p>\n<\/td>\n<td width=\"97\">\n<p>0.00 \u20ac<\/p>\n<\/td>\n<td width=\"97\">\n<p>0.00 \u20ac<\/p>\n<\/td>\n<td width=\"91\">\n<p>0.00 \u20ac<\/p>\n<\/td>\n<td width=\"96\">\n<p>D\u00e9ficit de 6\u00a0849.17\u00a0 \u20ac<\/p>\n<\/td>\n<td width=\"96\">\n<p>\u00a0D\u00e9ficit de 6\u00a0849.17\u00a0 \u20ac<\/p>\n<\/td>\n<\/tr>\n<tr>\n<td width=\"129\">\n<p>Investissement<\/p>\n<\/td>\n<td width=\"97\">\n<p>0.00 \u20ac<\/p>\n<\/td>\n<td width=\"97\">\n<p>0.00 \u20ac<\/p>\n<\/td>\n<td width=\"91\">\n<p>0.00\u00a0 \u20ac<\/p>\n<\/td>\n<td width=\"96\">\n<p>D\u00e9ficit de 49\u00a0420.20 \u20ac<\/p>\n<\/td>\n<td width=\"96\">\n<p>D\u00e9ficit de 49\u00a0420.20 \u20ac<\/p>\n<\/td>\n<\/tr>\n<tr>\n<td rowspan=\"2\" width=\"135\">\n<p>Budget annexe Lotissement de l\u2019\u00e9glise\u00a0<\/p>\n<\/td>\n<td width=\"129\">\n<p>Fonctionnement<\/p>\n<p>\u00a0<\/p>\n<\/td>\n<td width=\"97\">\n<p>0.00 \u20ac<\/p>\n<\/td>\n<td width=\"97\">\n<p>0.00 \u20ac<\/p>\n<\/td>\n<td width=\"91\">\n<p>0.00 \u20ac<\/p>\n<\/td>\n<td width=\"96\">\n<p>0.00 \u20ac<\/p>\n<\/td>\n<td width=\"96\">\n<p>0.00 \u20ac<\/p>\n<\/td>\n<\/tr>\n<tr>\n<td width=\"129\">\n<p>Investissement<\/p>\n<\/td>\n<td width=\"97\">\n<p>0.00 \u20ac<\/p>\n<\/td>\n<td width=\"97\">\n<p>0.00 \u20ac<\/p>\n<\/td>\n<td width=\"91\">\n<p>0.00 \u20ac<\/p>\n<\/td>\n<td width=\"96\">\n<p>d\u00e9ficit 83\u00a0296.66 \u20ac<\/p>\n<\/td>\n<td width=\"96\">\n<p>d\u00e9ficit de 83\u00a0296.66 \u20ac<\/p>\n<\/td>\n<\/tr>\n<\/tbody>\n<\/table>\n<p>Madame le Maire se retire de la salle.<\/p>\n<p>Ensuite, le conseil municipal approuve, \u00e0 l\u2019unanimit\u00e9, les six Comptes Administratifs 2024 de Madame le Maire.<\/p>\n<h3>3\u00b0 &#8211; vote affectation du r\u00e9sultat de 2024<\/h3>\n<p>Budget COMMUNE\u00a0:\u00a0 AFFECTATION DU RESULTAT\u00a0:<\/p>\n<p>La commission \u00ab\u00a0Finances\u00a0\u00bb propose d\u2019affecter l\u2019int\u00e9gralit\u00e9 du r\u00e9sultat de fonctionnement 2024, soit\u00a0:<\/p>\n<ul>\n<li>la somme de 94 025.85 \u20ac \u00e0 l\u2019investissement pour financer les programmes d\u2019investissement engag\u00e9s en 2024<\/li>\n<li>+ 68 974.15 \u20ac (d\u00e9ficit d\u2019investissement 2024 de la COMMUNE)<\/li>\n<li>+\u00a0\u00a0 5 493.79 \u20ac (d\u00e9ficit d\u2019investissement 2024 suite \u00e0 la cl\u00f4ture du Budget Assainissement)<\/li>\n<\/ul>\n<p>Soit un TOTAL de 168 493.79 \u20ac<\/p>\n<p>Apr\u00e8s en avoir d\u00e9lib\u00e9r\u00e9, le conseil municipal d\u00e9cide, \u00e0 l\u2019unanimit\u00e9\u00a0d\u2019affecter l\u2019int\u00e9gralit\u00e9 du r\u00e9sultat de fonctionnement 2024, calcul\u00e9 de la fa\u00e7on suivante\u00a0:<\/p>\n<ul>\n<li>la somme de 94 025.85 \u20ac \u00e0 l\u2019investissement pour financer les programmes d\u2019investissement engag\u00e9s en 2024<\/li>\n<li>+ 68 974.15 \u20ac (pour combler le d\u00e9ficit d\u2019investissement 2024 de la COMMUNE)<\/li>\n<li>+\u00a0\u00a0 5 493.79 \u20ac (pour combler le d\u00e9ficit d\u2019investissement 2024 suite \u00e0 la cl\u00f4ture du Budget Assainissement)<\/li>\n<\/ul>\n<p>Soit un TOTAL de 168 493.79 \u20ac au C\/1068, inscrit au Budget Primitif 2025.<\/p>\n<table width=\"739\">\n<tbody>\n<tr>\n<td width=\"218\">\n<p>\u00a0<\/p>\n<\/td>\n<td width=\"208\">\n<p>\u00a0<\/p>\n<\/td>\n<td width=\"156\">\n<p>D\u00e9penses<\/p>\n<\/td>\n<td width=\"156\">\n<p>Recettes<\/p>\n<\/td>\n<\/tr>\n<tr>\n<td rowspan=\"2\" width=\"218\">\n<p>Budget principal COMMUNE\u00a0<\/p>\n<\/td>\n<td width=\"208\">\n<p>Fonctionnement<\/p>\n<\/td>\n<td width=\"156\">\n<p>1\u00a0279 842.93 \u20ac<\/p>\n<\/td>\n<td width=\"156\">\n<p>1\u00a0279 842.93 \u20ac<\/p>\n<\/td>\n<\/tr>\n<tr>\n<td width=\"208\">\n<p>Investissement<\/p>\n<\/td>\n<td width=\"156\">\n<p>676 713.54 \u20ac<\/p>\n<\/td>\n<td width=\"156\">\n<p>676 713.54 \u20ac<\/p>\n<\/td>\n<\/tr>\n<tr>\n<td rowspan=\"2\" width=\"218\">\n<p>Budget annexe BOULANGERIE en H.T.<\/p>\n<\/td>\n<td width=\"208\">\n<p>Fonctionnement<\/p>\n<p>\u00a0<\/p>\n<\/td>\n<td width=\"156\">\n<p>8 490.74 \u20ac<\/p>\n<\/td>\n<td width=\"156\">\n<p>8 490.74 \u20ac<\/p>\n<\/td>\n<\/tr>\n<tr>\n<td width=\"208\">\n<p>Investissement<\/p>\n<\/td>\n<td width=\"156\">\n<p>8 842.22 \u20ac<\/p>\n<\/td>\n<td width=\"156\">\n<p>8 842.22 \u20ac<\/p>\n<\/td>\n<\/tr>\n<tr>\n<td rowspan=\"2\" width=\"218\">\n<p>Budget annexe Lotissement de l\u2019Etunel en H.T.<\/p>\n<\/td>\n<td width=\"208\">\n<p>Fonctionnement<\/p>\n<p>\u00a0<\/p>\n<\/td>\n<td width=\"156\">\n<p>210 964.44 \u20ac<\/p>\n<\/td>\n<td width=\"156\">\n<p>210 964.44 \u20ac<\/p>\n<\/td>\n<\/tr>\n<tr>\n<td width=\"208\">\n<p>Investissement<\/p>\n<\/td>\n<td width=\"156\">\n<p>106 416.71 \u20ac<\/p>\n<\/td>\n<td width=\"156\">\n<p>106 416.71 \u20ac<\/p>\n<\/td>\n<\/tr>\n<tr>\n<td rowspan=\"2\" width=\"218\">\n<p>Budget annexe Lotissement de la Mairie<\/p>\n<\/td>\n<td width=\"208\">\n<p>Fonctionnement<\/p>\n<p>\u00a0<\/p>\n<\/td>\n<td width=\"156\">\n<p>145\u00a0480.17 \u20ac<\/p>\n<\/td>\n<td width=\"156\">\n<p>145\u00a0480.17 \u20ac<\/p>\n<\/td>\n<\/tr>\n<tr>\n<td width=\"208\">\n<p>Investissement<\/p>\n<\/td>\n<td width=\"156\">\n<p>194\u00a0890.37 \u20ac<\/p>\n<\/td>\n<td width=\"156\">\n<p>194\u00a0890.37 \u20ac<\/p>\n<\/td>\n<\/tr>\n<tr>\n<td rowspan=\"2\" width=\"218\">\n<p>Budget annexe Lotissement de l\u2019\u00e9glise\u00a0<\/p>\n<\/td>\n<td width=\"208\">\n<p>Fonctionnement<\/p>\n<p>\u00a0<\/p>\n<\/td>\n<td width=\"156\">\n<p>203 307.00 \u20ac<\/p>\n<\/td>\n<td width=\"156\">\n<p>203 307.00 \u20ac<\/p>\n<\/td>\n<\/tr>\n<tr>\n<td width=\"208\">\n<p>Investissement<\/p>\n<\/td>\n<td width=\"156\">\n<p>286 594.00 \u20ac<\/p>\n<\/td>\n<td width=\"156\">\n<p>286 594.00 \u20ac<\/p>\n<\/td>\n<\/tr>\n<\/tbody>\n<\/table>\n<p>Le conseil municipal vote ces cinq budgets primitifs 2025, \u00e0 l\u2019unanimit\u00e9.<\/p>\n<h4>Taux de Fongibilit\u00e9<\/h4>\n<p>Depuis la nouvelle nomenclature M57, les d\u00e9penses impr\u00e9vues ne sont plus comptabilis\u00e9es. Il convient de voter un taux de fongibilit\u00e9 qui permet des virements de comptes \u00e0 l\u2019int\u00e9rieur de chaque section (Fonctionnement et Investissement) sans avoir recours \u00e0 des d\u00e9cisions modificatives. Le taux maximum est de 7.50 % des d\u00e9penses r\u00e9elles.<\/p>\n<p>Apr\u00e8s en avoir d\u00e9lib\u00e9r\u00e9, le conseil municipal, \u00e0 l\u2019unanimit\u00e9, vote un taux de fongibilit\u00e9 de 7.50 % pour l\u2019ensemble des budgets \u2013 M57 (budget principal COMMUNE, budgets annexes\u00a0: Boulangerie, Lotissement L\u2019Etunel, Lotissement de la Mairie et Lotissement de l\u2019Eglise).<\/p>\n<h4>RETROSPECTIVE 2024 par Mr Didier Libouban, Conseiller Local des Finances &#8211; DGFIP<\/h4>\n<p>Mr Libouban, Conseiller Local des Finances, pr\u00e9sente au conseil municipal, la situation financi\u00e8re de la commune sur une p\u00e9riode de 2020 \u00e0 2024. Il en ressort que les charges de Fonctionnement augmentent plus vite (+ 31.84 %) que les produits de Fonctionnement (+ 23.88 %), ce qui a pour cons\u00e9quence de diminuer la CAF (capacit\u00e9 d\u2019autofinancement) Brute de \u2013 12.27 %. La CAF Nette (= CAF Brute \u2013 remboursement des emprunts) diminue \u00e9galement de \u2013 15.28 %. La capacit\u00e9 de d\u00e9sendettement est de 3.91 ann\u00e9es, ce qui veut dire qu\u2019il faut 3.91 ans pour remboursement le capital des emprunts restant d\u00fb (616 551 \u20ac). C\u2019est corrrect\u00a0: il ne faut pas d\u00e9passer 8 ans.<\/p>\n<p>La situation financi\u00e8re est convenable pour la strate de notre commune (moins de 2 000 hab), mais, toutefois, on constate une baisse de la CAF Nette (2020 = 101 285 \u20ac\u00a0\u00a0 &#8211;\u00a0\u00a0 2024 = 85 806 \u20ac).<\/p>\n<h2>QUESTIONS DIVERSES :<\/h2>\n<h3>D\u00e9lib\u00e9ration pour achats\u00a0: \u00ab\u00a0f\u00eate de la famille\u00a0\u00bb<\/h3>\n<p>Lors de la s\u00e9ance du 13 mars 2025, il a \u00e9t\u00e9 d\u00e9cid\u00e9 d\u2019organiser une \u00ab\u00a0f\u00eate de la famille\u00a0\u00bb et convier tous les parents ayant eu un enfant n\u00e9 au cours de l\u2019ann\u00e9e 2024. Celle-ci aura lieu le samedi 28 juin 2025. Pour ce faire, il est d\u00e9cid\u00e9 d\u2019offrir \u00e0 chaque enfant un bavoir avec son pr\u00e9nom, l\u2019ann\u00e9e 2024 et le logo de la commune. Mme Chantal LE ROSSIGNOL, 2\u00e8me adjointe, est charg\u00e9e des achats. Or, pour ce type de cadeau, les commandes ne peuvent se faire que sur Internet avec un paiement par carte bancaire.<\/p>\n<p>Mme Le Rossignol va pouvoir faire les achats et ensuite elle devra \u00eatre rembours\u00e9e par virement bancaire sur le compte de la tr\u00e9sorerie de Montfort-sur-Meu.<\/p>\n<p>Apr\u00e8s en avoir d\u00e9lib\u00e9r\u00e9, le conseil municipal, \u00e0 l\u2019unanimit\u00e9, autorise Mme Le Rossignol \u00e0 proc\u00e9der aux achats des bavoirs pour la f\u00eate de la famille, vote un budget de 500 \u20ac, \u00e0 prendre sur le C\/623, \u00ab f\u00eates et c\u00e9r\u00e9monies \u00bb, (BP 2025 = 4 500 \u20ac), et autorise Mme Le Maire \u00e0 rembourser Mme Le Rossignol Chantal, 2\u00e8me adjointe, au vu de la facture des achats, par un virement administratif.<\/p>\n<h3>PROCHAINES REUNIONS DE COMMISSIONS<\/h3>\n<ul>\n<li>C.C.A.S. : samedi 29 mars 2025 \u00e0 09 h 00 : vote du CA 2024 \u2013 BP 2025<\/li>\n<li>Commission \u00ab B\u00e2timents \u00bb : 1er avril \u00e0 20 h 00<\/li>\n<li>Commission \u00ab Urbanisme \u00bb : date \u00e0 fixer ult\u00e9rieurement en attente r\u00e9ponse de la Police de l\u2019Eau pour le projet habitat l\u00e9ger<\/li>\n<\/ul>\n<h3>PROCHAINS CONSEILS MUNICIPAUX<\/h3>\n<ul>\n<li>Jeudi 17 avril 2025 \u00e0 20 h 00 (r\u00e9union Adjoints : mardi 8 avril 2025 \u00e0 20 h 00)<\/li>\n<li>Jeudi 15 mai 2025 \u00e0 20 h 00 (r\u00e9union Adjoints : mardi 6 mai 2025 \u00e0 20 h 00)<\/li>\n<li>Jeudi 12 juin 2025 \u00e0 20 h 00 (r\u00e9union Adjoints : mardi 3 juin 2025 \u00e0 20 h 00)<\/li>\n<li>Jeudi 17 juillet 2025 \u00e0 20 h 00 (r\u00e9union Adjoints : mardi 8 juillet 2025 \u00e0 20 h 00)<\/li>\n<li>Jeudi 11 septembre 2025 \u00e0 20 h 00 (r\u00e9union Adjoints : mardi 2 septembre 2025 \u00e0 20 h 00)<\/li>\n<li>Jeudi 16 octobre 2025 \u00e0 20 h 00 (r\u00e9union Adjoints : mardi 7 octobre 2025 \u00e0 20 h 00)<\/li>\n<li>Jeudi 13 novembre 2025 \u00e0 20 h 00 (r\u00e9union Adjoints : mardi 4 novembre 2025 \u00e0 20 h 00)<\/li>\n<li>Jeudi 11 d\u00e9cembre 2025 \u00e0 20 h 00 (r\u00e9union Adjoints (mardi 2 d\u00e9cembre 2025 \u00e0 20 h 00)<\/li>\n<\/ul>\n<p>\u00a0<\/p>\n","protected":false},"excerpt":{"rendered":"<p>Pr\u00e9sents : F. KERGUELEN, P. PERSEHAIE, C. LE ROSSIGNOL, C. BANCHEREAU, M. RAULLINE, C. GODIN, C. THOMAS, S. BERTIN, M. LACAZE Excus\u00e9es\u00a0: N. FRO (Procuration \u00e0 F. KERGUELEN), S. LE DIZES (Procuration \u00e0 M. LACAZE) Absents\u00a0: L. BEAUG\u00e9, C. DUBOIS, A. LE NET Approbation du compte rendu du conseil municipal du 13 mars 2025\u00a0: Le [&hellip;]<\/p>\n","protected":false},"author":1,"featured_media":0,"parent":17,"menu_order":0,"comment_status":"closed","ping_status":"closed","template":"","meta":[],"_links":{"self":[{"href":"https:\/\/www.treffendel.fr\/index.php?rest_route=\/wp\/v2\/pages\/6474"}],"collection":[{"href":"https:\/\/www.treffendel.fr\/index.php?rest_route=\/wp\/v2\/pages"}],"about":[{"href":"https:\/\/www.treffendel.fr\/index.php?rest_route=\/wp\/v2\/types\/page"}],"author":[{"embeddable":true,"href":"https:\/\/www.treffendel.fr\/index.php?rest_route=\/wp\/v2\/users\/1"}],"replies":[{"embeddable":true,"href":"https:\/\/www.treffendel.fr\/index.php?rest_route=%2Fwp%2Fv2%2Fcomments&post=6474"}],"version-history":[{"count":1,"href":"https:\/\/www.treffendel.fr\/index.php?rest_route=\/wp\/v2\/pages\/6474\/revisions"}],"predecessor-version":[{"id":6475,"href":"https:\/\/www.treffendel.fr\/index.php?rest_route=\/wp\/v2\/pages\/6474\/revisions\/6475"}],"up":[{"embeddable":true,"href":"https:\/\/www.treffendel.fr\/index.php?rest_route=\/wp\/v2\/pages\/17"}],"wp:attachment":[{"href":"https:\/\/www.treffendel.fr\/index.php?rest_route=%2Fwp%2Fv2%2Fmedia&parent=6474"}],"curies":[{"name":"wp","href":"https:\/\/api.w.org\/{rel}","templated":true}]}}