{"id":6546,"date":"2025-05-21T15:58:04","date_gmt":"2025-05-21T13:58:04","guid":{"rendered":"https:\/\/www.treffendel.fr\/?page_id=6546"},"modified":"2025-05-21T16:00:40","modified_gmt":"2025-05-21T14:00:40","slug":"proces-verbal-du-conseil-municipal-du-15-mai-2025-a-20-h-00","status":"publish","type":"page","link":"https:\/\/www.treffendel.fr\/?page_id=6546","title":{"rendered":"Proc\u00e8s-Verbal du conseil municipal du 15 mai 2025 \u00e0 20 h 00"},"content":{"rendered":"\n<p>Pr\u00e9sents : F. KERGUELEN, P. PERSEHAIE, C. LE ROSSIGNOL, C. BANCHEREAU, M. RAULLINE, C. GODIN, C. THOMAS, M. LACAZE, L. BEAUG\u00e9, S. BERTIN, N. FRO,<\/p>\n<p>Excus\u00e9e\u00a0: C. DUBOIS (Procuration \u00e0 S. BERTIN)<\/p>\n<p>Absents\u00a0: S. LE DIZES \u2013 A. LE NET<\/p>\n<p>Approbation du compte rendu du conseil municipal du 23 avril 2025\u00a0:<\/p>\n<p>Le compte rendu du 23 avril 2025 est approuv\u00e9 \u00e0 l\u2019unanimit\u00e9 des membres pr\u00e9sents.<\/p>\n<p>Conform\u00e9ment \u00e0 l\u2019article L.2121-15 du Code G\u00e9n\u00e9ral des Collectivit\u00e9s Locales, Mr Pierre PERSEHAIE\u00a0est nomm\u00e9 secr\u00e9taire de s\u00e9ance.<\/p>\n<h2>I \u2013 \u00a0INTERCOMMUNALITE :<\/h2>\n<p>Broc\u00e9liande Communaut\u00e9\u00a0: convention de transfert de la comp\u00e9tence assainissement<\/p>\n<p>Madame le Maire informe le conseil municipal, que lors de sa s\u00e9ance du 05 mai 2025, le conseil communautaire a valid\u00e9 la convention d\u00e9finitive de transfert de la comp\u00e9tence assainissement au 1er janvier 2025 de la commune de Treffendel \u00e0 Broc\u00e9liande Communaut\u00e9.<\/p>\n<p>Il est stipul\u00e9\u00a0:<\/p>\n<ul>\n<li>La mise \u00e0 disposition des biens (station d\u2019\u00e9puration et r\u00e9seaux)<\/li>\n<li>Les 2 emprunts\u00a0: 100 000 \u20ac (en 2014) et 450 000 \u20ac (en 2019)<\/li>\n<li>Les r\u00e9sultats au 31.12.2024\u00a0= D\u00e9ficit de fonctionnement \u2013 71 492.93 \u20ac et<\/li>\n<li>D\u00e9ficit d\u2019Investissement \u2013 5 493.79 \u20ac<\/li>\n<li>Les orientations et objectifs de la politique d\u2019investissement<\/li>\n<li>Les conditions tarifaires<\/li>\n<li>La gouvernance<\/li>\n<li>Les r\u00e8glements et litiges \u00e9ventuels.<\/li>\n<\/ul>\n<p>Apr\u00e8s en avoir d\u00e9lib\u00e9r\u00e9, le conseil municipal, \u00e0 l\u2019unanimit\u00e9\u00a0:<\/p>\n<ul>\n<li>accepte les conditions de la convention de transfert de la comp\u00e9tence assainissement au 1er janvier 2025,<\/li>\n<li>autorise Mme le Maire \u00e0 signer ladite convention et tous documents relatifs \u00e0 la convention,<\/li>\n<li>sollicite le remboursement des 2 d\u00e9ficits 2024 (Fonctionnement = 71 492.93 \u20ac) et (Investissement 5 493.79 \u20ac, soit la somme totale de 76 986.72 \u20ac aupr\u00e8s de Broc\u00e9liande Communaut\u00e9.<\/li>\n<\/ul>\n<h2>II\u2013 \u00a0VOIRIE :<\/h2>\n<p>Route du Boulou\u00e9e\u00a0: reprise du \u00ab\u00a0tapis d\u2019enrob\u00e9\u00a0\u00bb &#8211; lancement d\u2019un appel d\u2019offres<\/p>\n<p>Mr Pierre PERSEHAIE, Adjoint \u00e0 la voirie, pr\u00e9sente au conseil municipal un plan d\u00e9finissant le trac\u00e9 sur la route\u00a0du \u00ab\u00a0Boulou\u00e9e\u00a0\u00bb qui n\u00e9cessiterait une reprise du \u00ab\u00a0tapis d\u2019enrob\u00e9\u00a0\u00bb. Il propose de lancer un appel d\u2019offres pour ces travaux de modernisation de voirie.<\/p>\n<p>Apr\u00e8s en avoir d\u00e9lib\u00e9r\u00e9, le conseil municipal d\u00e9cide, \u00e0 l\u2019unanimit\u00e9, de lancer un appel d\u2019offres pour des travaux\u00a0de reprise d\u2019enrob\u00e9 sur la route du Boulou\u00e9e aupr\u00e8s de diverses entreprises.<\/p>\n<h2>III\u2013 FINANCES :<\/h2>\n<h3>Terrain communal ZA 17\u00a0: tarif de location \u00e0 d\u00e9finir<\/h3>\n<p>Mme Mich\u00e8le RAULLINE, Adjointe aux finances, rappelle au conseil municipal qu\u2019une partie de la parcelle communale cadastr\u00e9e section ZA N\u00b0 17 est actuellement occup\u00e9e par la SCEA \u00ab\u00a0Les prairies du Boulou\u00e9e\u00a0\u00bb<\/p>\n<p>pour le d\u00e9p\u00f4t d\u2019une r\u00e9serve incendie de leur exploitation agricole, soit environ une surface de 250 m\u00b2.<\/p>\n<p>Il convient donc de d\u00e9finir un tarif de location par un contrat \u00ab\u00a0location pr\u00e9caire\u00a0\u00bb annuelle et renouvelable chaque ann\u00e9e. Il est propos\u00e9 un forfait annuel de 50 \u20ac.<\/p>\n<p>Apr\u00e8s en avoir d\u00e9lib\u00e9r\u00e9, le conseil municipal d\u00e9cide, \u00e0 l\u2019unanimit\u00e9 de louer une partie de la parcelle communale ZA N\u00b0 17, d\u2019une surface approximative de 250 m\u00b2, o\u00f9 se situe la r\u00e9serve incendie, \u00e0 la SCEA \u00ab\u00a0les prairies du Boulou\u00e9e\u00a0\u00bb \u00e0 raison d\u2019un forfait annuel de 50 \u20ac, sous forme d\u2019une location pr\u00e9caire d\u2019une ann\u00e9e, \u00e0 compter du 1er juin 2025, renouvelable chaque ann\u00e9e et r\u00e9visable selon l\u2019indice national des fermages, avec un pr\u00e9avis de d\u00e9nonciation deux mois avant le terme du contrat pour les deux parties.<\/p>\n<h2>IV \u2013 Affaires scolaires et p\u00e9riscolaires<\/h2>\n<h3>1\u00b0 &#8211; Information sur la modification des horaires scolaires et p\u00e9riscolaires \u2013 rentr\u00e9e scolaire 2025<\/h3>\n<p>Mme Chantal LE ROSSIGNOL, Adjointe aux affaires scolaires et p\u00e9riscolaires, pr\u00e9sente au conseil municipal le courrier de l\u2019inspection acad\u00e9mique de Rennes qui accepte la demande de modification des horaires scolaires pour l\u2019\u00e9cole publique comme suit\u00a0:<\/p>\n<p>Lundi- mardi- jeudi et vendredi\u00a0: de 08 h 30 \u00e0 12 h 00 et de 14 h 00 \u00e0 16 h 30.<\/p>\n<p>A noter que cette nouvelle organisation est une demande de l&rsquo;\u00e9quipe p\u00e9dagogique de l&rsquo;\u00e9cole Aurelie Nemours et n&rsquo;a pas \u00e9t\u00e9 d\u00e9cid\u00e9 conjointement avec l&rsquo;\u00e9cole Saint Malo (comme cela avait \u00e9t\u00e9 pr\u00e9vu initialement) et c&rsquo;est tr\u00e8s regrettable, souligne Mme LE ROSSIGNOL.<\/p>\n<p>Le conseil municipal prend acte de cette nouvelle organisation du temps scolaire (validit\u00e9 3 ans).<\/p>\n<h4>2\u00b0 &#8211; Cr\u00e9ation d\u2019un groupe de travail pour l\u2019\u00e9criture d\u2019un PEDT (Projet EDucatif Territorial)<\/h4>\n<p>La mise en place d\u2019un PEdT est une d\u00e9marche volontaire \u00e0 l\u2019initiative de la commune.<\/p>\n<p>Il permet de mobiliser toutes les ressources du territoire afin de garantir la continuit\u00e9 \u00e9ducative entre les diff\u00e9rents temps de vie de l\u2019enfant. Il implique une collaboration entre les collectivit\u00e9s territoriales, les \u00e9coles, les accueils de loisirs et les familles.<\/p>\n<p>L\u2019\u00e9criture d\u2019un PEDT\u00a0permettrait \u00e0 l\u2019Interval de percevoir une subvention pour l\u2019accueil de loisirs.<\/p>\n<p>Apr\u00e8s en avoir d\u00e9lib\u00e9r\u00e9, le groupe de travail est constitu\u00e9 de\u00a0:<\/p>\n<ul>\n<li>Fran\u00e7oise KERGUELEN<\/li>\n<li>Chantal LE ROSSIGNOL<\/li>\n<li>Marie LACAZE.<\/li>\n<\/ul>\n<p>Le conseil municipal propose de solliciter Mr Aur\u00e9lien LE NET (absent \u00e0 cette s\u00e9ance) pour l\u2019int\u00e9grer \u00e0 ce groupe de travail.<\/p>\n<h3>QUESTIONS DIVERSES :<\/h3>\n<p>Programmer une commission Urbanisme<\/p>\n<p>Mme le Maire et Mr Charl\u00e9ric Banchereau, Adjoint \u00e0 l\u2019Urbanisme, donnent lecture au conseil municipal des conclusions provisoires de la Police de l\u2019Eau du dossier \u00ab\u00a0loi sur l\u2019eau\u00a0\u00bb du projet \u00ab\u00a0Hameaux l\u00e9gers\u00a0\u00bb. Celles-ci seront \u00e9tudi\u00e9es lors de la prochaine commission \u00ab\u00a0Urbanisme\u00a0\u00bb.<\/p>\n<p>-Zone de la Mairie\u00a0: rapport d\u2019activit\u00e9s de 2024 \u00e9dit\u00e9 par l\u2019EPF. Les conclusions de ce rapport seront \u00e9galement vues lors de la prochaine commission \u00ab\u00a0Urbanisme\u00a0\u00bb.<\/p>\n<h4>PROCHAINES REUNIONS DE COMMISSIONS\u00a0:<\/h4>\n<p>Commission \u00ab Urbanisme \u00bb : mercredi 21 mai 2025 \u00e0 20 h 00<\/p>\n<h3>PROCHAINS CONSEILS MUNICIPAUX<\/h3>\n<ul>\n<li>Jeudi 12 juin 2025 \u00e0 20 h 00 (r\u00e9union Adjoints : mardi 3 juin 2025 \u00e0 20 h 00)<\/li>\n<li>Jeudi 17 juillet 2025 \u00e0 20 h 00 (r\u00e9union Adjoints : mardi 8 juillet 2025 \u00e0 20 h 00)<\/li>\n<li>Jeudi 11 septembre 2025 \u00e0 20 h 00 (r\u00e9union Adjoints : mardi 2 septembre 2025 \u00e0 20 h 00)<\/li>\n<li>Jeudi 16 octobre 2025 \u00e0 20 h 00 (r\u00e9union Adjoints : mardi 7 octobre 2025 \u00e0 20 h 00)<\/li>\n<li>Jeudi 13 novembre 2025 \u00e0 20 h 00 (r\u00e9union Adjoints : mardi 4 novembre 2025 \u00e0 20 h 00)<\/li>\n<li>Jeudi 11 d\u00e9cembre 2025 \u00e0 20 h 00 (r\u00e9union Adjoints (mardi 2 d\u00e9cembre 2025 \u00e0 20 h 00)<\/li>\n<\/ul>\n","protected":false},"excerpt":{"rendered":"<p>Pr\u00e9sents : F. KERGUELEN, P. PERSEHAIE, C. LE ROSSIGNOL, C. BANCHEREAU, M. RAULLINE, C. GODIN, C. THOMAS, M. LACAZE, L. BEAUG\u00e9, S. BERTIN, N. FRO, Excus\u00e9e\u00a0: C. DUBOIS (Procuration \u00e0 S. BERTIN) Absents\u00a0: S. LE DIZES \u2013 A. LE NET Approbation du compte rendu du conseil municipal du 23 avril 2025\u00a0: Le compte rendu du [&hellip;]<\/p>\n","protected":false},"author":1,"featured_media":0,"parent":17,"menu_order":0,"comment_status":"closed","ping_status":"closed","template":"","meta":[],"_links":{"self":[{"href":"https:\/\/www.treffendel.fr\/index.php?rest_route=\/wp\/v2\/pages\/6546"}],"collection":[{"href":"https:\/\/www.treffendel.fr\/index.php?rest_route=\/wp\/v2\/pages"}],"about":[{"href":"https:\/\/www.treffendel.fr\/index.php?rest_route=\/wp\/v2\/types\/page"}],"author":[{"embeddable":true,"href":"https:\/\/www.treffendel.fr\/index.php?rest_route=\/wp\/v2\/users\/1"}],"replies":[{"embeddable":true,"href":"https:\/\/www.treffendel.fr\/index.php?rest_route=%2Fwp%2Fv2%2Fcomments&post=6546"}],"version-history":[{"count":2,"href":"https:\/\/www.treffendel.fr\/index.php?rest_route=\/wp\/v2\/pages\/6546\/revisions"}],"predecessor-version":[{"id":6549,"href":"https:\/\/www.treffendel.fr\/index.php?rest_route=\/wp\/v2\/pages\/6546\/revisions\/6549"}],"up":[{"embeddable":true,"href":"https:\/\/www.treffendel.fr\/index.php?rest_route=\/wp\/v2\/pages\/17"}],"wp:attachment":[{"href":"https:\/\/www.treffendel.fr\/index.php?rest_route=%2Fwp%2Fv2%2Fmedia&parent=6546"}],"curies":[{"name":"wp","href":"https:\/\/api.w.org\/{rel}","templated":true}]}}