{"id":6586,"date":"2025-06-24T14:07:09","date_gmt":"2025-06-24T12:07:09","guid":{"rendered":"https:\/\/www.treffendel.fr\/?page_id=6586"},"modified":"2025-06-24T14:07:09","modified_gmt":"2025-06-24T12:07:09","slug":"proces-verbal-du-conseil-municipal-du-12-juin-2025-a-20-h-00","status":"publish","type":"page","link":"https:\/\/www.treffendel.fr\/?page_id=6586","title":{"rendered":"Proc\u00e8s-Verbal du conseil municipal du 12 juin 2025 \u00e0 20 h 00"},"content":{"rendered":"\n<p>Pr\u00e9sents : F. KERGUELEN, P. PERSEHAIE, C. LE ROSSIGNOL, C. BANCHEREAU, M. RAULLINE, C. GODIN, C. THOMAS, L. BEAUG\u00c9, S. BERTIN, C. DUBOIS, S. LE DIZES.<\/p>\n<p>Excus\u00e9s\u00a0: A. LE NET (Procuration \u00e0 F. KERGUELEN), M. LACAZE (Procuration \u00e0\u00a0C. LE ROSSIGNOL)<\/p>\n<p>Absente\u00a0: FRO No\u00eblle<\/p>\n<h3>Approbation du compte rendu du conseil municipal du 15 mai 2025\u00a0:<\/h3>\n<p>Le compte rendu du 15 mai 2025 est approuv\u00e9 \u00e0 l\u2019unanimit\u00e9 des membres pr\u00e9sents.<\/p>\n<h3>D\u00e9signation d\u2019un secr\u00e9taire de s\u00e9ance\u00a0:<\/h3>\n<p>Conform\u00e9ment \u00e0 l\u2019article L.2121-15 du Code G\u00e9n\u00e9ral des Collectivit\u00e9s Locales, Mme Sophie LE DIZES\u00a0est nomm\u00e9e secr\u00e9taire de s\u00e9ance.<\/p>\n<h2>I \u2013 \u00a0URBANISME :<\/h2>\n<p>Compte-rendu de la commission \u00ab\u00a0Urbanisme\u00a0\u00bb<\/p>\n<h3>1\u00b0 &#8211; Dispositif \u00ab\u00a0Hameaux l\u00e9gers\u00a0\u00bb\u00a0: d\u00e9cision \u00e0 prendre<\/h3>\n<p>Madame le Maire donne lecture du mail de la Police de l\u2019eau en r\u00e9ponse au dossier Loi sur l\u2019eau concernant le projet de hameaux l\u00e9gers port\u00e9 par Broc\u00e9liande communaut\u00e9 et la commune sur une parcelle (AB173) urbanisable mais situ\u00e9e en zone humide.<\/p>\n<p>Il en ressort qu\u2019il n\u2019y a pas d\u2019interdiction mais une demande de compensation :\u00a0\u00a0\u00ab\u00a0\u2026. L\u2019\u00e9vitement des impacts sur la zone est donc \u00e0 rechercher en absolue priorit\u00e9.<\/p>\n<p>S\u2019ils ne peuvent \u00eatre \u00e9vit\u00e9s, il convient de les compenser par la mise en place d\u2019actions \u00e9cologiques permettant de retrouver des fonctions \u00e9quivalentes aux fonctions perdues ou d\u00e9grad\u00e9es par l\u2019am\u00e9nagement hors du secteur du projet.\u00a0\u00bb<\/p>\n<p>La crainte des \u00e9lus est que le projet soit attaquable, car il ne respecte pas la compensation demand\u00e9e par la Police de l\u2019eau, et est plut\u00f4t orient\u00e9 vers l\u2019am\u00e9lioration du fonctionnement sur la parcelle propos\u00e9e par Biosferenn, dans le dossier Loi sur l\u2019eau, envoy\u00e9 pour avis aux services de l\u2019Etat.<\/p>\n<p>Les zones \u00e0 urbaniser, propri\u00e9t\u00e9 de la commune, sont peu nombreuses et le projet ne peut en l\u2019\u00e9tat \u00eatre report\u00e9 sur un autre terrain, ou compenser (certains terrains ayant la m\u00eame particularit\u00e9 d\u2019avoir une zone humide).<\/p>\n<p>L\u2019autre point bloquant \u00e0 souligner concerne le PLUI et la densit\u00e9 de l\u2019habitat avec l\u2019obligation de r\u00e9aliser des tranches d\u2019au moins 10 logements.<\/p>\n<p>Enfin, il est apparu des r\u00e9serves des riverains pour ce projet\u00a0: Stationnement, s\u00e9curit\u00e9, circulation, accessibilit\u00e9 sur les voies existantes.\u00a0\u00a0<\/p>\n<p>Ne pouvant proposer d\u2019autres terrains susceptibles d\u2019accueillir ce projet ou de compenser l\u2019impact zone humide, la commission propose de ne pas poursuivre plus en avant le projet. Pour rappel, ce projet avait \u00e9t\u00e9 scind\u00e9 en trois phases\u00a0:<\/p>\n<ul>\n<li>\u00c9tude de faisabilit\u00e9 ou \u00e9tude pr\u00e9-op\u00e9rationnelle,<\/li>\n<li>Assistance s\u00e9lection des candidats,<\/li>\n<li>Assistance aux ma\u00eetrises d\u2019ouvrage.<\/li>\n<\/ul>\n<p>Les phases 2 et 3 sont conditionn\u00e9es aux r\u00e9sultats de l\u2019\u00e9tude de faisabilit\u00e9.<\/p>\n<p>Apr\u00e8s en avoir d\u00e9battu, le conseil municipal d\u00e9cide, \u00e0 l\u2019unanimit\u00e9, de ne pas poursuivre le projet \u00ab\u00a0d\u2019habitats l\u00e9gers\u00a0\u00bb fl\u00e9ch\u00e9 sur la parcelle communale AB 173.<\/p>\n<p>2\u00b0 &#8211;\u00a0 Zone de la mairie\u00a0: pr\u00e9sentation du compte-rendu d\u2019activit\u00e9 2024 par l\u2019EPF<\/p>\n<p>Mr Charl\u00e9ric BANCHEREAU, Adjoint \u00e0 l\u2019Urbanisme, rappelle au conseil municipal le p\u00e9rim\u00e8tre de la zone de la mairie d\u2019une superficie de 19 575 m\u00b2. Convention avec l\u2019EPF entr\u00e9e en vigueur le 19 juillet 2013 avec un taux minimal de 20 % de logements locatifs sociaux, avec une densit\u00e9 minimale de 20 logements \u00e0 l\u2019hectare soit un nombre de logements potentiels de 40.<\/p>\n<p>Biens fonciers en cours de portage \u00e0 l\u2019EPF Bretagne au 31\/12\/2024 =<\/p>\n<table>\n<tbody>\n<tr>\n<td width=\"227\">\n<p>Parcelles<\/p>\n<\/td>\n<td width=\"189\">\n<p>Surface totale<\/p>\n<\/td>\n<td width=\"227\">\n<p>Date pr\u00e9visionnelle de fin de portage<\/p>\n<\/td>\n<\/tr>\n<tr>\n<td width=\"227\">\n<p>AC 18 \u2013 AC 160<\/p>\n<\/td>\n<td width=\"189\">\n<p>3 059 m\u00b2<\/p>\n<\/td>\n<td width=\"227\">\n<p>31.12.2027<\/p>\n<\/td>\n<\/tr>\n<tr>\n<td width=\"227\">\n<p>AC 169<\/p>\n<\/td>\n<td width=\"189\">\n<p>2 038 m\u00b2<\/p>\n<\/td>\n<td width=\"227\">\n<p>28.03.2028<\/p>\n<\/td>\n<\/tr>\n<tr>\n<td width=\"227\">\n<p>AC 173<\/p>\n<\/td>\n<td width=\"189\">\n<p>682 m\u00b2<\/p>\n<\/td>\n<td width=\"227\">\n<p>24.03.2028<\/p>\n<\/td>\n<\/tr>\n<tr>\n<td width=\"227\">\n<p>AC 23 \u2013 AC 177 \u2013 AC 179 \u2013 AC 28<\/p>\n<\/td>\n<td width=\"189\">\n<p>6 779 m\u00b2<\/p>\n<\/td>\n<td width=\"227\">\n<p>09.02.2029<\/p>\n<\/td>\n<\/tr>\n<tr>\n<td width=\"227\">\n<p>TOTAL<\/p>\n<\/td>\n<td width=\"189\">\n<p>12 558 M\u00b2<\/p>\n<\/td>\n<td width=\"227\">\n<p>\u00a0<\/p>\n<\/td>\n<\/tr>\n<\/tbody>\n<\/table>\n<p>\u00a0<\/p>\n<p>\u00a0Il conviendra de r\u00e9fl\u00e9chir au rachat des parcelles dans un court terme (2027 \u2013 2028) et de le pr\u00e9voir dans les budgets futurs.<\/p>\n<p>Cette zone fera l\u2019objet d\u2019un plan d\u2019am\u00e9nagement soit par un portage communal ou par un am\u00e9nageur priv\u00e9.<\/p>\n<p>Il pourra \u00eatre divis\u00e9 en 2 tranches. Le plan d\u2019am\u00e9nagement devra respecter les r\u00e8gles actuelles d\u2019urbanisme\u00a0: loi ZAN ainsi que le SCOT (R\u00e9gion et Pays de Broc\u00e9liande).<\/p>\n<h2>II\u2013 \u00a0INTERCOMMUNALITE<\/h2>\n<h3>1\u00b0 &#8211; Broc\u00e9liande Communaut\u00e9\u00a0: recomposition de l\u2019organe d\u00e9lib\u00e9rant<\/h3>\n<p>Madame le Maire indique au conseil municipal que dans la perspective du renouvellement g\u00e9n\u00e9ral des conseils municipaux en 2026, il est n\u00e9cessaire d\u2019anticiper la recomposition du conseil communautaire de Broc\u00e9liande Communaut\u00e9 conform\u00e9ment aux articles L.5211-6-1 et suivants du Code g\u00e9n\u00e9ral des collectivit\u00e9s territoriales.<\/p>\n<p>Actuellement le conseil communautaire comprend 30 si\u00e8ges. Treffendel = 2 si\u00e8ges.<\/p>\n<p>La loi pr\u00e9voit 2 modes de r\u00e9partition des si\u00e8ges\u00a0:<\/p>\n<ol>\n<li>la r\u00e9partition selon le droit commun : r\u00e8gle proportionnelle \u00e0 la population des communes = 27 si\u00e8ges.<\/li>\n<li>l\u2019accord local permettant une r\u00e9partition adapt\u00e9e au territoire.<\/li>\n<\/ol>\n<p>Les conseils municipaux doivent d\u00e9lib\u00e9rer avant le 31 ao\u00fbt 2025.<\/p>\n<p>Ensuite, Madame le Maire pr\u00e9sente au conseil municipal un tableau recensant 7 possibilit\u00e9s d\u2019accords locaux\u00a0au vu de la population 2025 de chaque commune et l\u2019\u00e9volution de la population 2025\/2019.<\/p>\n<p>Apr\u00e8s en avoir d\u00e9lib\u00e9r\u00e9, le conseil municipal d\u00e9cide, \u00e0 l\u2019unanimit\u00e9 de retenir la possibilit\u00e9 5,\u00a0\u00e0 savoir :\u00a0 31 si\u00e8ges au total r\u00e9partis de la fa\u00e7on suivante\u00a0:<\/p>\n<ul>\n<li>Br\u00e9al\/Montfort = 10<\/li>\n<li>Pl\u00e9lan-le-Grand = 7<\/li>\n<li>Saint-Thurial = 4<\/li>\n<li>Paimpont = 3<\/li>\n<li>Maxent = 2<\/li>\n<li>Monterfil = 2<\/li>\n<li>Treffendel = 2<\/li>\n<li>Saint-P\u00e9ran = 1.<\/li>\n<\/ul>\n<h3>2\u00b0 &#8211; D\u00e9cision du conseil municipal sur les zones d\u2019acc\u00e9l\u00e9ration des \u00e9nergies renouvelables pour l&rsquo;avis conforme sur la cartographie du R\u00e9f\u00e9rent Pr\u00e9fectoral Unique sur son territoire.<\/h3>\n<p>Pour m\u00e9moire\u00a0: Madame le Maire rappelle la d\u00e9lib\u00e9ration du 18 avril 2024 + Carte o\u00f9 figure la zone retenue sur la commune de Treffendel.<\/p>\n<p>Vu la loi n\u00b0 2023-175 du 10 mars 2023 relative \u00e0 l&rsquo;acc\u00e9l\u00e9ration de la production d&rsquo;\u00e9nergies renouvelables, notamment son article 15,<\/p>\n<p>Mme le Maire rappelle que les zones d\u2019acc\u00e9l\u00e9rations avaient \u00e9t\u00e9 valid\u00e9es par d\u00e9lib\u00e9ration du conseil municipal le 18 avril 2024 et transmises au R\u00e9f\u00e9rent Pr\u00e9fectoral \u00e0 l\u2019instruction des projets de d\u00e9veloppement des \u00e9nergies renouvelables et des projets industriels n\u00e9cessaires \u00e0 la transition \u00e9nerg\u00e9tique puis au Comit\u00e9 R\u00e9gional de l\u2019Energie (CRE) le 23 avril 2024.<\/p>\n<p>Mme le Maire rappelle\u00a0qu\u2019un premier CRE r\u00e9uni le 2 octobre 2024 a rendu un premier avis constatant le caract\u00e8re insuffisant des cartographies des ZAER au regard des objectifs r\u00e9gionaux, et que les communes ont \u00e9t\u00e9 invit\u00e9es \u00e0 transmettre de nouvelles ZAER. Une seconde rel\u00e8ve a eu lieu en f\u00e9vrier 2025 n\u2019identifiant pas de nouvelles zones.<\/p>\n<p>Vu l\u2019expos\u00e9 de Mme le Maire et apr\u00e8s avoir d\u00e9lib\u00e9r\u00e9, le conseil municipal, \u00e0 l\u2019unanimit\u00e9, ne valide pas l\u2019int\u00e9gration de la zone de Treffendel dans le document d\u2019urbanisme intercommunal d\u00e8s que la cartographie d\u00e9partementale sera arr\u00eat\u00e9e, en application du II de l\u2019article L. 153-31 du code de l\u2019urbanisme.<\/p>\n<h3>3\u00b0 &#8211; EPTB Eaux et Vilaine\u00a0: demande d\u2019affiliation au CDG 35<\/h3>\n<p>Madame le Maire informe le conseil municipal que l\u2019Etablissement Public Territorial du Bassin (EPTB) Eaux et Vilaine\u00a0\u00bb sollicite son affiliation au CDG 35.<\/p>\n<p>La proc\u00e9dure d\u2019affiliation pr\u00e9voit que les collectivit\u00e9s affili\u00e9es soient consult\u00e9es en les invitant \u00e0 faire valoir, dans un d\u00e9lai de 2 mois (jusqu\u2019au 29 juin 2025), leur droit \u00e0 opposition.<\/p>\n<p>En l\u2019absence de r\u00e9ponse, il est consid\u00e9r\u00e9 un avis favorable.<\/p>\n<p>Apr\u00e8s en avoir d\u00e9lib\u00e9r\u00e9, le conseil municipal, \u00e0 l\u2019unanimit\u00e9\u00a0accepte l\u2019affiliation d\u2019EPTB Eaux et Vilaine au CDG 35.<\/p>\n<h2>III\u2013 FINANCES :<\/h2>\n<h3>1\u00b0 &#8211; location de parcelle ZB N\u00b0 159<\/h3>\n<p>Madame Mich\u00e8le RAULLINE, Adjointe aux finances, indique au conseil municipal que la parcelle communale\u00a0ZB N\u00b0 159, situ\u00e9e aupr\u00e8s du terrain de foot-ball, d\u2019une surface de 46 ares 96 ca est lou\u00e9e \u00e0 Mme B\u00e9atrice CATHERINE du 1er octobre 2016 au 30 septembre 2025, \u00e0 raison d\u2019un montant annuel de 57.80 \u20ac.<\/p>\n<p>Or, depuis septembre 2024, Mme Catherine B\u00e9atrice n\u2019exploite plus.<\/p>\n<p>Il convient donc de transf\u00e9rer ce bail \u00e0 sa fille Mme St\u00e9phanie Catherine, EARL Au Pr\u00e9 de la Terre, 4 le pas Mainguy \u00e0 Pl\u00e9lan-le-Grand pour la p\u00e9riode finale du bail soit du 1er octobre 2024 au 30 septembre 2025\u00a0pour une location annuelle de 57.80 \u20ac. Mme St\u00e9phanie Catherine est d\u2019accord sur cette proposition.<\/p>\n<p>Apr\u00e8s en avoir d\u00e9lib\u00e9r\u00e9, le conseil municipal d\u00e9cide,\u00a0\u00e0 l\u2019unanimit\u00e9 :<\/p>\n<p>-de transf\u00e9rer le bail de location de la parcelle ZB N\u00b0 159 d\u2019une surface de 46 ares 96 ca \u00e0 Mme St\u00e9phanie Catherine, EARL Au Pr\u00e9 de la Terre, 4 le Pas Mainguy \u00e0 Pl\u00e9lan-le-grand, pour la p\u00e9riode restante du\u00a01er octobre 2024 au 30 septembre 2025, \u00e0 raison de 57.80 \u20ac.<\/p>\n<p>Ensuite, il a \u00e9t\u00e9 propos\u00e9 \u00e0 Mme Catherine St\u00e9phanie le renouvellement de ce bail de location, pour une dur\u00e9e de 9 ans du 1er octobre 2025 au 30 septembre 2034, pour la parcelle ZB N\u00b0 159 de 46 ares 96 ca \u00e0 raison d\u2019un montant annuel de 65.74 \u20ac (57.80 \u20ac r\u00e9\u00e9valu\u00e9e depuis 2019 \u00e0 hauteur de 2.50 % l\u2019an), r\u00e9visable selon le coefficient d\u2019actualisation de l\u2019indice national.<\/p>\n<p>En attente de sa r\u00e9ponse.<\/p>\n<p>Question \u00e0 revoir \u00e0 la s\u00e9ance du 11 septembre 2025.<\/p>\n<h4>POUR INFO<\/h4>\n<p>Lors de la s\u00e9ance du 15 mai 2025, il a \u00e9t\u00e9 d\u00e9cid\u00e9 de louer une partie de la parcelle ZA 17 \u00e0 la SCEA Les Prairies du Boulou\u00e9e \u00e0 compter du 1er juin 2025, \u00e0 raison d\u2019un forfait de 50 \u20ac, r\u00e9visable chaque ann\u00e9e. Mr Pascal Gortais accepte les conditions et a sign\u00e9 le contrat de location pr\u00e9caire.<\/p>\n<h3>2\u00b0 &#8211; Budget \u00ab\u00a0boulangerie\u00a0\u00bb\u00a0: D\u00e9cision Modificative N\u00b0 01<\/h3>\n<p>Mme Mich\u00e8le RAULLINE, Adjointe aux Finances, informe le conseil municipal que la tr\u00e9sorerie propose d\u2019int\u00e9grer \u00e0 l\u2019actif les travaux de r\u00e9seau t\u00e9l\u00e9phone, pay\u00e9s en 2022, pour un montant HT de 1 422.58 \u20ac, au budget \u00ab\u00a0Boulangerie\u00a0\u00bb.<\/p>\n<p>Pour ce faire, il faut des cr\u00e9dits au chapitre 041.<\/p>\n<p>Il convient donc de voter la D\u00e9cision Modificative N\u00b0 01 de la fa\u00e7on suivante\u00a0:<\/p>\n<ul>\n<li>D \u2013 C\/231 \u2013 041 = 1 500 \u20ac<\/li>\n<li>R \u2013 C\/203 \u2013 041 = 1 500 \u20ac.<\/li>\n<\/ul>\n<p>Apr\u00e8s en avoir d\u00e9lib\u00e9r\u00e9, le conseil municipal d\u00e9cide, \u00e0 l\u2019unanimit\u00e9, \u00a0de voter la D\u00e9cision Modificative N\u00b0 01 du Budget Boulangerie, comme indiqu\u00e9 ci-dessus.<\/p>\n<h3>3\u00b0 &#8211; Tarifs \u00ab\u00a0cantine\u00a0\u00bb et \u00ab\u00a0Garderie\u00a0\u00bb \u00e0 d\u00e9finir pour la rentr\u00e9e de septembre 2025<\/h3>\n<p>Mme Mich\u00e8le RAULLINE, Adjointe aux finances, rappelle au conseil municipal que chaque ann\u00e9e, les tarifs de cantine (enfant et adulte) sont revus avant la rentr\u00e9e scolaire. Depuis 2006, la r\u00e9glementation d\u00e9finit que le prix du repas en cantine (enfant) ne doit pas exc\u00e9der le co\u00fbt de revient d\u2019un repas apr\u00e8s d\u00e9duction des subventions de toute nature.<\/p>\n<p>Pour Treffendel\u00a0: co\u00fbt de revient = 7.3456 \u20ac<\/p>\n<p>Soit un tarif \u00e0 ne pas d\u00e9passer pour les tickets enfant = 7.3456 \u20ac<\/p>\n<p>Il est rappel\u00e9 que le conseil municipal de Saint-P\u00e9ran, lors de sa s\u00e9ance du 09 octobre 2024, a d\u00e9cid\u00e9 d\u2019augmenter sa participation \u00e0 hauteur de 0.62 \u20ac par repas pour les \u00e9l\u00e8ves de leur commune d\u00e9jeunant au restaurant scolaire de Treffendel et ceci, \u00e0 compter du 1er novembre 2024.<\/p>\n<p>Pour m\u00e9moire\u00a0: participation de 0.60 \u20ac depuis le 1er septembre 2020.<\/p>\n<p>Pour m\u00e9moire\u00a0: tarifs de septembre 2024<\/p>\n<p>tarifs cantine diff\u00e9rents au vu du Quotient Familial des familles, \u00e0 savoir\u00a0:<\/p>\n<ul>\n<li>Tranche A = QF de 0 \u00e0 699 \u20ac<\/li>\n<li>Tranche B = QF de 700 \u20ac \u00e0 1\u00a0299 \u20ac<\/li>\n<li>Tranche C = QF de 1\u00a0300 \u20ac \u00e0 +<\/li>\n<\/ul>\n<table width=\"604\">\n<tbody>\n<tr>\n<td width=\"151\">\n<p>\u00a0<\/p>\n<\/td>\n<td style=\"text-align: center;\" width=\"151\">\n<p>Tarif\u00a0 A<\/p>\n<\/td>\n<td style=\"text-align: center;\" width=\"151\">\n<p>Tarif\u00a0 B<\/p>\n<\/td>\n<td style=\"text-align: center;\" width=\"151\">\n<p>Tarif\u00a0\u00a0 C<\/p>\n<\/td>\n<\/tr>\n<tr>\n<td width=\"151\">\n<p>Enfant de la COMMUNE<\/p>\n<\/td>\n<td style=\"text-align: center;\" width=\"151\">\n<p>3.30 \u20ac<\/p>\n<\/td>\n<td style=\"text-align: center;\" width=\"151\">\n<p>4.33 \u20ac<\/p>\n<\/td>\n<td style=\"text-align: center;\" width=\"151\">\n<p>4.53 \u20ac<\/p>\n<\/td>\n<\/tr>\n<tr>\n<td width=\"151\">\n<p>Enfant\u00a0\u00a0\u00a0 HORS\u00a0\u00a0 COMMUNE<\/p>\n<\/td>\n<td style=\"text-align: center;\" width=\"151\">\n<p>5.66 \u20ac<\/p>\n<\/td>\n<td style=\"text-align: center;\" width=\"151\">\n<p>5.97 \u20ac<\/p>\n<\/td>\n<td style=\"text-align: center;\" width=\"151\">\n<p>6.23 \u20ac<\/p>\n<\/td>\n<\/tr>\n<\/tbody>\n<\/table>\n<p>Le Quotient Familial des familles sera sollicit\u00e9 lors du dossier d\u2019inscription aux services p\u00e9riscolaires (cantine et garderie) chaque ann\u00e9e. Toutefois, si la famille ne fournit pas le montant du Quotient Familial \u00e0 la rentr\u00e9e scolaire (mois de septembre), ce sera le tarif de la tranche C qui s\u2019appliquera.<\/p>\n<p>Il est propos\u00e9\u00a0d\u2019augmenter les tarifs de 3 %, ceci au vu de l\u2019\u00e9volution du co\u00fbt de la vie et pour atteindre les crit\u00e8res de la loi Egalim, soit\u00a0pour la rentr\u00e9e scolaire 2025 \/ 2026\u00a0:<\/p>\n<table width=\"604\">\n<tbody>\n<tr>\n<td width=\"151\">\n<p>\u00a0<\/p>\n<\/td>\n<td style=\"text-align: center;\" width=\"151\">\n<p>Tarif\u00a0 A<\/p>\n<\/td>\n<td style=\"text-align: center;\" width=\"151\">\n<p>Tarif\u00a0 B<\/p>\n<\/td>\n<td style=\"text-align: center;\" width=\"151\">\n<p>Tarif\u00a0\u00a0 C<\/p>\n<\/td>\n<\/tr>\n<tr>\n<td width=\"151\">\n<p>\u00a0Enfant de la COMMUNE<\/p>\n<\/td>\n<td style=\"text-align: center;\" width=\"151\">\n<p>3.40 \u20ac<\/p>\n<\/td>\n<td style=\"text-align: center;\" width=\"151\">\n<p>4.46 \u20ac<\/p>\n<\/td>\n<td style=\"text-align: center;\" width=\"151\">\n<p>4.66 \u20ac<\/p>\n<\/td>\n<\/tr>\n<tr>\n<td width=\"151\">\n<p>Enfant\u00a0\u00a0\u00a0 HORS\u00a0\u00a0 COMMUNE<\/p>\n<\/td>\n<td style=\"text-align: center;\" width=\"151\">\n<p>5.83 \u20ac<\/p>\n<\/td>\n<td style=\"text-align: center;\" width=\"151\">\n<p>6.15 \u20ac<\/p>\n<\/td>\n<td style=\"text-align: center;\" width=\"151\">\n<p>6.42 \u20ac<\/p>\n<\/td>\n<\/tr>\n<\/tbody>\n<\/table>\n<h4>Tarif Adultes \u2013 cantine \u00a0:<\/h4>\n<p>Septembre 2024 = 7.11 \u20ac.<\/p>\n<p>Il est propos\u00e9 d\u2019augmenter les tarifs de 3 %,\u00a0soit 7.32 \u20ac pour la rentr\u00e9e scolaire 2025 \/ 2026.<\/p>\n<h4>Tarifs garderie p\u00e9riscolaire\u00a0:<\/h4>\n<p>Septembre 2024 = 0.67 \u20ac la \u00bd heure = 1.34 \u20ac de l\u2019heure + maintien de la gratuit\u00e9 du go\u00fbter pour tous les enfants (Commune et Hors Commune).<\/p>\n<p>Il est propos\u00e9 d\u2019augmenter les tarifs de 5 %\u00a0 pour la rentr\u00e9e scolaire 2025 \/ 2026, soit 0.70 \u20ac la \u00bd heure \u2013\u00a01.40 \u20ac l\u2019heure<\/p>\n<p>Apr\u00e8s en avoir d\u00e9lib\u00e9r\u00e9, le conseil municipal d\u00e9cide, \u00e0 l\u2019unanimit\u00e9, les tarifs ci-dessus pour les services p\u00e9riscolaires (cantine et garderie) \u00e0 compter du 1er septembre 2025.<\/p>\n<h2>QUESTIONS DIVERSES :<\/h2>\n<p>Village du Boulou\u00e9e\u00a0: constat de vitesse excessive des v\u00e9hicules\u00a0:<\/p>\n<p>R\u00e9ception d\u2019un courrier de Mr Pascal Gortais et de Mme Chalin Emilie<\/p>\n<p>Mme le Maire donne lecture du courrier re\u00e7u de Mr Gortais Pascal et du mail de Mme Emilie Chalin indiquant le constat de vitesse excessive des v\u00e9hicules dans le village du \u00ab\u00a0Boulou\u00e9e\u00a0\u00bb.<\/p>\n<p>Question \u00e0 revoir lors de la prochaine commission \u00ab\u00a0Voirie\u00a0\u00bb<\/p>\n<h3>PROCHAINES REUNIONS DE COMMISSIONS\u00a0:<\/h3>\n<ul>\n<li>Commission \u00abVoirie \u00bb : le\u00a0\u00a0 lundi 23 juin\u00a0\u00a0 \u00e0 20 h 15. (ordre du jour : r\u00e9sultats de l\u2019appel d\u2019offres pour la r\u00e9fection de la voie \u00ab le Boulou\u00e9e \u00bb)<\/li>\n<li>Groupe de travail\u00a0: \u00e9criture d\u2019une PEDT\u00a0: \u00e0 fixer \u00e0 la s\u00e9ance de juillet 2025<\/li>\n<li>Commission\u00a0\u00ab\u00a0Urbanisme\u00a0\u00bb\u00a0:\u00a0 mardi 09 septembre 2025 \u00e0 20 h 00\u00a0: Pays de Broc\u00e9liande\u00a0: SCOT<\/li>\n<li>Collectage de la m\u00e9moire\u00a0: samedi 04 juillet \u00e0 10 h 30<\/li>\n<\/ul>\n<h3>PROCHAINS CONSEILS MUNICIPAUX<\/h3>\n<ul>\n<li>Jeudi 17 juillet 2025 \u00e0 20 h 00 (r\u00e9union Adjoints : mardi 8 juillet 2025 \u00e0 20 h 00)<\/li>\n<li>Jeudi 11 septembre 2025 \u00e0 20 h 00 (r\u00e9union Adjoints : mardi 2 septembre 2025 \u00e0 20 h 00)<\/li>\n<li>Jeudi 16 octobre 2025 \u00e0 20 h 00 (r\u00e9union Adjoints : mardi 7 octobre 2025 \u00e0 20 h 00)<\/li>\n<li>Jeudi 13 novembre 2025 \u00e0 20 h 00 (r\u00e9union Adjoints : mardi 4 novembre 2025 \u00e0 20 h 00)<\/li>\n<li>Jeudi 11 d\u00e9cembre 2025 \u00e0 20 h 00 (r\u00e9union Adjoints (mardi 2 d\u00e9cembre 2025 \u00e0 20 h 00)<\/li>\n<\/ul>\n","protected":false},"excerpt":{"rendered":"<p>Pr\u00e9sents : F. KERGUELEN, P. PERSEHAIE, C. LE ROSSIGNOL, C. BANCHEREAU, M. RAULLINE, C. GODIN, C. THOMAS, L. BEAUG\u00c9, S. BERTIN, C. DUBOIS, S. LE DIZES. Excus\u00e9s\u00a0: A. LE NET (Procuration \u00e0 F. KERGUELEN), M. LACAZE (Procuration \u00e0\u00a0C. LE ROSSIGNOL) Absente\u00a0: FRO No\u00eblle Approbation du compte rendu du conseil municipal du 15 mai 2025\u00a0: Le [&hellip;]<\/p>\n","protected":false},"author":1,"featured_media":0,"parent":17,"menu_order":0,"comment_status":"closed","ping_status":"closed","template":"","meta":[],"_links":{"self":[{"href":"https:\/\/www.treffendel.fr\/index.php?rest_route=\/wp\/v2\/pages\/6586"}],"collection":[{"href":"https:\/\/www.treffendel.fr\/index.php?rest_route=\/wp\/v2\/pages"}],"about":[{"href":"https:\/\/www.treffendel.fr\/index.php?rest_route=\/wp\/v2\/types\/page"}],"author":[{"embeddable":true,"href":"https:\/\/www.treffendel.fr\/index.php?rest_route=\/wp\/v2\/users\/1"}],"replies":[{"embeddable":true,"href":"https:\/\/www.treffendel.fr\/index.php?rest_route=%2Fwp%2Fv2%2Fcomments&post=6586"}],"version-history":[{"count":1,"href":"https:\/\/www.treffendel.fr\/index.php?rest_route=\/wp\/v2\/pages\/6586\/revisions"}],"predecessor-version":[{"id":6587,"href":"https:\/\/www.treffendel.fr\/index.php?rest_route=\/wp\/v2\/pages\/6586\/revisions\/6587"}],"up":[{"embeddable":true,"href":"https:\/\/www.treffendel.fr\/index.php?rest_route=\/wp\/v2\/pages\/17"}],"wp:attachment":[{"href":"https:\/\/www.treffendel.fr\/index.php?rest_route=%2Fwp%2Fv2%2Fmedia&parent=6586"}],"curies":[{"name":"wp","href":"https:\/\/api.w.org\/{rel}","templated":true}]}}