{"id":6599,"date":"2025-07-23T09:12:10","date_gmt":"2025-07-23T07:12:10","guid":{"rendered":"https:\/\/www.treffendel.fr\/?page_id=6599"},"modified":"2025-07-23T09:13:10","modified_gmt":"2025-07-23T07:13:10","slug":"proces-verbal-du-conseil-municipal-du-17-juillet-2025-a-20-h-00","status":"publish","type":"page","link":"https:\/\/www.treffendel.fr\/?page_id=6599","title":{"rendered":"Proc\u00e8s-Verbal du conseil municipal du 17 juillet 2025 \u00e0 20 h 00"},"content":{"rendered":"\n<p>Pr\u00e9sents : F. KERGUELEN, P. PERSEHAIE, C. LE ROSSIGNOL, C. BANCHEREAU, M. RAULLINE, C. GODIN, C. THOMAS, L. BEAUG\u00c9, S. BERTIN, S. LE DIZES, A. LE NET, M. LACAZE.<\/p>\n<p>Excus\u00e9es : C. DUBOIS (Procuration \u00e0 S. BERTIN), N. FRO (Procuration \u00e0 F. KERGUELEN).<\/p>\n<p>Le compte rendu du 12 juin 2025 est approuv\u00e9 \u00e0 l\u2019unanimit\u00e9 des membres pr\u00e9sents.<\/p>\n<p>Conform\u00e9ment \u00e0 l\u2019article L.2121-15 du Code G\u00e9n\u00e9ral des Collectivit\u00e9s Locales, Mr Aur\u00e9lien LE NET\u00a0est nomm\u00e9 secr\u00e9taire de s\u00e9ance.<\/p>\n<h2>I \u2013 \u00a0VOIRIE\u00a0<\/h2>\n<p>Compte-rendu de la commission \u00ab\u00a0Voirie\u00bb du 23 juin 2025<\/p>\n<h3>1\u00b0 &#8211; Route du Boulou\u00e9e\u00a0: r\u00e9fection du tapis d\u2019enrob\u00e9<\/h3>\n<p>Mr Pierre PERSEHAIE, Adjoint \u00e0 la voirie, rappelle au conseil municipal que lors de la s\u00e9ance du 15 mai 2025, il a \u00e9t\u00e9 d\u00e9cid\u00e9 de lancer un appel d\u2019offres pour des travaux de r\u00e9fection du tapis d\u2019enrob\u00e9 de la route du Boulou\u00e9e sur une longueur de 420 ml aupr\u00e8s de 3 entreprises. Il a \u00e9t\u00e9 re\u00e7u 2 offres\u00a0:<\/p>\n<table width=\"446\">\n<tbody>\n<tr>\n<td width=\"214\">\n<p>Travaux<\/p>\n<\/td>\n<td width=\"124\">\n<p>EUROVIA &#8211; Bruz<\/p>\n<\/td>\n<td width=\"108\">\n<p>PEROTIN &#8211; Breteil<\/p>\n<\/td>\n<\/tr>\n<tr>\n<td width=\"214\">\n<p>Transfert \u2013 Ancrage balayage du support et calage d\u2019accotement<\/p>\n<\/td>\n<td width=\"124\">\n<p>5 985.84 \u20ac<\/p>\n<p>\u00a0<\/p>\n<\/td>\n<td width=\"108\">\n<p>5 604.00 \u20ac<\/p>\n<p>\u00a0<\/p>\n<\/td>\n<\/tr>\n<tr>\n<td width=\"214\">\n<p>+ enrob\u00e9 0\/10 \u00e0 chaud sur 7 cm<\/p>\n<\/td>\n<td width=\"124\">\n<p>24 900.00 \u20ac<\/p>\n<\/td>\n<td width=\"108\">\n<p>28 170.90 \u20ac<\/p>\n<\/td>\n<\/tr>\n<tr>\n<td width=\"214\">\n<p>TOTAL<\/p>\n<\/td>\n<td width=\"124\">\n<p>30 885.84 \u20ac<\/p>\n<\/td>\n<td width=\"108\">\n<p>33 774.90 \u20ac<\/p>\n<\/td>\n<\/tr>\n<tr>\n<td width=\"214\">\n<p>Variante\u00a0: enrob\u00e9 0\/10 \u00e0 chaud<\/p>\n<\/td>\n<td width=\"124\">\n<p>Sur 10 cm\u00a0:<br \/>32 668.80 \u20ac<\/p>\n<\/td>\n<td width=\"108\">\n<p>sur 8 cm\u00a0:<br \/>31 221.90 \u20ac<\/p>\n<\/td>\n<\/tr>\n<tr>\n<td width=\"214\">\n<p>TOTAL<\/p>\n<\/td>\n<td width=\"124\">\n<p>38 654.64 \u20ac<\/p>\n<\/td>\n<td width=\"108\">\n<p>36 825.90 \u20ac<\/p>\n<\/td>\n<\/tr>\n<\/tbody>\n<\/table>\n<p>La commission \u00ab\u00a0Voirie\u00a0\u00bb propose de retenir l\u2019offre la plus avantageuse \u00e9conomiquement d\u2019EUROVIA de Bruz pour la variante sur 10 cm \u00e0 raison de 38 654.64 \u20ac TTC. En effet, il est pr\u00e9f\u00e9rable d\u2019opter pour la variante \u00ab\u00a0enrob\u00e9 sur 10 cm\u00a0\u00bb car cette route est tr\u00e8s utilis\u00e9e par les engins agricoles et son exposition la rend tr\u00e8s humide en p\u00e9riode hivernale.<\/p>\n<p>Au Budget Primitif 2025, il a \u00e9t\u00e9 inscrit une somme de 30 000 \u20ac pour des travaux de modernisation de voirie. Il convient donc de voter une D\u00e9cision Modificative N\u00b0 01 de la fa\u00e7on suivante\u00a0:<\/p>\n<ul>\n<li>C\/231 \u2013 107\u00a0: travaux de voirie = + 9 000 \u20ac<\/li>\n<li>C\/203 \u2013 169\u00a0: Etude \u00ab\u00a0Hameaux L\u00e9gers\u00a0\u00bb = &#8211; 9 000 \u20ac<\/li>\n<\/ul>\n<p>(au BP 2025 = 30 000 \u20ac &#8211; d\u00e9pense engag\u00e9e uniquement 10 000 \u20ac &#8211; abandon du projet\u00a0: il reste donc un solde possible pour autres d\u00e9penses de 20 000 \u20ac).<\/p>\n<p>Apr\u00e8s en avoir d\u00e9lib\u00e9r\u00e9, le conseil municipal d\u00e9cide, \u00e0 l\u2019unanimit\u00e9 d\u2019accepter l\u2019offre d\u2019EUROVIA de Bruz pour les travaux de r\u00e9fection du tapis d\u2019enrob\u00e9 de la route du Boulou\u00e9e \u00e0 raison de 38 654.64 \u20ac TTC, variante sur 10 cm \u2013 offre la plus avantageuse \u00e9conomiquement, et de voter la D\u00e9cision Modificative N\u00b0 01, comme \u00e9nonc\u00e9 ci-dessus.<\/p>\n<h3>2\u00b0 &#8211; Programme de marquages au sol<\/h3>\n<p>Mr Pierre PERSEHAIE, Adjoint \u00e0 la voirie, indique au conseil municipal qu\u2019en 2020, il a \u00e9t\u00e9 r\u00e9alis\u00e9 des marquages au sol en peinture par Self Services 35. Ceux-ci se sont effac\u00e9s. Aussi, il convient de refaire un programme de marquages au sol\u00a0: \u00e0 savoir 12 passages pi\u00e9tons, 4 Stop -centre-bourg- \u00a0et 6 bandes rugueuses -terrain de foot-<\/p>\n<p>Il est propos\u00e9 d\u2019opter pour une proposition en r\u00e9sine, plus r\u00e9sistante dans le temps.<\/p>\n<p>Le devis de Self Services 35 s\u2019\u00e9l\u00e8ve \u00e0 5 515.20 \u20ac TTC.<\/p>\n<p>La commission \u00ab\u00a0voirie\u00a0\u00bb propose de retenir cette offre.<\/p>\n<p>Il convient de voter une D\u00e9cision Modificative N\u00b0 02 de la fa\u00e7on suivante\u00a0:<\/p>\n<ul>\n<li>C\/231 \u2013 107\u00a0: travaux de voirie = + 6 000 \u20ac<\/li>\n<li>C\/203 \u2013 169\u00a0: Etude \u00ab\u00a0Hameaux L\u00e9gers\u00a0\u00bb = &#8211;\u00a0 6 000 \u20ac<\/li>\n<\/ul>\n<p>Apr\u00e8s en avoir d\u00e9lib\u00e9r\u00e9, le conseil municipal d\u00e9cide, \u00e0 l\u2019unanimit\u00e9\u00a0d\u2019accepter l\u2019offre de Self Services 35 pour des travaux de marquages au sol, en r\u00e9sine, \u00e0 raison d\u2019un montant de 5 515.20 \u20acTTC, et de voter la D\u00e9cision Modificative N\u00b0 02 telle qu\u2019\u00e9nonc\u00e9 ci-dessus.<\/p>\n<h2>II\u2013 PERSONNEL COMMUNAL :<\/h2>\n<p>POUR INFORMATION\u00a0:<\/p>\n<p>Madame Chantal LE ROSSIGNOL, Adjointe aux affaires scolaires et p\u00e9riscolaires rappelle au conseil municipal les divers contrats des agents des services p\u00e9riscolaires : cantine et garderie.<\/p>\n<h4>AGENTS TITULAIRES<\/h4>\n<ul>\n<li>Adjoint technique territorial\u00a0: 31.25\/35\u00e8me (occup\u00e9 par Mme Bouffaut Kristell)<\/li>\n<li>Adjoint technique Principal 2\u00e8me classe\u00a0: 35 h 00 (occup\u00e9 par Mme Courteille Val\u00e9rie)<\/li>\n<li>Adjoint technique\u00a0: 34h00\/35\u00e8me (occup\u00e9 par Mme Chaurin Annick)<\/li>\n<li>Adjoint technique\u00a0: 19.25\/35\u00e8me (occup\u00e9 par Mme Sabrina Perrodo) \u2013 stagiaire au 1er septembre 2025<\/li>\n<li>ATSEM Principal 1\u00e8re classe\u00a0: 32h00\/35\u00e8me (occup\u00e9 par Mme Christ\u00e8le Chicard)<\/li>\n<li>Adjoint technique (faisant partiellement fonctions ATSEM)\u00a0: 19.75\/35\u00e8me (occup\u00e9 par<\/li>\n<li>Mme Fresnel Patricia)<\/li>\n<li>Adjoint technique (faisant partiellement fonctions ATSEM)\u00a0: 19.25\/35\u00e8me (occup\u00e9 par<\/li>\n<li>Mme Kartosemito Etm\u00e9)<\/li>\n<\/ul>\n<h4>AGENTS CONTRACTUELS<\/h4>\n<ul>\n<li>Agent Social\u00a0: contrat de 03 h 00 par semaine scolaire (occup\u00e9 par Mr Samuel Lecuyer)<\/li>\n<li>Adjoint technique\u00a0: contrat de 13h00 par semaine scolaire (derni\u00e8re ann\u00e9e -sept 2025 \u00e0 ao\u00fbt2026- de la disponibilit\u00e9 de Mme D\u00e9lestienne Chantal) \u2013 POSTE A POURVOIR. (Poste occup\u00e9 par Mme Solenne Fou\u00e9r\u00e9 jusqu\u2019au 04 juillet 2025).<\/li>\n<li>Aucune modification d\u2019horaires \u00e0 pr\u00e9voir. Reconduction des temps de travail pour une ann\u00e9e du 1er septembre 2025 au 31 ao\u00fbt 2026 pour chaque agent.<\/li>\n<\/ul>\n<h2>III\u2013 FINANCES :<\/h2>\n<h3>1\u00b0 &#8211; Avenant \u00e0 la convention ACTES pour adh\u00e9sion \u00e0 Actes budg\u00e9taires<\/h3>\n<p>Madame Mich\u00e8le RAULLINE, Adjointe aux finances, indique au conseil municipal qu\u2019en 2026, sera mis en place le CFU (Compte Financier Unique) en remplacement du Compte Administratif du Maire et du Compte de Gestion du Tr\u00e9sorier. Il convient de signer un avenant \u00e0 la convention ACTES avec les services de la pr\u00e9fecture pour fournir les documents budg\u00e9taires au format .xml<\/p>\n<p>Apr\u00e8s en avoir d\u00e9lib\u00e9r\u00e9, le conseil municipal, \u00e0 l\u2019unanimit\u00e9 accepte l\u2019avenant \u00e0 la convention ACTES avec les services de la pr\u00e9fecture pour fournir les documents budg\u00e9taires au format .xml, \u00e0 compter de 2026 pour le CFU (Compte Financier Unique) et autorise Mme le Maire \u00e0 signer l\u2019avenant et tous documents s\u2019y rapportant.<\/p>\n<h3>2\u00b0 &#8211; Indemnit\u00e9 de gardiennage de l\u2019\u00e9glise \u2013 Ann\u00e9e 2025<\/h3>\n<p>Mme Mich\u00e8le RAULLINE, Adjointe aux Finances, informe le conseil municipal qu\u2019il a \u00e9t\u00e9 re\u00e7u en mairie une\u00a0Circulaire pr\u00e9fectorale qui d\u00e9termine le montant maximum de l\u2019indemnit\u00e9 allou\u00e9e aux pr\u00e9pos\u00e9s charg\u00e9s\u00a0du gardiennage des \u00e9glises communales. Le tarif 2025 est de\u00a0:<\/p>\n<ul>\n<li>42 \u20ac pour un gardien r\u00e9sidant dans la commune,<\/li>\n<li>91 \u20ac pour un gardien ne r\u00e9sidant pas dans la commune et visitant l\u2019\u00e9glise \u00e0 des p\u00e9riodes rapproch\u00e9es,<\/li>\n<\/ul>\n<p>Pour la commune de TREFFENDEL, c\u2019est le 2\u00e8me tarif qui s\u2019applique, soit la somme de 126.91 \u20ac, qui est \u00e0 verser \u00e0 la paroisse Saint Judica\u00ebl en Broc\u00e9liande de Pl\u00e9lan-le-Grand.<\/p>\n<p>Apr\u00e8s en avoir d\u00e9lib\u00e9r\u00e9, le conseil municipal d\u00e9cide, \u00e0 l\u2019unanimit\u00e9\u00a0de voter l\u2019indemnit\u00e9 de gardiennage de l\u2019\u00e9glise pour l\u2019ann\u00e9e 2025 d\u2019un montant de 126.91 \u20ac \u00e0 verser \u00e0 la paroisse Saint Judica\u00ebl en Broc\u00e9liande de Pl\u00e9lan-le-Grand.<\/p>\n<h3>3\u00b0 &#8211; Acquisition d\u2019un four professionnel pour la cantine<\/h3>\n<p>Le four de la cantine est d\u2019origine (1999) et il commence \u00e0 \u00eatre d\u00e9fectueux. Aussi, il a \u00e9t\u00e9 sollicit\u00e9 un devis aupr\u00e8s de Label Table de Vezin-le-Coquet qui s\u2019\u00e9l\u00e8ve \u00e0 14 556 \u20ac TTC.<\/p>\n<p>En attente de 2 autres devis afin de comparer.\u00a0Il est propos\u00e9 de reporter cette d\u00e9cision \u00e0 la s\u00e9ance du 11 septembre 2025.<\/p>\n<h2>IV\u2013 URBANISME :<\/h2>\n<h3>1\u00b0 &#8211; Droit de Pr\u00e9emption Urbain\u00a0: parcelle b\u00e2tie cadastr\u00e9e Section AC 43<\/h3>\n<p>Mr Charl\u00e9ric BANCHEREAU, Adjoint \u00e0 l\u2019Urbanisme, indique au conseil municipal qu\u2019il a \u00e9t\u00e9 re\u00e7u en mairie une D\u00e9claration d\u2019Intention d\u2019Ali\u00e9ner pour la parcelle b\u00e2tie AC 43 d\u2019une surface de 500 m\u00b2, situ\u00e9e \u00e0 7 rue de la Gall\u00e9sie. Il est propos\u00e9 de ne pas faire valoir le Droit de Pr\u00e9emption Urbain.<\/p>\n<p>Apr\u00e8s en avoir d\u00e9lib\u00e9r\u00e9, \u00e0 l\u2019unanimit\u00e9, le conseil municipal renonce \u00e0 son Droit de Pr\u00e9emption Urbain sur la parcelle AC 43, d\u2019une surface de 500 m\u00b2, situ\u00e9e \u00e0 7 rue de la Gall\u00e9sie.<\/p>\n<h3>2\u00b0 &#8211; Droit de Pr\u00e9emption Urbain\u00a0: parcelles b\u00e2ties cadastr\u00e9es Section AC 107 et 250<\/h3>\n<p>Mr Charl\u00e9ric BANCHEREAU, Adjoint \u00e0 l\u2019Urbanisme, indique au conseil municipal qu\u2019il a \u00e9t\u00e9 re\u00e7u en mairie une D\u00e9claration d\u2019Intention d\u2019Ali\u00e9ner pour les parcelles b\u00e2ties AC 107 et 250 d\u2019une surface totale de 711 m\u00b2, situ\u00e9e\u00a04 rue de la cour D\u00e9toc. Il est propos\u00e9 de ne pas faire valoir le Droit de Pr\u00e9emption Urbain.<\/p>\n<p>Apr\u00e8s en avoir d\u00e9lib\u00e9r\u00e9, \u00e0 l\u2019unanimit\u00e9, le conseil municipal renonce \u00e0 son Droit de Pr\u00e9emption Urbain sur les parcelles b\u00e2ties AC 107 et 250, d\u2019une surface de 711 m\u00b2, situ\u00e9e \u00e0 4 rue de la cour D\u00e9toc.<\/p>\n<h3>3\u00b0 &#8211; Droit de Pr\u00e9emption Urbain\u00a0: parcelle b\u00e2tie cadastr\u00e9e Section AD 135<\/h3>\n<p>Mr Charl\u00e9ric BANCHEREAU, Adjoint \u00e0 l\u2019Urbanisme, indique au conseil municipal qu\u2019il a \u00e9t\u00e9 re\u00e7u en mairie une D\u00e9claration d\u2019Intention d\u2019Ali\u00e9ner pour la parcelle b\u00e2tie AD 135 d\u2019une surface de 371 m\u00b2, situ\u00e9e \u00e0 5 R\u00e9sidence des Marronniers. Il est propos\u00e9 de ne pas faire valoir le Droit de Pr\u00e9emption Urbain.<\/p>\n<p>Apr\u00e8s en avoir d\u00e9lib\u00e9r\u00e9, \u00e0 l\u2019unanimit\u00e9, le conseil municipal renonce \u00e0 son Droit de Pr\u00e9emption Urbain sur la parcelle b\u00e2tie AD135, d\u2019une surface de 371 m\u00b2, situ\u00e9e \u00e0 5 R\u00e9sidence des Marronniers.<\/p>\n<h3>4\u00b0 &#8211; Droit de Pr\u00e9emption Urbain\u00a0: parcelle cadastr\u00e9e Section AC 73p<\/h3>\n<p>Mr Charl\u00e9ric BANCHEREAU, Adjoint \u00e0 l\u2019Urbanisme, indique au conseil municipal qu\u2019il a \u00e9t\u00e9 re\u00e7u en mairie une D\u00e9claration d\u2019Intention d\u2019Ali\u00e9ner pour la parcelle AC 73p d\u2019une surface de 454 m\u00b2, situ\u00e9e \u00e0 rue du Bignon. Il est propos\u00e9 de ne pas faire valoir le Droit de Pr\u00e9emption Urbain.<\/p>\n<p>Apr\u00e8s en avoir d\u00e9lib\u00e9r\u00e9, \u00e0 l\u2019unanimit\u00e9, le conseil municipal renonce \u00e0 son Droit de Pr\u00e9emption Urbain sur la parcelle AC 73, d\u2019une surface de 454 m\u00b2, situ\u00e9e \u00e0 rue du Bignon.<\/p>\n<h2>QUESTIONS DIVERSES :<\/h2>\n<p>Pour info\u00a0: Acquisition d\u2019une auto-laveuse \u2013 monobrosse + un aspirateur pour la salle polyvalente \u2013 Ent PRO-HYGIA de Br\u00e9al = 1 752.00 \u20ac TTC (pour m\u00e9moire\u00a0: BP 2025 = 5 000 \u20ac provision pour divers mat\u00e9riels.)<\/p>\n<p>Point sur 2 \u00e9v\u00e8nements\u00a0:<\/p>\n<ul>\n<li>F\u00eate de la famille le 28 juin 2025 \u201325 familles \u00e9taient convi\u00e9es\u00a0; 10 familles \u00e9taient pr\u00e9sentes. Manifestation tr\u00e8s conviviale\u00a0: \u00a0\u00e0 renouveler l\u2019an prochain pour les enfants n\u00e9s en 2025.<\/li>\n<li>CCAS\u00a0: recueil de la m\u00e9moire des a\u00een\u00e9s\u00a0: projection du film \u00ab\u00a0Passeurs de m\u00e9moires\u00a0\u00bb \u00e0 la m\u00e9diath\u00e8que le samedi 5 juillet qui retrace la vie dans le bourg dans les ann\u00e9es 1930. Ce court m\u00e9trage a \u00e9t\u00e9 r\u00e9alis\u00e9 gr\u00e2ce au long travail de collectage aupr\u00e8s des anciens et sera visible tout l\u2019\u00e9t\u00e9 aux horaires d\u2019ouverture de la m\u00e9diath\u00e8que. Il est \u00e9galement visible sur YouTube \u00ab\u00a0M\u00e9moires de Treffendel\u00a0\u00bb. Site Internet d\u00e9di\u00e9 en construction.<br \/>Des bornes seront install\u00e9es ult\u00e9rieurement devant les b\u00e2timents concern\u00e9s et permettront, gr\u00e2ce \u00e0 un QR code, d\u2019\u00e9couter les t\u00e9moignages des anciens.<\/li>\n<\/ul>\n<h3>PROCHAINES REUNIONS DE COMMISSION :<\/h3>\n<ul>\n<li>Groupe de travail\u00a0: \u00e9criture d\u2019une PEDT\u00a0: Projet EDucatif Territorial\u00a0: date \u00e0 fixer en septembre 2025<\/li>\n<li>Commission\u00a0\u00ab\u00a0Urbanisme\u00a0\u00bb\u00a0:\u00a0 mardi 09 septembre 2025 \u00e0 20 h 00\u00a0: Pays de Broc\u00e9liande\u00a0: SCOT<\/li>\n<\/ul>\n<h3>PROCHAINS CONSEILS MUNICIPAUX<\/h3>\n<ul>\n<li>Jeudi 11 septembre 2025 \u00e0 20 h 00 (r\u00e9union Adjoints : mardi 2 septembre 2025 \u00e0 20 h 00)<\/li>\n<li>Jeudi 16 octobre 2025 \u00e0 20 h 00 (r\u00e9union Adjoints : mardi 7 octobre 2025 \u00e0 20 h 00)<\/li>\n<li>Jeudi 13 novembre 2025 \u00e0 20 h 00 (r\u00e9union Adjoints : mardi 4 novembre 2025 \u00e0 20 h 00)<\/li>\n<li>Jeudi 11 d\u00e9cembre 2025 \u00e0 20 h 00 (r\u00e9union Adjoints (mardi 2 d\u00e9cembre 2025 \u00e0 20 h 00)<\/li>\n<\/ul>\n","protected":false},"excerpt":{"rendered":"<p>Pr\u00e9sents : F. KERGUELEN, P. PERSEHAIE, C. LE ROSSIGNOL, C. BANCHEREAU, M. RAULLINE, C. GODIN, C. THOMAS, L. BEAUG\u00c9, S. BERTIN, S. LE DIZES, A. LE NET, M. LACAZE. Excus\u00e9es : C. DUBOIS (Procuration \u00e0 S. BERTIN), N. FRO (Procuration \u00e0 F. KERGUELEN). Le compte rendu du 12 juin 2025 est approuv\u00e9 \u00e0 l\u2019unanimit\u00e9 des [&hellip;]<\/p>\n","protected":false},"author":1,"featured_media":0,"parent":17,"menu_order":0,"comment_status":"closed","ping_status":"closed","template":"","meta":[],"_links":{"self":[{"href":"https:\/\/www.treffendel.fr\/index.php?rest_route=\/wp\/v2\/pages\/6599"}],"collection":[{"href":"https:\/\/www.treffendel.fr\/index.php?rest_route=\/wp\/v2\/pages"}],"about":[{"href":"https:\/\/www.treffendel.fr\/index.php?rest_route=\/wp\/v2\/types\/page"}],"author":[{"embeddable":true,"href":"https:\/\/www.treffendel.fr\/index.php?rest_route=\/wp\/v2\/users\/1"}],"replies":[{"embeddable":true,"href":"https:\/\/www.treffendel.fr\/index.php?rest_route=%2Fwp%2Fv2%2Fcomments&post=6599"}],"version-history":[{"count":3,"href":"https:\/\/www.treffendel.fr\/index.php?rest_route=\/wp\/v2\/pages\/6599\/revisions"}],"predecessor-version":[{"id":6602,"href":"https:\/\/www.treffendel.fr\/index.php?rest_route=\/wp\/v2\/pages\/6599\/revisions\/6602"}],"up":[{"embeddable":true,"href":"https:\/\/www.treffendel.fr\/index.php?rest_route=\/wp\/v2\/pages\/17"}],"wp:attachment":[{"href":"https:\/\/www.treffendel.fr\/index.php?rest_route=%2Fwp%2Fv2%2Fmedia&parent=6599"}],"curies":[{"name":"wp","href":"https:\/\/api.w.org\/{rel}","templated":true}]}}