{"id":6656,"date":"2025-09-09T14:41:07","date_gmt":"2025-09-09T12:41:07","guid":{"rendered":"https:\/\/www.treffendel.fr\/?page_id=6656"},"modified":"2025-09-09T14:41:07","modified_gmt":"2025-09-09T12:41:07","slug":"point-conseil-budget","status":"publish","type":"page","link":"https:\/\/www.treffendel.fr\/?page_id=6656","title":{"rendered":"Point Conseil Budget"},"content":{"rendered":"\n<h3 align=\"center\"><b><span data-olk-copy-source=\"MessageBody\">Tous les 1<sup>ers\u00a0<\/sup>mardis du mois de 9h00 \u00e0 12h00<\/span><\/b><\/h3>\n<p align=\"center\"><b>au si\u00e8ge situ\u00e9 1 Rue des Korrigans<\/b><b>\u00a0\u00e0 Pl\u00e9lan-le-Grand.<\/b><\/p>\n<p align=\"center\"><b>\u00a0<\/b><b>Pour prendre rendez-vous, chaque habitant peut contacter l\u2019AFOC35 au 02 99 65 36 66 ou adresser un mail sur la boite\u00a0<a title=\"mailto:zerodette35@gmail.com\" href=\"mailto:zerodette35@gmail.com\" data-linkindex=\"44\">zerodette35@gmail.com<\/a>.<\/b><\/p>\n<p>Un conseiller peut r\u00e9pondre aux questions de l\u2019usager sur diff\u00e9rentes th\u00e9matiques (budget alimentation, consommation \u00e9nerg\u00e9tique, forfait t\u00e9l\u00e9phonie et internet, loyer, cr\u00e9dits, frais scolaires, pension alimentaire) et peut proposer un accompagnement portant sur diff\u00e9rents points (ressources, charges, dettes et droits des usagers).<\/p>\n<p>\u00a0 <img loading=\"lazy\" class=\"alignnone size-full wp-image-6664\" src=\"https:\/\/www.treffendel.fr\/wp-content\/uploads\/2025\/09\/Flyer_PCB1.jpg\" alt=\"\" width=\"875\" height=\"1240\" srcset=\"https:\/\/www.treffendel.fr\/wp-content\/uploads\/2025\/09\/Flyer_PCB1.jpg 875w, https:\/\/www.treffendel.fr\/wp-content\/uploads\/2025\/09\/Flyer_PCB1-212x300.jpg 212w, https:\/\/www.treffendel.fr\/wp-content\/uploads\/2025\/09\/Flyer_PCB1-723x1024.jpg 723w, https:\/\/www.treffendel.fr\/wp-content\/uploads\/2025\/09\/Flyer_PCB1-768x1088.jpg 768w\" sizes=\"(max-width: 875px) 100vw, 875px\" \/> <img loading=\"lazy\" class=\"alignnone size-full wp-image-6665\" src=\"https:\/\/www.treffendel.fr\/wp-content\/uploads\/2025\/09\/Flyer_PCB2.jpg\" alt=\"\" width=\"875\" height=\"1240\" srcset=\"https:\/\/www.treffendel.fr\/wp-content\/uploads\/2025\/09\/Flyer_PCB2.jpg 875w, https:\/\/www.treffendel.fr\/wp-content\/uploads\/2025\/09\/Flyer_PCB2-212x300.jpg 212w, https:\/\/www.treffendel.fr\/wp-content\/uploads\/2025\/09\/Flyer_PCB2-723x1024.jpg 723w, https:\/\/www.treffendel.fr\/wp-content\/uploads\/2025\/09\/Flyer_PCB2-768x1088.jpg 768w\" sizes=\"(max-width: 875px) 100vw, 875px\" \/><\/p>\n<p><img loading=\"lazy\" class=\"alignnone size-full wp-image-6662\" src=\"https:\/\/www.treffendel.fr\/wp-content\/uploads\/2025\/09\/Flyer_PCB3.jpg\" alt=\"\" width=\"875\" height=\"1240\" srcset=\"https:\/\/www.treffendel.fr\/wp-content\/uploads\/2025\/09\/Flyer_PCB3.jpg 875w, https:\/\/www.treffendel.fr\/wp-content\/uploads\/2025\/09\/Flyer_PCB3-212x300.jpg 212w, https:\/\/www.treffendel.fr\/wp-content\/uploads\/2025\/09\/Flyer_PCB3-723x1024.jpg 723w, https:\/\/www.treffendel.fr\/wp-content\/uploads\/2025\/09\/Flyer_PCB3-768x1088.jpg 768w\" sizes=\"(max-width: 875px) 100vw, 875px\" \/><\/p>\n<p><img loading=\"lazy\" class=\"alignnone size-full wp-image-6663\" src=\"https:\/\/www.treffendel.fr\/wp-content\/uploads\/2025\/09\/Flyer_PCB4.jpg\" alt=\"\" width=\"875\" height=\"1240\" srcset=\"https:\/\/www.treffendel.fr\/wp-content\/uploads\/2025\/09\/Flyer_PCB4.jpg 875w, https:\/\/www.treffendel.fr\/wp-content\/uploads\/2025\/09\/Flyer_PCB4-212x300.jpg 212w, https:\/\/www.treffendel.fr\/wp-content\/uploads\/2025\/09\/Flyer_PCB4-723x1024.jpg 723w, https:\/\/www.treffendel.fr\/wp-content\/uploads\/2025\/09\/Flyer_PCB4-768x1088.jpg 768w\" sizes=\"(max-width: 875px) 100vw, 875px\" \/> \u00a0<\/p>\n","protected":false},"excerpt":{"rendered":"<p>Tous les 1ers\u00a0mardis du mois de 9h00 \u00e0 12h00 au si\u00e8ge situ\u00e9 1 Rue des Korrigans\u00a0\u00e0 Pl\u00e9lan-le-Grand. \u00a0Pour prendre rendez-vous, chaque habitant peut contacter l\u2019AFOC35 au 02 99 65 36 66 ou adresser un mail sur la boite\u00a0zerodette35@gmail.com. Un conseiller peut r\u00e9pondre aux questions de l\u2019usager sur diff\u00e9rentes th\u00e9matiques (budget alimentation, consommation \u00e9nerg\u00e9tique, forfait t\u00e9l\u00e9phonie [&hellip;]<\/p>\n","protected":false},"author":1,"featured_media":6661,"parent":47,"menu_order":0,"comment_status":"closed","ping_status":"closed","template":"","meta":[],"_links":{"self":[{"href":"https:\/\/www.treffendel.fr\/index.php?rest_route=\/wp\/v2\/pages\/6656"}],"collection":[{"href":"https:\/\/www.treffendel.fr\/index.php?rest_route=\/wp\/v2\/pages"}],"about":[{"href":"https:\/\/www.treffendel.fr\/index.php?rest_route=\/wp\/v2\/types\/page"}],"author":[{"embeddable":true,"href":"https:\/\/www.treffendel.fr\/index.php?rest_route=\/wp\/v2\/users\/1"}],"replies":[{"embeddable":true,"href":"https:\/\/www.treffendel.fr\/index.php?rest_route=%2Fwp%2Fv2%2Fcomments&post=6656"}],"version-history":[{"count":2,"href":"https:\/\/www.treffendel.fr\/index.php?rest_route=\/wp\/v2\/pages\/6656\/revisions"}],"predecessor-version":[{"id":6742,"href":"https:\/\/www.treffendel.fr\/index.php?rest_route=\/wp\/v2\/pages\/6656\/revisions\/6742"}],"up":[{"embeddable":true,"href":"https:\/\/www.treffendel.fr\/index.php?rest_route=\/wp\/v2\/pages\/47"}],"wp:featuredmedia":[{"embeddable":true,"href":"https:\/\/www.treffendel.fr\/index.php?rest_route=\/wp\/v2\/media\/6661"}],"wp:attachment":[{"href":"https:\/\/www.treffendel.fr\/index.php?rest_route=%2Fwp%2Fv2%2Fmedia&parent=6656"}],"curies":[{"name":"wp","href":"https:\/\/api.w.org\/{rel}","templated":true}]}}