{"id":6693,"date":"2025-09-16T15:28:04","date_gmt":"2025-09-16T13:28:04","guid":{"rendered":"https:\/\/www.treffendel.fr\/?page_id=6693"},"modified":"2025-09-16T15:28:19","modified_gmt":"2025-09-16T13:28:19","slug":"proces-verbal-du-conseil-municipal-du-11-septembre-2025-a-20-h-00","status":"publish","type":"page","link":"https:\/\/www.treffendel.fr\/?page_id=6693","title":{"rendered":"Proc\u00e8s-Verbal du conseil municipal du 11 septembre 2025 \u00e0 20 h 00"},"content":{"rendered":"\n<p>Pr\u00e9sents : F. KERGUELEN, P. PERSEHAIE, C. LE ROSSIGNOL, C. BANCHEREAU, M. RAULLINE, C. GODIN, C. THOMAS, L. BEAUG\u00c9, S. BERTIN, A. LE NET, C. DUBOIS, N. FRO.<\/p>\n<p>Excus\u00e9e\u00a0: Marie LACAZE (procuration \u00e0 Mich\u00e8le RAULLINE)<\/p>\n<p>Absente\u00a0: S. LE DIZES<\/p>\n<h4>Approbation du compte rendu du conseil municipal du 17 juillet 2025\u00a0:<\/h4>\n<p>Le compte rendu du 17 juillet 2025 est approuv\u00e9 \u00e0 l\u2019unanimit\u00e9 des membres pr\u00e9sents.<\/p>\n<h4>D\u00e9signation d\u2019un secr\u00e9taire de s\u00e9ance\u00a0:<\/h4>\n<p>Conform\u00e9ment \u00e0 l\u2019article L.2121-15 du Code G\u00e9n\u00e9ral des Collectivit\u00e9s Locales, Mme Claudine DUBOIS\u00a0est nomm\u00e9e secr\u00e9taire de s\u00e9ance.<\/p>\n<h2>I \u2013 \u00a0PERSONNEL COMMUNAL :<\/h2>\n<h3>Point sur l\u2019\u00e9volution du poste de secr\u00e9taire g\u00e9n\u00e9rale de mairie<\/h3>\n<p>Suite \u00e0 l\u2019appel \u00e0 candidatures r\u00e9alis\u00e9 en juillet 2025, la personne retenue pour le poste de secr\u00e9taire g\u00e9n\u00e9rale de mairie \u00e0 raison de 25 h 00 \/ 35\u00e8me \u00e0 la date du 1er octobre 2025 a fait part de son d\u00e9sistement pour le poste le 04 septembre dernier, apr\u00e8s r\u00e9flexion au vu du temps de travail propos\u00e9.<\/p>\n<p>En effet, il a \u00e9t\u00e9 constat\u00e9 que pour la plupart des candidat(e)s le temps de travail propos\u00e9 (25h00\/35\u00e8me) \u00e9tait trop faible.<\/p>\n<p>De plus, fin du mois de juillet 2025, il a \u00e9t\u00e9 diffus\u00e9 les d\u00e9crets d\u2019application de la loi concernant la retraite progressive d\u00e8s l\u2019\u00e2ge de 60 ans pour la fonction publique territoriale avec une mise en place \u00e0 compter du 1er septembre 2025.<\/p>\n<p>Mme Claudine LOUVEL, actuellement en poste au grade d\u2019attach\u00e9 faisant les fonctions de secr\u00e9taire g\u00e9n\u00e9rale de mairie, pourrait pr\u00e9tendre au dispositif \u00abretraite progressive\u00a0\u00bb \u00e0 la date du 1er juin 2026, ce qui diminuerait son temps de travail. De ce fait, le conseil municipal d\u00e9cide de reporter le recrutement au poste de secr\u00e9taire g\u00e9n\u00e9rale de mairie \u00e0 la date du 1er juin 2026 en proposant un temps complet.<\/p>\n<p>Le conseil municipal d\u00e9cide, \u00e0 l\u2019unanimit\u00e9, de cr\u00e9er un poste de r\u00e9dacteur \u2013 cat\u00e9gorie B, \u00a0\u00e0 temps complet \u00e0 compter du 1er juin 2026.<\/p>\n<h2>II\u2013 \u00a0AFFAIRES SCOLAIRES :<\/h2>\n<p>Mme Chantal LE ROSSIGNOL, Adjointe aux affaires scolaires et p\u00e9riscolaires, pr\u00e9sente au conseil municipal la r\u00e9partition des effectifs des deux \u00e9coles. Il est constat\u00e9 une baisse des effectifs dans les 2 \u00e9coles.<\/p>\n<p>Effectifs des deux \u00e9coles<\/p>\n<h4>Ecole publique \u00ab Aurelie Nemours \u00bb = 5 classes = 98 \u00e9l\u00e8ves (63 \u00e9l\u00e9mentaires + 35 Maternelles)<\/h4>\n<table style=\"width: 100%; height: 144px;\">\n<tbody>\n<tr style=\"height: 24px;\">\n<td style=\"height: 24px;\">classe<\/td>\n<td style=\"text-align: center; height: 24px;\">nombre d\u2019\u00e9l\u00e8ves<\/td>\n<td style=\"text-align: center; height: 24px;\">nb hors commune<\/td>\n<td style=\"height: 24px;\">dont nb St P\u00e9ran<\/td>\n<\/tr>\n<tr style=\"height: 24px;\">\n<td style=\"height: 24px;\">CM2 (17)\u00a0<\/td>\n<td style=\"text-align: center; height: 24px;\">17<\/td>\n<td style=\"text-align: center; height: 24px;\">4<\/td>\n<td style=\"text-align: center; height: 24px;\">4<\/td>\n<\/tr>\n<tr style=\"height: 24px;\">\n<td style=\"height: 24px;\">CM1 (8)\u00a0 \u2013 CE2 (9)<\/td>\n<td style=\"text-align: center; height: 24px;\">17<\/td>\n<td style=\"text-align: center; height: 24px;\">1<\/td>\n<td style=\"text-align: center; height: 24px;\">1<\/td>\n<\/tr>\n<tr style=\"height: 24px;\">\n<td style=\"height: 24px;\">CE1 (18)<\/td>\n<td style=\"text-align: center; height: 24px;\">18<\/td>\n<td style=\"text-align: center; height: 24px;\">1<\/td>\n<td style=\"text-align: center; height: 24px;\">1<\/td>\n<\/tr>\n<tr style=\"height: 24px;\">\n<td style=\"height: 24px;\">CP (11) &#8211; GS (11)<\/td>\n<td style=\"text-align: center; height: 24px;\">22<\/td>\n<td style=\"text-align: center; height: 24px;\">0<\/td>\n<td style=\"text-align: center; height: 24px;\">0<\/td>\n<\/tr>\n<tr style=\"height: 24px;\">\n<td style=\"height: 24px;\">MS (15) \u2013 PS (9)<\/td>\n<td style=\"text-align: center; height: 24px;\">24<\/td>\n<td style=\"text-align: center; height: 24px;\">0<\/td>\n<td style=\"text-align: center; height: 24px;\">0<\/td>\n<\/tr>\n<\/tbody>\n<\/table>\n<p>\u00a0<\/p>\n<table>\n<tbody>\n<tr>\n<td style=\"text-align: center;\">CM2<\/td>\n<td style=\"text-align: center;\">CM1<\/td>\n<td style=\"text-align: center;\">CE2<\/td>\n<td style=\"text-align: center;\">CE1<\/td>\n<td style=\"text-align: center;\">CP<\/td>\n<td style=\"text-align: center;\">GS<\/td>\n<td style=\"text-align: center;\">MS<\/td>\n<td style=\"text-align: center;\">PS<\/td>\n<td style=\"text-align: center;\">TPS<\/td>\n<\/tr>\n<tr>\n<td style=\"text-align: center;\">17<\/td>\n<td style=\"text-align: center;\">8<\/td>\n<td style=\"text-align: center;\">9<\/td>\n<td style=\"text-align: center;\">18<\/td>\n<td style=\"text-align: center;\">11<\/td>\n<td style=\"text-align: center;\">11<\/td>\n<td style=\"text-align: center;\">15<\/td>\n<td style=\"text-align: center;\">9<\/td>\n<td style=\"text-align: center;\">0<\/td>\n<\/tr>\n<\/tbody>\n<\/table>\n<h4>Ecole priv\u00e9e \u00ab Saint-Malo \u00bb =\u00a0 4 classes = 71 \u00e9l\u00e8ves (46\u00a0 El\u00e9mentaires +\u00a0 25 Maternelles)<\/h4>\n<table style=\"width: 100%; height: 183px;\">\n<tbody>\n<tr style=\"height: 66px;\">\n<td style=\"height: 66px;\">classe<\/td>\n<td style=\"height: 66px;\">nombre d\u2019\u00e9l\u00e8ves<\/td>\n<td style=\"height: 66px;\">nb hors commune<br \/>(*)<\/td>\n<td style=\"height: 66px;\">dont nb St P\u00e9ran<\/td>\n<\/tr>\n<tr style=\"height: 24px;\">\n<td style=\"height: 24px;\">CM2 (11) \u2013 CM1 (9)<\/td>\n<td style=\"height: 24px; text-align: center;\">20<\/td>\n<td style=\"height: 24px; text-align: center;\">3<\/td>\n<td style=\"height: 24px; text-align: center;\">0<\/td>\n<\/tr>\n<tr style=\"height: 24px;\">\n<td style=\"height: 24px;\">CE2 (9)\u00a0 \u2013 CE1 (5)<\/td>\n<td style=\"height: 24px; text-align: center;\">11<\/td>\n<td style=\"height: 24px; text-align: center;\">4<\/td>\n<td style=\"height: 24px; text-align: center;\">1<\/td>\n<\/tr>\n<tr style=\"height: 24px;\">\n<td style=\"height: 24px;\">CP (15) \u2013 GS (2)<\/td>\n<td style=\"height: 24px; text-align: center;\">20<\/td>\n<td style=\"height: 24px; text-align: center;\">3<\/td>\n<td style=\"height: 24px; text-align: center;\">1<\/td>\n<\/tr>\n<tr style=\"height: 45px;\">\n<td style=\"height: 45px;\">MS (17) \u2013 PS (5) &#8211; TPS (1)<\/td>\n<td style=\"height: 45px; text-align: center;\">23<\/td>\n<td style=\"height: 45px; text-align: center;\">2<\/td>\n<td style=\"height: 45px; text-align: center;\">0<\/td>\n<\/tr>\n<\/tbody>\n<\/table>\n<p>(*) Pl\u00e9lan (6), Maxent (1), Paimpont (1), Iffendic (1), Br\u00e9al (1)<\/p>\n<table>\n<tbody>\n<tr>\n<td style=\"text-align: center;\">CM2<\/td>\n<td style=\"text-align: center;\">CM1<\/td>\n<td style=\"text-align: center;\">CE2<\/td>\n<td style=\"text-align: center;\">CE1<\/td>\n<td style=\"text-align: center;\">CP<\/td>\n<td style=\"text-align: center;\">GS<\/td>\n<td style=\"text-align: center;\">MS<\/td>\n<td style=\"text-align: center;\">PS<\/td>\n<td style=\"text-align: center;\">TPS<\/td>\n<\/tr>\n<tr>\n<td style=\"text-align: center;\">11<\/td>\n<td style=\"text-align: center;\">9<\/td>\n<td style=\"text-align: center;\">6<\/td>\n<td style=\"text-align: center;\">5<\/td>\n<td style=\"text-align: center;\">15<\/td>\n<td style=\"text-align: center;\">2<\/td>\n<td style=\"text-align: center;\">17<\/td>\n<td style=\"text-align: center;\">5<\/td>\n<td style=\"text-align: center;\">1<\/td>\n<\/tr>\n<\/tbody>\n<\/table>\n<p>Le conseil municipal prend acte des baisses des effectifs, situation identique sur le D\u00e9partement.<\/p>\n<p>Mme Chantal Le Rossignol donne lecture au conseil municipal d\u2019un article de presse \u00e9voquant ce ph\u00e9nom\u00e8ne de baisse des effectifs dans les \u00e9coles maternelles et \u00e9l\u00e9mentaires, ainsi que l\u2019\u00e9tat de d\u00e9natalit\u00e9 en France.<\/p>\n<p>Mme le Maire fait \u00e9tat de la construction du pr\u00e9au\u00a0\u00ab\u00a0classe ext\u00e9rieure\u00a0\u00bb en cours de finition.<\/p>\n<h2>III\u2013 FINANCES :<\/h2>\n<h3>1\u00b0 &#8211; OGEC : actualisation de la subvention annuelle au vu des effectifs de septembre 2025<\/h3>\n<p>Mme Mich\u00e8le RAULLINE, Adjointe aux finances, rappelle au conseil municipal que le vote de la subvention annuelle vers\u00e9e \u00e0 l\u2019OGEC doit \u00eatre revu au vu des effectifs pr\u00e9sents au 1er septembre 2025.<\/p>\n<p>Elle pr\u00e9sente le mode de calcul : Calcul de r\u00e9gularisation suivant les effectifs de septembre 2025.<\/p>\n<h4>Ecole priv\u00e9e<\/h4>\n<table>\n<tbody>\n<tr>\n<td>\u00a0<\/td>\n<td colspan=\"2\">septembre 2025<\/td>\n<td colspan=\"2\">janvier 2025<\/td>\n<td>\u00a0<\/td>\n<\/tr>\n<tr>\n<td>\u00a0<\/td>\n<td>nb total<\/td>\n<td>nb hors commune<\/td>\n<td>nb total<\/td>\n<td>nb hors commune<\/td>\n<td>\u00a0<\/td>\n<\/tr>\n<tr>\n<td>Elementaire<\/td>\n<td>46<\/td>\n<td>9<\/td>\n<td>41<\/td>\n<td>7<\/td>\n<td>\u00a0<\/td>\n<\/tr>\n<tr>\n<td>Maternelle<\/td>\n<td>25<\/td>\n<td>2<\/td>\n<td>35<\/td>\n<td>4<\/td>\n<td>\u00a0<\/td>\n<\/tr>\n<tr>\n<td>TOTAL<\/td>\n<td>71<\/td>\n<td>\u00a0<\/td>\n<td>76<\/td>\n<td>\u00a0<\/td>\n<td>\u00a0<\/td>\n<\/tr>\n<\/tbody>\n<\/table>\n<h4>Ecole publique<\/h4>\n<table>\n<tbody>\n<tr>\n<td>\u00a0<\/td>\n<td colspan=\"2\">septembre 2025<\/td>\n<td colspan=\"2\">janvier 2025<\/td>\n<td>\u00a0<\/td>\n<\/tr>\n<tr>\n<td>\u00a0<\/td>\n<td>nb total<\/td>\n<td>nb hors commune<\/td>\n<td>nb total<\/td>\n<td>nb hors commune<\/td>\n<td>\u00a0<\/td>\n<\/tr>\n<tr>\n<td>Elementaire<\/td>\n<td style=\"text-align: center;\">63<\/td>\n<td style=\"text-align: center;\">9<\/td>\n<td style=\"text-align: center;\">65<\/td>\n<td style=\"text-align: center;\">7<\/td>\n<td>\u00a0<\/td>\n<\/tr>\n<tr>\n<td>Maternelle<\/td>\n<td style=\"text-align: center;\">25<\/td>\n<td style=\"text-align: center;\">2<\/td>\n<td style=\"text-align: center;\">42<\/td>\n<td style=\"text-align: center;\">0<\/td>\n<td>\u00a0<\/td>\n<\/tr>\n<tr>\n<td>TOTAL<\/td>\n<td style=\"text-align: center;\">71<\/td>\n<td style=\"text-align: center;\">\u00a0<\/td>\n<td style=\"text-align: center;\">107<\/td>\n<td style=\"text-align: center;\">\u00a0<\/td>\n<td>\u00a0<\/td>\n<\/tr>\n<\/tbody>\n<\/table>\n<p>Suivant la d\u00e9lib\u00e9ration en date du 1er octobre 2015 concernant la prise en charge des \u00e9l\u00e8ves Hors Commune, nous nous trouvons dans le cas de l\u2019exemple 3, o\u00f9 le nombre d\u2019\u00e9l\u00e8ves Hors Commune (en dehors de St-P\u00e9ran) &#8211; El\u00e9mentaires et Maternelles &#8211;\u00a0 de l\u2019\u00e9cole priv\u00e9e est sup\u00e9rieur au nombre d\u2019\u00e9l\u00e8ves Hors Communes \u2013 El\u00e9mentaires et Maternelles- de l\u2019\u00e9cole publique :<\/p>\n<h5>Pour le co\u00fbt de fonctionnement<\/h5>\n<p>le nombre d\u2019\u00e9l\u00e8ves Hors Commune retenu pour l\u2019\u00e9cole priv\u00e9e ne doit pas d\u00e9passer le nombre d\u2019\u00e9l\u00e8ves Hors Commune de l\u2019\u00e9cole publique soit<\/p>\n<ul>\n<li>ELEMENTAIRES : 6 HC (\u00e9cole publique)\u00a0 donc ( 6 HC \u2013 Ecole Priv\u00e9e) sont financ\u00e9s + 37 TREFFENDEL nombre retenu =\u00a0 43 \u00e9l\u00e8ves<\/li>\n<li>MATERNELLE :\u00a0 0 HC (\u00e9cole publique)\u00a0 donc\u00a0 ( 0 HC \u2013 Ecole Priv\u00e9e) sont financ\u00e9s + 23 TREFFENDEL nombre retenu = 23\u00a0 \u00e9l\u00e8ves<\/li>\n<\/ul>\n<h5>Pour le budget p\u00e9dagogique (13.00 \u20ac\/\u00e9l\u00e8ve) et les fournitures scolaires (09.40 \u20ac\/\u00e9l\u00e8ve),<\/h5>\n<p>les \u00e9l\u00e8ves Hors commune ne sont pas financ\u00e9s. On ne prend en charge que les \u00e9l\u00e8ves de Treffendel (El\u00e9mentaires\/ Maternelles).<\/p>\n<p>Modes de calcul au 1er septembre 2025\u00a0:<\/p>\n<table>\n<tbody>\n<tr>\n<td>\u00a0<\/td>\n<td>\u00a0<\/td>\n<td colspan=\"2\">effectif pris en compte<\/td>\n<td>\u00a0<\/td>\n<td colspan=\"2\">effectif pris en compte<\/td>\n<\/tr>\n<tr>\n<td>au 01\/09\/2025<\/td>\n<td>co\u00fbt \u00e9l\u00e9mentaire<\/td>\n<td>janv-aout 25<\/td>\n<td>sept-d\u00e9c. 25<\/td>\n<td>co\u00fbt maternelle<\/td>\n<td>janv-aout 25<\/td>\n<td>sept-d\u00e9c. 25<\/td>\n<\/tr>\n<tr>\n<td>co\u00fbt<\/td>\n<td style=\"text-align: center;\">620.97<\/td>\n<td style=\"text-align: center;\">41<\/td>\n<td style=\"text-align: center;\">43<\/td>\n<td style=\"text-align: center;\">1438.73<\/td>\n<td style=\"text-align: center;\">31<\/td>\n<td style=\"text-align: center;\">23<\/td>\n<\/tr>\n<tr>\n<td>fournitures scolaires (global)<\/td>\n<td style=\"text-align: center;\">9.40<\/td>\n<td style=\"text-align: center;\">34<\/td>\n<td style=\"text-align: center;\">37<\/td>\n<td style=\"text-align: center;\">9.40<\/td>\n<td style=\"text-align: center;\">31<\/td>\n<td style=\"text-align: center;\">23<\/td>\n<\/tr>\n<tr>\n<td>budget p\u00e9dagogique (global)<\/td>\n<td style=\"text-align: center;\">13.00<\/td>\n<td style=\"text-align: center;\">34<\/td>\n<td style=\"text-align: center;\">37<\/td>\n<td style=\"text-align: center;\">13.00<\/td>\n<td style=\"text-align: center;\">31<\/td>\n<td style=\"text-align: center;\">23<\/td>\n<\/tr>\n<tr>\n<td>TOTAL<\/td>\n<td style=\"text-align: center;\" colspan=\"3\">25 873.75<\/td>\n<td style=\"text-align: center;\" colspan=\"3\">41 398.69<\/td>\n<\/tr>\n<tr>\n<td>budget primitif<\/td>\n<td style=\"text-align: center;\" colspan=\"6\">68 056.46 \u20ac (calcul en mars 2025 = 71 516.40 \u20ac)<\/td>\n<\/tr>\n<\/tbody>\n<\/table>\n<p>Ce qui donne une diminution de la subvention globale de \u2013 3 459.94 \u20ac\u00a0<\/p>\n<p>Apr\u00e8s en avoir d\u00e9lib\u00e9r\u00e9, le conseil municipal d\u00e9cide, \u00e0 l\u2019unanimit\u00e9\u00a0:<\/p>\n<ul>\n<li>De diminuer la subvention globale d\u2019un montant de 3 459.94 \u20ac \u00e0 l\u2019OGEC au vu du mode de calcul cit\u00e9 ci-dessus, qui sera d\u00e9duit du montant vot\u00e9 lors du Budget Primitif 2025 au C\/6558, au titre de subvention de r\u00e9gularisation suivant les effectifs de septembre 2025, ce qui porte le montant d\u00e9finitif pour l\u2019ann\u00e9e 2025 \u00e0 68 056.46 \u20ac,<\/li>\n<li>De r\u00e9diger un avenant \u00e0 la convention, faisant \u00e9tat de ce nouveau montant.<\/li>\n<\/ul>\n<p>Pour m\u00e9moire\u00a0: montant total de la subvention vers\u00e9e \u00e0 l\u2019OGEC<\/p>\n<ul>\n<li>2024 = 67 114.40 \u20ac<\/li>\n<li>2023 = 52 949.02 \u20ac<\/li>\n<li>2022 = 45 145.89 \u20ac<\/li>\n<li>2021 = 46 583.18 \u20ac<\/li>\n<li>2020 = 59 028.06 \u20ac<\/li>\n<li>2019 = 56 319.04 \u20ac<\/li>\n<li>2018 = 67 760.26 \u20ac<\/li>\n<li>2017 = 55 076.52 \u20ac<\/li>\n<li>2016 = 49 894.90 \u20ac<\/li>\n<li>2015 = 46 124.84 \u20ac.<\/li>\n<\/ul>\n<h3>2\u00b0 &#8211; contrat de bail \u00e0 ferme\u00a0: parcelle ZB N\u00b0 159<\/h3>\n<p>Mme Mich\u00e8le RAULLINE, Adjointe aux Finances, informe le conseil municipal que le contrat de bail \u00e0 ferme de la parcelle ZB N\u00b0 159 arrive \u00e0 \u00e9ch\u00e9ance le 30 septembre 2025. Il convient de le renouveler aupr\u00e8s de Mme CATHERINE St\u00e9phanie, EARL Au Pr\u00e9 de la Terre, 4 le Pas Mainguy \u00e0 Pl\u00e9lan-le-Grand.<\/p>\n<p>Le fermage annuel d\u2019un montant de 65.74 \u20ac est accept\u00e9 par Mme CATHERINE St\u00e9phanie. Il sera r\u00e9visable chaque ann\u00e9e selon le coefficient d\u2019actualisation de l\u2019indice national, payable \u00e0 terme \u00e9chu \u00e0 la date du 30 septembre de chaque ann\u00e9e.<\/p>\n<p>Apr\u00e8s en avoir d\u00e9lib\u00e9r\u00e9, le conseil municipal d\u00e9cide, \u00e0 l\u2019unanimit\u00e9 de renouveler le bail \u00e0 ferme de Mme CATHERINE St\u00e9phanie, EARL Au Pr\u00e9 de la Terre, 4 le Pas Mainguy \u00e0 Pl\u00e9lan-le-Grand, pour la parcelle communale cadastr\u00e9e ZB N\u00b0 159, \u00e0 compter du 1er octobre 2025, pour une dur\u00e9e de 9 ans, \u00e0 raison d\u2019un fermage annuel d\u2019un montant de 65.74 \u20ac, r\u00e9visable chaque ann\u00e9e selon le coefficient d\u2019actualisation de l\u2019indice national, et d\u2019autoriser Mme le Maire \u00e0 signer le bail \u00e0 ferme et tout document s\u2019y rapportant.<\/p>\n<h3>3\u00b0 &#8211; acquisition d\u2019un four \u00e0 la cantine<\/h3>\n<p>Madame Mich\u00e8le RAULLINE, Adjointe aux finances, rappelle au conseil municipal que le four de la cantine est d\u2019origine (1999) et il commence \u00e0 \u00eatre d\u00e9fectueux. Aussi, il a \u00e9t\u00e9 sollicit\u00e9 des devis aupr\u00e8s de 3 entreprises\u00a0:<\/p>\n<ul>\n<li>LABEL \u2013 TABLE \u2013 Vezin-le-Coquet\u00a0 = 12 130.00 \u20ac H.T. inclus option porte escamotable \u00e0 805 \u20ac HT<br \/>Co\u00fbt du four sans l\u2019option = 11 325.00 \u20ac HT<\/li>\n<li>CREA\u2019ZIN \u2013 Pac\u00e9 = 12 000.00 \u20ac H.T. Le mod\u00e8le du four ne peut pas \u00eatre \u00e9quip\u00e9 d\u2019une porte escamotable.<\/li>\n<li>Rouzhon Cuisines Professionnelles \u2013 St-Jacques-de-la-Lande \u00a0\u00a0\u00a0\u00a0 = pas d\u2019offre.<\/li>\n<\/ul>\n<p>D\u2019autre part, pour proc\u00e9der au financement de\u00a0cette acquisition, il convient de voter une D\u00e9cision Modificative<\/p>\n<p>N\u00b0 03, de la fa\u00e7on suivante\u00a0:<\/p>\n<ul>\n<li>C\/2188-065 : acquisition four pour cantine : + 15 000 \u20ac<\/li>\n<li>C\/2184-065 : provisions pour achats divers de mat\u00e9riels :\u00a0 &#8211; 5 000 \u20ac<\/li>\n<li>C\/2182-162 : acquisition v\u00e9hicule pour service technique :\u00a0 &#8211;\u00a0 10 000 \u20ac<\/li>\n<\/ul>\n<p>Apr\u00e8s en avoir d\u00e9lib\u00e9r\u00e9, le conseil municipal d\u00e9cide, \u00e0 l\u2019unanimit\u00e9 d\u2019acqu\u00e9rir un four professionnel pour la cantine aupr\u00e8s de LABEL \u2013 TABLE de Vezin-le-Coquet \u00e0 raison de\u00a012 130 \u20ac HT (inclus l\u2019option d\u2019une porte escamotable), et de voter la D\u00e9cision Modificative N\u00b0 03 de la fa\u00e7on suivante, comme \u00e9nonc\u00e9e ci-dessus.<\/p>\n<h2>IV\u2013 URBANISME :<\/h2>\n<h3>1\u00b0 &#8211; Droit de Pr\u00e9emption Urbain\u00a0: parcelle b\u00e2tie cadastr\u00e9e Section AB 122<\/h3>\n<p>Mr Charl\u00e9ric BANCHEREAU, Adjoint \u00e0 l\u2019Urbanisme, indique au conseil municipal qu\u2019il a \u00e9t\u00e9 re\u00e7u en mairie une D\u00e9claration d\u2019Intention d\u2019Ali\u00e9ner pour la parcelle b\u00e2tie AB 122 d\u2019une surface de 832 m\u00b2, situ\u00e9e \u00e0 2 rue du Bas-Bourg. Il est propos\u00e9 de ne pas faire valoir le Droit de Pr\u00e9emption Urbain.<\/p>\n<p>Apr\u00e8s en avoir d\u00e9lib\u00e9r\u00e9, \u00e0 l\u2019unanimit\u00e9, le conseil municipal renonce \u00e0 son Droit de Pr\u00e9emption Urbain sur la parcelle AB 122, d\u2019une surface de 832 m\u00b2, situ\u00e9e \u00e0 2 rue du Bas-Bourg.<\/p>\n<h2>V\u2013 ASSAINISSEMENT :<\/h2>\n<h4>Approbation du Rapport annuel sur le Prix et la Qualit\u00e9 du Service public \u2013(RPQS) Ann\u00e9e 2024<\/h4>\n<p>Mme le\u00a0 Maire, donne lecture des diff\u00e9rents points du rapport annuel sur le prix et la qualit\u00e9 du service public\u00a0de la station d\u2019\u00e9puration de Treffendel de l\u2019ann\u00e9e 2024.<\/p>\n<p>Apr\u00e8s en avoir d\u00e9lib\u00e9r\u00e9, le conseil municipal, \u00e0 l\u2019unanimit\u00e9, approuve le rapport annuel 2024 sur le prix et la qualit\u00e9 du service public de la station d\u2019\u00e9puration de Treffendel.<\/p>\n<h2>VI\u2013 INTERCOMMUNALITE :<\/h2>\n<p>Broc\u00e9liande Communaut\u00e9 : R\u00e9union le lundi 29 septembre 2025 de 18 h 00 \u00e0 22 h 00<\/p>\n<h3>Ordre du jour\u00a0: bilan de fin de mandat<\/h3>\n<p>R\u00e9union destin\u00e9e \u00e0 l\u2019ensemble des conseillers municipaux des communes membres.<\/p>\n<h2>QUESTIONS DIVERSES :<\/h2>\n<h4>Vestiaires du terrain de foot-ball\u00a0: S\u00e9curisation des locaux<\/h4>\n<p>Il est propos\u00e9 de cr\u00e9er une double-porte pour s\u00e9curiser les locaux\u00a0: devis de BF Soudure de Treffendel \u00e0 raison de 1 500 \u20ac HT. Le conseil municipal valide ces travaux.<\/p>\n<h4>PROCHAINES COMMISSIONS\u00a0\u00e0 PROGRAMMER\u00a0:<\/h4>\n<ul>\n<li>Commission \u00ab Urbanisme \u00bb : 09 septembre 2025 \u00e0 20 h 00 : Pays de Broc\u00e9liande : pr\u00e9sentation des orientations du SCOT.<\/li>\n<li>Commission \u00ab\u00a0Communication\u00a0\u00bb\u00a0: pr\u00e9paration du Mag de d\u00e9cembre 2025\u00a0:<\/li>\n<li>Commission \u00ab\u00a0Vie Associative\u00a0\u00bb\u00a0+ Pr\u00e9sident(e)s de toutes les associations : pr\u00e9paration du T\u00e9l\u00e9thon\u00a0\u00a0: salle des associations\u00a0: jeudi 02 octobre 2025 \u00e0 19 h 00<\/li>\n<li>Commission \u00ab\u00a0Vie Associative\u00a0\u00bb\u00a0 (2\u00e8me r\u00e9union pr\u00e9paration de la f\u00eate de No\u00ebl) + Tref Fa Si La + Comit\u00e9 des F\u00eates + Biblioth\u00e8que + associations des parents d\u2019\u00e9l\u00e8ves des 2 \u00e9coles\u00a0: jeudi 02 octobre 2025 \u00e0 20 h 00<\/li>\n<li>Commission f\u00eate et c\u00e9r\u00e9monies\u00a0: mardi 21 octobre \u00e0 20 h 00<\/li>\n<li>Commission \u00ab FINANCES \u00bb\u00a0 : Jeudi 04 d\u00e9cembre 2025 \u00e0 18 h 00 (subventions associations + OGEC +\u00a0 section fonctionnement<\/li>\n<li>V\u0153ux de la municipalit\u00e9 : vendredi 09 janvier 2026 \u00e0 19 h 00\u00a0<\/li>\n<\/ul>\n<div class=\"wrapper section\">\n<div class=\"section-inner\">\n<div class=\"content\">\n<div id=\"post-6126\" class=\"post single post-6126 page type-page status-publish hentry\">\n<div class=\"post-inner\">\n<div class=\"post-content\">\n<h3>PROCHAINS CONSEILS MUNICIPAUX<\/h3>\n<ul>\n<li>Jeudi 16 octobre 2025 \u00e0 20 h 00 (r\u00e9union Adjoints : mardi 7 octobre 2025 \u00e0 20 h 00)<\/li>\n<li>Jeudi 13 novembre 2025 \u00e0 20 h 00 (r\u00e9union Adjoints : mardi 4 novembre 2025 \u00e0 20 h 00)<\/li>\n<li>Jeudi 11 d\u00e9cembre 2025 \u00e0 20 h 00 (r\u00e9union Adjoints (mardi 2 d\u00e9cembre 2025 \u00e0 20 h 00)<\/li>\n<\/ul>\n<\/div>\n<\/div>\n<\/div>\n<\/div>\n<\/div>\n<\/div>\n<div class=\"sub-footer section\">\n<div class=\"section-inner\">\n<div id=\"plan-site-footer\" class=\"widgets third\">\u00a0<\/div>\n<\/div>\n<\/div>\n","protected":false},"excerpt":{"rendered":"<p>Pr\u00e9sents : F. KERGUELEN, P. PERSEHAIE, C. LE ROSSIGNOL, C. BANCHEREAU, M. RAULLINE, C. GODIN, C. THOMAS, L. BEAUG\u00c9, S. BERTIN, A. LE NET, C. DUBOIS, N. FRO. Excus\u00e9e\u00a0: Marie LACAZE (procuration \u00e0 Mich\u00e8le RAULLINE) Absente\u00a0: S. LE DIZES Approbation du compte rendu du conseil municipal du 17 juillet 2025\u00a0: Le compte rendu du 17 [&hellip;]<\/p>\n","protected":false},"author":1,"featured_media":0,"parent":17,"menu_order":0,"comment_status":"closed","ping_status":"closed","template":"","meta":[],"_links":{"self":[{"href":"https:\/\/www.treffendel.fr\/index.php?rest_route=\/wp\/v2\/pages\/6693"}],"collection":[{"href":"https:\/\/www.treffendel.fr\/index.php?rest_route=\/wp\/v2\/pages"}],"about":[{"href":"https:\/\/www.treffendel.fr\/index.php?rest_route=\/wp\/v2\/types\/page"}],"author":[{"embeddable":true,"href":"https:\/\/www.treffendel.fr\/index.php?rest_route=\/wp\/v2\/users\/1"}],"replies":[{"embeddable":true,"href":"https:\/\/www.treffendel.fr\/index.php?rest_route=%2Fwp%2Fv2%2Fcomments&post=6693"}],"version-history":[{"count":1,"href":"https:\/\/www.treffendel.fr\/index.php?rest_route=\/wp\/v2\/pages\/6693\/revisions"}],"predecessor-version":[{"id":6698,"href":"https:\/\/www.treffendel.fr\/index.php?rest_route=\/wp\/v2\/pages\/6693\/revisions\/6698"}],"up":[{"embeddable":true,"href":"https:\/\/www.treffendel.fr\/index.php?rest_route=\/wp\/v2\/pages\/17"}],"wp:attachment":[{"href":"https:\/\/www.treffendel.fr\/index.php?rest_route=%2Fwp%2Fv2%2Fmedia&parent=6693"}],"curies":[{"name":"wp","href":"https:\/\/api.w.org\/{rel}","templated":true}]}}