{"id":6784,"date":"2025-11-18T16:34:04","date_gmt":"2025-11-18T15:34:04","guid":{"rendered":"https:\/\/www.treffendel.fr\/?page_id=6784"},"modified":"2025-11-18T16:34:04","modified_gmt":"2025-11-18T15:34:04","slug":"proces-verbal-du-conseil-municipal-du-13-novembre-2025-a-20-h-00","status":"publish","type":"page","link":"https:\/\/www.treffendel.fr\/?page_id=6784","title":{"rendered":"Proc\u00e8s-Verbal du conseil municipal du 13 novembre 2025 \u00e0 20 h 00"},"content":{"rendered":"\n<ul>\n<li>Pr\u00e9sents : F. KERGUELEN, P. PERSEHAIE, C. LE ROSSIGNOL, C. BANCHEREAU, M. RAULLINE, C. GODIN, C. THOMAS, A. LE NET, M. LACAZE, S. LE DIZES, N. FRO<\/li>\n<li>Excus\u00e9s\u00a0: S. BERTIN (procuration \u00e0 F. KERGUELEN), L. BEAUGE (Procuration \u00e0 M. RAULLINE)<\/li>\n<li>Absente\u00a0: C. DUBOIS<\/li>\n<\/ul>\n<h3>Approbation du compte rendu du conseil municipal du 16 octobre 2025\u00a0:<\/h3>\n<p>Le compte rendu du 16 octobre 2025 est approuv\u00e9 \u00e0 l\u2019unanimit\u00e9 des membres pr\u00e9sents.<\/p>\n<h3>D\u00e9signation d\u2019un secr\u00e9taire de s\u00e9ance\u00a0:<\/h3>\n<p>Conform\u00e9ment \u00e0 l\u2019article L.2121-15 du Code G\u00e9n\u00e9ral des Collectivit\u00e9s Locales, Mr Christian THOMAS\u00a0est nomm\u00e9 secr\u00e9taire de s\u00e9ance.<\/p>\n<h2>I \u2013 \u00a0ENVIRONNEMENT \u2013 ENERGIE :<\/h2>\n<h3>Pr\u00e9sentation du dispositif \u00ab\u00a0op\u00e9ration d\u2019autoconsommation collective\u00a0\u00bb<\/h3>\n<p>Madame Le Maire donne la parole \u00e0 Mme Charlotte RIGAUD, Responsable du p\u00f4le march\u00e9s de\u00a0l\u2019\u00e9nergie du SDE35 qui va pr\u00e9senter au conseil municipal le dispositif \u00ab op\u00e9ration d\u2019autoconsommation collective \u00bb\u00a0qui consiste \u00e0 organiser la r\u00e9partition de la production d\u2019Energie Renouvelable (EnR) locale dans l\u2019approvisionnement \u00e9nerg\u00e9tique de tous les acteurs du territoire d\u2019Ille-et-Vilaine, et ceci, dans les b\u00e2timents communaux afin de ma\u00eetriser le co\u00fbt des factures \u00e9nerg\u00e9tiques.<\/p>\n<p>Ce document pr\u00e9sente l&rsquo;autoconsommation collective en Ille-et-Vilaine, ses avantages, ses op\u00e9rations et son impact \u00e9conomique.<\/p>\n<h4>Faire face \u00e0 l\u2019\u00e9volution des prix de l\u2019\u00e9nergie<\/h4>\n<ul>\n<li>L&rsquo;approvisionnement \u00e9nerg\u00e9tique doit se concentrer sur des solutions locales.<\/li>\n<li>L&rsquo;autoconsommation collective (ACC) permet de r\u00e9duire l&rsquo;exposition aux prix du march\u00e9.<\/li>\n<li>Les leviers propos\u00e9s par SDE35 incluent divers types d&rsquo;achats pour s\u00e9curiser les budgets.<\/li>\n<\/ul>\n<h4>L\u2019autoconsommation collective (ACC), c\u2019est quoi ?<\/h4>\n<ul>\n<li>L&rsquo;ACC implique la vente d&rsquo;\u00e9nergie renouvelable entre producteurs et consommateurs \u00e0 moins de 2 km.<\/li>\n<li>Une personne morale organisatrice (PMO) g\u00e8re les relations avec le gestionnaire de r\u00e9seau.<\/li>\n<li>Des d\u00e9rogations permettent d&rsquo;\u00e9tendre le p\u00e9rim\u00e8tre \u00e0 20 km dans certains cas.<\/li>\n<\/ul>\n<h4>Part\u2019EnR 35 : une PMO mutualis\u00e9e pour l\u2019Ille-et-Vilaine<\/h4>\n<ul>\n<li>Part\u2019EnR 35 est une association \u00e0 but non lucratif qui regroupe divers acteurs du territoire.<\/li>\n<li>Elle vise \u00e0 maximiser le partage de la valeur des projets d&rsquo;\u00e9nergies renouvelables.<\/li>\n<li>Les membres fondateurs incluent SDE 35 et Energ\u2019iV, qui d\u00e9veloppent des \u00e9nergies renouvelables.<\/li>\n<\/ul>\n<h4>L\u2019ACC sur votre territoire<\/h4>\n<ul>\n<li>Le p\u00e9rim\u00e8tre de l&rsquo;ACC doit inclure les points de consommation et de production.<\/li>\n<li>Pour la commune de TREFFENDEL : voici les points de livraison retenus sont : Groupe scolaire,\u00a0Mairie, vestiaires football, biblioth\u00e8que, salle de sports, salle polyvalente, Atelier communal, foyer football et foyer ados.<\/li>\n<li>Des exemples de participants incluent des communes et des citoyens membres de l&rsquo;association.<\/li>\n<li>Les \u00e9changes d&rsquo;\u00e9nergie sont organis\u00e9s pour optimiser la consommation locale.<\/li>\n<\/ul>\n<h4>Le bilan \u00e9conomique 2025<\/h4>\n<ul>\n<li>Le bilan \u00e9conomique pour Treffendel montre une \u00e9conomie de 2 405 \u20ac pour 164 483 kWh consomm\u00e9s.<\/li>\n<li>Les pr\u00e9visions pour 2026 indiquent une baisse des prix de 28% sur le groupement d&rsquo;achat. \u200b<\/li>\n<\/ul>\n<p>Apr\u00e8s en avoir d\u00e9battu, le conseil municipal, \u00e0 l\u2019unanimit\u00e9, est favorable au dispositif et valide un accord de principe pour le lancement de la proc\u00e9dure concernant l\u2019adh\u00e9sion \u00e0 la boucle d\u2019autoconsommation collective \u00ab\u00a0Commune \u2013 Soci\u00e9t\u00e9 Etre\u2019s\u00a0\u00bb.<\/p>\n<h2>II\u2013 \u00a0INTERCOMMUNALITE\u00a0<\/h2>\n<h3>Broc\u00e9liande Communaut\u00e9 : Pr\u00e9sentation du rapport d\u2019activit\u00e9 2024<\/h3>\n<p>Conform\u00e9ment \u00e0 l\u2019article L. 5211-39 du Code G\u00e9n\u00e9ral des Collectivit\u00e9s Territoriales, il doit \u00eatre pr\u00e9sent\u00e9 par le maire au conseil municipal lors d\u2019une s\u00e9ance publique le rapport d\u2019activit\u00e9 de l\u2019EPCI \u00ab\u00a0Broc\u00e9liande Communaut\u00e9\u00a0\u00bb.<\/p>\n<p>Ce rapport est t\u00e9l\u00e9chargeable sur <a href=\"https:\/\/www.cc-broceliande.bzh\/\">https:\/\/www.cc-broceliande.bzh<\/a>\u00a0 &#8211; rubrique \u00ab\u00a0publications\u00a0\u00bb.<\/p>\n<p>Il fait \u00e9tat de\u00a0:<\/p>\n<h4>1\u00b0 &#8211; LE TERRITOIRE<\/h4>\n<p>Donn\u00e9es chiffr\u00e9es, les \u00e9quipements, la gouvernance, les ressources humaines, les finances, les march\u00e9s publics,\u00a0la communication et le patrimoine.<\/p>\n<h4>2\u00b0 &#8211; UN TERRITOIRE ATTRACTIF ET SOLIDAIRE<\/h4>\n<p>Petite enfance,\u00a0 Jeunesse, Culture, R\u00e9seau des m\u00e9diath\u00e8ques, Associations et D\u00e9veloppement num\u00e9rique.<\/p>\n<h4>3\u00b0 &#8211; UN TISSU ECONOMIQUE, DYNAMIQUE ET RESPONSABLE<\/h4>\n<p>Le tourisme, le repaire, les aides, le r\u00e9v\u00e9lateur de Broc\u00e9liande et le Point Accueil Emploi<\/p>\n<h4>4\u00b0 &#8211; UN TERRITOIRE EN TRANSITION<\/h4>\n<p>Instruction du droit des sols, petite ville de demain, mobilit\u00e9, Plan Climat Air Energie Territorial PCAET, terre de sources, Agir pour la biodiversit\u00e9 en Broc\u00e9liande<\/p>\n<h4>5\u00b0 &#8211; LES PARTENAIRES<\/h4>\n<p>SMICTOM, Pays de Broc\u00e9liande, Destination Broc\u00e9liande, SDIS 35, Syndicat Mixte du Grand Bassin de l\u2019Ouest, Eau du bassin rennais, SDE35.<\/p>\n<p>Le conseil municipal prend acte du rapport d\u2019activit\u00e9 de 2024 de Broc\u00e9liande Communaut\u00e9.<\/p>\n<h2>III\u2013 BATIMENTS COMMUNAUX<\/h2>\n<h3>1\u00b0 &#8211; Boulangerie :\u00a0Renouvellement du contrat d\u2019entretien de la porte automatique<\/h3>\n<p>Mr Christian GODIN, conseiller municipal d\u00e9l\u00e9gu\u00e9 aux B\u00e2timents communaux, informe le conseil municipal que le contrat d\u2019entretien de la porte automatique de la boulangerie se termine le 17 d\u00e9cembre 2025 avec l\u2019entreprise \u00ab\u00a0FDM Portes Automatiques\u00a0\u00bb de Montauban-de-Bretagne.<\/p>\n<p>Pour m\u00e9moire : contrat de 2 ans, reconduit une fois, soit de d\u00e9cembre 2021 \u00e0 d\u00e9cembre 2025 pour\u00a02 visites de maintenance par an \u00e0 raison de 200 \u20ac HT (tarif annuel).<\/p>\n<p>Proposition\u00a0: contrat de 3 ans, reconductible une fois, de d\u00e9cembre 2025 \u00e0 d\u00e9cembre 2031 pour 2 visites de maintenance par an \u00e0 raison de 200 \u20ac HT (tarif annuel) \u2013 tarif susceptible d\u2019\u00eatre r\u00e9vis\u00e9 au vu de l\u2019indice du co\u00fbt horaire de travail (ICTH-IME) (base 100 \u2013 juillet 2009) publi\u00e9 dans le moniteur des travaux publics et b\u00e2timent.<\/p>\n<p>Apr\u00e8s en avoir d\u00e9lib\u00e9r\u00e9, le conseil municipal d\u00e9cide, \u00e0 l\u2019unanimit\u00e9 de renouveler le contrat d\u2019entretien de la porte automatique de la boulangerie, aupr\u00e8s des Ets \u00ab\u00a0FDM Portes automatiques\u00a0\u00bb de Montauban-de-Bretagne, pour une dur\u00e9e de 3 ans, reconductible une fois, de d\u00e9cembre 2025 \u00e0 d\u00e9cembre 2031 pour 2 visites de maintenance par an \u00e0 raison de 200 \u20ac HT (tarif annuel) \u2013 tarif susceptible d\u2019\u00eatre r\u00e9vis\u00e9 au vu de l\u2019indice du co\u00fbt horaire de travail (ICTH-IME) (base 100 \u2013 juillet 2009) publi\u00e9 dans le moniteur des travaux publics et b\u00e2timent.<\/p>\n<h3>2\u00b0 &#8211; Boulangerie :\u00a0V\u00e9rification annuelle du four<\/h3>\n<p>Mr Christian GODIN, conseiller municipal d\u00e9l\u00e9gu\u00e9 aux B\u00e2timents communaux, pr\u00e9cise au conseil municipal qu\u2019il n\u2019existe pas de contrat annuel de v\u00e9rification du four de la boulangerie. Celle-ci se fait \u00e0 la prestation.<\/p>\n<p>Pour m\u00e9moire :\u00a0Entretien avant l\u2019ouverture de la boulangerie en novembre 2024 = 559.08 \u20ac TTC.<\/p>\n<p>Lors de la r\u00e9daction du bail commercial, cette d\u00e9pense a \u00e9t\u00e9 incluse dans les charges mensuelles de 40 \u20ac HT.<\/p>\n<p>Le devis de Fournil35 n\u2019a pas \u00e9t\u00e9 re\u00e7u.<\/p>\n<p>Le conseil municipal, \u00e0 l\u2019unanimit\u00e9, d\u00e9cide d\u2019\u00e9mettre un accord de principe pour la v\u00e9rification du four par l\u2019entreprise Fournil35.<\/p>\n<h4>POUR INFO\u00a0:<\/h4>\n<p>Dans le cadre de la d\u00e9l\u00e9gation du conseil municipal donn\u00e9e \u00e0 Mme le Maire pour divers travaux : il a \u00e9t\u00e9 accept\u00e9\u00a0le devis de l\u2019entreprise DANILO de Guer pour le remplacement du chauffe-eau (300 litres) de la salle de sports \u00e0 raison de 1 529.24 \u20ac TTC. Les travaux ont \u00e9t\u00e9 effectu\u00e9s le 07 novembre 2025.<\/p>\n<h2>IV\u2013 FINANCES :<\/h2>\n<h4>Budget COMMUNE\u00a0: D\u00e9cision Modificative N\u00b0 06 \u2013 virements de comptes<\/h4>\n<p>Madame Mich\u00e8le RAULLINE, Adjointe aux finances, rappelle au conseil municipal qu\u2019il convient de proc\u00e9der \u00e0 un virement de comptes sur la section d\u2019Investissement du budget COMMUNE.<\/p>\n<p>En effet, lors de la s\u00e9ance du conseil municipal du 11 septembre 2025, il a \u00e9t\u00e9 d\u00e9cid\u00e9 d\u2019acqu\u00e9rir un four pour la cantine aupr\u00e8s de LABEL TABLE \u00e0 raison de 14 556 \u20ac TTC et il avait \u00e9t\u00e9 vot\u00e9 une D\u00e9cision Modificative pour abonder le C\/2188-065. Le four a \u00e9t\u00e9 install\u00e9 pendant les vacances de Toussaint et la facture pay\u00e9e au C\/2188-065. Or, la tr\u00e9sorerie indique que le four a \u00e9t\u00e9 install\u00e9 par une entreprise sp\u00e9cialis\u00e9e de ce fait, la facture doit \u00eatre pay\u00e9e au C\/2157 \u00ab\u00a0installations de mat\u00e9riel de cantines scolaires\u00a0\u00bb.<\/p>\n<p>Apr\u00e8s en avoir d\u00e9lib\u00e9r\u00e9, le conseil municipal vote, \u00e0 l\u2019unanimit\u00e9, la D\u00e9cision Modificative N\u00b0 06 de la fa\u00e7on suivante\u00a0:<\/p>\n<ul>\n<li>C\/2188 \u2013 065 : acquisition de mat\u00e9riels : &#8211; 15 000 \u20ac<\/li>\n<li>C\/2157 \u2013 171 : installation four cantine scolaire : + 15 000 \u20ac<\/li>\n<\/ul>\n<h2>V\u2013 RESEAU\u00a0: \u00e9clairage public<\/h2>\n<p>Mr Pierre PERSEHAIE, Adjoint \u00e0 la voirie \u2013 r\u00e9seaux, informe le conseil municipal qu\u2019il a \u00e9t\u00e9 re\u00e7u en mairie un devis compl\u00e9mentaire pour la fourniture et la pose de 5 points lumineux LED suppl\u00e9mentaires qui n\u2019avaient pas \u00e9t\u00e9 pr\u00e9vus lors de a r\u00e9novation de l\u2019\u00e9clairage public. Ils se situent sur le parking de la salle de sports (3) et sur la rue des 2 fontaines (2).<\/p>\n<p>Le devis de CITEOS s\u2019\u00e9l\u00e8ve \u00e0 3 120.00 \u20ac TTC.<\/p>\n<p>Apr\u00e8s en avoir d\u00e9lib\u00e9r\u00e9, le conseil municipal d\u00e9cide, \u00e0 l\u2019unanimit\u00e9 de retenir la proposition de CITEOS \u2013 LUCITEA de Cesson-S\u00e9vign\u00e9 \u00e0 raison de 3 120.00 \u20ac TTC pour la fourniture et le remplacement de 5 points lumineux en LED, d\u2019autoriser Mme le Maire \u00e0 signer le devis, et de solliciter une aide financi\u00e8re aupr\u00e8s de Broc\u00e9liande Communaut\u00e9, au titre d\u2019un fonds de concours sur la th\u00e9matique \u00ab\u00a0Economie d\u2019Energie\u00a0 &#8211; Eclairage public\u00a0\u00bb.<\/p>\n<h2>QUESTIONS DIVERSES :<\/h2>\n<p>Pour info :\u00a0Pr\u00e9sentation des statistiques des interventions d\u2019EUREKA Emplois services sur la commune de Treffendel\u00a0en 2024\u00a0:<\/p>\n<ul>\n<li>786 heures r\u00e9parties sur des postes au service technique, remplacement agents de restauration et ATSEM.<\/li>\n<li>11 agents sont intervenus sur Treffendel, dont 1 agent a \u00e9t\u00e9 recrut\u00e9 par la commune (emploi p\u00e9rennis\u00e9).<\/li>\n<\/ul>\n<h3>PROCHAINES COMMISSIONS\u00a0\u00e0 PROGRAMMER\u00a0:<\/h3>\n<ul>\n<li>Commission \u00ab FINANCES \u00bb : Jeudi 04 d\u00e9cembre 2025 \u00e0 18 h 00 (subventions associations + OGEC +\u00a0 section \u00a0\u00a0fonctionnement + budgets annexes)<\/li>\n<li>Commission \u00ab\u00a0communication\u00a0\u00bb\u00a0: Mardi 25 novembre 2025 \u00e0 18 h 00 (ordre du jour\u00a0: choix des bornes du projet \u00ab\u00a0Collectage de la m\u00e9moire des a\u00een\u00e9s\u00a0\u00bb)\u00a0<\/li>\n<\/ul>\n<h3>PROCHAINS CONSEILS MUNICIPAUX\u00a0<\/h3>\n<ul>\n<li>Mardi 9 d\u00e9cembre 2025 \u00e0 20 h 00 (r\u00e9union Adjoints (mardi 2 d\u00e9cembre 2025 \u00e0 20 h 00)<\/li>\n<li>Jeudi 15 janvier 2026 \u00e0 20 h 00 (r\u00e9union Adjoints : mardi 6 janvier 2026 \u00e0 20 h 00)<\/li>\n<li>Jeudi 12 f\u00e9vrier 2026 \u00e0 20 h 00 (r\u00e9union Adjoints : mardi 3 f\u00e9vrier 2026 \u00e0 20 h 00)<\/li>\n<li>Jeudi 5 mars 2026 \u00e0 19 h 00 : vote du Budget Primitif 2026 (avant les \u00e9lections municipales)<\/li>\n<\/ul>\n<h3>PROCHAINES dates de manifestations\u00a0:<\/h3>\n<ul>\n<li>T\u00e9l\u00e9thon : dimanche 07 d\u00e9cembre 2025 \u00e0 partir de 12 h 00<\/li>\n<li>F\u00eate de No\u00ebl : vendredi 19 d\u00e9cembre 2025 \u00e0 partir de 18 h 00<\/li>\n<li>Association \u00ab Jeunes agriculteurs \u00bb : d\u00e9fil\u00e9 de tracteurs de No\u00ebl : Samedi 20 d\u00e9cembre 2025 : arriv\u00e9e \u00e0 Treffendel vers 20 h 30<\/li>\n<li>Voeux de la municipalit\u00e9\u00a0:\u00a0 Vendredi 09 janvier 2026\u00a0\u00e0 19 h 00<\/li>\n<li>Classes 6\u00a0: samedi 11 avril 2026<\/li>\n<li>Journ\u00e9e b\u00e9n\u00e9vole\u00a0: samedi 18 avril 2026<\/li>\n<\/ul>\n","protected":false},"excerpt":{"rendered":"<p>Pr\u00e9sents : F. KERGUELEN, P. PERSEHAIE, C. LE ROSSIGNOL, C. BANCHEREAU, M. RAULLINE, C. GODIN, C. THOMAS, A. LE NET, M. LACAZE, S. LE DIZES, N. FRO Excus\u00e9s\u00a0: S. BERTIN (procuration \u00e0 F. KERGUELEN), L. BEAUGE (Procuration \u00e0 M. RAULLINE) Absente\u00a0: C. DUBOIS Approbation du compte rendu du conseil municipal du 16 octobre 2025\u00a0: Le [&hellip;]<\/p>\n","protected":false},"author":1,"featured_media":0,"parent":17,"menu_order":0,"comment_status":"closed","ping_status":"closed","template":"","meta":[],"_links":{"self":[{"href":"https:\/\/www.treffendel.fr\/index.php?rest_route=\/wp\/v2\/pages\/6784"}],"collection":[{"href":"https:\/\/www.treffendel.fr\/index.php?rest_route=\/wp\/v2\/pages"}],"about":[{"href":"https:\/\/www.treffendel.fr\/index.php?rest_route=\/wp\/v2\/types\/page"}],"author":[{"embeddable":true,"href":"https:\/\/www.treffendel.fr\/index.php?rest_route=\/wp\/v2\/users\/1"}],"replies":[{"embeddable":true,"href":"https:\/\/www.treffendel.fr\/index.php?rest_route=%2Fwp%2Fv2%2Fcomments&post=6784"}],"version-history":[{"count":1,"href":"https:\/\/www.treffendel.fr\/index.php?rest_route=\/wp\/v2\/pages\/6784\/revisions"}],"predecessor-version":[{"id":6785,"href":"https:\/\/www.treffendel.fr\/index.php?rest_route=\/wp\/v2\/pages\/6784\/revisions\/6785"}],"up":[{"embeddable":true,"href":"https:\/\/www.treffendel.fr\/index.php?rest_route=\/wp\/v2\/pages\/17"}],"wp:attachment":[{"href":"https:\/\/www.treffendel.fr\/index.php?rest_route=%2Fwp%2Fv2%2Fmedia&parent=6784"}],"curies":[{"name":"wp","href":"https:\/\/api.w.org\/{rel}","templated":true}]}}