{"id":68,"date":"2016-11-25T15:47:09","date_gmt":"2016-11-25T14:47:09","guid":{"rendered":"http:\/\/2016.treffendel.fr\/?page_id=68"},"modified":"2025-06-04T09:53:13","modified_gmt":"2025-06-04T07:53:13","slug":"sante","status":"publish","type":"page","link":"https:\/\/www.treffendel.fr\/?page_id=68","title":{"rendered":"Sant\u00e9"},"content":{"rendered":"<p><a href=\"https:\/\/www.treffendel.fr\/?page_id=187\">Voir la liste des professions de sant\u00e9<\/a><\/p>\n<ul>\n<li>M\u00e9decins et Maisons de sant\u00e9<\/li>\n<li>Dentistes<\/li>\n<li>Infirmier.e.s<\/li>\n<li>urgences<\/li>\n<\/ul>\n<h2>Violences conjugales<\/h2>\n<p>Dans le cadre du dispositif du Centre de Prise en charge des Auteurs de violences conjugales (CPCA), je vous informe qu&rsquo;il&nbsp;propose&nbsp;d\u00e9sormais des groupes de parole th\u00e9rapeutique \u00e0 destination des personnes auteurs de violences au sein du couple.<\/p>\n<h4>Groupe de parole (confidentiel et gratuit) : 07.88.77.81.32<\/h4>\n\n\n<h3>La lettre de l&rsquo;ARS (Agence R\u00e9gionale de Sant\u00e9 Bretagne) : <a href=\"https:\/\/eye.newsletter.ars.sante.fr\/m2?r=wAXNCAy4NWU4MDYzNWQxMWNlNjIyOTkxN2U1NDIwxBDQwNC4ctDLVtCETNDa0KfQsmwTO1Zx0K-4NjM2YmI0ZDRjOTEwNWM2MzFlZTMxM2M2tWFjY3VlaWxAdHJlZmZlbmRlbC5mcqDcABa2M2lWZ0E1M1dUUzZybDJWX1ZlX3VyUaC2NGh2cjZlMGUzNG8zNXhmcWUwZmt5ZaCrQ0lWSUxJVFlfSUSgqkNPTlRBQ1RfSUS2eWZzdzNrX2VRMW12bm5YZHhROUIwQbNFTUFJTF9DT1JSRUNUSU9OX0lEoKxGSVJTVE5BTUVfSUSgq0xBU1ROQU1FX0lEoLZOeUtxSzFjM1NiYVpXVS1aQTdmak1BoLFPUklHSU5fQ0FQVElPTl9JRNkobGlzdGUgZGlmZnVzaW9uIG5ld3NsZXR0ZXJfQ1JDRF9kZWYueGxzeK5PUklHSU5fS0lORF9JRKRYTFNYs1BIT05FX0NPUlJFQ1RJT05fSUSgqFNUQVRFX0lEok9rtmE4YjB5NXVjcnN2Zzl1MXJ6dnJnamGgtmJnU0ZyeTF4UVA2RTBlLTZkTS1OOUGgqWNyZWF0ZWRBdKCpY3JlYXRlZEJ5oKptb2RpZmllZEF0oKptb2RpZmllZEJ5oLZuZk1lWHpsa1FfV010U05JQlRmeFRnqlRSRUZGRU5ERUy2cVlBS2JaS2xROTYxSEJrb29mRGc4QaCmc291cmNloLV5cGU1OGYxNjlhbm1qc29ubGhtd3CgtmdRYVBDWXNTUjAtUk01WWdzX28xUUGg\" target=\"_blank\" rel=\"noopener noreferrer\">juin 2025<\/a><\/h3>\n<h2>Lutte anti moustique tigre<\/h2>\n<p><img loading=\"lazy\" class=\"alignnone size-full wp-image-5220\" src=\"https:\/\/www.treffendel.fr\/wp-content\/uploads\/2023\/06\/lutte-anti-moustique-tigre.jpg\" alt=\"\" width=\"1240\" height=\"1754\" srcset=\"https:\/\/www.treffendel.fr\/wp-content\/uploads\/2023\/06\/lutte-anti-moustique-tigre.jpg 1240w, https:\/\/www.treffendel.fr\/wp-content\/uploads\/2023\/06\/lutte-anti-moustique-tigre-212x300.jpg 212w, https:\/\/www.treffendel.fr\/wp-content\/uploads\/2023\/06\/lutte-anti-moustique-tigre-724x1024.jpg 724w, https:\/\/www.treffendel.fr\/wp-content\/uploads\/2023\/06\/lutte-anti-moustique-tigre-768x1086.jpg 768w, https:\/\/www.treffendel.fr\/wp-content\/uploads\/2023\/06\/lutte-anti-moustique-tigre-1086x1536.jpg 1086w, https:\/\/www.treffendel.fr\/wp-content\/uploads\/2023\/06\/lutte-anti-moustique-tigre-900x1273.jpg 900w\" sizes=\"(max-width: 1240px) 100vw, 1240px\" \/><\/p>\n","protected":false},"excerpt":{"rendered":"<p>Voir la liste des professions de sant\u00e9 M\u00e9decins et Maisons de sant\u00e9 Dentistes Infirmier.e.s urgences Violences conjugales Dans le cadre du dispositif du Centre de Prise en charge des Auteurs de violences conjugales (CPCA), je vous informe qu&rsquo;il&nbsp;propose&nbsp;d\u00e9sormais des groupes de parole th\u00e9rapeutique \u00e0 destination des personnes auteurs de violences au sein du couple. Groupe [&hellip;]<\/p>\n","protected":false},"author":1,"featured_media":0,"parent":0,"menu_order":0,"comment_status":"closed","ping_status":"closed","template":"","meta":[],"_links":{"self":[{"href":"https:\/\/www.treffendel.fr\/index.php?rest_route=\/wp\/v2\/pages\/68"}],"collection":[{"href":"https:\/\/www.treffendel.fr\/index.php?rest_route=\/wp\/v2\/pages"}],"about":[{"href":"https:\/\/www.treffendel.fr\/index.php?rest_route=\/wp\/v2\/types\/page"}],"author":[{"embeddable":true,"href":"https:\/\/www.treffendel.fr\/index.php?rest_route=\/wp\/v2\/users\/1"}],"replies":[{"embeddable":true,"href":"https:\/\/www.treffendel.fr\/index.php?rest_route=%2Fwp%2Fv2%2Fcomments&post=68"}],"version-history":[{"count":5,"href":"https:\/\/www.treffendel.fr\/index.php?rest_route=\/wp\/v2\/pages\/68\/revisions"}],"predecessor-version":[{"id":6571,"href":"https:\/\/www.treffendel.fr\/index.php?rest_route=\/wp\/v2\/pages\/68\/revisions\/6571"}],"wp:attachment":[{"href":"https:\/\/www.treffendel.fr\/index.php?rest_route=%2Fwp%2Fv2%2Fmedia&parent=68"}],"curies":[{"name":"wp","href":"https:\/\/api.w.org\/{rel}","templated":true}]}}