{"id":6820,"date":"2025-12-16T14:48:01","date_gmt":"2025-12-16T13:48:01","guid":{"rendered":"https:\/\/www.treffendel.fr\/?page_id=6820"},"modified":"2025-12-16T14:50:20","modified_gmt":"2025-12-16T13:50:20","slug":"proces-verbal-du-conseil-municipal-du-09-decembre-2025-a-19-h-30","status":"publish","type":"page","link":"https:\/\/www.treffendel.fr\/?page_id=6820","title":{"rendered":"Proc\u00e8s-Verbal du conseil municipal du 09 d\u00e9cembre 2025 \u00e0 19 h 30"},"content":{"rendered":"\n<p>Pr\u00e9sents : F. KERGUELEN, P. PERSEHAIE, C. BANCHEREAU, M. RAULLINE, C. GODIN, C. THOMAS, M. LACAZE, S. LE DIZES, S. BERTIN, C. DUBOIS, L. BEAUG\u00e9<\/p>\n<p>Excus\u00e9s : A. LE NET (procuration \u00e0 F. KERGUELEN), C. LE ROSSIGNOL (Procuration \u00e0 S. BERTIN), N. FRO.<\/p>\n<h3>Approbation du compte rendu du conseil municipal du 13 novembre 2025\u00a0:<\/h3>\n<p>Le compte rendu du 13 novembre 2025 est approuv\u00e9 \u00e0 l\u2019unanimit\u00e9 des membres pr\u00e9sents.<\/p>\n<h4>D\u00e9signation d\u2019un secr\u00e9taire de s\u00e9ance\u00a0:<\/h4>\n<p>Conform\u00e9ment \u00e0 l\u2019article L.2121-15 du Code G\u00e9n\u00e9ral des Collectivit\u00e9s Locales, Mr Charl\u00e9ric BANCHEREAU est nomm\u00e9 secr\u00e9taire de s\u00e9ance.<\/p>\n<h2>I \u2013 \u00a0FINANCES :<\/h2>\n<h3>1\u00b0 &#8211; Tarifs communaux 2026 \u00e0 fixer\u00a0:<\/h3>\n<p>Madame Mich\u00e8le RAULLINE, Adjointe aux finances, rappelle au conseil municipal que chaque ann\u00e9e au mois de d\u00e9cembre, sont vot\u00e9s les tarifs communaux pour l\u2019ann\u00e9e suivante.<\/p>\n<p>POUR MEMOIRE\u00a0:<\/p>\n<ul>\n<li>2025\u00a0: augmentation de 5 % (avec arrondis)<\/li>\n<li>2024\u00a0: augmentation de 5 % (avec arrondis)<\/li>\n<li>2023\u00a0: augmentation de 5 % (avec arrondis)<\/li>\n<li>2022\u00a0: augmentation de 2 %<\/li>\n<li>2021\u00a0: augmentation de 2 %<\/li>\n<li>2020\u00a0: maintien des tarifs de 2019<\/li>\n<\/ul>\n<p>Il est propos\u00e9 d\u2019augmenter les tarifs de 3 % avec arrondis, au vu du taux d\u2019inflation de l\u2019ann\u00e9e.<\/p>\n<p>Apr\u00e8s en avoir d\u00e9lib\u00e9r\u00e9, le conseil municipal vote, \u00e0 l\u2019unanimit\u00e9, les tarifs communaux 2026 de la\u00a0fa\u00e7on suivante :\u00a0<a href=\"https:\/\/www.treffendel.fr\/?p=549\">tarifs communaux<\/a><\/p>\n<h3>1\u00b0 &#8211; Renouvellement de la ligne de Tr\u00e9sorerie\u00a0:<\/h3>\n<p>Mme Mich\u00e8le RAULLINE, Adjointe aux finances, rappelle au conseil municipal que la ligne de tr\u00e9sorerie conclue avec La Banque Postale, d\u2019un montant de 150\u00a0000 \u20ac, arrive \u00e0 expiration le 19 d\u00e9cembre 2025. Actuellement, elle n\u2019est pas utilis\u00e9e.<\/p>\n<p>Deux \u00e9tablissements bancaires ont \u00e9t\u00e9 sollicit\u00e9s\u00a0:<\/p>\n<table style=\"width: 100%; height: 647px;\">\n<tbody>\n<tr style=\"height: 24px;\">\n<td style=\"height: 24px;\"><strong><span class=\"fontstyle0\">\u00a0<\/span><\/strong><\/td>\n<td style=\"text-align: center; height: 24px;\" colspan=\"2\"><strong><span class=\"fontstyle0\">Propositions de 2025 pour l&rsquo;ann\u00e9e 2026<\/span><\/strong><\/td>\n<\/tr>\n<tr style=\"height: 45px;\">\n<td style=\"height: 45px;\"><strong><span class=\"fontstyle0\">Etablissement bancaire<\/span><\/strong><\/td>\n<td style=\"height: 45px;\"><strong><span class=\"fontstyle2\">montant maximum<\/span><\/strong><\/td>\n<td style=\"height: 45px;\"><strong>conditions<\/strong><\/td>\n<\/tr>\n<tr style=\"height: 289px;\">\n<td style=\"height: 289px;\" rowspan=\"2\"><span class=\"fontstyle0\">Cr\u00e9dit Mutuel<\/span><br \/><span class=\"fontstyle0\"><br \/><\/span><\/td>\n<td style=\"height: 289px;\" rowspan=\"2\"><span class=\"fontstyle2\">150 000 \u20ac<\/span><br \/><span class=\"fontstyle2\"><br \/><\/span><\/td>\n<td style=\"height: 289px;\">\n<p><span class=\"fontstyle0\">Taux variable : 2.005 %<br \/>Euribor 3 mois moyenn\u00e9 (+ marge 0.77\u00a0 % = total = 2.775 %)<br \/>Frais de dossier = n\u00e9ant<br \/>Commission d\u2019engagement = 0.25 % du montant = 375 \u20ac<\/span><\/p>\n<\/td>\n<\/tr>\n<tr>\n<td>\n<p><span class=\"fontstyle0\">Le CMB ne propose pas de taux fixe.<\/span><\/p>\n<\/td>\n<\/tr>\n<tr style=\"height: 289px;\">\n<td style=\"height: 289px;\" rowspan=\"2\">La Banque Postale<\/td>\n<td style=\"height: 289px;\" rowspan=\"2\">150 000 \u20ac<\/td>\n<td style=\"height: 289px;\">\n<p><span class=\"fontstyle0\">Taux variable : 2.005 %<br \/>Euribor 3 mois moyenn\u00e9 (+ marge 1.440\u00a0 % = total = 3.445 %)<br \/>Frais de dossier = 315.00 \u20ac<br \/>Commission d\u2019engagement = 0.20 % du montant = 300 \u20ac<\/span><\/p>\n<p>\u00a0<\/p>\n<\/td>\n<\/tr>\n<tr>\n<td>\n<p><span class=\"fontstyle0\">Taux fixe : 3.53 %<br \/><\/span><span style=\"font-size: inherit; font-family: inherit; font-weight: inherit;\">Frais de dossier = 315 \u20ac<br \/><span class=\"fontstyle0\">Commission d\u2019engagement = 0.20 % du montant = 300 \u20ac<\/span><br \/><\/span><\/p>\n<\/td>\n<\/tr>\n<\/tbody>\n<\/table>\n<p>Apr\u00e8s en avoir d\u00e9lib\u00e9r\u00e9, le conseil municipal d\u00e9cide, \u00e0 l\u2019unanimit\u00e9 de retenir la proposition du Cr\u00e9dit Mutuel pour une ligne de tr\u00e9sorerie d\u2019un montant de 150 000 \u20ac au taux variable Euribor 3 mois moyenn\u00e9 de 2.005 % \u00e0 la date du 10\/11\/2025, auquel s\u2019ajoute une marge de 0.77 % \u00a0pour une ann\u00e9e + Commission d\u2019engagement de 0.25 % du montant soit 150 000 \u20ac x 0.25 % = 375.00 \u20ac, et d\u2019autoriser Mme le Maire \u00e0 signer le contrat de ligne de tr\u00e9sorerie et tous documents s\u2019y rapportant.<\/p>\n<h2>QUESTIONS DIVERSES :<\/h2>\n<h4>1\u00b0\u00a0 &#8211; Pr\u00e9sentation au conseil municipal d\u2019une demande de Mme Tardif Floriane en vue du souhait d\u2019acqu\u00e9rir la parcelle communale cadastr\u00e9e section YB 55 d\u2019une surface de 200 m\u00b2 et permettant l\u2019acc\u00e8s \u00e0 sa propri\u00e9t\u00e9 YB 56.<\/h4>\n<p>Pour m\u00e9moire\u00a0: en avril 2014, il avait \u00e9t\u00e9 accord\u00e9 la vente d\u2019un CR d\u00e9class\u00e9 au prix de 3 \u20ac le m\u00b2, conform\u00e9ment \u00e0 l\u2019article L.2141-1 du code g\u00e9n\u00e9ral de la propri\u00e9t\u00e9 des personnes publiques du fait que ce d\u00e9laiss\u00e9 communal n\u2019est plus affect\u00e9 \u00e0 un service public et \u00e0 l\u2019usage direct du public.<\/p>\n<p>Il est propos\u00e9 de faire de m\u00eame pour cette parcelle YB 55 et d\u2019en informer Mme Tardif Floriane.<\/p>\n<p>Ce point sera revu \u00e0 la s\u00e9ance du 13 janvier 2026.<\/p>\n<h4>2\u00b0 &#8211; Planning des c\u00e9r\u00e9monies des v\u0153ux des communes du canton<\/h4>\n<table width=\"609\">\n<tbody>\n<tr>\n<td width=\"169\">\n<p>Monterfil<\/p>\n<\/td>\n<td width=\"136\">\n<p>Dimanche 11 janvier<\/p>\n<\/td>\n<td width=\"80\">\n<p>10h30<\/p>\n<\/td>\n<td width=\"224\">\n<p>Salle de la B\u00e9tangeais<\/p>\n<\/td>\n<\/tr>\n<tr>\n<td width=\"169\">\n<p>Paimpont<\/p>\n<\/td>\n<td width=\"136\">\n<p>Dimanche 11 janvier<\/p>\n<\/td>\n<td width=\"80\">\n<p>11h00<\/p>\n<\/td>\n<td width=\"224\">\n<p>Espace de l&rsquo;Etang Bleu<\/p>\n<\/td>\n<\/tr>\n<tr>\n<td width=\"169\">\n<p>Saint-P\u00e9ran<\/p>\n<\/td>\n<td width=\"136\">\n<p>Dimanche 4 janvier<\/p>\n<\/td>\n<td width=\"80\">\n<p>11h00<\/p>\n<\/td>\n<td width=\"224\">\n<p>La Gonelle<\/p>\n<\/td>\n<\/tr>\n<tr>\n<td width=\"169\">\n<p>Pl\u00e9lan le Grand<\/p>\n<\/td>\n<td width=\"136\">\n<p>Samedi 10 janvier<\/p>\n<\/td>\n<td width=\"80\">\n<p>11h00<\/p>\n<\/td>\n<td width=\"224\">\n<p>Salle des f\u00eates<\/p>\n<\/td>\n<\/tr>\n<tr>\n<td width=\"169\">\n<p>Maxent<\/p>\n<\/td>\n<td width=\"136\">\n<p>Vendredi 9 janvier<\/p>\n<\/td>\n<td width=\"80\">\n<p>19h00<\/p>\n<\/td>\n<td width=\"224\">\n<p>Salle polyvalente<\/p>\n<\/td>\n<\/tr>\n<tr>\n<td width=\"169\">\n<p>Treffendel<\/p>\n<\/td>\n<td width=\"136\">\n<p>Vendredi 9 janvier<\/p>\n<\/td>\n<td width=\"80\">\n<p>19h00<\/p>\n<\/td>\n<td width=\"224\">\n<p>Salle polyvalente<\/p>\n<\/td>\n<\/tr>\n<tr>\n<td width=\"169\">\n<p>Br\u00e9al sous Montfort<\/p>\n<\/td>\n<td width=\"136\">\n<p>Samedi 10 janvier<\/p>\n<\/td>\n<td width=\"80\">\n<p>19h00<\/p>\n<\/td>\n<td width=\"224\">\n<p>Centre Culturel<\/p>\n<\/td>\n<\/tr>\n<tr>\n<td width=\"169\">\n<p>Saint-Thurial<\/p>\n<\/td>\n<td width=\"136\">\n<p>Samedi 10 janvier<\/p>\n<\/td>\n<td width=\"80\">\n<p>18h30<\/p>\n<\/td>\n<td width=\"224\">\n<p>Complexe Sportif de Broc\u00e9liande<\/p>\n<\/td>\n<\/tr>\n<tr>\n<td width=\"169\">\n<p>Broc\u00e9liande Communaut\u00e9<\/p>\n<\/td>\n<td width=\"136\">\n<p>Jeudi 15 janvier<\/p>\n<\/td>\n<td width=\"80\">\n<p>19h00<\/p>\n<\/td>\n<td width=\"224\">\n<p>Centre Culturel Br\u00e9al sous Montfort<\/p>\n<\/td>\n<\/tr>\n<\/tbody>\n<\/table>\n<h3>PROCHAINES COMMISSIONS\u00a0:<\/h3>\n<ul>\n<li>Commission \u00ab FINANCES \u00bb : Mardi 16 d\u00e9cembre 2025 \u00e0 18 h 00 (subventions associations + OGEC + section\u00a0\u00a0 fonctionnement + budgets annexes)<\/li>\n<li>Commission \u00ab\u00a0Communication\u00a0\u00bb\u00a0: point sur le bulletin de d\u00e9cembre et pr\u00e9paration des v\u0153ux\u00a0: mercredi 17 D\u00e9cembre 2025 \u00e0 18 h 00<\/li>\n<li>Groupe de travail PEDT\u00a0:\u00a0\u00a0 date \u00e0 fixer fin janvier 2026<\/li>\n<li>Commission Vie Associative\u00a0:\u00a0 mercredi 21 janvier \u00e0 19 h 00 (rencontre avec le comit\u00e9 des f\u00eates)<\/li>\n<\/ul>\n<h4>PROCHAINES dates de manifestations\u00a0:<\/h4>\n<ul>\n<li>Animations de No\u00ebl\u00a0: vendredi 19 d\u00e9cembre \u00e0 partir de 18 h 00<\/li>\n<li>Association \u00ab Jeunes agriculteurs \u00bb : d\u00e9fil\u00e9 de tracteurs de No\u00ebl : Samedi 20 d\u00e9cembre 2025 :\u00a0arriv\u00e9e \u00e0 Treffendel vers 20 h 30<\/li>\n<li>Voeux de la municipalit\u00e9\u00a0:\u00a0 Vendredi 09 janvier 2026\u00a0\u00e0 19 h 00<\/li>\n<li>V\u0153ux de Broc\u00e9liande Communaut\u00e9\u00a0: jeudi 15 janvier 2026 \u00e0 19 h 00 \u2013 centre culturel de Br\u00e9al<\/li>\n<li>Repas des \u00e9lus du conseil municipal\u00a0: samedi 07 mars 2026<\/li>\n<li>Classes 6\u00a0: samedi 11 avril 2026<\/li>\n<li>Journ\u00e9e b\u00e9n\u00e9vole\u00a0: samedi 18 avril 2026<\/li>\n<\/ul>\n<h3>PROCHAINS CONSEILS MUNICIPAUX\u00a0<\/h3>\n<ul>\n<li>Jeudi 15 janvier 2026 \u00e0 20 h 00 (r\u00e9union Adjoints : mardi 6 janvier 2026 \u00e0 20 h 00)<\/li>\n<li>Jeudi 12 f\u00e9vrier 2026 \u00e0 20 h 00 (r\u00e9union Adjoints : mardi 3 f\u00e9vrier 2026 \u00e0 20 h 00)<\/li>\n<li>Jeudi 5 mars 2026 \u00e0 19 h 00 : vote du Budget Primitif 2026 (avant les \u00e9lections municipales)<\/li>\n<\/ul>\n","protected":false},"excerpt":{"rendered":"<p>Pr\u00e9sents : F. KERGUELEN, P. PERSEHAIE, C. BANCHEREAU, M. RAULLINE, C. GODIN, C. THOMAS, M. LACAZE, S. LE DIZES, S. BERTIN, C. DUBOIS, L. BEAUG\u00e9 Excus\u00e9s : A. LE NET (procuration \u00e0 F. KERGUELEN), C. LE ROSSIGNOL (Procuration \u00e0 S. BERTIN), N. FRO. Approbation du compte rendu du conseil municipal du 13 novembre 2025\u00a0: Le [&hellip;]<\/p>\n","protected":false},"author":1,"featured_media":0,"parent":17,"menu_order":0,"comment_status":"closed","ping_status":"closed","template":"","meta":[],"_links":{"self":[{"href":"https:\/\/www.treffendel.fr\/index.php?rest_route=\/wp\/v2\/pages\/6820"}],"collection":[{"href":"https:\/\/www.treffendel.fr\/index.php?rest_route=\/wp\/v2\/pages"}],"about":[{"href":"https:\/\/www.treffendel.fr\/index.php?rest_route=\/wp\/v2\/types\/page"}],"author":[{"embeddable":true,"href":"https:\/\/www.treffendel.fr\/index.php?rest_route=\/wp\/v2\/users\/1"}],"replies":[{"embeddable":true,"href":"https:\/\/www.treffendel.fr\/index.php?rest_route=%2Fwp%2Fv2%2Fcomments&post=6820"}],"version-history":[{"count":2,"href":"https:\/\/www.treffendel.fr\/index.php?rest_route=\/wp\/v2\/pages\/6820\/revisions"}],"predecessor-version":[{"id":6823,"href":"https:\/\/www.treffendel.fr\/index.php?rest_route=\/wp\/v2\/pages\/6820\/revisions\/6823"}],"up":[{"embeddable":true,"href":"https:\/\/www.treffendel.fr\/index.php?rest_route=\/wp\/v2\/pages\/17"}],"wp:attachment":[{"href":"https:\/\/www.treffendel.fr\/index.php?rest_route=%2Fwp%2Fv2%2Fmedia&parent=6820"}],"curies":[{"name":"wp","href":"https:\/\/api.w.org\/{rel}","templated":true}]}}