{"id":6930,"date":"2026-03-10T20:56:35","date_gmt":"2026-03-10T19:56:35","guid":{"rendered":"https:\/\/www.treffendel.fr\/?page_id=6930"},"modified":"2026-03-10T20:59:12","modified_gmt":"2026-03-10T19:59:12","slug":"proces-verbal-de-la-seance-du-conseil-municipal-du-05-mars-2026-a-19-h-00","status":"publish","type":"page","link":"https:\/\/www.treffendel.fr\/?page_id=6930","title":{"rendered":"Proc\u00e8s-Verbal de la s\u00e9ance du conseil municipal du 05 mars 2026 \u00e0 19 h 00"},"content":{"rendered":"\n<p>Pr\u00e9sents : F. KERGUELEN, P. PERSEHAIE, C. LE ROSSIGNOL, C. BANCHEREAU, M. RAULLINE, C. GODIN, C. THOMAS, N. FRO, S. BERTIN, M. LACAZE, S. LE DIZES, A. NET, L. BEAUGE, C. DUBOIS.<\/p>\n<p>Mme le Maire ouvre la s\u00e9ance et constate que le quorum est atteint.<\/p>\n<h4>Approbation du Proc\u00e8s-Verbal du conseil municipal du 12 f\u00e9vrier 2026 :<\/h4>\n<p>Le Proc\u00e8s-Verbal du 12 f\u00e9vrier 2026 est approuv\u00e9 \u00e0 l\u2019unanimit\u00e9 des membres pr\u00e9sents.<\/p>\n<h4>D\u00e9signation d\u2019un secr\u00e9taire de s\u00e9ance\u00a0:<\/h4>\n<p>Conform\u00e9ment \u00e0 l\u2019article L.2121-15 du Code G\u00e9n\u00e9ral des Collectivit\u00e9s Locales, Mme Chantal LE ROSSIGNOL est nomm\u00e9e secr\u00e9taire de s\u00e9ance.<\/p>\n<h2>I \u2013 FINANCES\u00a0:<\/h2>\n<h3>1\u00b0 &#8211; vote du CFU (Compte Financier Unique) de chaque budget 2025<\/h3>\n<p>Madame le Maire indique au conseil municipal que le Compte Financier Unique constitue la compilation des comptes de gestion du comptable public et du compte administratif de l\u2019ordonnateur (Maire).<\/p>\n<p>Apr\u00e8s s\u2019\u00eatre assur\u00e9 que le comptable public a repris dans ses \u00e9critures le montant de chacun des soldes figurant au bilan de l\u2019exercice 2025, celui de tous les titres \u00e9mis et de tous les mandats de paiement ordonnanc\u00e9s et qu\u2019il a proc\u00e9d\u00e9 \u00e0 toutes les op\u00e9rations d\u2019ordre qu\u2019il lui a \u00e9t\u00e9 prescrit de passer dans ses \u00e9critures,<\/p>\n<p>Consid\u00e9rant que les op\u00e9rations de recettes et de d\u00e9penses paraissent r\u00e9guli\u00e8res et suffisamment justifi\u00e9es, et apr\u00e8s pr\u00e9sentation des CFU par Mme Mich\u00e8le RAULLINE, Adjointe aux Finances, \u00e9lue pr\u00e9sidente de la s\u00e9ance,\u00a0le conseil municipal approuve le Compte Financier Unique pour l\u2019exercice 2025, pour les budgets suivants\u00a0:<\/p>\n<ul>\n<li>Budget principal : COMMUNE :\n<p>Le conseil municipal, \u00e0 l\u2019unanimit\u00e9, d\u00e9cide d\u2019affecter une partie du r\u00e9sultat de fonctionnement 2025, soit\u00a0: la somme de <strong>57 000 \u20ac<\/strong> \u00e0 l\u2019investissement pour financer les programmes d\u2019investissement engag\u00e9s en 2025.<\/p>\n<\/li>\n<li>Budget annexe\u00a0: Boulangerie<br \/>\n<p>Le conseil municipal, \u00e0 l\u2019unanimit\u00e9, d\u00e9cide d\u2019affecter une partie du r\u00e9sultat de fonctionnement 2025 (Exc\u00e9dent de 6 956.79 \u20ac) pour <u>combler l\u2019int\u00e9gralit\u00e9 du d\u00e9ficit d\u2019investissement de 4 340.74 \u20ac)<br \/><\/u>Il reste donc en Exc\u00e9dent de fonctionnement report\u00e9 de 2025 la somme de 2 616.05 \u20ac\u00a0 (6 956.79 \u20ac &#8211; 4 340.74 \u20ac)<\/p>\n<\/li>\n<li>Budget annexe\u00a0: Lotissement l\u2019Etunel<\/li>\n<li>Budget annexe\u00a0: Lotissement de la Mairie<\/li>\n<li>Budget annexe\u00a0: Lotissement de l\u2019Eglise.<\/li>\n<\/ul>\n<p>Ces comptes de gestion, vis\u00e9s et certifi\u00e9s conforme par l\u2019ordonnateur, n\u2019appellent ni observation ni r\u00e9serve de sa part sur la tenue des comptes.<\/p>\n<table style=\"width: 100%;\" width=\"739\">\n<tbody>\n<tr>\n<td style=\"width: 16.8966%;\" width=\"135\">\n<p>\u00a0<\/p>\n<\/td>\n<td style=\"width: 15.1724%;\" width=\"129\">\n<p>\u00a0<\/p>\n<\/td>\n<td style=\"width: 13.2759%;\" width=\"97\">\n<p>D\u00e9penses r\u00e9alis\u00e9es\u00a0<\/p>\n<\/td>\n<td style=\"width: 13.1034%;\" width=\"97\">\n<p>Recettes r\u00e9alis\u00e9es\u00a0<\/p>\n<\/td>\n<td style=\"width: 12.4138%;\" width=\"91\">\n<p>R\u00e9sultat 2025\u00a0<\/p>\n<\/td>\n<td style=\"width: 12.931%;\" width=\"96\">\n<p>R\u00e9sultat ant\u00e9rieur<\/p>\n<\/td>\n<td style=\"width: 12.931%;\" width=\"96\">\n<p>R\u00e9sultat de cl\u00f4ture\u00a0<\/p>\n<\/td>\n<\/tr>\n<tr>\n<td style=\"width: 16.8966%;\" rowspan=\"2\" width=\"135\">\n<p>Budget principal COMMUNE\u00a0<\/p>\n<\/td>\n<td style=\"width: 15.1724%;\" width=\"129\">\n<p>fonctionnement<\/p>\n<\/td>\n<td style=\"width: 13.2759%;\" width=\"97\">1 187 341.98 \u20ac<\/td>\n<td style=\"width: 13.1034%;\" width=\"97\">1 323 236.71 \u20ac<\/td>\n<td style=\"width: 12.4138%;\" width=\"91\">Exc\u00e9dent : 135 894.73 \u20ac<\/td>\n<td style=\"width: 12.931%;\" width=\"96\">D\u00e9ficit de &#8211; 4 583.18 \u20ac<\/td>\n<td style=\"width: 12.931%;\" width=\"96\">Exc\u00e9dent 131 311.55 \u20ac<\/td>\n<\/tr>\n<tr>\n<td style=\"width: 15.1724%;\" width=\"129\">\n<p>investissement<\/p>\n<\/td>\n<td style=\"width: 13.2759%;\" width=\"97\">406 924.00 \u20ac<\/td>\n<td style=\"width: 13.1034%;\" width=\"97\">607 187.28 \u20ac<\/td>\n<td style=\"width: 12.4138%;\" width=\"91\">Exc\u00e9dent : 200 263.28 \u20ac<\/td>\n<td style=\"width: 12.931%;\" width=\"96\">D\u00e9ficit : <br \/>&#8211; 74 467.94 \u20ac<\/td>\n<td style=\"width: 12.931%;\" width=\"96\">Exc\u00e9dent de 125 795.34 \u20ac<\/td>\n<\/tr>\n<tr>\n<td style=\"width: 16.8966%;\" rowspan=\"2\" width=\"135\">\n<p>Budget annexe BOULANGERIE en H.T.<\/p>\n<\/td>\n<td style=\"width: 15.1724%;\" width=\"129\">\n<p>Fonctionnement<\/p>\n<p>\u00a0<\/p>\n<\/td>\n<td style=\"width: 13.2759%;\" width=\"97\">1 534.66 \u20ac<\/td>\n<td style=\"width: 13.1034%;\" width=\"97\">6 480.71 \u20ac<\/td>\n<td style=\"width: 12.4138%;\" width=\"91\">Exc\u00e9dent : 4 946.05 \u20ac<\/td>\n<td style=\"width: 12.931%;\" width=\"96\">Exc\u00e9dent : 2 010.74 \u20ac<\/td>\n<td style=\"width: 12.931%;\" width=\"96\">Exc\u00e9dent de 6 956.79 \u20ac<\/td>\n<\/tr>\n<tr>\n<td style=\"width: 15.1724%;\" width=\"129\">\n<p>Investissement<\/p>\n<\/td>\n<td style=\"width: 13.2759%;\" width=\"97\">7 342.22 \u20ac<\/td>\n<td style=\"width: 13.1034%;\" width=\"97\">0 \u20ac<\/td>\n<td style=\"width: 12.4138%;\" width=\"91\">D\u00e9ficit : 7 342.22 \u20ac<\/td>\n<td style=\"width: 12.931%;\" width=\"96\">D\u00e9ficit : 3 001.48 \u20ac<\/td>\n<td style=\"width: 12.931%;\" width=\"96\">D\u00e9ficit de 4 340.74 \u20ac<\/td>\n<\/tr>\n<tr>\n<td style=\"width: 16.8966%;\" rowspan=\"2\" width=\"135\">\n<p>Budget annexe Lotissement de l\u2019Etunel en H.T.<\/p>\n<\/td>\n<td style=\"width: 15.1724%;\" width=\"129\">\n<p>Fonctionnement<\/p>\n<p>\u00a0<\/p>\n<\/td>\n<td style=\"width: 13.2759%;\" width=\"97\">51 622.90 \u20ac<\/td>\n<td style=\"width: 13.1034%;\" width=\"97\">66 218.17 \u20ac<\/td>\n<td style=\"width: 12.4138%;\" width=\"91\">Exc\u00e9dent : 14 595.27 \u20ac<\/td>\n<td style=\"width: 12.931%;\" width=\"96\">Exc\u00e9dent : 96 877.59 \u20ac<\/td>\n<td style=\"width: 12.931%;\" width=\"96\">Exc\u00e9dent de 111 472.86 \u20ac<\/td>\n<\/tr>\n<tr>\n<td style=\"width: 15.1724%;\" width=\"129\">\n<p>Investissement<\/p>\n<\/td>\n<td style=\"width: 13.2759%;\" width=\"97\">24 855.67 \u20ac<\/td>\n<td style=\"width: 13.1034%;\" width=\"97\">33 158.86 \u20ac<\/td>\n<td style=\"width: 12.4138%;\" width=\"91\">Exc\u00e9dent : 8 303.19 \u20ac<\/td>\n<td style=\"width: 12.931%;\" width=\"96\">D\u00e9ficit : &#8211; 33 158.86 \u20ac<\/td>\n<td style=\"width: 12.931%;\" width=\"96\">d\u00e9ficit de 24 855.67 \u20ac<\/td>\n<\/tr>\n<tr>\n<td style=\"width: 16.8966%;\" rowspan=\"2\" width=\"135\">\n<p>Budget annexe Lotissement de la Mairie<\/p>\n<\/td>\n<td style=\"width: 15.1724%;\" width=\"129\">\n<p>Fonctionnement<\/p>\n<p>\u00a0<\/p>\n<\/td>\n<td style=\"width: 13.2759%;\" width=\"97\">0 \u20ac<\/td>\n<td style=\"width: 13.1034%;\" width=\"97\">0 \u20ac<\/td>\n<td style=\"width: 12.4138%;\" width=\"91\">0 \u20ac<\/td>\n<td style=\"width: 12.931%;\" width=\"96\">D\u00e9ficit de 6 849.17 \u20ac<\/td>\n<td style=\"width: 12.931%;\" width=\"96\">D\u00e9ficit de 6 849.17 \u20ac<\/td>\n<\/tr>\n<tr>\n<td style=\"width: 15.1724%;\" width=\"129\">\n<p>Investissement<\/p>\n<\/td>\n<td style=\"width: 13.2759%;\" width=\"97\">0 \u20ac<\/td>\n<td style=\"width: 13.1034%;\" width=\"97\">0 \u20ac<\/td>\n<td style=\"width: 12.4138%;\" width=\"91\">0 \u20ac<\/td>\n<td style=\"width: 12.931%;\" width=\"96\">D\u00e9ficit de 49 420.20 \u20ac<\/td>\n<td style=\"width: 12.931%;\" width=\"96\">D\u00e9ficit de 49 420.20 \u20ac<\/td>\n<\/tr>\n<tr>\n<td style=\"width: 16.8966%;\" rowspan=\"2\" width=\"135\">\n<p>Budget annexe Lotissement de l\u2019\u00e9glise\u00a0<\/p>\n<\/td>\n<td style=\"width: 15.1724%;\" width=\"129\">\n<p>Fonctionnement<\/p>\n<p>\u00a0<\/p>\n<\/td>\n<td style=\"width: 13.2759%;\" width=\"97\">0 \u20ac<\/td>\n<td style=\"width: 13.1034%;\" width=\"97\">0 \u20ac<\/td>\n<td style=\"width: 12.4138%;\" width=\"91\">0 \u20ac<\/td>\n<td style=\"width: 12.931%;\" width=\"96\">0 \u20ac<\/td>\n<td style=\"width: 12.931%;\" width=\"96\">0 \u20ac<\/td>\n<\/tr>\n<tr>\n<td style=\"width: 15.1724%;\" width=\"129\">\n<p>Investissement<\/p>\n<\/td>\n<td style=\"width: 13.2759%;\" width=\"97\">0 \u20ac<\/td>\n<td style=\"width: 13.1034%;\" width=\"97\">0 \u20ac<\/td>\n<td style=\"width: 12.4138%;\" width=\"91\">0 \u20ac<\/td>\n<td style=\"width: 12.931%;\" width=\"96\">d\u00e9ficit de 83 296.66 \u20ac<\/td>\n<td style=\"width: 12.931%;\" width=\"96\">d\u00e9ficit de 83 296.66 \u20ac<\/td>\n<\/tr>\n<\/tbody>\n<\/table>\n<p>Ces CFU, vis\u00e9s et certifi\u00e9s conforme par l\u2019ordonnateur, n\u2019appellent ni observation ni r\u00e9serve de sa part sur la tenue des comptes.<\/p>\n<h2>2\u00b0 &#8211; Vote des Budgets Primitifs 2026<\/h2>\n<p>Pr\u00e9sent\u00e9s par Mme Mich\u00e8le RAULLINE, Adjointe aux finances,<\/p>\n<table style=\"width: 100%;\" width=\"739\">\n<tbody>\n<tr>\n<td style=\"width: 28.7931%;\" width=\"218\">\n<p>\u00a0<\/p>\n<\/td>\n<td style=\"width: 26.8966%;\" width=\"208\">\n<p>\u00a0<\/p>\n<\/td>\n<td style=\"width: 21.2069%;\" width=\"156\">\n<p>D\u00e9penses<\/p>\n<\/td>\n<td style=\"width: 21.2069%;\" width=\"156\">\n<p>Recettes<\/p>\n<\/td>\n<\/tr>\n<tr>\n<td style=\"width: 28.7931%;\" rowspan=\"2\" width=\"218\">\n<p>Budget principal COMMUNE\u00a0<\/p>\n<\/td>\n<td style=\"width: 26.8966%;\" width=\"208\">\n<p>Fonctionnement<\/p>\n<\/td>\n<td style=\"width: 21.2069%;\" width=\"156\">\n<p>1 237 144.55 \u20ac<\/p>\n<\/td>\n<td style=\"width: 21.2069%;\" width=\"156\">\n<p>1 237 144.55 \u20ac<\/p>\n<\/td>\n<\/tr>\n<tr>\n<td style=\"width: 26.8966%;\" width=\"208\">\n<p>Investissement<\/p>\n<\/td>\n<td style=\"width: 21.2069%;\" width=\"156\">283 291.37 \u20ac<\/td>\n<td style=\"width: 21.2069%;\" width=\"156\">283 291.37 \u20ac<\/td>\n<\/tr>\n<tr>\n<td style=\"width: 28.7931%;\" rowspan=\"2\" width=\"218\">\n<p>Budget annexe BOULANGERIE en H.T.<\/p>\n<\/td>\n<td style=\"width: 26.8966%;\" width=\"208\">\n<p>Fonctionnement<\/p>\n<\/td>\n<td style=\"width: 21.2069%;\" width=\"156\">13 436.79 \u20ac<\/td>\n<td style=\"width: 21.2069%;\" width=\"156\">13 436.79 \u20ac<\/td>\n<\/tr>\n<tr>\n<td style=\"width: 26.8966%;\" width=\"208\">\n<p>Investissement<\/p>\n<\/td>\n<td style=\"width: 21.2069%;\" width=\"156\">10 636.79 \u20ac<\/td>\n<td style=\"width: 21.2069%;\" width=\"156\">10 636.79 \u20ac<\/td>\n<\/tr>\n<tr>\n<td style=\"width: 28.7931%;\" rowspan=\"2\" width=\"218\">\n<p>Budget annexe Lotissement de l\u2019Etunel en H.T.<\/p>\n<\/td>\n<td style=\"width: 26.8966%;\" width=\"208\">\n<p>Fonctionnement<\/p>\n<\/td>\n<td style=\"width: 21.2069%;\" width=\"156\">250 665.38 \u20ac<\/td>\n<td style=\"width: 21.2069%;\" width=\"156\">250 665.38 \u20ac<\/td>\n<\/tr>\n<tr>\n<td style=\"width: 26.8966%;\" width=\"208\">\n<p>Investissement<\/p>\n<\/td>\n<td style=\"width: 21.2069%;\" width=\"156\">122 969.19 \u20ac<\/td>\n<td style=\"width: 21.2069%;\" width=\"156\">122 969.19 \u20ac<\/td>\n<\/tr>\n<tr>\n<td style=\"width: 28.7931%;\" rowspan=\"2\" width=\"218\">\n<p>Budget annexe Lotissement de la Mairie<\/p>\n<\/td>\n<td style=\"width: 26.8966%;\" width=\"208\">\n<p>Fonctionnement<\/p>\n<\/td>\n<td style=\"width: 21.2069%;\" width=\"156\">145 480.17 \u20ac<\/td>\n<td style=\"width: 21.2069%;\" width=\"156\">145 480.17 \u20ac<\/td>\n<\/tr>\n<tr>\n<td style=\"width: 26.8966%;\" width=\"208\">\n<p>Investissement<\/p>\n<\/td>\n<td style=\"width: 21.2069%;\" width=\"156\">194 890.37 \u20ac<\/td>\n<td style=\"width: 21.2069%;\" width=\"156\">194 890.37 \u20ac<\/td>\n<\/tr>\n<tr>\n<td style=\"width: 28.7931%;\" rowspan=\"2\" width=\"218\">\n<p>Budget annexe Lotissement de l\u2019\u00e9glise\u00a0<\/p>\n<\/td>\n<td style=\"width: 26.8966%;\" width=\"208\">\n<p>Fonctionnement<\/p>\n<\/td>\n<td style=\"width: 21.2069%;\" width=\"156\">203 307.00 \u20ac<\/td>\n<td style=\"width: 21.2069%;\" width=\"156\">203 307.00 \u20ac<\/td>\n<\/tr>\n<tr>\n<td style=\"width: 26.8966%;\" width=\"208\">\n<p>Investissement<\/p>\n<\/td>\n<td style=\"width: 21.2069%;\" width=\"156\">286 594.00 \u20ac<\/td>\n<td style=\"width: 21.2069%;\" width=\"156\">286 594.00 \u20ac<\/td>\n<\/tr>\n<\/tbody>\n<\/table>\n<p>Le conseil municipal vote ces cinq budgets primitifs 2026, \u00e0 l\u2019unanimit\u00e9.<\/p>\n<h3>Taux de Fongibilit\u00e9<\/h3>\n<p>Depuis la nouvelle nomenclature M57, les d\u00e9penses impr\u00e9vues ne sont plus comptabilis\u00e9es. Il convient de voter un taux de fongibilit\u00e9 qui permet des virements de comptes \u00e0 l\u2019int\u00e9rieur de chaque section (Fonctionnement et Investissement) sans avoir recours \u00e0 des d\u00e9cisions modificatives. Le taux maximum est de 7.50 % des d\u00e9penses r\u00e9elles.<\/p>\n<p>Apr\u00e8s en avoir d\u00e9lib\u00e9r\u00e9, le conseil municipal, \u00e0 l\u2019unanimit\u00e9, vote un taux de fongibilit\u00e9 de 7.50 % pour l\u2019ensemble des budgets \u2013 M57 (budget principal COMMUNE, budgets annexes\u00a0: Boulangerie, Lotissement L\u2019Etunel, Lotissement de la Mairie et Lotissement de l\u2019Eglise), pour l\u2019ann\u00e9e 2026.<\/p>\n<h2>II \u2013 VOIRIE\u00a0:<\/h2>\n<h3>Travaux de PATA (Point-\u00e0-Temps Automatique)<\/h3>\n<p>Mr Pierre Persehaie, Adjoint \u00e0 la voirie, confirme le tarif 2026 de l\u2019entreprise EUROVIA de Bruz, dans le cadre du programme tri-annuel (2024 \u00e0 2026) \u00e0 raison de 896.50 \u20ac H.T. la tonne d\u2019\u00e9mulsion pour une quantit\u00e9 de 20 tonnes en 2026.<\/p>\n<p>Apr\u00e8s en avoir d\u00e9lib\u00e9r\u00e9, le conseil municipal valide le devis de l\u2019entreprise EUROVIA de Bruz, pour les travaux de Point-\u00e0-Temps de l\u2019ann\u00e9e 2026, \u00e0 raison de 896.50 \u20ac HT la tonne d\u2019\u00e9mulsion pour une quantit\u00e9 de 20 tonnes.<\/p>\n<h3>Cr\u00e9ation Nom de rue\u00a0: Chemin de la fontaine Saint-M\u00e9en<\/h3>\n<p>Mr Pierre Persehaie, adjoint \u00e0 la voirie, indique au conseil municipal, que dans le cadre du d\u00e9ploiement de la fibre, il convient d\u2019identifier la rue \u00ab\u00a0chemin de la fontaine Saint-M\u00e9en\u00a0\u00bb de la fa\u00e7on suivante\u00a0:<\/p>\n<p>Mr Pierre Persehaie, adjoint \u00e0 la voirie, indique au conseil municipal, que dans le cadre du d\u00e9ploiement de la fibre, il convient d\u2019identifier la rue \u00ab\u00a0chemin de la fontaine Saint-M\u00e9en\u00a0\u00bb de la fa\u00e7on suivante\u00a0:<\/p>\n<ul>\n<li>parcelle AB \u2013 0093\u00a0 &#8211;\u00a0 AB 0092 : n\u00b01<\/li>\n<li>parcelle\u00a0 AB \u2013 0091 : n\u00b02<\/li>\n<li>parcelle AB \u2013 0190 : n\u00b03<\/li>\n<\/ul>\n<p>Apr\u00e8s en avoir d\u00e9lib\u00e9r\u00e9, le conseil municipal, \u00e0 l\u2019unanimit\u00e9, accepte ce nommage.<\/p>\n","protected":false},"excerpt":{"rendered":"<p>Pr\u00e9sents : F. KERGUELEN, P. PERSEHAIE, C. LE ROSSIGNOL, C. BANCHEREAU, M. RAULLINE, C. GODIN, C. THOMAS, N. FRO, S. BERTIN, M. LACAZE, S. LE DIZES, A. NET, L. BEAUGE, C. DUBOIS. Mme le Maire ouvre la s\u00e9ance et constate que le quorum est atteint. Approbation du Proc\u00e8s-Verbal du conseil municipal du 12 f\u00e9vrier 2026 [&hellip;]<\/p>\n","protected":false},"author":1,"featured_media":0,"parent":17,"menu_order":0,"comment_status":"closed","ping_status":"closed","template":"","meta":[],"_links":{"self":[{"href":"https:\/\/www.treffendel.fr\/index.php?rest_route=\/wp\/v2\/pages\/6930"}],"collection":[{"href":"https:\/\/www.treffendel.fr\/index.php?rest_route=\/wp\/v2\/pages"}],"about":[{"href":"https:\/\/www.treffendel.fr\/index.php?rest_route=\/wp\/v2\/types\/page"}],"author":[{"embeddable":true,"href":"https:\/\/www.treffendel.fr\/index.php?rest_route=\/wp\/v2\/users\/1"}],"replies":[{"embeddable":true,"href":"https:\/\/www.treffendel.fr\/index.php?rest_route=%2Fwp%2Fv2%2Fcomments&post=6930"}],"version-history":[{"count":2,"href":"https:\/\/www.treffendel.fr\/index.php?rest_route=\/wp\/v2\/pages\/6930\/revisions"}],"predecessor-version":[{"id":6932,"href":"https:\/\/www.treffendel.fr\/index.php?rest_route=\/wp\/v2\/pages\/6930\/revisions\/6932"}],"up":[{"embeddable":true,"href":"https:\/\/www.treffendel.fr\/index.php?rest_route=\/wp\/v2\/pages\/17"}],"wp:attachment":[{"href":"https:\/\/www.treffendel.fr\/index.php?rest_route=%2Fwp%2Fv2%2Fmedia&parent=6930"}],"curies":[{"name":"wp","href":"https:\/\/api.w.org\/{rel}","templated":true}]}}