{"id":6960,"date":"2026-03-26T13:44:26","date_gmt":"2026-03-26T12:44:26","guid":{"rendered":"https:\/\/www.treffendel.fr\/?page_id=6960"},"modified":"2026-03-26T13:44:26","modified_gmt":"2026-03-26T12:44:26","slug":"proces-verbal-de-la-seance-du-conseil-municipal-du-20-mars-2026-a-19-h-00","status":"publish","type":"page","link":"https:\/\/www.treffendel.fr\/?page_id=6960","title":{"rendered":"Proc\u00e8s-Verbal de la s\u00e9ance du conseil municipal du 20 mars 2026 \u00e0 19 h 00"},"content":{"rendered":"\n<p><strong><u>Pr\u00e9sents\u00a0<\/u><\/strong><strong>: M. RAULLINE, C. BANCHEREAU, M. LACAZE, S. BERTIN, C. DUBOIS, A. LE NET, M. GUERANGER, L. <\/strong><strong>BEAUG\u00e9, E. CAILLER, C. THOMAS, C. PEDRONO, B. MAROUSSIE, F. GERMAIN, P. RIVALAN, F. PERRIER.<\/strong><\/p>\n<h2><strong><u>I\u2013 Installation du conseil municipal<\/u><\/strong><\/h2>\n<p>Le Maire sortant (Mme Fran\u00e7oise KERGUELEN) fait l\u2019appel des conseillers municipaux nouvellement \u00e9lus\u00a0(15 mars 2026)<\/p>\n<p>Liste \u00ab\u00a0Engag\u00e9s pour Treffendel\u00a0\u00bb = 372 voix = 15 si\u00e8ges<\/p>\n<ul>\n<li>Mich\u00e8le RAULLINE<\/li>\n<li>Charl\u00e9ric BANCHEREAU<\/li>\n<li>Marie LACAZE<\/li>\n<li>Serge BERTIN<\/li>\n<li>Claudine DUBOIS<\/li>\n<li>Aur\u00e9lien LE NET<\/li>\n<li>Maxine GUERANGER<\/li>\n<li>Lo\u00efc BEAUG\u00e9<\/li>\n<li>Emilie CAILLER<\/li>\n<li>Christian THOMAS<\/li>\n<li>Christelle PEDRONO<\/li>\n<li>Bruno MAROUSSIE<\/li>\n<li>F\u00e9licia GERMAIN<\/li>\n<li>Pierre RIVALAN<\/li>\n<li>Fran\u00e7oise PERRIER<\/li>\n<\/ul>\n<p>Le Maire sortant (Mme Fran\u00e7oise KERGUELEN)\u00a0:<\/p>\n<ul>\n<li>d\u00e9clare les 15 conseillers municipaux install\u00e9s dans leurs fonctions<\/li>\n<li>passe la pr\u00e9sidence de la s\u00e9ance au doyen d\u2019\u00e2ge\u00a0: Mme Mich\u00e8le RAULLINE.<\/li>\n<\/ul>\n<p><strong><u>Mich\u00e8le RAULLINE : Pr\u00e9sidente de s\u00e9ance<\/u><\/strong><\/p>\n<p><u>D\u00e9signation d\u2019un secr\u00e9taire de s\u00e9ance\u00a0: <\/u><\/p>\n<p>Le conseil municipal nomme\u00a0 Mr Serge BERTIN pour remplir les fonctions de secr\u00e9taire.<\/p>\n<p>Le conseil municipal peut adjoindre au secr\u00e9taire de s\u00e9ance un auxiliaire\u00a0: Mme Claudine LOUVEL, secr\u00e9taire g\u00e9n\u00e9rale de mairie.<\/p>\n<ul>\n<li>Appel nominal des membres du conseil municipal\u00a0<\/li>\n<li><u>V\u00e9rification du quorum<\/u> : (Article L. 2121-17 du Code G\u00e9n\u00e9ral des Collectivit\u00e9s Territoriales CGCT)<br \/>Majorit\u00e9 des membres en exercice du conseil municipal (50 % = 8 conseillers municipaux)<br \/>Pour l\u2019\u00e9lection du maire et des adjoints, ce quorum est appr\u00e9ci\u00e9 en fonction du nombre <u style=\"font-size: inherit;\">des seuls conseillers municipaux pr\u00e9sents.<\/u><span style=\"font-size: inherit;\"> Les \u00e9lus repr\u00e9sent\u00e9s par procuration ne compteront donc pas pour appr\u00e9cier le quorum.<br \/><\/span>D\u2019autre part, chaque conseiller municipal pourra d\u00e9tenir 1 pouvoir (procuration).<\/li>\n<\/ul>\n<h2><strong><u>Election du Maire\u00a0:<\/u><\/strong><\/h2>\n<p>Rappel des articles L.2122-4 et L-2122-7 du code g\u00e9n\u00e9ral des collectivit\u00e9s locales\u00a0:<\/p>\n<p>Le Maire est \u00e9lu au scrutin secret et \u00e0 la majorit\u00e9 absolue parmi les membres du conseil municipal. Si, apr\u00e8s deux tours de scrutin, aucun candidat n\u2019a obtenu la majorit\u00e9 absolue, il est proc\u00e9d\u00e9 \u00e0 un troisi\u00e8me tour de scrutin et l\u2019\u00e9lection a lieu \u00e0 la majorit\u00e9 relative. En cas d\u2019\u00e9galit\u00e9 de suffrages, le plus \u00e2g\u00e9 est d\u00e9clar\u00e9 \u00e9lu.<\/p>\n<p><u>Constitution du bureau de vote\u00a0:<\/u><\/p>\n<p>Le conseil municipal d\u00e9signe deux assesseurs\u00a0:<\/p>\n<ul>\n<li>Mme Claudine DUBOIS<\/li>\n<li>Mr Bruno MAROUSSIE<\/li>\n<\/ul>\n<p>Mme Mich\u00e8le RAULLINE se porte candidate.<\/p>\n<h3><strong><u>1<sup>er<\/sup>\u00a0 tour de scrutin<\/u><\/strong><\/h3>\n<p>Chaque conseiller municipal, \u00e0 l\u2019appel de son nom, s\u2019est approch\u00e9 de la table de vote. Il a fait constater au pr\u00e9sident qu\u2019il n\u2019\u00e9tait porteur que d\u2019une seule enveloppe du mod\u00e8le uniforme fourni par la mairie. Le pr\u00e9sident l\u2019a constat\u00e9, sans toucher l\u2019enveloppe que le conseiller municipal a d\u00e9pos\u00e9e lui-m\u00eame dans l\u2019urne ou le r\u00e9ceptacle pr\u00e9vu \u00e0 cet effet.<\/p>\n<p>Le nombre des conseillers qui n\u2019ont pas souhait\u00e9 prendre part au vote, \u00e0 l\u2019appel de leur nom, a \u00e9t\u00e9 enregistr\u00e9.<\/p>\n<p>D\u00e9pouillement des votes\u00a0:<\/p>\n<ul>\n<li>Nombre de conseillers pr\u00e9sents \u00e0 l\u2019appel n\u2019ayant pas pris part au vote :\u00a0 0<\/li>\n<li>Nombre de votants : 15<\/li>\n<li>Nombre de suffrages d\u00e9clar\u00e9s nuls par le bureau (art L.66 du code \u00e9lectoral) : 0<\/li>\n<li>Nombre de suffrages blancs (art L. 65 du code \u00e9lectoral) :\u00a0 0<\/li>\n<li>Nombre de suffrages exprim\u00e9s (b \u2013 c &#8211; d) :\u00a0 15<\/li>\n<li><u>Majorit\u00e9 absolue\u00a0: (1\/2 des suffrages exprim\u00e9s +1)\u00a0:<\/u> 8<\/li>\n<\/ul>\n<table>\n<tbody>\n<tr>\n<td width=\"235\">\n<p>Nom et Pr\u00e9nom des candidats<\/p>\n<\/td>\n<td width=\"174\">\n<p>Suffrages obtenus<\/p>\n<p>(chiffres)<\/p>\n<\/td>\n<td width=\"205\">\n<p>Suffrages obtenus<\/p>\n<p>(lettres)<\/p>\n<\/td>\n<\/tr>\n<tr>\n<td width=\"235\">\n<p>RAULLINE Mich\u00e8le<\/p>\n<\/td>\n<td width=\"174\">\n<p>15<\/p>\n<\/td>\n<td width=\"205\">\n<p>quinze<\/p>\n<\/td>\n<\/tr>\n<\/tbody>\n<\/table>\n<h3><u>Proclamation de l\u2019\u00e9lection du Maire\u00a0:<\/u><\/h3>\n<p>Mme Mich\u00e8le RAULLINE a \u00e9t\u00e9 proclam\u00e9e Maire et a \u00e9t\u00e9 imm\u00e9diatement install\u00e9e.<\/p>\n<p>Mme Mich\u00e8le RAULLINE \u00e9lue Maire prend la pr\u00e9sidence de la s\u00e9ance.<\/p>\n<h3><strong><u>Fixation du nombre des adjoints\u00a0:<\/u><\/strong><\/h3>\n<p>En application des articles L.2122-1 et L.2122-2 du Code g\u00e9n\u00e9ral des Collectivit\u00e9s Territoriales, la commune doit disposer au minimum d\u2019un adjoint et au maximum d\u2019un nombre d\u2019adjoints correspondant \u00e0 30 % de l\u2019effectif l\u00e9gal du conseil municipal, soit quatre adjoints au maximum. Il est rappel\u00e9 qu\u2019en application de la d\u00e9lib\u00e9ration ant\u00e9rieure, la commune de Treffendel disposait, \u00e0 ce jour, de 4 adjoints.<\/p>\n<p>Le Maire nouvellement \u00e9lu propose un nombre d\u2019adjoints\u00a0: quatre<\/p>\n<p>Au vu de ces \u00e9l\u00e9ments, le conseil municipal, \u00e0 l\u2019unanimit\u00e9, d\u00e9cide de fixer \u00e0 quatre\u00a0: le nombre d\u2019adjoints.<\/p>\n<h2><strong><u>Election des adjoints<\/u><\/strong><\/h2>\n<p><u>Le Maire rappelle\u00a0:<\/u><\/p>\n<ul>\n<li>les adjoints sont \u00e9lus au scrutin secret de liste \u00e0 la majorit\u00e9 absolue, sans panachage, ni vote pr\u00e9f\u00e9rentiel parmi les membres du conseil municipal. Chaque liste est compos\u00e9e alternativement d\u2019un candidat de chaque sexe<strong>.<\/strong><\/li>\n<li>Si, apr\u00e8s deux tours de scrutin, aucune liste n\u2019a obtenu la majorit\u00e9 absolue, il est proc\u00e9d\u00e9 \u00e0 un 3<sup>\u00e8me<\/sup> tour de scrutin et l\u2019\u00e9lection a lieu \u00e0 la majorit\u00e9 relative.<\/li>\n<li>En cas d\u2019\u00e9galit\u00e9 de suffrages, les candidats de la liste ayant la moyenne d\u2019\u00e2ge la plus \u00e9lev\u00e9e sont \u00e9lus.<\/li>\n<\/ul>\n<p>Le Maire a constat\u00e9 qu\u2019une liste de candidats aux fonctions d\u2019adjoint au maire a \u00e9t\u00e9 d\u00e9pos\u00e9e :<\/p>\n<ul>\n<li>Charl\u00e9ric BANCHEREAU<\/li>\n<li>Marie LACAZE<\/li>\n<li>Serge BERTIN<\/li>\n<li>Claudine DUBOIS<\/li>\n<\/ul>\n<p>Le conseil municipal prend connaissance de la liste de candidats aux fonctions d\u2019adjoint au maire qui doit comporter au plus autant de conseillers municipaux que d\u2019adjoints \u00e0 d\u00e9signer. Cette liste est jointe au proc\u00e8s-verbal de l\u2019\u00e9lection du Maire et des Adjoints.<\/p>\n<p>Ensuite, le Maire proc\u00e8de \u00e0 l\u2019\u00e9lection des adjoints au Maire, sous le contr\u00f4le du bureau de vote (deux assesseurs\u00a0: Mme Claudine DUBOIS et Mr Bruno MAROUSSIE).<\/p>\n<p><u>D\u00e9roulement de chaque tour de scrutin\u00a0: <\/u><\/p>\n<h3><strong><u>1<sup>er<\/sup> tour de scrutin\u00a0 <\/u><\/strong><\/h3>\n<p>Chaque conseiller municipal, \u00e0 l\u2019appel de son nom, s\u2019est approch\u00e9 de la table de vote. Il a fait constater au pr\u00e9sident qu\u2019il n\u2019\u00e9tait porteur que d\u2019une seule enveloppe du mod\u00e8le uniforme fourni par la mairie. Le pr\u00e9sident l\u2019a constat\u00e9, sans toucher l\u2019enveloppe que le conseiller municipal l\u2019a d\u00e9pos\u00e9e lui-m\u00eame dans l\u2019urne ou le r\u00e9ceptacle pr\u00e9vu \u00e0 cet effet.<\/p>\n<p>Le nombre des conseillers qui n\u2019ont pas souhait\u00e9 prendre part au vote, \u00e0 l\u2019appel de leur nom, a \u00e9t\u00e9 enregistr\u00e9.<\/p>\n<p>D\u00e9pouillement des votes\u00a0:<\/p>\n<ul>\n<li>a &#8211; Nombre de conseillers pr\u00e9sents \u00e0 l\u2019appel n\u2019ayant pas pris part au vote : 0<\/li>\n<li>b &#8211; Nombre de votants (enveloppes d\u00e9pos\u00e9es) : 15<\/li>\n<li>c &#8211; Nombre de suffrages d\u00e9clar\u00e9s nuls par le bureau : (art L 66 du code \u00e9lectoral) : 0<\/li>\n<li>d \u2013 Nombre de suffrages blancs (Art L 65 du code \u00e9lectoral) : 0<\/li>\n<li>e &#8211; Nombre de suffrages exprim\u00e9s (b-c-d) : 15<\/li>\n<li>e &#8211; <u>Majorit\u00e9 absolue<\/u> : (1\/2 des suffrages exprim\u00e9s +1) : 8<\/li>\n<\/ul>\n<table>\n<tbody>\n<tr>\n<td width=\"235\">\n<p>Nom et Pr\u00e9nom du candidat plac\u00e9 en t\u00eate de liste<\/p>\n<\/td>\n<td width=\"174\">\n<p>Suffrages obtenus<\/p>\n<p>(chiffres)<\/p>\n<\/td>\n<td width=\"205\">\n<p>Suffrages obtenus<\/p>\n<p>(lettres)<\/p>\n<\/td>\n<\/tr>\n<tr>\n<td width=\"235\">\n<p>BANCHEREAU Charl\u00e9ric<\/p>\n<\/td>\n<td width=\"174\">\n<p>15<\/p>\n<\/td>\n<td width=\"205\">\n<p>quinze<\/p>\n<\/td>\n<\/tr>\n<\/tbody>\n<\/table>\n<h3>Proclamation de l\u2019\u00e9lection des adjoints\u00a0:<\/h3>\n<p>Sont proclam\u00e9s adjoints et imm\u00e9diatement install\u00e9s les candidats figurant sur la liste conduite par Mr Banchereau Charl\u00e9ric.<\/p>\n<h3><strong><u>Lecture de la charte de l\u2019Elu Local<\/u><\/strong><\/h3>\n<p>La loi n\u00b0 2025-1249 du 22 d\u00e9cembre 2025 a pr\u00e9vu que, lors de la premi\u00e8re r\u00e9union du conseil municipal, imm\u00e9diatement apr\u00e8s l&rsquo;\u00e9lection du maire et des adjoints, <strong><u>Mme Mich\u00e8le RAULLINE, nouveau Maire, \u00a0donne lecture de la charte de l&rsquo;\u00e9lu<\/u><\/strong> local, pr\u00e9vue aux articles L. 1111-13 et L. 1111-14 du code g\u00e9n\u00e9ral des collectivit\u00e9s territoriales (CGCT).<\/p>\n<p>Le maire remet aux conseillers municipaux une copie de cette charte.<\/p>\n<h3><strong><u>Information sur les devoirs et les droits de l\u2019\u00e9lu local<\/u><\/strong><\/h3>\n<p>Compte tenu de la n\u00e9cessit\u00e9 pour les \u00e9lus locaux, nouveaux comme renouvel\u00e9s, de bien conna\u00eetre leurs devoirs mais aussi leurs droits, il est fourni, aux membres du conseil municipal\u00a0:<\/p>\n<p><em><u>Chapitre III\u00a0: Conditions d\u2019exercice des mandats municipaux (articles L2123-1 \u00e0 L2123-35) du code G\u00e9n\u00e9ral des Collectivit\u00e9s Territoriales (CGCT)<\/u><\/em><\/p>\n<p>\u00a0Il comprend\u00a0:<\/p>\n<ul>\n<li>Section 1\u00a0: Garanties accord\u00e9es aux titulaires de mandats municipaux (Articles L2123-1 \u00e0 L2123-11-4)<\/li>\n<li>Section 2\u00a0: Droit \u00e0 la formation (Articles L2123-12 \u00e0 L2123-16)<\/li>\n<li>Section 3\u00a0: Indemnit\u00e9s des titulaires de mandats municipaux (Articles L2123-17 \u00e0 L2123-24-2)<\/li>\n<li>Section 4\u00a0: Protection sociale (Articles L2123-25 \u00e0 L2123-30)<\/li>\n<li>Section 5\u00a0: Responsabilit\u00e9 des communes en cas d\u2019accident (Article L2123-31 \u00e0 L2123-32)<\/li>\n<li>Article L2123-33 (abrog\u00e9)<\/li>\n<li>Section 6\u00a0: Responsabilit\u00e9 et protection des \u00e9lus (Articles L2123-34 \u00e0 L2123-35).<\/li>\n<\/ul>\n<h3><strong><u>Collecte des donn\u00e9es (Nom, pr\u00e9nom, coordonn\u00e9es adresse, t\u00e9l\u00e9phone et mail)<\/u><\/strong><\/h3>\n<ol>\n<li>formulaire de l\u2019AMF 35 (Association des Maires de France) \u00e0 compl\u00e9ter par les conseillers municipaux concernant des informations relatives \u00e0 l\u2019identit\u00e9, contact et coordonn\u00e9es postales et acceptation que ces donn\u00e9es soient transmises \u00e0 l\u2019AMF 35 <span style=\"font-size: inherit;\">+ signature<\/span><\/li>\n<li>formulaire donn\u00e9es Elus dans le cadre du RGPD (\u00e0 signer)<\/li>\n<\/ol>\n<h2>QUESTIONS DIVERSES\u00a0:<\/h2>\n<p>NEANT<\/p>\n<h3>PROCHAIN CONSEIL MUNICIPAL\u00a0:<\/h3>\n<ul>\n<li>\u00a0Jeudi 09 Avril 2026 \u00e0 20 h 00 : r\u00e9union d&rsquo;adjoionts le mardi 31 mars 2026<\/li>\n<\/ul>\n","protected":false},"excerpt":{"rendered":"<p>Pr\u00e9sents\u00a0: M. RAULLINE, C. BANCHEREAU, M. LACAZE, S. BERTIN, C. DUBOIS, A. LE NET, M. GUERANGER, L. BEAUG\u00e9, E. CAILLER, C. THOMAS, C. PEDRONO, B. MAROUSSIE, F. GERMAIN, P. RIVALAN, F. PERRIER. I\u2013 Installation du conseil municipal Le Maire sortant (Mme Fran\u00e7oise KERGUELEN) fait l\u2019appel des conseillers municipaux nouvellement \u00e9lus\u00a0(15 mars 2026) Liste \u00ab\u00a0Engag\u00e9s pour [&hellip;]<\/p>\n","protected":false},"author":1,"featured_media":0,"parent":17,"menu_order":0,"comment_status":"closed","ping_status":"closed","template":"","meta":[],"_links":{"self":[{"href":"https:\/\/www.treffendel.fr\/index.php?rest_route=\/wp\/v2\/pages\/6960"}],"collection":[{"href":"https:\/\/www.treffendel.fr\/index.php?rest_route=\/wp\/v2\/pages"}],"about":[{"href":"https:\/\/www.treffendel.fr\/index.php?rest_route=\/wp\/v2\/types\/page"}],"author":[{"embeddable":true,"href":"https:\/\/www.treffendel.fr\/index.php?rest_route=\/wp\/v2\/users\/1"}],"replies":[{"embeddable":true,"href":"https:\/\/www.treffendel.fr\/index.php?rest_route=%2Fwp%2Fv2%2Fcomments&post=6960"}],"version-history":[{"count":1,"href":"https:\/\/www.treffendel.fr\/index.php?rest_route=\/wp\/v2\/pages\/6960\/revisions"}],"predecessor-version":[{"id":6961,"href":"https:\/\/www.treffendel.fr\/index.php?rest_route=\/wp\/v2\/pages\/6960\/revisions\/6961"}],"up":[{"embeddable":true,"href":"https:\/\/www.treffendel.fr\/index.php?rest_route=\/wp\/v2\/pages\/17"}],"wp:attachment":[{"href":"https:\/\/www.treffendel.fr\/index.php?rest_route=%2Fwp%2Fv2%2Fmedia&parent=6960"}],"curies":[{"name":"wp","href":"https:\/\/api.w.org\/{rel}","templated":true}]}}