{"id":713,"date":"2017-01-30T18:24:16","date_gmt":"2017-01-30T17:24:16","guid":{"rendered":"http:\/\/2016.treffendel.fr\/?page_id=713"},"modified":"2025-07-23T09:40:01","modified_gmt":"2025-07-23T07:40:01","slug":"gymnastique-volontaire-de-treffendel","status":"publish","type":"page","link":"https:\/\/www.treffendel.fr\/?page_id=713","title":{"rendered":"Gymnastique Volontaire de Treffendel"},"content":{"rendered":"<h4>GV Treffendel<\/h4>\n<h2><span style=\"color: #ff0000;\">2025\/2026<\/span><\/h2>\n<h2><span style=\"color: #ff0000;\">Les cours : LE MERCREDI \u00e0 la salle se sport de Treffendel<img loading=\"lazy\" class=\"wp-image-720 alignright\" src=\"https:\/\/www.treffendel.fr\/wp-content\/uploads\/2017\/01\/logo_gv.jpg\" alt=\"\" width=\"198\" height=\"263\" srcset=\"https:\/\/www.treffendel.fr\/wp-content\/uploads\/2017\/01\/logo_gv.jpg 592w, https:\/\/www.treffendel.fr\/wp-content\/uploads\/2017\/01\/logo_gv-225x300.jpg 225w\" sizes=\"(max-width: 198px) 100vw, 198px\" \/><\/span><\/h2>\n<ul>\n<li><strong><span style=\"color: #ff0000;\">activit\u00e9s multisport enfants (entre 5 et 7 ans) : 17 h 00 \u2013 18 h 00<\/span><\/strong><\/li>\n<li><strong><span style=\"color: #ff0000;\">de 18 h 05 \u00e0 19 h 05 : gym \u00e9quilibre (gym douce)<\/span><\/strong><\/li>\n<li><strong><span style=\"color: #ff0000;\">de 19 h 15 \u00e0 20 h 15 : gym dynamique<\/span><\/strong><\/li>\n<\/ul>\n<h2>Activit\u00e9 multisports enfants<\/h2>\n<p><img loading=\"lazy\" class=\"wp-image-4939 alignright\" src=\"https:\/\/www.treffendel.fr\/wp-content\/uploads\/2023\/02\/gym-enfants-e1677497421695.png\" alt=\"\" width=\"350\" height=\"224\" srcset=\"https:\/\/www.treffendel.fr\/wp-content\/uploads\/2023\/02\/gym-enfants-e1677497421695.png 335w, https:\/\/www.treffendel.fr\/wp-content\/uploads\/2023\/02\/gym-enfants-e1677497421695-300x192.png 300w\" sizes=\"(max-width: 350px) 100vw, 350px\" \/><\/p>\n<p>La GV Treffendel propose depuis deux ans un cr\u00e9neau \u00ab\u00a0Multisports\u00a0\u00bb pour les enfants \u00e2g\u00e9s de 5 \u00e0 7 ans, le mercredi de 17h \u00e0 18h \u00e0 la salle des sports. Nous renouvelons ce cours pour la saison 2025\/2026 pour les enfants n\u00e9s en 2018 &#8211; 2019 &#8211; 2020 (places limit\u00e9es).<\/p>\n<p>Cette activit\u00e9 est encadr\u00e9e par Lucie, notre \u00e9ducatrice sportive. L&rsquo;objectif durant l&rsquo;ann\u00e9e est d&rsquo;aborder l&rsquo;initiation de diff\u00e9rentes pratiques connues et moins connues comme par exemple : Athl\u00e9tisme, Judo, Hockey, Football&#8230;sur des cycles de 4 semaines \u00e0 chaque fois favorisant la d\u00e9couverte d&rsquo;activit\u00e9s multiples.<\/p>\n<p>En juin, le club de Gym organise son <strong>\u00ab\u00a0GVAthlon\u00a0\u00bb<\/strong> (Sur inscription de pr\u00e9f\u00e9rence) :\u00a0Les enfants qui sont licenci\u00e9s invitent 1 ou 2 copains\/copines, \u00e0 participer \u00e0 la s\u00e9ance de gym.<\/p>\n<h2>LA GYM\u00a0\u00c9QUILIBRE (gym douce)<\/h2>\n<p><img loading=\"lazy\" class=\" wp-image-3055 alignleft\" src=\"http:\/\/2016.treffendel.fr\/wp-content\/uploads\/2020\/09\/2019-1-277x300.jpg\" alt=\"\" width=\"197\" height=\"213\" srcset=\"https:\/\/www.treffendel.fr\/wp-content\/uploads\/2020\/09\/2019-1-277x300.jpg 277w, https:\/\/www.treffendel.fr\/wp-content\/uploads\/2020\/09\/2019-1.jpg 480w\" sizes=\"(max-width: 197px) 100vw, 197px\" \/><\/p>\n<p>Les mercredis de 18h05 \u00e0 19h05 \u00e0 la salle des sports. La gym \u00c9quilibre permet de d\u00e9velopper les diff\u00e9rents sens n\u00e9cessaires li\u00e9s \u00e0 la qualit\u00e9 de l\u2019\u00e9quilibre\u00a0: la vue, l\u2019oreille interne, la sensibilit\u00e9 de la vo\u00fbte plantaire, la repr\u00e9sentation du corps dans l\u2019espace et la coordination.<\/p>\n<p>Vous apprenez ainsi \u00e0 \u00e9viter les chutes et \u00e0 vous relever\u00a0! Cela permet de faire une activit\u00e9, de rencontrer d\u2019autres personnes, de cr\u00e9er du lien social\u2026<\/p>\n<p>\u00a0<\/p>\n<h2>LA GYM DYNAMIQUE<\/h2>\n<p>Les mercredis de 19h15 \u00e0 20h15 \u00e0 la salle des\u00a0sports. La gym Dynamique a pour objectif de gagner de la souplesse, de la motricit\u00e9, de l\u2019\u00e9quilibre, du renforcement musculaire, du cardio\u2026<img loading=\"lazy\" class=\"size-full wp-image-6608 alignright\" src=\"https:\/\/www.treffendel.fr\/wp-content\/uploads\/2025\/07\/GVT-site_web_Juin-2025-1.jpg\" alt=\"\" width=\"434\" height=\"243\" srcset=\"https:\/\/www.treffendel.fr\/wp-content\/uploads\/2025\/07\/GVT-site_web_Juin-2025-1.jpg 434w, https:\/\/www.treffendel.fr\/wp-content\/uploads\/2025\/07\/GVT-site_web_Juin-2025-1-300x168.jpg 300w\" sizes=\"(max-width: 434px) 100vw, 434px\" \/><\/p>\n<p>Tous ces cours sont assur\u00e9s par Lucie, chacun va \u00e0 son rythme. Cela se passe en musique et dans la bonne humeur.<\/p>\n<p>Tout au long de l\u2019ann\u00e9e nous proposons diff\u00e9rents th\u00e8mes\u00a0: octobre rose, , t\u00e9l\u00e9thon, No\u00ebl\u2026 Et nous finissons l\u2019ann\u00e9e par une sortie marche avec pique-nique.<\/p>\n<p><img loading=\"lazy\" class=\"alignnone size-full wp-image-5930\" src=\"https:\/\/www.treffendel.fr\/wp-content\/uploads\/2024\/04\/GVT-groupe2.jpg\" alt=\"\" width=\"1038\" height=\"485\" srcset=\"https:\/\/www.treffendel.fr\/wp-content\/uploads\/2024\/04\/GVT-groupe2.jpg 1038w, https:\/\/www.treffendel.fr\/wp-content\/uploads\/2024\/04\/GVT-groupe2-300x140.jpg 300w, https:\/\/www.treffendel.fr\/wp-content\/uploads\/2024\/04\/GVT-groupe2-1024x478.jpg 1024w, https:\/\/www.treffendel.fr\/wp-content\/uploads\/2024\/04\/GVT-groupe2-768x359.jpg 768w, https:\/\/www.treffendel.fr\/wp-content\/uploads\/2024\/04\/GVT-groupe2-900x421.jpg 900w\" sizes=\"(max-width: 1038px) 100vw, 1038px\" \/><\/p>\n<h2>Modalit\u00e9s<\/h2>\n<p>N\u2019h\u00e9sitez pas \u00e0 venir nous rejoindre, vous pouvez vous inscrire toute l\u2019ann\u00e9e.<\/p>\n<ul>\n<li>Vous avez 2 s\u00e9ances \u00ab\u00a0d\u00e9couverte\u00a0\u00bb gratuites.<\/li>\n<li>En cas de d\u00e9marrage en cours d\u2019ann\u00e9e, le prix est calcul\u00e9 selon la p\u00e9riode d\u2019arriv\u00e9e.<\/li>\n<li>Plus besoin de certificat m\u00e9dical. Vous devez remplir un questionnaire de sant\u00e9 et, seulement si vous avez une r\u00e9ponse positive, vous devrez fournir un certificat m\u00e9dical<\/li>\n<li>Ouvert \u00e0 tout public, tout \u00e2ge, r\u00e9duction pour un couple ou d\u00e8s la 3\u00e8me inscription de la m\u00eame famille.<\/li>\n<\/ul>\n<p>Rappel : lorsque vous prenez une licence EPGV35, vous pouvez faire du Pilate, de la Zumba ou autre activit\u00e9 dans un club EPGV. Vous n\u2019aurez qu\u2019une seule licence \u00e0 r\u00e9gler. N\u2019h\u00e9sitez pas \u00e0 en parler au responsable de l\u2019association.<\/p>\n<ul>\n<li>Tarifs\u00a0: 100 \u20ac Gym Enfants \/100 \u20ac Gym Dynamique \/100 \u20ac Gym Equilibre<\/li>\n<li>Si 3 inscriptions dans la m\u00eame famille \u2013 10 % du total.<\/li>\n<li>Coupon sports et ANCV accept\u00e9s avant les vacances de la Toussaint<\/li>\n<li>Pour la fin d\u2019ann\u00e9e, nous proposons des licences Tremplin\u00a0pour 25\u20ac. Les 7 cours ont lieu entre d\u00e9but mai et fin juin. Ces licences concernent les\u00a0nouveaux pratiquants EPGV\u00a0ou les personnes n&rsquo;ayant pas pratiqu\u00e9 de la gymnastique volontaire depuis\u00a0au minimum 3 saisons.<\/li>\n<\/ul>\n<h2 style=\"text-align: left;\">Renseignements :<\/h2>\n<ul>\n<li><strong><span style=\"font-size: 14pt;\">Ga\u00eblle Toupet (Pr\u00e9sidente) : <a href=\"mailto:presidence.gvt@gmail.com\">presidence.gvt@gmail.com<\/a><\/span><\/strong><\/li>\n<li><strong><span style=\"font-size: 14pt;\">Caroline Berthelot (Pr\u00e9sidente adjointe) :<a href=\"mailto:gym.volontaire.treffendel@gmail.com\"> gym.volontaire.treffendel@gmail.com<\/a><br \/><\/span><\/strong><\/li>\n<li><strong><span style=\"font-size: 14pt;\">Patricia Kerloc&rsquo;h Hingou\u00ebt (Secr\u00e9taire) : <a href=\"mailto:patricia.hingouet@sfr.fr\">patricia.hingouet@sfr.fr<\/a><\/span><\/strong><\/li>\n<\/ul>\n\n","protected":false},"excerpt":{"rendered":"<p>GV Treffendel 2025\/2026 Les cours : LE MERCREDI \u00e0 la salle se sport de Treffendel activit\u00e9s multisport enfants (entre 5 et 7 ans) : 17 h 00 \u2013 18 h 00 de 18 h 05 \u00e0 19 h 05 : gym \u00e9quilibre (gym douce) de 19 h 15 \u00e0 20 h 15 : gym dynamique [&hellip;]<\/p>\n","protected":false},"author":1,"featured_media":0,"parent":341,"menu_order":0,"comment_status":"closed","ping_status":"closed","template":"","meta":[],"_links":{"self":[{"href":"https:\/\/www.treffendel.fr\/index.php?rest_route=\/wp\/v2\/pages\/713"}],"collection":[{"href":"https:\/\/www.treffendel.fr\/index.php?rest_route=\/wp\/v2\/pages"}],"about":[{"href":"https:\/\/www.treffendel.fr\/index.php?rest_route=\/wp\/v2\/types\/page"}],"author":[{"embeddable":true,"href":"https:\/\/www.treffendel.fr\/index.php?rest_route=\/wp\/v2\/users\/1"}],"replies":[{"embeddable":true,"href":"https:\/\/www.treffendel.fr\/index.php?rest_route=%2Fwp%2Fv2%2Fcomments&post=713"}],"version-history":[{"count":48,"href":"https:\/\/www.treffendel.fr\/index.php?rest_route=\/wp\/v2\/pages\/713\/revisions"}],"predecessor-version":[{"id":6612,"href":"https:\/\/www.treffendel.fr\/index.php?rest_route=\/wp\/v2\/pages\/713\/revisions\/6612"}],"up":[{"embeddable":true,"href":"https:\/\/www.treffendel.fr\/index.php?rest_route=\/wp\/v2\/pages\/341"}],"wp:attachment":[{"href":"https:\/\/www.treffendel.fr\/index.php?rest_route=%2Fwp%2Fv2%2Fmedia&parent=713"}],"curies":[{"name":"wp","href":"https:\/\/api.w.org\/{rel}","templated":true}]}}