{"id":87,"date":"2016-11-25T15:57:31","date_gmt":"2016-11-25T14:57:31","guid":{"rendered":"http:\/\/2016.treffendel.fr\/?page_id=87"},"modified":"2024-09-10T08:58:00","modified_gmt":"2024-09-10T06:58:00","slug":"petite-enfance-0-3-ans","status":"publish","type":"page","link":"https:\/\/www.treffendel.fr\/?page_id=87","title":{"rendered":"Petite enfance (0-3 ans)"},"content":{"rendered":"<ul>\n<li><a href=\"http:\/\/2016.treffendel.fr\/?page_id=94\">Accueil collectif<\/a><\/li>\n<li><a href=\"http:\/\/2016.treffendel.fr\/?page_id=101\">Assistant(e)s maternel(le)s<\/a><\/li>\n<li><a href=\"http:\/\/2016.treffendel.fr\/?page_id=103\">Relais parents-assistant(e) maternel(le) : RAM<\/a><\/li>\n<li><a href=\"http:\/\/2016.treffendel.fr\/?page_id=1498\">Espace jeux<\/a><\/li>\n<li>\u00ab\u00a0<a href=\"http:\/\/2016.treffendel.fr\/?p=2829\">Grandir en Broc\u00e9liande<\/a>\u00ab\u00a0<\/li>\n<li><strong>baby-sitting<\/strong> : le Service Info Jeunes de Broc\u00e9liande Communaut\u00e9 dispose <u>d&rsquo;un service babysitting gratuit<\/u>.<br \/>\nS&rsquo;adresse Charlotte Le Dreau :<br \/>\ninfo.jeunesse@cc-broceliande.bzh<br \/>\n07.72.66.25.34<\/li>\n<li>Le CPTS (<a href=\"https:\/\/cpts-de-broceliande-cloud.plexus-sante.fr\/s\/ddPxwJW29RKgQXy\" target=\"_blank\" rel=\"noopener noreferrer\">La Communaut\u00e9 Professionnelle Territoriale de Sant\u00e9 de Broc\u00e9liande<\/a> ) et les ateliers parentaux gratuits<br \/>\n<img loading=\"lazy\" class=\"alignnone size-full wp-image-5709\" src=\"https:\/\/www.treffendel.fr\/wp-content\/uploads\/2024\/02\/Ateliers-parentaux-gratuits-SAISON-2024.jpg\" alt=\"\" width=\"452\" height=\"640\" srcset=\"https:\/\/www.treffendel.fr\/wp-content\/uploads\/2024\/02\/Ateliers-parentaux-gratuits-SAISON-2024.jpg 452w, https:\/\/www.treffendel.fr\/wp-content\/uploads\/2024\/02\/Ateliers-parentaux-gratuits-SAISON-2024-212x300.jpg 212w\" sizes=\"(max-width: 452px) 100vw, 452px\" \/><\/li>\n<\/ul>\n<p><img loading=\"lazy\" class=\"alignnone size-full wp-image-6097\" src=\"https:\/\/www.treffendel.fr\/wp-content\/uploads\/2024\/09\/ateliers-parentaux-2024-2.jpg\" alt=\"\" width=\"566\" height=\"800\" srcset=\"https:\/\/www.treffendel.fr\/wp-content\/uploads\/2024\/09\/ateliers-parentaux-2024-2.jpg 566w, https:\/\/www.treffendel.fr\/wp-content\/uploads\/2024\/09\/ateliers-parentaux-2024-2-212x300.jpg 212w\" sizes=\"(max-width: 566px) 100vw, 566px\" \/><\/p>\n","protected":false},"excerpt":{"rendered":"<p>Accueil collectif Assistant(e)s maternel(le)s Relais parents-assistant(e) maternel(le) : RAM Espace jeux \u00ab\u00a0Grandir en Broc\u00e9liande\u00ab\u00a0 baby-sitting : le Service Info Jeunes de Broc\u00e9liande Communaut\u00e9 dispose d&rsquo;un service babysitting gratuit. S&rsquo;adresse Charlotte Le Dreau : info.jeunesse@cc-broceliande.bzh 07.72.66.25.34 Le CPTS (La Communaut\u00e9 Professionnelle Territoriale de Sant\u00e9 de Broc\u00e9liande ) et les ateliers parentaux gratuits<\/p>\n","protected":false},"author":1,"featured_media":0,"parent":0,"menu_order":0,"comment_status":"closed","ping_status":"closed","template":"","meta":[],"_links":{"self":[{"href":"https:\/\/www.treffendel.fr\/index.php?rest_route=\/wp\/v2\/pages\/87"}],"collection":[{"href":"https:\/\/www.treffendel.fr\/index.php?rest_route=\/wp\/v2\/pages"}],"about":[{"href":"https:\/\/www.treffendel.fr\/index.php?rest_route=\/wp\/v2\/types\/page"}],"author":[{"embeddable":true,"href":"https:\/\/www.treffendel.fr\/index.php?rest_route=\/wp\/v2\/users\/1"}],"replies":[{"embeddable":true,"href":"https:\/\/www.treffendel.fr\/index.php?rest_route=%2Fwp%2Fv2%2Fcomments&post=87"}],"version-history":[{"count":11,"href":"https:\/\/www.treffendel.fr\/index.php?rest_route=\/wp\/v2\/pages\/87\/revisions"}],"predecessor-version":[{"id":6159,"href":"https:\/\/www.treffendel.fr\/index.php?rest_route=\/wp\/v2\/pages\/87\/revisions\/6159"}],"wp:attachment":[{"href":"https:\/\/www.treffendel.fr\/index.php?rest_route=%2Fwp%2Fv2%2Fmedia&parent=87"}],"curies":[{"name":"wp","href":"https:\/\/api.w.org\/{rel}","templated":true}]}}