{"id":898,"date":"2017-02-15T12:01:07","date_gmt":"2017-02-15T11:01:07","guid":{"rendered":"http:\/\/2016.treffendel.fr\/?page_id=898"},"modified":"2022-02-28T18:22:37","modified_gmt":"2022-02-28T17:22:37","slug":"le-point-accueil-emploi","status":"publish","type":"page","link":"https:\/\/www.treffendel.fr\/?page_id=898","title":{"rendered":"Le Point Accueil Emploi"},"content":{"rendered":"<p><b>Entreprises, associations, particuliers,\u00a0<\/b><span style=\"font-weight: 400;\">vous recherchez du personnel, un conseil sur les aides \u00e0 l&#8217;embauche.<\/span><span style=\"font-weight: 400;\"><br \/><\/span><b>Candidats, salari\u00e9s,<\/b><span style=\"font-weight: 400;\">\u00a0vous avez besoin de conseils dans vos d\u00e9marches, vous souhaitez dynamiser votre recherche d&#8217;emploi,<\/span><span style=\"font-weight: 400;\"> les Points Accueil Emploi de\u00a0<\/span><b>Br\u00e9al-sous-Montfort<\/b><span style=\"font-weight: 400;\">\u00a0et de\u00a0<\/span><b>Pl\u00e9lan-le-Grand <\/b><span style=\"font-weight: 400;\">peuvent vous aider.<\/span><span style=\"font-weight: 400;\"><br \/><\/span><span style=\"font-weight: 400;\">Le <\/span><b>Point Accueil Emploi<\/b><span style=\"font-weight: 400;\">\u00a0rend les m\u00eames services que les structures bas\u00e9es \u00e0 Rennes et travaille en partenariat avec elles\u00a0: P\u00f4le Emploi, Mission Locale, Centre R\u00e9gional d\u2019Information Jeunesse, Direction D\u00e9partementale du Travail et de l\u2019Emploi.<\/span><\/p>\n<ul>\n<li style=\"font-weight: 400;\"><span style=\"font-weight: 400;\">Ateliers et rencontres<\/span><\/li>\n<li style=\"font-weight: 400;\"><span style=\"font-weight: 400;\">Consultation d\u2019offres d\u2019emploi locales mises \u00e0 jour r\u00e9guli\u00e8rement<\/span><\/li>\n<li style=\"font-weight: 400;\"><span style=\"font-weight: 400;\">Mise \u00e0 disposition de fonds documentaires.<\/span><\/li>\n<\/ul>\n<p><b>Renseignements\u00a0: (<a href=\"http:\/\/2016.treffendel.fr\/wp-content\/uploads\/2016\/12\/D\u00e9pliant_PAE.pdf\" target=\"_blank\" rel=\"noopener noreferrer\">voir d\u00e9pliant ici<\/a>)<\/b><\/p>\n<p><span style=\"font-weight: 400;\">PAE communaut\u00e9 de communes de Broc\u00e9liande &#8211; \u00a0<\/span><span style=\"font-weight: 400;\">1 rue, des korrigans &#8211; Pl\u00e9lan le Grand &#8211;\u00a0<\/span><span style=\"font-weight: 400;\">02 99 06 84 34<\/span><\/p>\n<p><span style=\"font-weight: 400;\">Marie-Pierre LANO\u00cb<\/span><span style=\"font-weight: 400;\"><br \/><\/span><span style=\"font-weight: 400;\">Animatrice des Points accueil emploi<\/span><span style=\"font-weight: 400;\"><br \/><\/span><a href=\"mailto:pointaccueilemploi@cc-broceliande.bzh\"><span style=\"font-weight: 400;\">pointaccueilemploi@cc-broceliande.bzh<\/span><\/a><br \/><span style=\"font-weight: 400;\">Site internet<\/span><span style=\"font-weight: 400;\">\u00a0: <\/span><a href=\"http:\/\/www.cc-broceliande.bzh\" target=\"_blank\" rel=\"noopener noreferrer\"><span style=\"font-weight: 400;\">www.cc-broceliande.bzh <\/span><\/a>et <a href=\"https:\/\/www.facebook.com\/PAEbroceliande\" target=\"_blank\" rel=\"noopener noreferrer\">Facebook<\/a><\/p>\n\n","protected":false},"excerpt":{"rendered":"<p>Entreprises, associations, particuliers,\u00a0vous recherchez du personnel, un conseil sur les aides \u00e0 l&#8217;embauche.Candidats, salari\u00e9s,\u00a0vous avez besoin de conseils dans vos d\u00e9marches, vous souhaitez dynamiser votre recherche d&#8217;emploi, les Points Accueil Emploi de\u00a0Br\u00e9al-sous-Montfort\u00a0et de\u00a0Pl\u00e9lan-le-Grand peuvent vous aider.Le Point Accueil Emploi\u00a0rend les m\u00eames services que les structures bas\u00e9es \u00e0 Rennes et travaille en partenariat avec elles\u00a0: P\u00f4le [&hellip;]<\/p>\n","protected":false},"author":1,"featured_media":0,"parent":177,"menu_order":0,"comment_status":"closed","ping_status":"closed","template":"","meta":[],"_links":{"self":[{"href":"https:\/\/www.treffendel.fr\/index.php?rest_route=\/wp\/v2\/pages\/898"}],"collection":[{"href":"https:\/\/www.treffendel.fr\/index.php?rest_route=\/wp\/v2\/pages"}],"about":[{"href":"https:\/\/www.treffendel.fr\/index.php?rest_route=\/wp\/v2\/types\/page"}],"author":[{"embeddable":true,"href":"https:\/\/www.treffendel.fr\/index.php?rest_route=\/wp\/v2\/users\/1"}],"replies":[{"embeddable":true,"href":"https:\/\/www.treffendel.fr\/index.php?rest_route=%2Fwp%2Fv2%2Fcomments&post=898"}],"version-history":[{"count":6,"href":"https:\/\/www.treffendel.fr\/index.php?rest_route=\/wp\/v2\/pages\/898\/revisions"}],"predecessor-version":[{"id":4130,"href":"https:\/\/www.treffendel.fr\/index.php?rest_route=\/wp\/v2\/pages\/898\/revisions\/4130"}],"up":[{"embeddable":true,"href":"https:\/\/www.treffendel.fr\/index.php?rest_route=\/wp\/v2\/pages\/177"}],"wp:attachment":[{"href":"https:\/\/www.treffendel.fr\/index.php?rest_route=%2Fwp%2Fv2%2Fmedia&parent=898"}],"curies":[{"name":"wp","href":"https:\/\/api.w.org\/{rel}","templated":true}]}}