{"id":937,"date":"2017-02-28T10:52:44","date_gmt":"2017-02-28T09:52:44","guid":{"rendered":"http:\/\/2016.treffendel.fr\/?page_id=937"},"modified":"2017-03-06T16:32:48","modified_gmt":"2017-03-06T15:32:48","slug":"listes","status":"publish","type":"page","link":"https:\/\/www.treffendel.fr\/?page_id=937","title":{"rendered":"listes"},"content":{"rendered":"<ul>\n<li><a href=\"http:\/\/2016.treffendel.fr\/wp-content\/uploads\/2017\/03\/Listing_assos.pdf\" target=\"_blank\">liste des activit\u00e9s propos\u00e9es \u00e0 Treffendel<\/a><\/li>\n<li>liste des entreprises<\/li>\n<li><a href=\"http:\/\/2016.treffendel.fr\/?page_id=788\">liste des f\u00eates et animations<\/a><\/li>\n<\/ul>\n","protected":false},"excerpt":{"rendered":"<p>liste des activit\u00e9s propos\u00e9es \u00e0 Treffendel liste des entreprises liste des f\u00eates et animations<\/p>\n","protected":false},"author":1,"featured_media":0,"parent":0,"menu_order":0,"comment_status":"closed","ping_status":"closed","template":"","meta":[],"_links":{"self":[{"href":"https:\/\/www.treffendel.fr\/index.php?rest_route=\/wp\/v2\/pages\/937"}],"collection":[{"href":"https:\/\/www.treffendel.fr\/index.php?rest_route=\/wp\/v2\/pages"}],"about":[{"href":"https:\/\/www.treffendel.fr\/index.php?rest_route=\/wp\/v2\/types\/page"}],"author":[{"embeddable":true,"href":"https:\/\/www.treffendel.fr\/index.php?rest_route=\/wp\/v2\/users\/1"}],"replies":[{"embeddable":true,"href":"https:\/\/www.treffendel.fr\/index.php?rest_route=%2Fwp%2Fv2%2Fcomments&post=937"}],"version-history":[{"count":2,"href":"https:\/\/www.treffendel.fr\/index.php?rest_route=\/wp\/v2\/pages\/937\/revisions"}],"predecessor-version":[{"id":972,"href":"https:\/\/www.treffendel.fr\/index.php?rest_route=\/wp\/v2\/pages\/937\/revisions\/972"}],"wp:attachment":[{"href":"https:\/\/www.treffendel.fr\/index.php?rest_route=%2Fwp%2Fv2%2Fmedia&parent=937"}],"curies":[{"name":"wp","href":"https:\/\/api.w.org\/{rel}","templated":true}]}}