{"id":94,"date":"2016-11-25T15:58:12","date_gmt":"2016-11-25T14:58:12","guid":{"rendered":"http:\/\/2016.treffendel.fr\/?page_id=94"},"modified":"2021-03-05T16:18:20","modified_gmt":"2021-03-05T15:18:20","slug":"laccueil-collectif","status":"publish","type":"page","link":"https:\/\/www.treffendel.fr\/?page_id=94","title":{"rendered":"L&rsquo;accueil collectif"},"content":{"rendered":"<h2>Multi-accueil : La Cabane<\/h2>\n<p><img loading=\"lazy\" class=\" wp-image-3470\" src=\"https:\/\/www.treffendel.fr\/wp-content\/uploads\/2021\/03\/multiaccueil-300x201.jpg\" alt=\"\" width=\"408\" height=\"273\" srcset=\"https:\/\/www.treffendel.fr\/wp-content\/uploads\/2021\/03\/multiaccueil-300x201.jpg 300w, https:\/\/www.treffendel.fr\/wp-content\/uploads\/2021\/03\/multiaccueil-768x515.jpg 768w, https:\/\/www.treffendel.fr\/wp-content\/uploads\/2021\/03\/multiaccueil.jpg 800w\" sizes=\"(max-width: 408px) 100vw, 408px\" \/><\/p>\n<p>Le multi-accueil communautaire La Cabane est situ\u00e9 dans les locaux de La Canop\u00e9e \u00e0 Pl\u00e9lan-le-Grand.<br \/>\nIl accueille 16 enfants (\u00e0 partir de septembre 2020) de 0 \u00e0 3 ans, du lundi au vendredi, de 7h15 \u00e0 18h45.<\/p>\n<p>Il est accessible\u00a0<strong>\u00e0 tous les habitants du territoire, quelle que soit leur commune de r\u00e9sidence.<\/strong><\/p>\n<p>L\u2019accueil peut \u00eatre :<\/p>\n<ul>\n<li>r\u00e9gulier : les besoins sont connus, r\u00e9currents. A temps plein ou \u00e0 temps partiel, il fait l\u2019objet d\u2019un contrat.<\/li>\n<li>occasionnel : les besoins sont anticipables, ponctuels. La r\u00e9servation se fait par t\u00e9l\u00e9phone, en fonction des places disponibles.<\/li>\n<li>d\u2019urgence : pour les familles rencontrant une probl\u00e9matique soudaine et non pr\u00e9visible (ex : assistante maternelle malade\u2026)<\/li>\n<\/ul>\n<p><span style=\"font-size: 18pt;\"><a href=\"https:\/\/www.cc-broceliande.bzh\/naitre-et-grandir\/multi-accueil-la-cabane\/\" target=\"_blank\" rel=\"noopener noreferrer\">plus d&rsquo;infos<\/a><\/span><\/p>\n<p><strong>Coordonn\u00e9es<\/strong><\/p>\n<p>Multi-accueil La Cabane<br \/>\nRue Simone Veil (La Canop\u00e9e)<br \/>\n35380 Pl\u00e9lan-le-Grand<br \/>\n<a href=\"mailto:coordination-pe@cc-broceliande.bzh\">coordination-pe@cc-broceliande.bzh<\/a><\/p>\n","protected":false},"excerpt":{"rendered":"<p>Multi-accueil : La Cabane Le multi-accueil communautaire La Cabane est situ\u00e9 dans les locaux de La Canop\u00e9e \u00e0 Pl\u00e9lan-le-Grand. Il accueille 16 enfants (\u00e0 partir de septembre 2020) de 0 \u00e0 3 ans, du lundi au vendredi, de 7h15 \u00e0 18h45. Il est accessible\u00a0\u00e0 tous les habitants du territoire, quelle que soit leur commune de [&hellip;]<\/p>\n","protected":false},"author":1,"featured_media":0,"parent":87,"menu_order":0,"comment_status":"closed","ping_status":"closed","template":"","meta":[],"_links":{"self":[{"href":"https:\/\/www.treffendel.fr\/index.php?rest_route=\/wp\/v2\/pages\/94"}],"collection":[{"href":"https:\/\/www.treffendel.fr\/index.php?rest_route=\/wp\/v2\/pages"}],"about":[{"href":"https:\/\/www.treffendel.fr\/index.php?rest_route=\/wp\/v2\/types\/page"}],"author":[{"embeddable":true,"href":"https:\/\/www.treffendel.fr\/index.php?rest_route=\/wp\/v2\/users\/1"}],"replies":[{"embeddable":true,"href":"https:\/\/www.treffendel.fr\/index.php?rest_route=%2Fwp%2Fv2%2Fcomments&post=94"}],"version-history":[{"count":7,"href":"https:\/\/www.treffendel.fr\/index.php?rest_route=\/wp\/v2\/pages\/94\/revisions"}],"predecessor-version":[{"id":3472,"href":"https:\/\/www.treffendel.fr\/index.php?rest_route=\/wp\/v2\/pages\/94\/revisions\/3472"}],"up":[{"embeddable":true,"href":"https:\/\/www.treffendel.fr\/index.php?rest_route=\/wp\/v2\/pages\/87"}],"wp:attachment":[{"href":"https:\/\/www.treffendel.fr\/index.php?rest_route=%2Fwp%2Fv2%2Fmedia&parent=94"}],"curies":[{"name":"wp","href":"https:\/\/api.w.org\/{rel}","templated":true}]}}