{"id":951,"date":"2017-02-28T10:56:32","date_gmt":"2017-02-28T09:56:32","guid":{"rendered":"http:\/\/2016.treffendel.fr\/?page_id=951"},"modified":"2021-11-30T12:32:48","modified_gmt":"2021-11-30T11:32:48","slug":"photos","status":"publish","type":"page","link":"https:\/\/www.treffendel.fr\/?page_id=951","title":{"rendered":"photos"},"content":{"rendered":"<h2 class=\"page-title\">Photos des animations pass\u00e9es<\/h2>\n<div class=\"contentbody\">\n<p>Vous pouvez consulter les photos de<\/p>\n<h2>2017 : <a href=\"https:\/\/photos.google.com\/share\/AF1QipNpDS-TyQAWL6fKHMXuY6FzFzIiQidDS45ncrXJQy_B-4TB3cOh5PkA2XQ4jVUQ3w?hl=fr&amp;key=dFg3TTdsOVMxTDlRQ1VXckNvQ2NVNnlQZEk4bm13\" target=\"_blank\" rel=\"noopener noreferrer\">f\u00eate communale<\/a><\/h2>\n<ul>\n<li>f\u00eate de la musique,<\/li>\n<li>course nature<\/li>\n<li>repas espagnol et feu d&rsquo;artifice<\/li>\n<li>braderie<\/li>\n<\/ul>\n<div>\n<ul>\n<li style=\"list-style-type: none;\"><\/li>\n<\/ul>\n<h2>photos d&rsquo;archives (1976)<\/h2>\n<table style=\"border-collapse: collapse; width: 100%;\">\n<tbody>\n<tr>\n<td style=\"width: 50%;\"><a href=\"https:\/\/www.treffendel.fr\/wp-content\/uploads\/2021\/11\/Treffendel-19960004.jpg\" target=\"_blank\" rel=\"noopener noreferrer\"><img loading=\"lazy\" class=\"alignnone size-medium wp-image-3897\" src=\"https:\/\/www.treffendel.fr\/wp-content\/uploads\/2021\/11\/Treffendel-19960004-300x207.jpg\" alt=\"\" width=\"300\" height=\"207\" srcset=\"https:\/\/www.treffendel.fr\/wp-content\/uploads\/2021\/11\/Treffendel-19960004-300x207.jpg 300w, https:\/\/www.treffendel.fr\/wp-content\/uploads\/2021\/11\/Treffendel-19960004.jpg 592w\" sizes=\"(max-width: 300px) 100vw, 300px\" \/><\/a><\/p>\n<p style=\"text-align: center;\">vue g\u00e9n\u00e9rale<\/p>\n<\/td>\n<td style=\"width: 50%;\"><a href=\"https:\/\/www.treffendel.fr\/wp-content\/uploads\/2021\/11\/Treffendel-19960001.jpg\" target=\"_blank\" rel=\"noopener noreferrer\"><img loading=\"lazy\" class=\"alignnone size-medium wp-image-3898\" src=\"https:\/\/www.treffendel.fr\/wp-content\/uploads\/2021\/11\/Treffendel-19960001-300x207.jpg\" alt=\"\" width=\"300\" height=\"207\" srcset=\"https:\/\/www.treffendel.fr\/wp-content\/uploads\/2021\/11\/Treffendel-19960001-300x207.jpg 300w, https:\/\/www.treffendel.fr\/wp-content\/uploads\/2021\/11\/Treffendel-19960001.jpg 592w\" sizes=\"(max-width: 300px) 100vw, 300px\" \/><\/a><\/p>\n<p style=\"text-align: center;\">l&rsquo;\u00e9glise<\/p>\n<\/td>\n<\/tr>\n<tr>\n<td style=\"width: 50%;\"><a href=\"https:\/\/www.treffendel.fr\/wp-content\/uploads\/2021\/11\/Treffendel-19960002.jpg\" target=\"_blank\" rel=\"noopener noreferrer\"><img loading=\"lazy\" class=\"alignnone size-medium wp-image-3899\" src=\"https:\/\/www.treffendel.fr\/wp-content\/uploads\/2021\/11\/Treffendel-19960002-300x207.jpg\" alt=\"\" width=\"300\" height=\"207\" srcset=\"https:\/\/www.treffendel.fr\/wp-content\/uploads\/2021\/11\/Treffendel-19960002-300x207.jpg 300w, https:\/\/www.treffendel.fr\/wp-content\/uploads\/2021\/11\/Treffendel-19960002.jpg 592w\" sizes=\"(max-width: 300px) 100vw, 300px\" \/><\/a><\/p>\n<p style=\"text-align: center;\">le Gu\u00e9 Charet<\/p>\n<\/td>\n<td style=\"width: 50%;\"><a href=\"https:\/\/www.treffendel.fr\/wp-content\/uploads\/2021\/11\/Treffendel-19960003.jpg\" target=\"_blank\" rel=\"noopener noreferrer\"><img loading=\"lazy\" class=\"alignnone size-medium wp-image-3900\" src=\"https:\/\/www.treffendel.fr\/wp-content\/uploads\/2021\/11\/Treffendel-19960003-300x207.jpg\" alt=\"\" width=\"300\" height=\"207\" srcset=\"https:\/\/www.treffendel.fr\/wp-content\/uploads\/2021\/11\/Treffendel-19960003-300x207.jpg 300w, https:\/\/www.treffendel.fr\/wp-content\/uploads\/2021\/11\/Treffendel-19960003.jpg 592w\" sizes=\"(max-width: 300px) 100vw, 300px\" \/><\/a><\/p>\n<p style=\"text-align: center;\">les g\u00eetes du Gu\u00e9 Charet<\/p>\n<\/td>\n<\/tr>\n<\/tbody>\n<\/table>\n<\/div>\n<\/div>\n","protected":false},"excerpt":{"rendered":"<p>Photos des animations pass\u00e9es Vous pouvez consulter les photos de 2017 : f\u00eate communale f\u00eate de la musique, course nature repas espagnol et feu d&rsquo;artifice braderie photos d&rsquo;archives (1976) vue g\u00e9n\u00e9rale l&rsquo;\u00e9glise le Gu\u00e9 Charet les g\u00eetes du Gu\u00e9 Charet<\/p>\n","protected":false},"author":1,"featured_media":0,"parent":0,"menu_order":0,"comment_status":"closed","ping_status":"closed","template":"","meta":[],"_links":{"self":[{"href":"https:\/\/www.treffendel.fr\/index.php?rest_route=\/wp\/v2\/pages\/951"}],"collection":[{"href":"https:\/\/www.treffendel.fr\/index.php?rest_route=\/wp\/v2\/pages"}],"about":[{"href":"https:\/\/www.treffendel.fr\/index.php?rest_route=\/wp\/v2\/types\/page"}],"author":[{"embeddable":true,"href":"https:\/\/www.treffendel.fr\/index.php?rest_route=\/wp\/v2\/users\/1"}],"replies":[{"embeddable":true,"href":"https:\/\/www.treffendel.fr\/index.php?rest_route=%2Fwp%2Fv2%2Fcomments&post=951"}],"version-history":[{"count":8,"href":"https:\/\/www.treffendel.fr\/index.php?rest_route=\/wp\/v2\/pages\/951\/revisions"}],"predecessor-version":[{"id":3908,"href":"https:\/\/www.treffendel.fr\/index.php?rest_route=\/wp\/v2\/pages\/951\/revisions\/3908"}],"wp:attachment":[{"href":"https:\/\/www.treffendel.fr\/index.php?rest_route=%2Fwp%2Fv2%2Fmedia&parent=951"}],"curies":[{"name":"wp","href":"https:\/\/api.w.org\/{rel}","templated":true}]}}